{"id":4911,"date":"2025-12-02T03:38:38","date_gmt":"2025-12-02T03:38:38","guid":{"rendered":"https:\/\/baijiabags.com\/?post_type=product&#038;p=4911"},"modified":"2025-12-13T03:16:48","modified_gmt":"2025-12-13T03:16:48","slug":"wholesale-brown-womens-pu-handbag-multifunctional-large-capacity-crossbody-bag","status":"publish","type":"product","link":"https:\/\/baijiabags.com\/es\/producto\/wholesale-brown-womens-pu-handbag-multifunctional-large-capacity-crossbody-bag\/","title":{"rendered":"Venta al por mayor Bolso marr\u00f3n de la PU de las mujeres Bolso multifuncional de la capacidad grande Crossbody"},"content":{"rendered":"<h2 data-start=\"666\" data-end=\"682\">Caracter\u00edsticas principales<\/h2>\n<ol data-start=\"683\" data-end=\"1580\">\n<li data-start=\"683\" data-end=\"790\">\n<p data-start=\"686\" data-end=\"790\"><strong data-start=\"686\" data-end=\"706\">Material duradero<\/strong>: Fabricado en PU de primera calidad, lo que garantiza un uso duradero y resistencia al desgaste.<\/p>\n<\/li>\n<li data-start=\"791\" data-end=\"920\">\n<p data-start=\"794\" data-end=\"920\"><strong data-start=\"794\" data-end=\"812\">Gran capacidad<\/strong>: En la bolsa caben m\u00faltiples objetos, como tel\u00e9fonos m\u00f3viles, cosm\u00e9ticos, carteras y peque\u00f1os paraguas.<\/p>\n<\/li>\n<li data-start=\"921\" data-end=\"1037\">\n<p data-start=\"924\" data-end=\"1037\"><strong data-start=\"924\" data-end=\"950\">Dise\u00f1o multifuncional<\/strong>: Se puede llevar como bolso cruzado o en la mano, ofreciendo flexibilidad y comodidad.<\/p>\n<\/li>\n<li data-start=\"1038\" data-end=\"1141\">\n<p data-start=\"1041\" data-end=\"1141\"><strong data-start=\"1041\" data-end=\"1062\">Logotipo personalizable<\/strong>: Las opciones de personalizaci\u00f3n est\u00e1n disponibles para imprimir logotipos para una marca \u00fanica.<\/p>\n<\/li>\n<li data-start=\"1142\" data-end=\"1237\">\n<p data-start=\"1145\" data-end=\"1237\"><strong data-start=\"1145\" data-end=\"1166\">Estilo a la moda<\/strong>: Dise\u00f1ado con un aspecto moderno y elegante adecuado para diversos entornos.<\/p>\n<\/li>\n<li data-start=\"1238\" data-end=\"1344\">\n<p data-start=\"1241\" data-end=\"1344\"><strong data-start=\"1241\" data-end=\"1266\">Estructura ligera<\/strong>: A pesar de su gran capacidad, la bolsa sigue siendo ligera y f\u00e1cil de transportar.<\/p>\n<\/li>\n<li data-start=\"1345\" data-end=\"1462\">\n<p data-start=\"1348\" data-end=\"1462\"><strong data-start=\"1348\" data-end=\"1368\">Correa ajustable<\/strong>: La correa cruzada puede ajustarse para adaptarse a diferentes tipos de cuerpo y preferencias de transporte.<\/p>\n<\/li>\n<li data-start=\"1463\" data-end=\"1580\">\n<p data-start=\"1466\" data-end=\"1580\"><strong data-start=\"1466\" data-end=\"1486\">F\u00e1cil mantenimiento<\/strong>: El material PU permite limpiar f\u00e1cilmente el bolso, manteniendo su aspecto con el paso del tiempo.<\/p>\n<\/li>\n<\/ol>\n<p><img fetchpriority=\"high\" decoding=\"async\" class=\"aligncenter wp-image-4912 size-large\" src=\"https:\/\/baijiabags.com\/wp-content\/uploads\/2025\/12\/1-8-664x1024.jpg\" alt=\"Wholesale Brown Women's PU Handbag Multifunctional Large Capacity Crossbody Bag\" width=\"664\" height=\"1024\" srcset=\"https:\/\/baijiabags.com\/wp-content\/uploads\/2025\/12\/1-8-664x1024.jpg 664w, https:\/\/baijiabags.com\/wp-content\/uploads\/2025\/12\/1-8-194x300.jpg 194w, https:\/\/baijiabags.com\/wp-content\/uploads\/2025\/12\/1-8-768x1185.jpg 768w, https:\/\/baijiabags.com\/wp-content\/uploads\/2025\/12\/1-8-8x12.jpg 8w, https:\/\/baijiabags.com\/wp-content\/uploads\/2025\/12\/1-8-600x926.jpg 600w, https:\/\/baijiabags.com\/wp-content\/uploads\/2025\/12\/1-8.jpg 790w\" sizes=\"(max-width: 664px) 100vw, 664px\" \/><\/p>\n<h2 data-start=\"1582\" data-end=\"1600\">Especificaciones<\/h2>\n<div class=\"_tableContainer_1rjym_1\">\n<div class=\"group _tableWrapper_1rjym_13 flex w-fit flex-col-reverse\" tabindex=\"-1\">\n<table class=\"w-fit min-w-(--thread-content-width)\" data-start=\"1602\" data-end=\"2069\">\n<thead data-start=\"1602\" data-end=\"1625\">\n<tr data-start=\"1602\" data-end=\"1625\">\n<th data-start=\"1602\" data-end=\"1614\" data-col-size=\"sm\">Par\u00e1metro<\/th>\n<th data-start=\"1614\" data-end=\"1625\" data-col-size=\"md\">Detalles<\/th>\n<\/tr>\n<\/thead>\n<tbody data-start=\"1650\" data-end=\"2069\">\n<tr data-start=\"1650\" data-end=\"1676\">\n<td data-start=\"1650\" data-end=\"1665\" data-col-size=\"sm\">Nombre del producto<\/td>\n<td data-start=\"1665\" data-end=\"1676\" data-col-size=\"md\">Bolso<\/td>\n<\/tr>\n<tr data-start=\"1677\" data-end=\"1695\">\n<td data-start=\"1677\" data-end=\"1685\" data-col-size=\"sm\">Marca<\/td>\n<td data-start=\"1685\" data-end=\"1695\" data-col-size=\"md\">RONEER<\/td>\n<\/tr>\n<tr data-start=\"1696\" data-end=\"1712\">\n<td data-start=\"1696\" data-end=\"1704\" data-col-size=\"sm\">Modelo<\/td>\n<td data-start=\"1704\" data-end=\"1712\" data-col-size=\"md\">3621<\/td>\n<\/tr>\n<tr data-start=\"1713\" data-end=\"1745\">\n<td data-start=\"1713\" data-end=\"1724\" data-col-size=\"sm\">Material<\/td>\n<td data-start=\"1724\" data-end=\"1745\" data-col-size=\"md\">PU (poliuretano)<\/td>\n<\/tr>\n<tr data-start=\"1746\" data-end=\"1787\">\n<td data-start=\"1746\" data-end=\"1753\" data-col-size=\"sm\">Talla<\/td>\n<td data-start=\"1753\" data-end=\"1787\" data-col-size=\"md\">33 \u00d7 12 \u00d7 26 cm (personalizable)<\/td>\n<\/tr>\n<tr data-start=\"1788\" data-end=\"1812\">\n<td data-start=\"1788\" data-end=\"1796\" data-col-size=\"sm\">Color<\/td>\n<td data-start=\"1796\" data-end=\"1812\" data-col-size=\"md\">Personalizable<\/td>\n<\/tr>\n<tr data-start=\"1813\" data-end=\"1836\">\n<td data-start=\"1813\" data-end=\"1821\" data-col-size=\"sm\">Estilo<\/td>\n<td data-start=\"1821\" data-end=\"1836\" data-col-size=\"md\">A la moda<\/td>\n<\/tr>\n<tr data-start=\"1837\" data-end=\"1860\">\n<td data-start=\"1837\" data-end=\"1844\" data-col-size=\"sm\">Logotipo<\/td>\n<td data-start=\"1844\" data-end=\"1860\" data-col-size=\"md\">Personalizable<\/td>\n<\/tr>\n<tr data-start=\"1861\" data-end=\"1892\">\n<td data-start=\"1861\" data-end=\"1872\" data-col-size=\"sm\">Caracter\u00edsticas<\/td>\n<td data-start=\"1872\" data-end=\"1892\" data-col-size=\"md\">Duradero, elegante<\/td>\n<\/tr>\n<tr data-start=\"1893\" data-end=\"1913\">\n<td data-start=\"1893\" data-end=\"1899\" data-col-size=\"sm\">MOQ<\/td>\n<td data-start=\"1899\" data-end=\"1913\" data-col-size=\"md\">Negociable<\/td>\n<\/tr>\n<tr data-start=\"1914\" data-end=\"1948\">\n<td data-start=\"1914\" data-end=\"1922\" data-col-size=\"sm\">Utilizaci\u00f3n<\/td>\n<td data-start=\"1922\" data-end=\"1948\" data-col-size=\"md\">Crossbody \/ Para llevar en la mano<\/td>\n<\/tr>\n<tr data-start=\"1949\" data-end=\"2039\">\n<td data-start=\"1949\" data-end=\"1960\" data-col-size=\"sm\">Capacidad<\/td>\n<td data-start=\"1960\" data-end=\"2039\" data-col-size=\"md\">Tel\u00e9fono m\u00f3vil, paraguas plegable, cosm\u00e9ticos y otros art\u00edculos de uso frecuente<\/td>\n<\/tr>\n<tr data-start=\"2040\" data-end=\"2069\">\n<td data-start=\"2040\" data-end=\"2049\" data-col-size=\"sm\">Origen<\/td>\n<td data-start=\"2049\" data-end=\"2069\" data-col-size=\"md\">Guangdong, China<\/td>\n<\/tr>\n<\/tbody>\n<\/table>\n<\/div>\n<\/div>\n<h2 data-start=\"2071\" data-end=\"2087\">Aplicaciones<\/h2>\n<ul data-start=\"2088\" data-end=\"2400\">\n<li data-start=\"2088\" data-end=\"2182\">\n<p data-start=\"2090\" data-end=\"2182\"><strong data-start=\"2090\" data-end=\"2104\">Vida cotidiana<\/strong>: Ideal para llevar objetos personales mientras se hacen recados o se viaja al trabajo.<\/p>\n<\/li>\n<li data-start=\"2183\" data-end=\"2284\">\n<p data-start=\"2185\" data-end=\"2284\"><strong data-start=\"2185\" data-end=\"2193\">Trabajo<\/strong>: Puede guardar art\u00edculos de oficina como agendas, tel\u00e9fonos m\u00f3viles y peque\u00f1os art\u00edculos cosm\u00e9ticos.<\/p>\n<\/li>\n<li data-start=\"2285\" data-end=\"2400\">\n<p data-start=\"2287\" data-end=\"2400\"><strong data-start=\"2287\" data-end=\"2297\">Viajar<\/strong>: Su gran capacidad y dise\u00f1o multifuncional lo hacen adecuado para excursiones de un d\u00eda, ir de compras o hacer turismo.<\/p>\n<\/li>\n<\/ul>\n<p data-start=\"2402\" data-end=\"2609\">Si est\u00e1 interesado en este bolso, p\u00f3ngase en contacto con nosotros para solicitar una muestra. Se ofrecen servicios ODM y OEM, y opciones de personalizaci\u00f3n de tama\u00f1o, color y logotipo para satisfacer sus necesidades comerciales.<\/p>","protected":false},"excerpt":{"rendered":"<p>Este elegante bolso marr\u00f3n para mujer est\u00e1 dise\u00f1ado para combinar funcionalidad y moda. Fabricado con material PU de alta calidad, proporciona durabilidad y un acabado suave y elegante. Su gran capacidad permite guardar objetos esenciales de uso diario, como tel\u00e9fonos m\u00f3viles, paraguas plegables, cosm\u00e9ticos y otras pertenencias de uso frecuente. El bolso se puede llevar cruzado o en la mano, lo que lo hace vers\u00e1til para diversas ocasiones, como la vida diaria, el trabajo y los viajes.<\/p>","protected":false},"featured_media":4913,"comment_status":"open","ping_status":"closed","template":"","meta":{"site-sidebar-layout":"default","site-content-layout":"","ast-site-content-layout":"default","site-content-style":"default","site-sidebar-style":"default","ast-global-header-display":"","ast-banner-title-visibility":"","ast-main-header-display":"","ast-hfb-above-header-display":"","ast-hfb-below-header-display":"","ast-hfb-mobile-header-display":"","site-post-title":"","ast-breadcrumbs-content":"","ast-featured-img":"","footer-sml-layout":"","ast-disable-related-posts":"","theme-transparent-header-meta":"default","adv-header-id-meta":"","stick-header-meta":"","header-above-stick-meta":"","header-main-stick-meta":"","header-below-stick-meta":"","astra-migrate-meta-layouts":"set","ast-page-background-enabled":"default","ast-page-background-meta":{"desktop":{"background-color":"var(--ast-global-color-5)","background-image":"","background-repeat":"repeat","background-position":"center center","background-size":"auto","background-attachment":"scroll","background-type":"","background-media":"","overlay-type":"","overlay-color":"","overlay-opacity":"","overlay-gradient":""},"tablet":{"background-color":"","background-image":"","background-repeat":"repeat","background-position":"center center","background-size":"auto","background-attachment":"scroll","background-type":"","background-media":"","overlay-type":"","overlay-color":"","overlay-opacity":"","overlay-gradient":""},"mobile":{"background-color":"","background-image":"","background-repeat":"repeat","background-position":"center center","background-size":"auto","background-attachment":"scroll","background-type":"","background-media":"","overlay-type":"","overlay-color":"","overlay-opacity":"","overlay-gradient":""}},"ast-content-background-meta":{"desktop":{"background-color":"var(--ast-global-color-4)","background-image":"","background-repeat":"repeat","background-position":"center center","background-size":"auto","background-attachment":"scroll","background-type":"","background-media":"","overlay-type":"","overlay-color":"","overlay-opacity":"","overlay-gradient":""},"tablet":{"background-color":"var(--ast-global-color-4)","background-image":"","background-repeat":"repeat","background-position":"center center","background-size":"auto","background-attachment":"scroll","background-type":"","background-media":"","overlay-type":"","overlay-color":"","overlay-opacity":"","overlay-gradient":""},"mobile":{"background-color":"var(--ast-global-color-4)","background-image":"","background-repeat":"repeat","background-position":"center center","background-size":"auto","background-attachment":"scroll","background-type":"","background-media":"","overlay-type":"","overlay-color":"","overlay-opacity":"","overlay-gradient":""}}},"product_brand":[],"product_cat":[42,54],"product_tag":[],"class_list":{"0":"post-4911","1":"product","2":"type-product","3":"status-publish","4":"has-post-thumbnail","6":"product_cat-hand-bag","7":"product_cat-womens-bag","8":"desktop-align-left","9":"tablet-align-left","10":"mobile-align-left","12":"first","13":"instock","14":"shipping-taxable","15":"product-type-simple"},"_links":{"self":[{"href":"https:\/\/baijiabags.com\/es\/wp-json\/wp\/v2\/product\/4911","targetHints":{"allow":["GET"]}}],"collection":[{"href":"https:\/\/baijiabags.com\/es\/wp-json\/wp\/v2\/product"}],"about":[{"href":"https:\/\/baijiabags.com\/es\/wp-json\/wp\/v2\/types\/product"}],"replies":[{"embeddable":true,"href":"https:\/\/baijiabags.com\/es\/wp-json\/wp\/v2\/comments?post=4911"}],"wp:featuredmedia":[{"embeddable":true,"href":"https:\/\/baijiabags.com\/es\/wp-json\/wp\/v2\/media\/4913"}],"wp:attachment":[{"href":"https:\/\/baijiabags.com\/es\/wp-json\/wp\/v2\/media?parent=4911"}],"wp:term":[{"taxonomy":"product_brand","embeddable":true,"href":"https:\/\/baijiabags.com\/es\/wp-json\/wp\/v2\/product_brand?post=4911"},{"taxonomy":"product_cat","embeddable":true,"href":"https:\/\/baijiabags.com\/es\/wp-json\/wp\/v2\/product_cat?post=4911"},{"taxonomy":"product_tag","embeddable":true,"href":"https:\/\/baijiabags.com\/es\/wp-json\/wp\/v2\/product_tag?post=4911"}],"curies":[{"name":"wp","href":"https:\/\/api.w.org\/{rel}","templated":true}]}}