{"id":4789,"date":"2025-11-20T06:10:39","date_gmt":"2025-11-20T06:10:39","guid":{"rendered":"https:\/\/baijiabags.com\/?post_type=product&#038;p=4789"},"modified":"2025-11-24T10:05:29","modified_gmt":"2025-11-24T10:05:29","slug":"eco-friendly-custom-backpack-factory-wholesale-with-various-options","status":"publish","type":"product","link":"https:\/\/baijiabags.com\/es\/producto\/eco-friendly-custom-backpack-factory-wholesale-with-various-options\/","title":{"rendered":"Mochila ecol\u00f3gica personalizada al por mayor de f\u00e1brica con varias opciones"},"content":{"rendered":"<h2 data-start=\"573\" data-end=\"588\">Caracter\u00edsticas principales<\/h2>\n<ol data-start=\"589\" data-end=\"1740\">\n<li data-start=\"589\" data-end=\"753\">\n<p data-start=\"592\" data-end=\"753\"><strong data-start=\"592\" data-end=\"625\">Elecci\u00f3n de materiales respetuosos con el medio ambiente<\/strong> - La mochila utiliza piel aut\u00e9ntica de origen responsable y materiales de forro reciclados opcionales para apoyar una producci\u00f3n m\u00e1s ecol\u00f3gica.<\/p>\n<\/li>\n<li data-start=\"754\" data-end=\"900\">\n<p data-start=\"757\" data-end=\"900\"><strong data-start=\"757\" data-end=\"787\">Opciones de personalizaci\u00f3n<\/strong> - Los usuarios pueden elegir colores, tama\u00f1os, dise\u00f1os y logotipos personalizados para crear su marca o expresarse personalmente.<\/p>\n<\/li>\n<li data-start=\"901\" data-end=\"1047\">\n<p data-start=\"904\" data-end=\"1047\"><strong data-start=\"904\" data-end=\"928\">Construcci\u00f3n duradera<\/strong> - Las costuras reforzadas, los paneles de cuero resistentes a la abrasi\u00f3n y los herrajes de alta calidad aumentan la vida \u00fatil en el uso diario.<\/p>\n<\/li>\n<li data-start=\"1048\" data-end=\"1178\">\n<p data-start=\"1051\" data-end=\"1178\"><strong data-start=\"1051\" data-end=\"1072\">Construcci\u00f3n ligera<\/strong> - La estructura se mantiene fuerte sin a\u00f1adir peso innecesario, lo que hace que su uso prolongado resulte m\u00e1s c\u00f3modo.<\/p>\n<\/li>\n<li data-start=\"1179\" data-end=\"1325\">\n<p data-start=\"1182\" data-end=\"1325\"><strong data-start=\"1182\" data-end=\"1208\">Dise\u00f1o orientado al confort<\/strong> - Las suaves correas para los hombros, el acolchado transpirable de la espalda y su forma ergon\u00f3mica ayudan a reducir la presi\u00f3n durante los largos desplazamientos.<\/p>\n<\/li>\n<li data-start=\"1326\" data-end=\"1446\">\n<p data-start=\"1329\" data-end=\"1446\"><strong data-start=\"1329\" data-end=\"1357\">Almacenamiento organizado<\/strong> - M\u00faltiples bolsillos para port\u00e1tiles, documentos, accesorios y art\u00edculos de viaje.<\/p>\n<\/li>\n<li data-start=\"1447\" data-end=\"1575\">\n<p data-start=\"1450\" data-end=\"1575\"><strong data-start=\"1450\" data-end=\"1475\">Aplicaciones flexibles<\/strong> - Los usuarios pueden llevarlo para la oficina, la escuela, salidas informales, viajes de fin de semana o viajes cortos de negocios.<\/p>\n<\/li>\n<li data-start=\"1576\" data-end=\"1740\">\n<p data-start=\"1579\" data-end=\"1740\"><strong data-start=\"1579\" data-end=\"1609\">Producci\u00f3n lista para la venta al por mayor<\/strong> - La producci\u00f3n a gran escala permite la personalizaci\u00f3n OEM y ODM para marcas corporativas, regalos promocionales o distribuci\u00f3n minorista.<\/p>\n<\/li>\n<\/ol>\n<h2 data-start=\"1742\" data-end=\"1759\">Especificaciones<\/h2>\n<div class=\"_tableContainer_1rjym_1\">\n<div class=\"group _tableWrapper_1rjym_13 flex w-fit flex-col-reverse\" tabindex=\"-1\">\n<table class=\"w-fit min-w-(--thread-content-width)\" data-start=\"1760\" data-end=\"2201\">\n<thead data-start=\"1760\" data-end=\"1790\">\n<tr data-start=\"1760\" data-end=\"1790\">\n<th data-start=\"1760\" data-end=\"1771\" data-col-size=\"sm\"><strong data-start=\"1762\" data-end=\"1770\">Art\u00edculo<\/strong><\/th>\n<th data-start=\"1771\" data-end=\"1790\" data-col-size=\"md\"><strong data-start=\"1773\" data-end=\"1788\">Descripci\u00f3n<\/strong><\/th>\n<\/tr>\n<\/thead>\n<tbody data-start=\"1821\" data-end=\"2201\">\n<tr data-start=\"1821\" data-end=\"1848\">\n<td data-start=\"1821\" data-end=\"1836\" data-col-size=\"sm\">Nombre del producto<\/td>\n<td data-start=\"1836\" data-end=\"1848\" data-col-size=\"md\">Mochila<\/td>\n<\/tr>\n<tr data-start=\"1849\" data-end=\"1867\">\n<td data-start=\"1849\" data-end=\"1857\" data-col-size=\"sm\">Marca<\/td>\n<td data-start=\"1857\" data-end=\"1867\" data-col-size=\"md\">RONEER<\/td>\n<\/tr>\n<tr data-start=\"1868\" data-end=\"1897\">\n<td data-start=\"1868\" data-end=\"1877\" data-col-size=\"sm\">Origen<\/td>\n<td data-start=\"1877\" data-end=\"1897\" data-col-size=\"md\">Guangdong, China<\/td>\n<\/tr>\n<tr data-start=\"1898\" data-end=\"1917\">\n<td data-start=\"1898\" data-end=\"1906\" data-col-size=\"sm\">Estilo<\/td>\n<td data-start=\"1906\" data-end=\"1917\" data-col-size=\"md\">Moda<\/td>\n<\/tr>\n<tr data-start=\"1918\" data-end=\"1941\">\n<td data-start=\"1918\" data-end=\"1925\" data-col-size=\"sm\">Logotipo<\/td>\n<td data-start=\"1925\" data-end=\"1941\" data-col-size=\"md\">Personalizable<\/td>\n<\/tr>\n<tr data-start=\"1942\" data-end=\"2001\">\n<td data-start=\"1942\" data-end=\"1949\" data-col-size=\"sm\">Talla<\/td>\n<td data-start=\"1949\" data-end=\"2001\" data-col-size=\"md\">Personalizable; las opciones m\u00e1s comunes incluyen 42\u00d730\u00d714 cm<\/td>\n<\/tr>\n<tr data-start=\"2002\" data-end=\"2034\">\n<td data-start=\"2002\" data-end=\"2010\" data-col-size=\"sm\">Color<\/td>\n<td data-start=\"2010\" data-end=\"2034\" data-col-size=\"md\">Naranja o personalizado<\/td>\n<\/tr>\n<tr data-start=\"2035\" data-end=\"2065\">\n<td data-start=\"2035\" data-end=\"2046\" data-col-size=\"sm\">Material<\/td>\n<td data-start=\"2046\" data-end=\"2065\" data-col-size=\"md\">Piel aut\u00e9ntica<\/td>\n<\/tr>\n<tr data-start=\"2066\" data-end=\"2110\">\n<td data-start=\"2066\" data-end=\"2077\" data-col-size=\"sm\">Caracter\u00edsticas<\/td>\n<td data-start=\"2077\" data-end=\"2110\" data-col-size=\"md\">Duradero, elegante y ligero<\/td>\n<\/tr>\n<tr data-start=\"2111\" data-end=\"2131\">\n<td data-start=\"2111\" data-end=\"2117\" data-col-size=\"sm\">MOQ<\/td>\n<td data-start=\"2117\" data-end=\"2131\" data-col-size=\"md\">Negociable<\/td>\n<\/tr>\n<tr data-start=\"2132\" data-end=\"2158\">\n<td data-start=\"2132\" data-end=\"2144\" data-col-size=\"sm\">Embalaje<\/td>\n<td data-start=\"2144\" data-end=\"2158\" data-col-size=\"md\">Negociable<\/td>\n<\/tr>\n<tr data-start=\"2159\" data-end=\"2201\">\n<td data-start=\"2159\" data-end=\"2174\" data-col-size=\"sm\">Aplicaciones<\/td>\n<td data-start=\"2174\" data-end=\"2201\" data-col-size=\"md\">Uso diario, trabajo, viajes<\/td>\n<\/tr>\n<\/tbody>\n<\/table>\n<\/div>\n<\/div>\n<h2>Aplicaciones<\/h2>\n<ul data-start=\"2219\" data-end=\"2828\">\n<li data-start=\"2219\" data-end=\"2316\">\n<p data-start=\"2221\" data-end=\"2316\"><strong data-start=\"2221\" data-end=\"2238\">Diario\u00a0<\/strong><span style=\"box-sizing: border-box;\"><strong>Desplazamientos: s<\/strong>Apoyos<\/span>\u00a0ordenadores port\u00e1tiles, cuadernos y art\u00edculos personales esenciales para el movimiento diario.<\/p>\n<\/li>\n<li data-start=\"2317\" data-end=\"2434\">\n<p data-start=\"2319\" data-end=\"2434\"><strong data-start=\"2319\" data-end=\"2336\">Trabajo y oficina: <\/strong>Caben documentos de trabajo, dispositivos tecnol\u00f3gicos y accesorios, manteniendo un aspecto profesional.<\/p>\n<\/li>\n<li data-start=\"2435\" data-end=\"2550\">\n<p data-start=\"2437\" data-end=\"2550\"><strong data-start=\"2437\" data-end=\"2461\">Viajes y uso en exteriores: <\/strong>Para viajes cortos o salidas de fin de semana, con espacio suficiente para ropa y art\u00edculos de viaje.<\/p>\n<\/li>\n<li data-start=\"2551\" data-end=\"2681\">\n<p data-start=\"2553\" data-end=\"2681\"><strong data-start=\"2553\" data-end=\"2575\">Proyectos corporativos: <\/strong>Funciona bien para regalos de marca, art\u00edculos de empresa y proyectos promocionales mediante la personalizaci\u00f3n del logotipo.<\/p>\n<\/li>\n<li data-start=\"2682\" data-end=\"2828\">\n<p data-start=\"2684\" data-end=\"2828\"><strong data-start=\"2684\" data-end=\"2719\">Distribuci\u00f3n minorista y mayorista: <\/strong>Se adapta a las l\u00edneas de productos orientadas a la moda que buscan materiales respetuosos con el medio ambiente y una est\u00e9tica moderna.<\/p>\n<\/li>\n<\/ul>\n<p data-start=\"2830\" data-end=\"2970\" data-is-last-node=\"\" data-is-only-node=\"\">Si est\u00e1 interesado en esta mochila, p\u00f3ngase en contacto con nosotros para solicitar muestras. ODM y OEM servicios est\u00e1n disponibles para todas las necesidades de personalizaci\u00f3n.<\/p>","protected":false},"excerpt":{"rendered":"<p>Esta mochila ecol\u00f3gica personalizada destaca el equilibrio entre sostenibilidad, durabilidad y estilo moderno. El dise\u00f1o se adapta a las rutinas diarias, los desplazamientos al trabajo y las necesidades de los viajes con opciones de tama\u00f1o adaptables, colores personalizables y una resistente fabricaci\u00f3n en piel aut\u00e9ntica. Cada detalle est\u00e1 pensado para ofrecer comodidad, organizaci\u00f3n y fiabilidad a largo plazo, manteniendo al mismo tiempo un aspecto limpio y moderno que se adapta a una amplia gama de usuarios. La estructura se mantiene firme, la distribuci\u00f3n del almacenamiento sigue siendo pr\u00e1ctica y los materiales ayudan a la mochila a soportar el uso frecuente con confianza.<\/p>","protected":false},"featured_media":4791,"comment_status":"open","ping_status":"closed","template":"","meta":{"site-sidebar-layout":"default","site-content-layout":"","ast-site-content-layout":"default","site-content-style":"default","site-sidebar-style":"default","ast-global-header-display":"","ast-banner-title-visibility":"","ast-main-header-display":"","ast-hfb-above-header-display":"","ast-hfb-below-header-display":"","ast-hfb-mobile-header-display":"","site-post-title":"","ast-breadcrumbs-content":"","ast-featured-img":"","footer-sml-layout":"","ast-disable-related-posts":"","theme-transparent-header-meta":"default","adv-header-id-meta":"","stick-header-meta":"","header-above-stick-meta":"","header-main-stick-meta":"","header-below-stick-meta":"","astra-migrate-meta-layouts":"set","ast-page-background-enabled":"default","ast-page-background-meta":{"desktop":{"background-color":"var(--ast-global-color-5)","background-image":"","background-repeat":"repeat","background-position":"center center","background-size":"auto","background-attachment":"scroll","background-type":"","background-media":"","overlay-type":"","overlay-color":"","overlay-opacity":"","overlay-gradient":""},"tablet":{"background-color":"","background-image":"","background-repeat":"repeat","background-position":"center center","background-size":"auto","background-attachment":"scroll","background-type":"","background-media":"","overlay-type":"","overlay-color":"","overlay-opacity":"","overlay-gradient":""},"mobile":{"background-color":"","background-image":"","background-repeat":"repeat","background-position":"center center","background-size":"auto","background-attachment":"scroll","background-type":"","background-media":"","overlay-type":"","overlay-color":"","overlay-opacity":"","overlay-gradient":""}},"ast-content-background-meta":{"desktop":{"background-color":"var(--ast-global-color-4)","background-image":"","background-repeat":"repeat","background-position":"center center","background-size":"auto","background-attachment":"scroll","background-type":"","background-media":"","overlay-type":"","overlay-color":"","overlay-opacity":"","overlay-gradient":""},"tablet":{"background-color":"var(--ast-global-color-4)","background-image":"","background-repeat":"repeat","background-position":"center center","background-size":"auto","background-attachment":"scroll","background-type":"","background-media":"","overlay-type":"","overlay-color":"","overlay-opacity":"","overlay-gradient":""},"mobile":{"background-color":"var(--ast-global-color-4)","background-image":"","background-repeat":"repeat","background-position":"center center","background-size":"auto","background-attachment":"scroll","background-type":"","background-media":"","overlay-type":"","overlay-color":"","overlay-opacity":"","overlay-gradient":""}}},"product_brand":[],"product_cat":[21],"product_tag":[],"class_list":{"0":"post-4789","1":"product","2":"type-product","3":"status-publish","4":"has-post-thumbnail","6":"product_cat-backpack","7":"desktop-align-left","8":"tablet-align-left","9":"mobile-align-left","11":"first","12":"instock","13":"shipping-taxable","14":"product-type-simple"},"_links":{"self":[{"href":"https:\/\/baijiabags.com\/es\/wp-json\/wp\/v2\/product\/4789","targetHints":{"allow":["GET"]}}],"collection":[{"href":"https:\/\/baijiabags.com\/es\/wp-json\/wp\/v2\/product"}],"about":[{"href":"https:\/\/baijiabags.com\/es\/wp-json\/wp\/v2\/types\/product"}],"replies":[{"embeddable":true,"href":"https:\/\/baijiabags.com\/es\/wp-json\/wp\/v2\/comments?post=4789"}],"wp:featuredmedia":[{"embeddable":true,"href":"https:\/\/baijiabags.com\/es\/wp-json\/wp\/v2\/media\/4791"}],"wp:attachment":[{"href":"https:\/\/baijiabags.com\/es\/wp-json\/wp\/v2\/media?parent=4789"}],"wp:term":[{"taxonomy":"product_brand","embeddable":true,"href":"https:\/\/baijiabags.com\/es\/wp-json\/wp\/v2\/product_brand?post=4789"},{"taxonomy":"product_cat","embeddable":true,"href":"https:\/\/baijiabags.com\/es\/wp-json\/wp\/v2\/product_cat?post=4789"},{"taxonomy":"product_tag","embeddable":true,"href":"https:\/\/baijiabags.com\/es\/wp-json\/wp\/v2\/product_tag?post=4789"}],"curies":[{"name":"wp","href":"https:\/\/api.w.org\/{rel}","templated":true}]}}