{"id":4744,"date":"2025-11-15T08:28:23","date_gmt":"2025-11-15T08:28:23","guid":{"rendered":"https:\/\/baijiabags.com\/?post_type=product&#038;p=4744"},"modified":"2025-11-15T08:28:23","modified_gmt":"2025-11-15T08:28:23","slug":"wholesale-leather-backpack-unisex-large-capacity-laptop-travel-bag-for-school-and-work","status":"publish","type":"product","link":"https:\/\/baijiabags.com\/es\/producto\/wholesale-leather-backpack-unisex-large-capacity-laptop-travel-bag-for-school-and-work\/","title":{"rendered":"Mayorista Mochila de cuero Unisex de gran capacidad Bolsa de viaje para port\u00e1til para la escuela y el trabajo"},"content":{"rendered":"<h2 data-start=\"735\" data-end=\"753\">Caracter\u00edsticas principales<\/h2>\n<ol data-start=\"754\" data-end=\"1752\">\n<li data-start=\"754\" data-end=\"887\">\n<p data-start=\"757\" data-end=\"887\"><strong data-start=\"757\" data-end=\"790\">Piel de alta calidad<\/strong> - Fabricado con piel aut\u00e9ntica suave al tacto, resistente al desgaste y duradera.<\/p>\n<\/li>\n<li data-start=\"888\" data-end=\"1024\">\n<p data-start=\"891\" data-end=\"1024\"><strong data-start=\"891\" data-end=\"920\">Amplio compartimento principal<\/strong> - Dise\u00f1ado para guardar port\u00e1tiles de hasta 15,6 pulgadas junto con libros, cuadernos y otros objetos de uso diario.<\/p>\n<\/li>\n<li data-start=\"1025\" data-end=\"1171\">\n<p data-start=\"1028\" data-end=\"1171\"><strong data-start=\"1028\" data-end=\"1056\">M\u00faltiples bolsillos<\/strong> - Incluye compartimentos interiores y exteriores para guardar de forma organizada accesorios, cargadores y objetos peque\u00f1os.<\/p>\n<\/li>\n<li data-start=\"1172\" data-end=\"1290\">\n<p data-start=\"1175\" data-end=\"1290\"><strong data-start=\"1175\" data-end=\"1199\">Construcci\u00f3n duradera<\/strong> - Las costuras reforzadas y las resistentes cremalleras garantizan un rendimiento fiable durante un uso prolongado.<\/p>\n<\/li>\n<li data-start=\"1291\" data-end=\"1410\">\n<p data-start=\"1294\" data-end=\"1410\"><strong data-start=\"1294\" data-end=\"1324\">Tirantes ajustables<\/strong> - Las correas acolchadas y ajustables proporcionan un transporte c\u00f3modo para distintos tipos de cuerpo.<\/p>\n<\/li>\n<li data-start=\"1411\" data-end=\"1536\">\n<p data-start=\"1414\" data-end=\"1536\"><strong data-start=\"1414\" data-end=\"1436\">Dise\u00f1o de moda<\/strong> - Dise\u00f1o elegante y vers\u00e1til adecuado tanto para hombres como para mujeres en entornos profesionales e informales.<\/p>\n<\/li>\n<li data-start=\"1537\" data-end=\"1642\">\n<p data-start=\"1540\" data-end=\"1642\"><strong data-start=\"1540\" data-end=\"1564\">Opciones personalizables<\/strong> - El logotipo, el color y el tama\u00f1o pueden personalizarse seg\u00fan los requisitos del cliente.<\/p>\n<\/li>\n<li data-start=\"1643\" data-end=\"1752\">\n<p data-start=\"1646\" data-end=\"1752\"><strong data-start=\"1646\" data-end=\"1665\">Viajar es f\u00e1cil<\/strong> - Su dise\u00f1o ligero y ergon\u00f3mico facilita su uso en la escuela, el trabajo o los viajes.<\/p>\n<\/li>\n<\/ol>\n<h2 data-start=\"1754\" data-end=\"1774\">Especificaciones<\/h2>\n<div class=\"_tableContainer_1rjym_1\">\n<div class=\"group _tableWrapper_1rjym_13 flex w-fit flex-col-reverse\" tabindex=\"-1\">\n<table class=\"w-fit min-w-(--thread-content-width)\" data-start=\"1776\" data-end=\"2624\">\n<thead data-start=\"1776\" data-end=\"1836\">\n<tr data-start=\"1776\" data-end=\"1836\">\n<th data-start=\"1776\" data-end=\"1800\" data-col-size=\"sm\">Par\u00e1metro<\/th>\n<th data-start=\"1800\" data-end=\"1836\" data-col-size=\"sm\">Detalles<\/th>\n<\/tr>\n<\/thead>\n<tbody data-start=\"1896\" data-end=\"2624\">\n<tr data-start=\"1896\" data-end=\"1955\">\n<td data-start=\"1896\" data-end=\"1920\" data-col-size=\"sm\">Nombre del producto<\/td>\n<td data-start=\"1920\" data-end=\"1955\" data-col-size=\"sm\">Mochila<\/td>\n<\/tr>\n<tr data-start=\"1956\" data-end=\"2015\">\n<td data-start=\"1956\" data-end=\"1980\" data-col-size=\"sm\">Marca<\/td>\n<td data-start=\"1980\" data-end=\"2015\" data-col-size=\"sm\">RONEER<\/td>\n<\/tr>\n<tr data-start=\"2016\" data-end=\"2075\">\n<td data-start=\"2016\" data-end=\"2040\" data-col-size=\"sm\">Origen<\/td>\n<td data-start=\"2040\" data-end=\"2075\" data-col-size=\"sm\">Guangdong, China<\/td>\n<\/tr>\n<tr data-start=\"2076\" data-end=\"2136\">\n<td data-start=\"2076\" data-end=\"2100\" data-col-size=\"sm\">Estilo<\/td>\n<td data-start=\"2100\" data-end=\"2136\" data-col-size=\"sm\">Moda<\/td>\n<\/tr>\n<tr data-start=\"2137\" data-end=\"2197\">\n<td data-start=\"2137\" data-end=\"2161\" data-col-size=\"sm\">Logotipo<\/td>\n<td data-start=\"2161\" data-end=\"2197\" data-col-size=\"sm\">Personalizable<\/td>\n<\/tr>\n<tr data-start=\"2198\" data-end=\"2258\">\n<td data-start=\"2198\" data-end=\"2222\" data-col-size=\"sm\">Talla<\/td>\n<td data-start=\"2222\" data-end=\"2258\" data-col-size=\"sm\">Personalizable<\/td>\n<\/tr>\n<tr data-start=\"2259\" data-end=\"2319\">\n<td data-start=\"2259\" data-end=\"2283\" data-col-size=\"sm\">Color<\/td>\n<td data-start=\"2283\" data-end=\"2319\" data-col-size=\"sm\">Personalizable<\/td>\n<\/tr>\n<tr data-start=\"2320\" data-end=\"2380\">\n<td data-start=\"2320\" data-end=\"2344\" data-col-size=\"sm\">Material principal<\/td>\n<td data-start=\"2344\" data-end=\"2380\" data-col-size=\"sm\">Piel aut\u00e9ntica<\/td>\n<\/tr>\n<tr data-start=\"2381\" data-end=\"2441\">\n<td data-start=\"2381\" data-end=\"2405\" data-col-size=\"sm\">Caracter\u00edstica<\/td>\n<td data-start=\"2405\" data-end=\"2441\" data-col-size=\"sm\">Duradero<\/td>\n<\/tr>\n<tr data-start=\"2442\" data-end=\"2502\">\n<td data-start=\"2442\" data-end=\"2466\" data-col-size=\"sm\">MOQ<\/td>\n<td data-start=\"2466\" data-end=\"2502\" data-col-size=\"sm\">Negociable<\/td>\n<\/tr>\n<tr data-start=\"2503\" data-end=\"2563\">\n<td data-start=\"2503\" data-end=\"2527\" data-col-size=\"sm\">Embalaje<\/td>\n<td data-start=\"2527\" data-end=\"2563\" data-col-size=\"sm\">Negociable<\/td>\n<\/tr>\n<tr data-start=\"2564\" data-end=\"2624\">\n<td data-start=\"2564\" data-end=\"2588\" data-col-size=\"sm\">Aplicaci\u00f3n<\/td>\n<td data-start=\"2588\" data-end=\"2624\" data-col-size=\"sm\">Uso diario, trabajo, viajes<\/td>\n<\/tr>\n<\/tbody>\n<\/table>\n<\/div>\n<\/div>\n<h2 data-start=\"2626\" data-end=\"2644\">Aplicaciones<\/h2>\n<ul data-start=\"2645\" data-end=\"2958\">\n<li data-start=\"2645\" data-end=\"2745\">\n<p data-start=\"2647\" data-end=\"2745\"><strong data-start=\"2647\" data-end=\"2660\">Uso diario<\/strong> - Perfecto para los desplazamientos diarios, para llevar libros, tabletas o efectos personales.<\/p>\n<\/li>\n<li data-start=\"2746\" data-end=\"2847\">\n<p data-start=\"2748\" data-end=\"2847\"><strong data-start=\"2748\" data-end=\"2756\">Trabajo<\/strong> - Ideal para profesionales que necesitan transportar ordenadores port\u00e1tiles, documentos y material de oficina.<\/p>\n<\/li>\n<li data-start=\"2848\" data-end=\"2958\">\n<p data-start=\"2850\" data-end=\"2958\"><strong data-start=\"2850\" data-end=\"2860\">Viajar<\/strong> - Adecuada para viajes cortos o escapadas de fin de semana, ofrece una opci\u00f3n de transporte elegante pero funcional.<\/p>\n<\/li>\n<\/ul>\n<p data-start=\"2960\" data-end=\"3106\">Si est\u00e1 interesado en esta mochila de cuero, p\u00f3ngase en contacto con nosotros para solicitar muestras. ODM &amp; OEM servicios est\u00e1n disponibles para soluciones personalizadas.<\/p>","protected":false},"excerpt":{"rendered":"<p>La mochila de piel RONEER est\u00e1 dise\u00f1ada para combinar estilo, funcionalidad y durabilidad para el uso diario, el trabajo y los viajes. Fabricada en piel aut\u00e9ntica de alta calidad procedente de Guangdong (China), esta mochila ofrece un tacto de primera calidad a la vez que mantiene un aspecto moderno. Su gran capacidad la hace perfecta para transportar ordenadores port\u00e1tiles, libros, art\u00edculos de viaje y objetos personales. Su dise\u00f1o garantiza la comodidad durante los desplazamientos largos o los viajes, mientras que las opciones personalizables permiten personalizar logotipos, colores y tama\u00f1os.<\/p>","protected":false},"featured_media":4748,"comment_status":"open","ping_status":"closed","template":"","meta":{"site-sidebar-layout":"default","site-content-layout":"","ast-site-content-layout":"default","site-content-style":"default","site-sidebar-style":"default","ast-global-header-display":"","ast-banner-title-visibility":"","ast-main-header-display":"","ast-hfb-above-header-display":"","ast-hfb-below-header-display":"","ast-hfb-mobile-header-display":"","site-post-title":"","ast-breadcrumbs-content":"","ast-featured-img":"","footer-sml-layout":"","ast-disable-related-posts":"","theme-transparent-header-meta":"default","adv-header-id-meta":"","stick-header-meta":"","header-above-stick-meta":"","header-main-stick-meta":"","header-below-stick-meta":"","astra-migrate-meta-layouts":"set","ast-page-background-enabled":"default","ast-page-background-meta":{"desktop":{"background-color":"var(--ast-global-color-5)","background-image":"","background-repeat":"repeat","background-position":"center center","background-size":"auto","background-attachment":"scroll","background-type":"","background-media":"","overlay-type":"","overlay-color":"","overlay-opacity":"","overlay-gradient":""},"tablet":{"background-color":"","background-image":"","background-repeat":"repeat","background-position":"center center","background-size":"auto","background-attachment":"scroll","background-type":"","background-media":"","overlay-type":"","overlay-color":"","overlay-opacity":"","overlay-gradient":""},"mobile":{"background-color":"","background-image":"","background-repeat":"repeat","background-position":"center center","background-size":"auto","background-attachment":"scroll","background-type":"","background-media":"","overlay-type":"","overlay-color":"","overlay-opacity":"","overlay-gradient":""}},"ast-content-background-meta":{"desktop":{"background-color":"var(--ast-global-color-4)","background-image":"","background-repeat":"repeat","background-position":"center center","background-size":"auto","background-attachment":"scroll","background-type":"","background-media":"","overlay-type":"","overlay-color":"","overlay-opacity":"","overlay-gradient":""},"tablet":{"background-color":"var(--ast-global-color-4)","background-image":"","background-repeat":"repeat","background-position":"center center","background-size":"auto","background-attachment":"scroll","background-type":"","background-media":"","overlay-type":"","overlay-color":"","overlay-opacity":"","overlay-gradient":""},"mobile":{"background-color":"var(--ast-global-color-4)","background-image":"","background-repeat":"repeat","background-position":"center center","background-size":"auto","background-attachment":"scroll","background-type":"","background-media":"","overlay-type":"","overlay-color":"","overlay-opacity":"","overlay-gradient":""}}},"product_brand":[],"product_cat":[21],"product_tag":[],"class_list":{"0":"post-4744","1":"product","2":"type-product","3":"status-publish","4":"has-post-thumbnail","6":"product_cat-backpack","7":"desktop-align-left","8":"tablet-align-left","9":"mobile-align-left","11":"first","12":"instock","13":"shipping-taxable","14":"product-type-simple"},"_links":{"self":[{"href":"https:\/\/baijiabags.com\/es\/wp-json\/wp\/v2\/product\/4744","targetHints":{"allow":["GET"]}}],"collection":[{"href":"https:\/\/baijiabags.com\/es\/wp-json\/wp\/v2\/product"}],"about":[{"href":"https:\/\/baijiabags.com\/es\/wp-json\/wp\/v2\/types\/product"}],"replies":[{"embeddable":true,"href":"https:\/\/baijiabags.com\/es\/wp-json\/wp\/v2\/comments?post=4744"}],"wp:featuredmedia":[{"embeddable":true,"href":"https:\/\/baijiabags.com\/es\/wp-json\/wp\/v2\/media\/4748"}],"wp:attachment":[{"href":"https:\/\/baijiabags.com\/es\/wp-json\/wp\/v2\/media?parent=4744"}],"wp:term":[{"taxonomy":"product_brand","embeddable":true,"href":"https:\/\/baijiabags.com\/es\/wp-json\/wp\/v2\/product_brand?post=4744"},{"taxonomy":"product_cat","embeddable":true,"href":"https:\/\/baijiabags.com\/es\/wp-json\/wp\/v2\/product_cat?post=4744"},{"taxonomy":"product_tag","embeddable":true,"href":"https:\/\/baijiabags.com\/es\/wp-json\/wp\/v2\/product_tag?post=4744"}],"curies":[{"name":"wp","href":"https:\/\/api.w.org\/{rel}","templated":true}]}}