{"id":4713,"date":"2025-11-15T05:41:55","date_gmt":"2025-11-15T05:41:55","guid":{"rendered":"https:\/\/baijiabags.com\/?post_type=product&#038;p=4713"},"modified":"2025-11-15T05:41:55","modified_gmt":"2025-11-15T05:41:55","slug":"wholesales-modern-black-backpack-with-front-zipper-pocket-minimalist-design-for-daily-and-travel-use","status":"publish","type":"product","link":"https:\/\/baijiabags.com\/es\/producto\/wholesales-modern-black-backpack-with-front-zipper-pocket-minimalist-design-for-daily-and-travel-use\/","title":{"rendered":"mayoristas Mochila negra moderna con bolsillo frontal de cremallera Dise\u00f1o minimalista para uso diario y de viaje"},"content":{"rendered":"<h2 data-start=\"538\" data-end=\"553\">Caracter\u00edsticas principales<\/h2>\n<ol data-start=\"555\" data-end=\"1369\">\n<li data-start=\"555\" data-end=\"670\">\n<p data-start=\"558\" data-end=\"670\"><strong data-start=\"558\" data-end=\"582\">Construcci\u00f3n duradera<\/strong> - Fabricado con materiales de alta calidad resistentes al desgaste para soportar el uso diario y los viajes.<\/p>\n<\/li>\n<li data-start=\"671\" data-end=\"765\">\n<p data-start=\"674\" data-end=\"765\"><strong data-start=\"674\" data-end=\"702\">Material resistente al agua<\/strong> - Protege las pertenencias de la lluvia ligera y los derrames accidentales.<\/p>\n<\/li>\n<li data-start=\"766\" data-end=\"870\">\n<p data-start=\"769\" data-end=\"870\"><strong data-start=\"769\" data-end=\"792\">Bolsillo delantero con cremallera<\/strong> - Ofrece f\u00e1cil acceso a peque\u00f1os objetos esenciales como llaves, carteras y tel\u00e9fonos.<\/p>\n<\/li>\n<li data-start=\"871\" data-end=\"981\">\n<p data-start=\"874\" data-end=\"981\"><strong data-start=\"874\" data-end=\"895\">Dise\u00f1o minimalista<\/strong> - Sus l\u00edneas limpias y su est\u00e9tica sencilla se adaptan tanto a entornos informales como profesionales.<\/p>\n<\/li>\n<li data-start=\"982\" data-end=\"1066\">\n<p data-start=\"985\" data-end=\"1066\"><strong data-start=\"985\" data-end=\"1006\">Correas ajustables<\/strong> - Garantiza un ajuste c\u00f3modo para usuarios de distintas alturas.<\/p>\n<\/li>\n<li data-start=\"1067\" data-end=\"1176\">\n<p data-start=\"1070\" data-end=\"1176\"><strong data-start=\"1070\" data-end=\"1101\">Tama\u00f1o y color personalizables<\/strong> - Puede adaptarse a preferencias espec\u00edficas para uso personal o corporativo.<\/p>\n<\/li>\n<li data-start=\"1177\" data-end=\"1270\">\n<p data-start=\"1180\" data-end=\"1270\"><strong data-start=\"1180\" data-end=\"1212\">Personalizaci\u00f3n del logotipo disponible<\/strong> - Admite marcas para regalos promocionales o de empresa.<\/p>\n<\/li>\n<li data-start=\"1271\" data-end=\"1369\">\n<p data-start=\"1274\" data-end=\"1369\"><strong data-start=\"1274\" data-end=\"1291\">Uso vers\u00e1til<\/strong> - Perfectamente adecuado para los desplazamientos diarios, el trabajo de oficina y las aventuras de viaje.<\/p>\n<\/li>\n<\/ol>\n<h2 data-start=\"1371\" data-end=\"1388\">Especificaciones<\/h2>\n<div class=\"_tableContainer_1rjym_1\">\n<div class=\"group _tableWrapper_1rjym_13 flex w-fit flex-col-reverse\" tabindex=\"-1\">\n<table class=\"w-fit min-w-(--thread-content-width)\" data-start=\"1390\" data-end=\"1781\">\n<thead data-start=\"1390\" data-end=\"1417\">\n<tr data-start=\"1390\" data-end=\"1417\">\n<th data-start=\"1390\" data-end=\"1406\" data-col-size=\"sm\">Especificaci\u00f3n<\/th>\n<th data-start=\"1406\" data-end=\"1417\" data-col-size=\"sm\">Detalles<\/th>\n<\/tr>\n<\/thead>\n<tbody data-start=\"1446\" data-end=\"1781\">\n<tr data-start=\"1446\" data-end=\"1474\">\n<td data-start=\"1446\" data-end=\"1462\" data-col-size=\"sm\">Nombre del producto<\/td>\n<td data-col-size=\"sm\" data-start=\"1462\" data-end=\"1474\">Mochila<\/td>\n<\/tr>\n<tr data-start=\"1475\" data-end=\"1501\">\n<td data-start=\"1475\" data-end=\"1491\" data-col-size=\"sm\">Marca<\/td>\n<td data-col-size=\"sm\" data-start=\"1491\" data-end=\"1501\">RONEER<\/td>\n<\/tr>\n<tr data-start=\"1502\" data-end=\"1538\">\n<td data-start=\"1502\" data-end=\"1518\" data-col-size=\"sm\">Origen<\/td>\n<td data-start=\"1518\" data-end=\"1538\" data-col-size=\"sm\">Guangdong, China<\/td>\n<\/tr>\n<tr data-start=\"1539\" data-end=\"1566\">\n<td data-start=\"1539\" data-end=\"1555\" data-col-size=\"sm\">Estilo<\/td>\n<td data-col-size=\"sm\" data-start=\"1555\" data-end=\"1566\">Moda<\/td>\n<\/tr>\n<tr data-start=\"1567\" data-end=\"1599\">\n<td data-start=\"1567\" data-end=\"1583\" data-col-size=\"sm\">Logotipo<\/td>\n<td data-start=\"1583\" data-end=\"1599\" data-col-size=\"sm\">Personalizable<\/td>\n<\/tr>\n<tr data-start=\"1600\" data-end=\"1632\">\n<td data-start=\"1600\" data-end=\"1616\" data-col-size=\"sm\">Talla<\/td>\n<td data-col-size=\"sm\" data-start=\"1616\" data-end=\"1632\">Personalizable<\/td>\n<\/tr>\n<tr data-start=\"1633\" data-end=\"1665\">\n<td data-start=\"1633\" data-end=\"1649\" data-col-size=\"sm\">Color<\/td>\n<td data-start=\"1649\" data-end=\"1665\" data-col-size=\"sm\">Personalizable<\/td>\n<\/tr>\n<tr data-start=\"1666\" data-end=\"1719\">\n<td data-start=\"1666\" data-end=\"1682\" data-col-size=\"sm\">Caracter\u00edsticas<\/td>\n<td data-start=\"1682\" data-end=\"1719\" data-col-size=\"sm\">Duradero, resistente al agua, elegante<\/td>\n<\/tr>\n<tr data-start=\"1720\" data-end=\"1750\">\n<td data-start=\"1720\" data-end=\"1736\" data-col-size=\"sm\">MOQ<\/td>\n<td data-start=\"1736\" data-end=\"1750\" data-col-size=\"sm\">Negociable<\/td>\n<\/tr>\n<tr data-start=\"1751\" data-end=\"1781\">\n<td data-start=\"1751\" data-end=\"1767\" data-col-size=\"sm\">Embalaje<\/td>\n<td data-start=\"1767\" data-end=\"1781\" data-col-size=\"sm\">Negociable<\/td>\n<\/tr>\n<\/tbody>\n<\/table>\n<\/div>\n<\/div>\n<h2 data-start=\"1783\" data-end=\"1798\">Aplicaciones<\/h2>\n<ul data-start=\"1800\" data-end=\"2030\">\n<li data-start=\"1800\" data-end=\"1869\">\n<p data-start=\"1802\" data-end=\"1869\"><strong data-start=\"1802\" data-end=\"1815\">Uso diario<\/strong> - Ideal para desplazamientos, compras o salidas informales.<\/p>\n<\/li>\n<li data-start=\"1870\" data-end=\"1949\">\n<p data-start=\"1872\" data-end=\"1949\"><strong data-start=\"1872\" data-end=\"1880\">Trabajo<\/strong> - Adecuado para transportar ordenadores port\u00e1tiles, documentos y art\u00edculos de oficina.<\/p>\n<\/li>\n<li data-start=\"1950\" data-end=\"2030\">\n<p data-start=\"1952\" data-end=\"2030\"><strong data-start=\"1952\" data-end=\"1962\">Viajar<\/strong> - Perfecto para viajes cortos, equipaje de mano o para explorar la ciudad.<\/p>\n<\/li>\n<\/ul>\n<p data-start=\"2032\" data-end=\"2307\">\u00a0Si est\u00e1 interesado en esta mochila, p\u00f3ngase en contacto con nosotros para solicitar una muestra. Disponemos de servicios ODM y OEM para satisfacer sus necesidades de personalizaci\u00f3n.<\/p>","protected":false},"excerpt":{"rendered":"<p>La Mochila Negra Moderna con Bolsillo Delantero con Cremallera ha sido dise\u00f1ada para uso diario y de viaje, combinando una est\u00e9tica minimalista con una pr\u00e1ctica funcionalidad. Fabricada con materiales duraderos y resistentes al agua, esta mochila garantiza un rendimiento duradero al tiempo que mantiene un aspecto elegante y a la moda. Es ideal para llevar objetos personales, aparatos electr\u00f3nicos y art\u00edculos de viaje de forma elegante y organizada.<\/p>","protected":false},"featured_media":4723,"comment_status":"open","ping_status":"closed","template":"","meta":{"site-sidebar-layout":"default","site-content-layout":"","ast-site-content-layout":"default","site-content-style":"default","site-sidebar-style":"default","ast-global-header-display":"","ast-banner-title-visibility":"","ast-main-header-display":"","ast-hfb-above-header-display":"","ast-hfb-below-header-display":"","ast-hfb-mobile-header-display":"","site-post-title":"","ast-breadcrumbs-content":"","ast-featured-img":"","footer-sml-layout":"","ast-disable-related-posts":"","theme-transparent-header-meta":"default","adv-header-id-meta":"","stick-header-meta":"","header-above-stick-meta":"","header-main-stick-meta":"","header-below-stick-meta":"","astra-migrate-meta-layouts":"set","ast-page-background-enabled":"default","ast-page-background-meta":{"desktop":{"background-color":"var(--ast-global-color-5)","background-image":"","background-repeat":"repeat","background-position":"center center","background-size":"auto","background-attachment":"scroll","background-type":"","background-media":"","overlay-type":"","overlay-color":"","overlay-opacity":"","overlay-gradient":""},"tablet":{"background-color":"","background-image":"","background-repeat":"repeat","background-position":"center center","background-size":"auto","background-attachment":"scroll","background-type":"","background-media":"","overlay-type":"","overlay-color":"","overlay-opacity":"","overlay-gradient":""},"mobile":{"background-color":"","background-image":"","background-repeat":"repeat","background-position":"center center","background-size":"auto","background-attachment":"scroll","background-type":"","background-media":"","overlay-type":"","overlay-color":"","overlay-opacity":"","overlay-gradient":""}},"ast-content-background-meta":{"desktop":{"background-color":"var(--ast-global-color-4)","background-image":"","background-repeat":"repeat","background-position":"center center","background-size":"auto","background-attachment":"scroll","background-type":"","background-media":"","overlay-type":"","overlay-color":"","overlay-opacity":"","overlay-gradient":""},"tablet":{"background-color":"var(--ast-global-color-4)","background-image":"","background-repeat":"repeat","background-position":"center center","background-size":"auto","background-attachment":"scroll","background-type":"","background-media":"","overlay-type":"","overlay-color":"","overlay-opacity":"","overlay-gradient":""},"mobile":{"background-color":"var(--ast-global-color-4)","background-image":"","background-repeat":"repeat","background-position":"center center","background-size":"auto","background-attachment":"scroll","background-type":"","background-media":"","overlay-type":"","overlay-color":"","overlay-opacity":"","overlay-gradient":""}}},"product_brand":[],"product_cat":[21],"product_tag":[],"class_list":{"0":"post-4713","1":"product","2":"type-product","3":"status-publish","4":"has-post-thumbnail","6":"product_cat-backpack","7":"desktop-align-left","8":"tablet-align-left","9":"mobile-align-left","11":"first","12":"instock","13":"shipping-taxable","14":"product-type-simple"},"_links":{"self":[{"href":"https:\/\/baijiabags.com\/es\/wp-json\/wp\/v2\/product\/4713","targetHints":{"allow":["GET"]}}],"collection":[{"href":"https:\/\/baijiabags.com\/es\/wp-json\/wp\/v2\/product"}],"about":[{"href":"https:\/\/baijiabags.com\/es\/wp-json\/wp\/v2\/types\/product"}],"replies":[{"embeddable":true,"href":"https:\/\/baijiabags.com\/es\/wp-json\/wp\/v2\/comments?post=4713"}],"wp:featuredmedia":[{"embeddable":true,"href":"https:\/\/baijiabags.com\/es\/wp-json\/wp\/v2\/media\/4723"}],"wp:attachment":[{"href":"https:\/\/baijiabags.com\/es\/wp-json\/wp\/v2\/media?parent=4713"}],"wp:term":[{"taxonomy":"product_brand","embeddable":true,"href":"https:\/\/baijiabags.com\/es\/wp-json\/wp\/v2\/product_brand?post=4713"},{"taxonomy":"product_cat","embeddable":true,"href":"https:\/\/baijiabags.com\/es\/wp-json\/wp\/v2\/product_cat?post=4713"},{"taxonomy":"product_tag","embeddable":true,"href":"https:\/\/baijiabags.com\/es\/wp-json\/wp\/v2\/product_tag?post=4713"}],"curies":[{"name":"wp","href":"https:\/\/api.w.org\/{rel}","templated":true}]}}