{"id":4556,"date":"2025-11-12T07:05:13","date_gmt":"2025-11-12T07:05:13","guid":{"rendered":"https:\/\/baijiabags.com\/?post_type=product&#038;p=4556"},"modified":"2025-11-12T07:05:13","modified_gmt":"2025-11-12T07:05:13","slug":"elegant-oval-makeup-bag-for-women-large-detachable-shockproof-storage-bag-thick-waterproof-multi-color-options","status":"publish","type":"product","link":"https:\/\/baijiabags.com\/es\/producto\/elegant-oval-makeup-bag-for-women-large-detachable-shockproof-storage-bag-thick-waterproof-multi-color-options\/","title":{"rendered":"Elegante Bolsa Ovalada de Maquillaje para Mujer Bolsa de Almacenaje Grande Desmontable a Prueba de Golpes Gruesa Impermeable Multi Color Opciones"},"content":{"rendered":"<h2 data-start=\"1015\" data-end=\"1035\"><strong data-start=\"1019\" data-end=\"1035\">Caracter\u00edsticas principales<\/strong><\/h2>\n<ol data-start=\"1037\" data-end=\"1918\">\n<li data-start=\"1037\" data-end=\"1144\">\n<p data-start=\"1040\" data-end=\"1144\"><strong data-start=\"1040\" data-end=\"1063\">Material PU de primera calidad<\/strong> - Se ha seleccionado un material de cuero duradero e impermeable para un uso prolongado.<\/p>\n<\/li>\n<li data-start=\"1145\" data-end=\"1255\">\n<p data-start=\"1148\" data-end=\"1255\"><strong data-start=\"1148\" data-end=\"1173\">Protecci\u00f3n antichoque<\/strong> - Se ha integrado un grueso acolchado para absorber los impactos y proteger los objetos fr\u00e1giles.<\/p>\n<\/li>\n<li data-start=\"1256\" data-end=\"1364\">\n<p data-start=\"1259\" data-end=\"1364\"><strong data-start=\"1259\" data-end=\"1288\">Dise\u00f1o de almacenamiento desmontable<\/strong> - Se ha aplicado un sistema de separadores extra\u00edbles para facilitar la organizaci\u00f3n.<\/p>\n<\/li>\n<li data-start=\"1365\" data-end=\"1477\">\n<p data-start=\"1368\" data-end=\"1477\"><strong data-start=\"1368\" data-end=\"1395\">Forro interior impermeable<\/strong> - El interior se ha hecho resistente a la humedad para mantener los productos secos y limpios.<\/p>\n<\/li>\n<li data-start=\"1478\" data-end=\"1584\">\n<p data-start=\"1481\" data-end=\"1584\"><strong data-start=\"1481\" data-end=\"1508\">Acabado en relieve<\/strong> - Su fina textura le confiere un aspecto elegante y a la moda.<\/p>\n<\/li>\n<li data-start=\"1585\" data-end=\"1703\">\n<p data-start=\"1588\" data-end=\"1703\"><strong data-start=\"1588\" data-end=\"1617\">Tama\u00f1o compacto pero espacioso<\/strong> - Dise\u00f1ado en <strong data-start=\"1632\" data-end=\"1655\">19,5 \u00d7 12,5 \u00d7 15 cm<\/strong> para alojar m\u00faltiples herramientas cosm\u00e9ticas sin abultar.<\/p>\n<\/li>\n<li data-start=\"1704\" data-end=\"1805\">\n<p data-start=\"1707\" data-end=\"1805\"><strong data-start=\"1707\" data-end=\"1735\">Opci\u00f3n de logotipo personalizable<\/strong> - Se ha previsto espacio para personalizar o promocionar la marca.<\/p>\n<\/li>\n<li data-start=\"1806\" data-end=\"1918\">\n<p data-start=\"1809\" data-end=\"1918\"><strong data-start=\"1809\" data-end=\"1836\">M\u00faltiples variantes de color<\/strong> - Disponible en <strong data-start=\"1852\" data-end=\"1868\">Rojo Borgo\u00f1a<\/strong> y <strong data-start=\"1873\" data-end=\"1882\">Negro<\/strong>con otras opciones personalizables.<\/p>\n<\/li>\n<\/ol>\n<h2 data-start=\"1925\" data-end=\"1955\"><strong data-start=\"1929\" data-end=\"1955\">Especificaciones<\/strong><\/h2>\n<div class=\"_tableContainer_1rjym_1\">\n<div class=\"group _tableWrapper_1rjym_13 flex w-fit flex-col-reverse\" tabindex=\"-1\">\n<table class=\"w-fit min-w-(--thread-content-width)\" data-start=\"1957\" data-end=\"2534\">\n<thead data-start=\"1957\" data-end=\"1987\">\n<tr data-start=\"1957\" data-end=\"1987\">\n<th data-start=\"1957\" data-end=\"1968\" data-col-size=\"sm\"><strong data-start=\"1959\" data-end=\"1967\">Art\u00edculo<\/strong><\/th>\n<th data-start=\"1968\" data-end=\"1987\" data-col-size=\"md\"><strong data-start=\"1970\" data-end=\"1985\">Descripci\u00f3n<\/strong><\/th>\n<\/tr>\n<\/thead>\n<tbody data-start=\"2019\" data-end=\"2534\">\n<tr data-start=\"2019\" data-end=\"2075\">\n<td data-start=\"2019\" data-end=\"2038\" data-col-size=\"sm\"><strong data-start=\"2021\" data-end=\"2037\">Nombre del producto<\/strong><\/td>\n<td data-col-size=\"md\" data-start=\"2038\" data-end=\"2075\">Elegante neceser ovalado de maquillaje para mujer<\/td>\n<\/tr>\n<tr data-start=\"2076\" data-end=\"2109\">\n<td data-start=\"2076\" data-end=\"2089\" data-col-size=\"sm\"><strong data-start=\"2078\" data-end=\"2088\">Origen<\/strong><\/td>\n<td data-col-size=\"md\" data-start=\"2089\" data-end=\"2109\">Guangdong, China<\/td>\n<\/tr>\n<tr data-start=\"2110\" data-end=\"2139\">\n<td data-start=\"2110\" data-end=\"2125\" data-col-size=\"sm\"><strong data-start=\"2112\" data-end=\"2124\">Material<\/strong><\/td>\n<td data-col-size=\"md\" data-start=\"2125\" data-end=\"2139\">Cuero PU<\/td>\n<\/tr>\n<tr data-start=\"2140\" data-end=\"2209\">\n<td data-start=\"2140\" data-end=\"2160\" data-col-size=\"sm\"><strong data-start=\"2142\" data-end=\"2159\">Opciones de color<\/strong><\/td>\n<td data-col-size=\"md\" data-start=\"2160\" data-end=\"2209\">Rojo burdeos, negro (colores personalizados disponibles)<\/td>\n<\/tr>\n<tr data-start=\"2210\" data-end=\"2268\">\n<td data-start=\"2210\" data-end=\"2221\" data-col-size=\"sm\"><strong data-start=\"2212\" data-end=\"2220\">Talla<\/strong><\/td>\n<td data-start=\"2221\" data-end=\"2268\" data-col-size=\"md\">19,5 \u00d7 12,5 \u00d7 15 cm (se aceptan tama\u00f1os especiales)<\/td>\n<\/tr>\n<tr data-start=\"2269\" data-end=\"2313\">\n<td data-start=\"2269\" data-end=\"2293\" data-col-size=\"sm\"><strong data-start=\"2271\" data-end=\"2292\">Tratamiento de superficies<\/strong><\/td>\n<td data-col-size=\"md\" data-start=\"2293\" data-end=\"2313\">Textura en relieve<\/td>\n<\/tr>\n<tr data-start=\"2314\" data-end=\"2341\">\n<td data-start=\"2314\" data-end=\"2325\" data-col-size=\"sm\"><strong data-start=\"2316\" data-end=\"2324\">Logotipo<\/strong><\/td>\n<td data-col-size=\"md\" data-start=\"2325\" data-end=\"2341\">Personalizable<\/td>\n<\/tr>\n<tr data-start=\"2342\" data-end=\"2365\">\n<td data-start=\"2342\" data-end=\"2354\" data-col-size=\"sm\"><strong data-start=\"2344\" data-end=\"2353\">Estilo<\/strong><\/td>\n<td data-col-size=\"md\" data-start=\"2354\" data-end=\"2365\">Moda<\/td>\n<\/tr>\n<tr data-start=\"2366\" data-end=\"2394\">\n<td data-start=\"2366\" data-end=\"2385\" data-col-size=\"sm\"><strong data-start=\"2368\" data-end=\"2384\">Usuarios objetivo<\/strong><\/td>\n<td data-col-size=\"md\" data-start=\"2385\" data-end=\"2394\">Mujeres<\/td>\n<\/tr>\n<tr data-start=\"2395\" data-end=\"2447\">\n<td data-start=\"2395\" data-end=\"2407\" data-col-size=\"sm\"><strong data-start=\"2397\" data-end=\"2406\">Utilizaci\u00f3n<\/strong><\/td>\n<td data-col-size=\"md\" data-start=\"2407\" data-end=\"2447\">Almacenamiento de Cosm\u00e9ticos, Uso Diario, Viaje<\/td>\n<\/tr>\n<tr data-start=\"2448\" data-end=\"2479\">\n<td data-start=\"2448\" data-end=\"2471\" data-col-size=\"sm\"><strong data-start=\"2450\" data-end=\"2470\">Nivel de impermeabilidad<\/strong><\/td>\n<td data-col-size=\"md\" data-start=\"2471\" data-end=\"2479\">Alta<\/td>\n<\/tr>\n<tr data-start=\"2480\" data-end=\"2534\">\n<td data-start=\"2480\" data-end=\"2496\" data-col-size=\"sm\"><strong data-start=\"2482\" data-end=\"2495\">Estructura<\/strong><\/td>\n<td data-col-size=\"md\" data-start=\"2496\" data-end=\"2534\">Interior desmontable y a prueba de golpes<\/td>\n<\/tr>\n<\/tbody>\n<\/table>\n<\/div>\n<\/div>\n<h2 data-start=\"2541\" data-end=\"2561\"><strong data-start=\"2545\" data-end=\"2561\">Aplicaciones<\/strong><\/h2>\n<ul data-start=\"2563\" data-end=\"3017\">\n<li data-start=\"2563\" data-end=\"2660\">\n<p data-start=\"2565\" data-end=\"2660\"><strong data-start=\"2565\" data-end=\"2588\">Organizaci\u00f3n diaria:<\/strong> Se utiliza para mantener los productos cosm\u00e9ticos y de cuidado de la piel ordenados y accesibles.<\/p>\n<\/li>\n<li data-start=\"2661\" data-end=\"2748\">\n<p data-start=\"2663\" data-end=\"2748\"><strong data-start=\"2663\" data-end=\"2684\">Compa\u00f1ero de viaje:<\/strong> Dise\u00f1ado para transportar c\u00f3modamente los utensilios de maquillaje en los viajes.<\/p>\n<\/li>\n<li data-start=\"2749\" data-end=\"2839\">\n<p data-start=\"2751\" data-end=\"2839\"><strong data-start=\"2751\" data-end=\"2772\">Uso profesional:<\/strong> Ideal para maquilladores o estilistas que necesitan almacenamiento port\u00e1til.<\/p>\n<\/li>\n<li data-start=\"2840\" data-end=\"2916\">\n<p data-start=\"2842\" data-end=\"2916\"><strong data-start=\"2842\" data-end=\"2858\">Opci\u00f3n de regalo:<\/strong> Puede utilizarse como regalo elegante y atento para mujeres.<\/p>\n<\/li>\n<li data-start=\"2917\" data-end=\"3017\">\n<p data-start=\"2919\" data-end=\"3017\"><strong data-start=\"2919\" data-end=\"2939\">Uso promocional:<\/strong> Los servicios de personalizaci\u00f3n pueden aplicarse a la imagen de marca de una empresa o a la venta al por menor.<\/p>\n<\/li>\n<\/ul>\n<p data-start=\"3024\" data-end=\"3252\">Si le interesa <strong data-start=\"3054\" data-end=\"3081\">Elegante neceser ovalado<\/strong>por favor <strong data-start=\"3090\" data-end=\"3124\">p\u00f3ngase en contacto con nosotros para solicitar muestras<\/strong>. <strong data-start=\"3126\" data-end=\"3148\">Servicios ODM y OEM<\/strong> incluyendo la personalizaci\u00f3n del tama\u00f1o, los materiales y el color para satisfacer los requisitos de su producto.<\/p>","protected":false},"excerpt":{"rendered":"<p>En <strong data-start=\"191\" data-end=\"228\">Elegante neceser ovalado de maquillaje para mujer<\/strong> ha sido cuidadosamente dise\u00f1ado para combinar elegancia, durabilidad y comodidad. Fabricado en <strong data-start=\"320\" data-end=\"342\">cuero PU de primera calidad<\/strong>La bolsa ha sido fabricada para ofrecer una protecci\u00f3n impermeable y a prueba de golpes, manteniendo los art\u00edculos de belleza a salvo en todas las condiciones. Su <strong data-start=\"481\" data-end=\"500\">silueta oval<\/strong> se ha moldeado para ofrecer un aspecto elegante y moderno, mientras que el <strong data-start=\"571\" data-end=\"588\">acolchado grueso<\/strong> garantiza que los cosm\u00e9ticos permanezcan seguros durante los viajes o el uso diario.<\/p>","protected":false},"featured_media":4558,"comment_status":"open","ping_status":"closed","template":"","meta":{"site-sidebar-layout":"default","site-content-layout":"","ast-site-content-layout":"default","site-content-style":"default","site-sidebar-style":"default","ast-global-header-display":"","ast-banner-title-visibility":"","ast-main-header-display":"","ast-hfb-above-header-display":"","ast-hfb-below-header-display":"","ast-hfb-mobile-header-display":"","site-post-title":"","ast-breadcrumbs-content":"","ast-featured-img":"","footer-sml-layout":"","ast-disable-related-posts":"","theme-transparent-header-meta":"default","adv-header-id-meta":"","stick-header-meta":"","header-above-stick-meta":"","header-main-stick-meta":"","header-below-stick-meta":"","astra-migrate-meta-layouts":"set","ast-page-background-enabled":"default","ast-page-background-meta":{"desktop":{"background-color":"var(--ast-global-color-5)","background-image":"","background-repeat":"repeat","background-position":"center center","background-size":"auto","background-attachment":"scroll","background-type":"","background-media":"","overlay-type":"","overlay-color":"","overlay-opacity":"","overlay-gradient":""},"tablet":{"background-color":"","background-image":"","background-repeat":"repeat","background-position":"center center","background-size":"auto","background-attachment":"scroll","background-type":"","background-media":"","overlay-type":"","overlay-color":"","overlay-opacity":"","overlay-gradient":""},"mobile":{"background-color":"","background-image":"","background-repeat":"repeat","background-position":"center center","background-size":"auto","background-attachment":"scroll","background-type":"","background-media":"","overlay-type":"","overlay-color":"","overlay-opacity":"","overlay-gradient":""}},"ast-content-background-meta":{"desktop":{"background-color":"var(--ast-global-color-4)","background-image":"","background-repeat":"repeat","background-position":"center center","background-size":"auto","background-attachment":"scroll","background-type":"","background-media":"","overlay-type":"","overlay-color":"","overlay-opacity":"","overlay-gradient":""},"tablet":{"background-color":"var(--ast-global-color-4)","background-image":"","background-repeat":"repeat","background-position":"center center","background-size":"auto","background-attachment":"scroll","background-type":"","background-media":"","overlay-type":"","overlay-color":"","overlay-opacity":"","overlay-gradient":""},"mobile":{"background-color":"var(--ast-global-color-4)","background-image":"","background-repeat":"repeat","background-position":"center center","background-size":"auto","background-attachment":"scroll","background-type":"","background-media":"","overlay-type":"","overlay-color":"","overlay-opacity":"","overlay-gradient":""}}},"product_brand":[],"product_cat":[38],"product_tag":[],"class_list":{"0":"post-4556","1":"product","2":"type-product","3":"status-publish","4":"has-post-thumbnail","6":"product_cat-cosmetic-bags","7":"desktop-align-left","8":"tablet-align-left","9":"mobile-align-left","11":"first","12":"instock","13":"shipping-taxable","14":"product-type-simple"},"_links":{"self":[{"href":"https:\/\/baijiabags.com\/es\/wp-json\/wp\/v2\/product\/4556","targetHints":{"allow":["GET"]}}],"collection":[{"href":"https:\/\/baijiabags.com\/es\/wp-json\/wp\/v2\/product"}],"about":[{"href":"https:\/\/baijiabags.com\/es\/wp-json\/wp\/v2\/types\/product"}],"replies":[{"embeddable":true,"href":"https:\/\/baijiabags.com\/es\/wp-json\/wp\/v2\/comments?post=4556"}],"wp:featuredmedia":[{"embeddable":true,"href":"https:\/\/baijiabags.com\/es\/wp-json\/wp\/v2\/media\/4558"}],"wp:attachment":[{"href":"https:\/\/baijiabags.com\/es\/wp-json\/wp\/v2\/media?parent=4556"}],"wp:term":[{"taxonomy":"product_brand","embeddable":true,"href":"https:\/\/baijiabags.com\/es\/wp-json\/wp\/v2\/product_brand?post=4556"},{"taxonomy":"product_cat","embeddable":true,"href":"https:\/\/baijiabags.com\/es\/wp-json\/wp\/v2\/product_cat?post=4556"},{"taxonomy":"product_tag","embeddable":true,"href":"https:\/\/baijiabags.com\/es\/wp-json\/wp\/v2\/product_tag?post=4556"}],"curies":[{"name":"wp","href":"https:\/\/api.w.org\/{rel}","templated":true}]}}