{"id":4549,"date":"2025-11-12T06:38:25","date_gmt":"2025-11-12T06:38:25","guid":{"rendered":"https:\/\/baijiabags.com\/?post_type=product&#038;p=4549"},"modified":"2025-11-12T06:42:51","modified_gmt":"2025-11-12T06:42:51","slug":"manufacturer-wholesale-large-capacity-travel-cosmetic-case-customizable-logo-multifunction-toiletry-box","status":"publish","type":"product","link":"https:\/\/baijiabags.com\/es\/producto\/manufacturer-wholesale-large-capacity-travel-cosmetic-case-customizable-logo-multifunction-toiletry-box\/","title":{"rendered":"Fabricante al por mayor de gran capacidad de viaje estuche de cosm\u00e9ticos logotipo personalizable multifunci\u00f3n caja de tocador"},"content":{"rendered":"<h2 data-start=\"926\" data-end=\"942\">Caracter\u00edsticas principales<\/h2>\n<ol data-start=\"944\" data-end=\"1776\">\n<li data-start=\"944\" data-end=\"1082\">\n<p data-start=\"947\" data-end=\"1082\"><strong data-start=\"947\" data-end=\"973\">Gran capacidad de almacenamiento<\/strong> - Incluye varios compartimentos y bolsillos para mantener organizados los cosm\u00e9ticos, los art\u00edculos de aseo y los accesorios.<\/p>\n<\/li>\n<li data-start=\"1083\" data-end=\"1170\">\n<p data-start=\"1086\" data-end=\"1170\"><strong data-start=\"1086\" data-end=\"1107\">Logotipo personalizable<\/strong> - Se pueden a\u00f1adir logotipos para mejorar la personalizaci\u00f3n o la marca.<\/p>\n<\/li>\n<li data-start=\"1171\" data-end=\"1288\">\n<p data-start=\"1174\" data-end=\"1288\"><strong data-start=\"1174\" data-end=\"1194\">Material duradero<\/strong> - Fabricado con material PU resistente a los ara\u00f1azos, f\u00e1cil de limpiar y duradero.<\/p>\n<\/li>\n<li data-start=\"1289\" data-end=\"1376\">\n<p data-start=\"1292\" data-end=\"1376\"><strong data-start=\"1292\" data-end=\"1314\">Dise\u00f1o de moda<\/strong> - Estilo elegante y sencillo adecuado tanto para hombres como para mujeres.<\/p>\n<\/li>\n<li data-start=\"1377\" data-end=\"1466\">\n<p data-start=\"1380\" data-end=\"1466\"><strong data-start=\"1380\" data-end=\"1408\">Ligero y port\u00e1til<\/strong> - F\u00e1cil de transportar durante los viajes, los desplazamientos o el uso diario.<\/p>\n<\/li>\n<li data-start=\"1467\" data-end=\"1591\">\n<p data-start=\"1470\" data-end=\"1591\"><strong data-start=\"1470\" data-end=\"1496\">Compartimentos vers\u00e1tiles<\/strong> - Incluye ranuras para cepillos, botellas y objetos peque\u00f1os, para que todo tenga su sitio.<\/p>\n<\/li>\n<li data-start=\"1592\" data-end=\"1673\">\n<p data-start=\"1595\" data-end=\"1673\"><strong data-start=\"1595\" data-end=\"1609\">Uso unisex<\/strong> - Dise\u00f1ado para ser utilizado por todos los g\u00e9neros con opciones de colores neutros.<\/p>\n<\/li>\n<li data-start=\"1674\" data-end=\"1776\">\n<p data-start=\"1677\" data-end=\"1776\"><strong data-start=\"1677\" data-end=\"1696\">Viajar es f\u00e1cil<\/strong> - Suficientemente compacto para caber en el equipaje, manteniendo una gran capacidad interna.<\/p>\n<\/li>\n<\/ol>\n<h2 data-start=\"1778\" data-end=\"1796\">Especificaciones<\/h2>\n<div class=\"_tableContainer_1rjym_1\">\n<div class=\"group _tableWrapper_1rjym_13 flex w-fit flex-col-reverse\" tabindex=\"-1\">\n<table class=\"w-fit min-w-(--thread-content-width)\" data-start=\"1798\" data-end=\"2111\">\n<thead data-start=\"1798\" data-end=\"1821\">\n<tr data-start=\"1798\" data-end=\"1821\">\n<th data-start=\"1798\" data-end=\"1810\" data-col-size=\"sm\">Par\u00e1metro<\/th>\n<th data-start=\"1810\" data-end=\"1821\" data-col-size=\"sm\">Detalles<\/th>\n<\/tr>\n<\/thead>\n<tbody data-start=\"1846\" data-end=\"2111\">\n<tr data-start=\"1846\" data-end=\"1878\">\n<td data-start=\"1846\" data-end=\"1861\" data-col-size=\"sm\">Nombre del producto<\/td>\n<td data-start=\"1861\" data-end=\"1878\" data-col-size=\"sm\">Estuche cosm\u00e9tico<\/td>\n<\/tr>\n<tr data-start=\"1879\" data-end=\"1908\">\n<td data-start=\"1879\" data-end=\"1888\" data-col-size=\"sm\">Origen<\/td>\n<td data-start=\"1888\" data-end=\"1908\" data-col-size=\"sm\">Guangdong, China<\/td>\n<\/tr>\n<tr data-start=\"1909\" data-end=\"1928\">\n<td data-start=\"1909\" data-end=\"1917\" data-col-size=\"sm\">Estilo<\/td>\n<td data-start=\"1917\" data-end=\"1928\" data-col-size=\"sm\">Moda<\/td>\n<\/tr>\n<tr data-start=\"1929\" data-end=\"1957\">\n<td data-start=\"1929\" data-end=\"1938\" data-col-size=\"sm\">Colores<\/td>\n<td data-start=\"1938\" data-end=\"1957\" data-col-size=\"sm\">Rojo vino, Negro<\/td>\n<\/tr>\n<tr data-start=\"1958\" data-end=\"1979\">\n<td data-start=\"1958\" data-end=\"1965\" data-col-size=\"sm\">Talla<\/td>\n<td data-start=\"1965\" data-end=\"1979\" data-col-size=\"sm\">Personalizado<\/td>\n<\/tr>\n<tr data-start=\"1980\" data-end=\"1997\">\n<td data-start=\"1980\" data-end=\"1991\" data-col-size=\"sm\">Material<\/td>\n<td data-start=\"1991\" data-end=\"1997\" data-col-size=\"sm\">PU<\/td>\n<\/tr>\n<tr data-start=\"1998\" data-end=\"2021\">\n<td data-start=\"1998\" data-end=\"2005\" data-col-size=\"sm\">Logotipo<\/td>\n<td data-start=\"2005\" data-end=\"2021\" data-col-size=\"sm\">Personalizable<\/td>\n<\/tr>\n<tr data-start=\"2022\" data-end=\"2041\">\n<td data-start=\"2022\" data-end=\"2031\" data-col-size=\"sm\">G\u00e9nero<\/td>\n<td data-start=\"2031\" data-end=\"2041\" data-col-size=\"sm\">Unisex<\/td>\n<\/tr>\n<tr data-start=\"2042\" data-end=\"2075\">\n<td data-start=\"2042\" data-end=\"2050\" data-col-size=\"sm\">Utilizaci\u00f3n<\/td>\n<td data-start=\"2050\" data-end=\"2075\" data-col-size=\"sm\">Cosm\u00e9ticos Convenience<\/td>\n<\/tr>\n<tr data-start=\"2076\" data-end=\"2111\">\n<td data-start=\"2076\" data-end=\"2090\" data-col-size=\"sm\">Aplicaci\u00f3n<\/td>\n<td data-start=\"2090\" data-end=\"2111\" data-col-size=\"sm\">Uso diario, Viajes<\/td>\n<\/tr>\n<\/tbody>\n<\/table>\n<\/div>\n<\/div>\n<h2 data-start=\"2113\" data-end=\"2129\">Aplicaciones<\/h2>\n<ul data-start=\"2131\" data-end=\"2459\">\n<li data-start=\"2131\" data-end=\"2201\">\n<p data-start=\"2133\" data-end=\"2201\"><strong data-start=\"2133\" data-end=\"2155\">Organizaci\u00f3n diaria<\/strong> - Mantiene ordenados los cosm\u00e9ticos de uso diario.<\/p>\n<\/li>\n<li data-start=\"2202\" data-end=\"2285\">\n<p data-start=\"2204\" data-end=\"2285\"><strong data-start=\"2204\" data-end=\"2224\">Compa\u00f1ero de viaje<\/strong> - Ideal para llevar art\u00edculos de aseo durante viajes o vacaciones.<\/p>\n<\/li>\n<li data-start=\"2286\" data-end=\"2370\">\n<p data-start=\"2288\" data-end=\"2370\"><strong data-start=\"2288\" data-end=\"2301\">Art\u00edculo de regalo<\/strong> - Se puede personalizar para cumplea\u00f1os, vacaciones o regalos de empresa.<\/p>\n<\/li>\n<li data-start=\"2371\" data-end=\"2459\">\n<p data-start=\"2373\" data-end=\"2459\"><strong data-start=\"2373\" data-end=\"2396\">Productos en promoci\u00f3n<\/strong> - Los logotipos personalizables lo hacen perfecto para fines de marketing.<\/p>\n<\/li>\n<\/ul>\n<p data-start=\"2461\" data-end=\"2614\">Si est\u00e1 interesado en este estuche cosm\u00e9tico, p\u00f3ngase en contacto con nosotros para <strong data-start=\"2528\" data-end=\"2539\">muestras<\/strong>. <strong data-start=\"2541\" data-end=\"2563\">Servicios ODM y OEM<\/strong> para satisfacer sus necesidades espec\u00edficas.<\/p>","protected":false},"excerpt":{"rendered":"<p>En <strong data-start=\"115\" data-end=\"154\">Neceser de viaje de gran capacidad<\/strong> est\u00e1 dise\u00f1ado para combinar moda, funcionalidad y comodidad. Fabricado con atenci\u00f3n al detalle, este neceser de viaje satisface las necesidades de las personas que valoran la organizaci\u00f3n y el estilo. Su dise\u00f1o vers\u00e1til y sus caracter\u00edsticas personalizables lo hacen adecuado para una gran variedad de ocasiones, desde el uso diario hasta los viajes.<\/p>","protected":false},"featured_media":4554,"comment_status":"open","ping_status":"closed","template":"","meta":{"site-sidebar-layout":"default","site-content-layout":"","ast-site-content-layout":"default","site-content-style":"default","site-sidebar-style":"default","ast-global-header-display":"","ast-banner-title-visibility":"","ast-main-header-display":"","ast-hfb-above-header-display":"","ast-hfb-below-header-display":"","ast-hfb-mobile-header-display":"","site-post-title":"","ast-breadcrumbs-content":"","ast-featured-img":"","footer-sml-layout":"","ast-disable-related-posts":"","theme-transparent-header-meta":"default","adv-header-id-meta":"","stick-header-meta":"","header-above-stick-meta":"","header-main-stick-meta":"","header-below-stick-meta":"","astra-migrate-meta-layouts":"set","ast-page-background-enabled":"default","ast-page-background-meta":{"desktop":{"background-color":"var(--ast-global-color-5)","background-image":"","background-repeat":"repeat","background-position":"center center","background-size":"auto","background-attachment":"scroll","background-type":"","background-media":"","overlay-type":"","overlay-color":"","overlay-opacity":"","overlay-gradient":""},"tablet":{"background-color":"","background-image":"","background-repeat":"repeat","background-position":"center center","background-size":"auto","background-attachment":"scroll","background-type":"","background-media":"","overlay-type":"","overlay-color":"","overlay-opacity":"","overlay-gradient":""},"mobile":{"background-color":"","background-image":"","background-repeat":"repeat","background-position":"center center","background-size":"auto","background-attachment":"scroll","background-type":"","background-media":"","overlay-type":"","overlay-color":"","overlay-opacity":"","overlay-gradient":""}},"ast-content-background-meta":{"desktop":{"background-color":"var(--ast-global-color-4)","background-image":"","background-repeat":"repeat","background-position":"center center","background-size":"auto","background-attachment":"scroll","background-type":"","background-media":"","overlay-type":"","overlay-color":"","overlay-opacity":"","overlay-gradient":""},"tablet":{"background-color":"var(--ast-global-color-4)","background-image":"","background-repeat":"repeat","background-position":"center center","background-size":"auto","background-attachment":"scroll","background-type":"","background-media":"","overlay-type":"","overlay-color":"","overlay-opacity":"","overlay-gradient":""},"mobile":{"background-color":"var(--ast-global-color-4)","background-image":"","background-repeat":"repeat","background-position":"center center","background-size":"auto","background-attachment":"scroll","background-type":"","background-media":"","overlay-type":"","overlay-color":"","overlay-opacity":"","overlay-gradient":""}}},"product_brand":[],"product_cat":[38],"product_tag":[],"class_list":{"0":"post-4549","1":"product","2":"type-product","3":"status-publish","4":"has-post-thumbnail","6":"product_cat-cosmetic-bags","7":"desktop-align-left","8":"tablet-align-left","9":"mobile-align-left","11":"first","12":"instock","13":"shipping-taxable","14":"product-type-simple"},"_links":{"self":[{"href":"https:\/\/baijiabags.com\/es\/wp-json\/wp\/v2\/product\/4549","targetHints":{"allow":["GET"]}}],"collection":[{"href":"https:\/\/baijiabags.com\/es\/wp-json\/wp\/v2\/product"}],"about":[{"href":"https:\/\/baijiabags.com\/es\/wp-json\/wp\/v2\/types\/product"}],"replies":[{"embeddable":true,"href":"https:\/\/baijiabags.com\/es\/wp-json\/wp\/v2\/comments?post=4549"}],"wp:featuredmedia":[{"embeddable":true,"href":"https:\/\/baijiabags.com\/es\/wp-json\/wp\/v2\/media\/4554"}],"wp:attachment":[{"href":"https:\/\/baijiabags.com\/es\/wp-json\/wp\/v2\/media?parent=4549"}],"wp:term":[{"taxonomy":"product_brand","embeddable":true,"href":"https:\/\/baijiabags.com\/es\/wp-json\/wp\/v2\/product_brand?post=4549"},{"taxonomy":"product_cat","embeddable":true,"href":"https:\/\/baijiabags.com\/es\/wp-json\/wp\/v2\/product_cat?post=4549"},{"taxonomy":"product_tag","embeddable":true,"href":"https:\/\/baijiabags.com\/es\/wp-json\/wp\/v2\/product_tag?post=4549"}],"curies":[{"name":"wp","href":"https:\/\/api.w.org\/{rel}","templated":true}]}}