{"id":4542,"date":"2025-11-12T06:19:36","date_gmt":"2025-11-12T06:19:36","guid":{"rendered":"https:\/\/baijiabags.com\/?post_type=product&#038;p=4542"},"modified":"2025-11-12T06:43:05","modified_gmt":"2025-11-12T06:43:05","slug":"low-price-new-quilted-chain-bag-fashion-minimalist-handheld-cosmetic-bag","status":"publish","type":"product","link":"https:\/\/baijiabags.com\/es\/producto\/low-price-new-quilted-chain-bag-fashion-minimalist-handheld-cosmetic-bag\/","title":{"rendered":"Precio bajo Nuevo bolso de cadena acolchado Bolsa de cosm\u00e9tica de mano minimalista de moda"},"content":{"rendered":"<h2 data-start=\"448\" data-end=\"465\">Caracter\u00edsticas principales<\/h2>\n<ol data-start=\"467\" data-end=\"1339\">\n<li data-start=\"467\" data-end=\"594\">\n<p data-start=\"470\" data-end=\"594\"><strong data-start=\"470\" data-end=\"488\">Dise\u00f1o acolchado<\/strong> - El exterior est\u00e1 confeccionado con un patr\u00f3n acolchado cosido, que realza tanto la textura como el atractivo est\u00e9tico.<\/p>\n<\/li>\n<li data-start=\"595\" data-end=\"715\">\n<p data-start=\"598\" data-end=\"715\"><strong data-start=\"598\" data-end=\"618\">Material duradero<\/strong> - Fabricada en PU de alta calidad, la bolsa es resistente al desgaste, lo que garantiza un uso duradero.<\/p>\n<\/li>\n<li data-start=\"716\" data-end=\"822\">\n<p data-start=\"719\" data-end=\"822\"><strong data-start=\"719\" data-end=\"737\">Estilo manual<\/strong> - Dise\u00f1ada con una robusta asa de cadena, la bolsa puede llevarse c\u00f3modamente en la mano.<\/p>\n<\/li>\n<li data-start=\"823\" data-end=\"916\">\n<p data-start=\"826\" data-end=\"916\"><strong data-start=\"826\" data-end=\"848\">Moda minimalista<\/strong> - Su dise\u00f1o sencillo y elegante combina a la perfecci\u00f3n con diversos atuendos.<\/p>\n<\/li>\n<li data-start=\"917\" data-end=\"1014\">\n<p data-start=\"920\" data-end=\"1014\"><strong data-start=\"920\" data-end=\"941\">Logotipo personalizable<\/strong> - El logotipo puede personalizarse para adaptarlo a la marca o a las preferencias personales.<\/p>\n<\/li>\n<li data-start=\"1015\" data-end=\"1138\">\n<p data-start=\"1018\" data-end=\"1138\"><strong data-start=\"1018\" data-end=\"1039\">Interior espacioso<\/strong> - A pesar de su tama\u00f1o compacto, la bolsa ofrece un amplio espacio para cosm\u00e9ticos y peque\u00f1os objetos personales.<\/p>\n<\/li>\n<li data-start=\"1139\" data-end=\"1233\">\n<p data-start=\"1142\" data-end=\"1233\"><strong data-start=\"1142\" data-end=\"1170\">Construcci\u00f3n ligera<\/strong> - F\u00e1cil de transportar para las salidas diarias sin a\u00f1adir volumen adicional.<\/p>\n<\/li>\n<li data-start=\"1234\" data-end=\"1339\">\n<p data-start=\"1237\" data-end=\"1339\"><strong data-start=\"1237\" data-end=\"1263\">M\u00faltiples opciones de color<\/strong> - Disponible en negro, rosa y blanco para adaptarse a diferentes estilos personales.<\/p>\n<\/li>\n<\/ol>\n<h2>Especificaciones<\/h2>\n<div class=\"_tableContainer_1rjym_1\">\n<div class=\"group _tableWrapper_1rjym_13 flex w-fit flex-col-reverse\" tabindex=\"-1\">\n<table class=\"w-fit min-w-(--thread-content-width)\" data-start=\"1362\" data-end=\"1768\">\n<thead data-start=\"1362\" data-end=\"1389\">\n<tr data-start=\"1362\" data-end=\"1389\">\n<th data-start=\"1362\" data-end=\"1374\" data-col-size=\"sm\">Par\u00e1metro<\/th>\n<th data-start=\"1374\" data-end=\"1389\" data-col-size=\"sm\">Descripci\u00f3n<\/th>\n<\/tr>\n<\/thead>\n<tbody data-start=\"1418\" data-end=\"1768\">\n<tr data-start=\"1418\" data-end=\"1460\">\n<td data-start=\"1418\" data-end=\"1433\" data-col-size=\"sm\">Nombre del producto<\/td>\n<td data-start=\"1433\" data-end=\"1460\" data-col-size=\"sm\">Neceser de maquillaje personalizado para mujer<\/td>\n<\/tr>\n<tr data-start=\"1461\" data-end=\"1479\">\n<td data-start=\"1461\" data-end=\"1469\" data-col-size=\"sm\">Marca<\/td>\n<td data-start=\"1469\" data-end=\"1479\" data-col-size=\"sm\">RONEER<\/td>\n<\/tr>\n<tr data-start=\"1480\" data-end=\"1509\">\n<td data-start=\"1480\" data-end=\"1489\" data-col-size=\"sm\">Origen<\/td>\n<td data-start=\"1489\" data-end=\"1509\" data-col-size=\"sm\">Guangdong, China<\/td>\n<\/tr>\n<tr data-start=\"1510\" data-end=\"1541\">\n<td data-start=\"1510\" data-end=\"1518\" data-col-size=\"sm\">Estilo<\/td>\n<td data-start=\"1518\" data-end=\"1541\" data-col-size=\"sm\">Moda, Minimalista<\/td>\n<\/tr>\n<tr data-start=\"1542\" data-end=\"1572\">\n<td data-start=\"1542\" data-end=\"1550\" data-col-size=\"sm\">Color<\/td>\n<td data-start=\"1550\" data-end=\"1572\" data-col-size=\"sm\">Negro, Rosa, Blanco<\/td>\n<\/tr>\n<tr data-start=\"1573\" data-end=\"1599\">\n<td data-start=\"1573\" data-end=\"1580\" data-col-size=\"sm\">Talla<\/td>\n<td data-start=\"1580\" data-end=\"1599\" data-col-size=\"sm\">Tama\u00f1o personalizado<\/td>\n<\/tr>\n<tr data-start=\"1600\" data-end=\"1617\">\n<td data-start=\"1600\" data-end=\"1611\" data-col-size=\"sm\">Material<\/td>\n<td data-start=\"1611\" data-end=\"1617\" data-col-size=\"sm\">PU<\/td>\n<\/tr>\n<tr data-start=\"1618\" data-end=\"1641\">\n<td data-start=\"1618\" data-end=\"1625\" data-col-size=\"sm\">Logotipo<\/td>\n<td data-start=\"1625\" data-end=\"1641\" data-col-size=\"sm\">Personalizable<\/td>\n<\/tr>\n<tr data-start=\"1642\" data-end=\"1664\">\n<td data-start=\"1642\" data-end=\"1653\" data-col-size=\"sm\">Caracter\u00edsticas<\/td>\n<td data-start=\"1653\" data-end=\"1664\" data-col-size=\"sm\">Duradero<\/td>\n<\/tr>\n<tr data-start=\"1665\" data-end=\"1694\">\n<td data-start=\"1665\" data-end=\"1673\" data-col-size=\"sm\">Forma<\/td>\n<td data-start=\"1673\" data-end=\"1694\" data-col-size=\"sm\">Cuadrado horizontal<\/td>\n<\/tr>\n<tr data-start=\"1695\" data-end=\"1728\">\n<td data-start=\"1695\" data-end=\"1703\" data-col-size=\"sm\">Utilizaci\u00f3n<\/td>\n<td data-start=\"1703\" data-end=\"1728\" data-col-size=\"sm\">Cosm\u00e9ticos Convenience<\/td>\n<\/tr>\n<tr data-start=\"1729\" data-end=\"1768\">\n<td data-start=\"1729\" data-end=\"1743\" data-col-size=\"sm\">Aplicaci\u00f3n<\/td>\n<td data-start=\"1743\" data-end=\"1768\" data-col-size=\"sm\">Combinaci\u00f3n diaria de conjuntos<\/td>\n<\/tr>\n<\/tbody>\n<\/table>\n<\/div>\n<\/div>\n<h2>Aplicaciones<\/h2>\n<ul data-start=\"1789\" data-end=\"2012\">\n<li data-start=\"1789\" data-end=\"1850\">\n<p data-start=\"1791\" data-end=\"1850\">Accesorio de moda diario para ocasiones informales o formales<\/p>\n<\/li>\n<li data-start=\"1851\" data-end=\"1912\">\n<p data-start=\"1853\" data-end=\"1912\">Almacenamiento pr\u00e1ctico para cosm\u00e9ticos y peque\u00f1os objetos personales<\/p>\n<\/li>\n<li data-start=\"1913\" data-end=\"1961\">\n<p data-start=\"1915\" data-end=\"1961\">Ideal para viajes, compras o actos sociales<\/p>\n<\/li>\n<li data-start=\"1962\" data-end=\"2012\">\n<p data-start=\"1964\" data-end=\"2012\">Complementa conjuntos minimalistas o modernos<\/p>\n<\/li>\n<\/ul>\n<p data-start=\"2014\" data-end=\"2183\">Si est\u00e1 interesado en este bolso de cadena acolchado, p\u00f3ngase en contacto con nosotros para solicitar una muestra. Ofrecemos servicios ODM y OEM para dise\u00f1os personalizados y necesidades de marca.<\/p>","protected":false},"excerpt":{"rendered":"<p>El bolso de cadena acolchado Low Price New ha sido dise\u00f1ado para ofrecer una mezcla de estilo y practicidad. Este neceser de mano minimalista se ha confeccionado para complementar la moda diaria a la vez que proporciona un pr\u00e1ctico almacenamiento para los objetos personales. Su textura acolchada y su asa de cadena lo convierten en un accesorio elegante para ocasiones informales o formales.<\/p>","protected":false},"featured_media":4543,"comment_status":"open","ping_status":"closed","template":"","meta":{"site-sidebar-layout":"default","site-content-layout":"","ast-site-content-layout":"default","site-content-style":"default","site-sidebar-style":"default","ast-global-header-display":"","ast-banner-title-visibility":"","ast-main-header-display":"","ast-hfb-above-header-display":"","ast-hfb-below-header-display":"","ast-hfb-mobile-header-display":"","site-post-title":"","ast-breadcrumbs-content":"","ast-featured-img":"","footer-sml-layout":"","ast-disable-related-posts":"","theme-transparent-header-meta":"default","adv-header-id-meta":"","stick-header-meta":"","header-above-stick-meta":"","header-main-stick-meta":"","header-below-stick-meta":"","astra-migrate-meta-layouts":"set","ast-page-background-enabled":"default","ast-page-background-meta":{"desktop":{"background-color":"var(--ast-global-color-5)","background-image":"","background-repeat":"repeat","background-position":"center center","background-size":"auto","background-attachment":"scroll","background-type":"","background-media":"","overlay-type":"","overlay-color":"","overlay-opacity":"","overlay-gradient":""},"tablet":{"background-color":"","background-image":"","background-repeat":"repeat","background-position":"center center","background-size":"auto","background-attachment":"scroll","background-type":"","background-media":"","overlay-type":"","overlay-color":"","overlay-opacity":"","overlay-gradient":""},"mobile":{"background-color":"","background-image":"","background-repeat":"repeat","background-position":"center center","background-size":"auto","background-attachment":"scroll","background-type":"","background-media":"","overlay-type":"","overlay-color":"","overlay-opacity":"","overlay-gradient":""}},"ast-content-background-meta":{"desktop":{"background-color":"var(--ast-global-color-4)","background-image":"","background-repeat":"repeat","background-position":"center center","background-size":"auto","background-attachment":"scroll","background-type":"","background-media":"","overlay-type":"","overlay-color":"","overlay-opacity":"","overlay-gradient":""},"tablet":{"background-color":"var(--ast-global-color-4)","background-image":"","background-repeat":"repeat","background-position":"center center","background-size":"auto","background-attachment":"scroll","background-type":"","background-media":"","overlay-type":"","overlay-color":"","overlay-opacity":"","overlay-gradient":""},"mobile":{"background-color":"var(--ast-global-color-4)","background-image":"","background-repeat":"repeat","background-position":"center center","background-size":"auto","background-attachment":"scroll","background-type":"","background-media":"","overlay-type":"","overlay-color":"","overlay-opacity":"","overlay-gradient":""}}},"product_brand":[],"product_cat":[38],"product_tag":[],"class_list":{"0":"post-4542","1":"product","2":"type-product","3":"status-publish","4":"has-post-thumbnail","6":"product_cat-cosmetic-bags","7":"desktop-align-left","8":"tablet-align-left","9":"mobile-align-left","11":"first","12":"instock","13":"shipping-taxable","14":"product-type-simple"},"_links":{"self":[{"href":"https:\/\/baijiabags.com\/es\/wp-json\/wp\/v2\/product\/4542","targetHints":{"allow":["GET"]}}],"collection":[{"href":"https:\/\/baijiabags.com\/es\/wp-json\/wp\/v2\/product"}],"about":[{"href":"https:\/\/baijiabags.com\/es\/wp-json\/wp\/v2\/types\/product"}],"replies":[{"embeddable":true,"href":"https:\/\/baijiabags.com\/es\/wp-json\/wp\/v2\/comments?post=4542"}],"wp:featuredmedia":[{"embeddable":true,"href":"https:\/\/baijiabags.com\/es\/wp-json\/wp\/v2\/media\/4543"}],"wp:attachment":[{"href":"https:\/\/baijiabags.com\/es\/wp-json\/wp\/v2\/media?parent=4542"}],"wp:term":[{"taxonomy":"product_brand","embeddable":true,"href":"https:\/\/baijiabags.com\/es\/wp-json\/wp\/v2\/product_brand?post=4542"},{"taxonomy":"product_cat","embeddable":true,"href":"https:\/\/baijiabags.com\/es\/wp-json\/wp\/v2\/product_cat?post=4542"},{"taxonomy":"product_tag","embeddable":true,"href":"https:\/\/baijiabags.com\/es\/wp-json\/wp\/v2\/product_tag?post=4542"}],"curies":[{"name":"wp","href":"https:\/\/api.w.org\/{rel}","templated":true}]}}