{"id":4404,"date":"2025-11-05T06:02:41","date_gmt":"2025-11-05T06:02:41","guid":{"rendered":"https:\/\/baijiabags.com\/?post_type=product&#038;p=4404"},"modified":"2025-11-05T06:02:41","modified_gmt":"2025-11-05T06:02:41","slug":"wholesale-nylon-outdoor-sports-backpack-for-men-perfect-for-hiking-and-camping","status":"publish","type":"product","link":"https:\/\/baijiabags.com\/es\/producto\/wholesale-nylon-outdoor-sports-backpack-for-men-perfect-for-hiking-and-camping\/","title":{"rendered":"Mayorista Mochila Deportiva de Nylon para Hombre Perfecta para Senderismo y Camping"},"content":{"rendered":"<h2 data-start=\"676\" data-end=\"691\">Caracter\u00edsticas principales<\/h2>\n<ol data-start=\"693\" data-end=\"1702\">\n<li data-start=\"693\" data-end=\"829\">\n<p data-start=\"696\" data-end=\"829\"><strong data-start=\"696\" data-end=\"716\">Material duradero<\/strong>: Fabricada con nailon de primera calidad, la mochila ofrece un rendimiento duradero y resistencia al desgaste.<\/p>\n<\/li>\n<li data-start=\"830\" data-end=\"947\">\n<p data-start=\"833\" data-end=\"947\"><strong data-start=\"833\" data-end=\"854\">Dise\u00f1o impermeable<\/strong>: Equipado con caracter\u00edsticas impermeables, protege el contenido de la lluvia o salpicaduras inesperadas.<\/p>\n<\/li>\n<li data-start=\"948\" data-end=\"1068\">\n<p data-start=\"951\" data-end=\"1068\"><strong data-start=\"951\" data-end=\"969\">Gran capacidad<\/strong>: Disponible en 56-76 litros, ofrece un amplio espacio de almacenamiento para equipo, ropa y accesorios.<\/p>\n<\/li>\n<li data-start=\"1069\" data-end=\"1198\">\n<p data-start=\"1072\" data-end=\"1198\"><strong data-start=\"1072\" data-end=\"1093\">Logotipo personalizable<\/strong>: La mochila se puede personalizar con logotipos, lo que la hace id\u00f3nea para fines promocionales o uso en equipo.<\/p>\n<\/li>\n<li data-start=\"1199\" data-end=\"1330\">\n<p data-start=\"1202\" data-end=\"1330\"><strong data-start=\"1202\" data-end=\"1225\">C\u00f3modo de llevar<\/strong>: Las correas acolchadas ajustables para los hombros y el soporte para la espalda garantizan la comodidad durante actividades prolongadas al aire libre.<\/p>\n<\/li>\n<li data-start=\"1331\" data-end=\"1468\">\n<p data-start=\"1334\" data-end=\"1468\"><strong data-start=\"1334\" data-end=\"1359\">M\u00faltiples compartimentos<\/strong>: Incluye varios compartimentos para un almacenamiento organizado, incluidos bolsillos para botellas de agua y peque\u00f1as herramientas.<\/p>\n<\/li>\n<li data-start=\"1469\" data-end=\"1601\">\n<p data-start=\"1472\" data-end=\"1601\"><strong data-start=\"1472\" data-end=\"1491\">Estilo vers\u00e1til<\/strong>: Dise\u00f1ado con un estilo deportivo al aire libre, es adecuado para el senderismo, camping, trekking y otras aventuras.<\/p>\n<\/li>\n<li data-start=\"1602\" data-end=\"1702\">\n<p data-start=\"1605\" data-end=\"1702\"><strong data-start=\"1605\" data-end=\"1622\">Dise\u00f1o unisex<\/strong>: La mochila est\u00e1 dise\u00f1ada para ser pr\u00e1ctica y elegante tanto para hombres como para mujeres.<\/p>\n<\/li>\n<\/ol>\n<h2 data-start=\"1704\" data-end=\"1721\">Especificaciones<\/h2>\n<div class=\"_tableContainer_1rjym_1\">\n<div class=\"group _tableWrapper_1rjym_13 flex w-fit flex-col-reverse\" tabindex=\"-1\">\n<table class=\"w-fit min-w-(--thread-content-width)\" data-start=\"1723\" data-end=\"2562\">\n<thead data-start=\"1723\" data-end=\"1782\">\n<tr data-start=\"1723\" data-end=\"1782\">\n<th data-start=\"1723\" data-end=\"1748\" data-col-size=\"sm\">Especificaci\u00f3n<\/th>\n<th data-start=\"1748\" data-end=\"1782\" data-col-size=\"sm\">Detalles<\/th>\n<\/tr>\n<\/thead>\n<tbody data-start=\"1843\" data-end=\"2562\">\n<tr data-start=\"1843\" data-end=\"1902\">\n<td data-start=\"1843\" data-end=\"1868\" data-col-size=\"sm\">Nombre del producto<\/td>\n<td data-col-size=\"sm\" data-start=\"1868\" data-end=\"1902\">Mochila Outdoor<\/td>\n<\/tr>\n<tr data-start=\"1903\" data-end=\"1962\">\n<td data-start=\"1903\" data-end=\"1928\" data-col-size=\"sm\">Marca<\/td>\n<td data-start=\"1928\" data-end=\"1962\" data-col-size=\"sm\">RONEER<\/td>\n<\/tr>\n<tr data-start=\"1963\" data-end=\"2022\">\n<td data-start=\"1963\" data-end=\"1988\" data-col-size=\"sm\">Origen<\/td>\n<td data-col-size=\"sm\" data-start=\"1988\" data-end=\"2022\">Guangdong, China<\/td>\n<\/tr>\n<tr data-start=\"2023\" data-end=\"2082\">\n<td data-start=\"2023\" data-end=\"2048\" data-col-size=\"sm\">Modelo<\/td>\n<td data-start=\"2048\" data-end=\"2082\" data-col-size=\"sm\">AL-2467<\/td>\n<\/tr>\n<tr data-start=\"2083\" data-end=\"2142\">\n<td data-start=\"2083\" data-end=\"2108\" data-col-size=\"sm\">Estilo<\/td>\n<td data-start=\"2108\" data-end=\"2142\" data-col-size=\"sm\">Deportes al aire libre<\/td>\n<\/tr>\n<tr data-start=\"2143\" data-end=\"2202\">\n<td data-start=\"2143\" data-end=\"2168\" data-col-size=\"sm\">Material<\/td>\n<td data-col-size=\"sm\" data-start=\"2168\" data-end=\"2202\">Nylon<\/td>\n<\/tr>\n<tr data-start=\"2203\" data-end=\"2262\">\n<td data-start=\"2203\" data-end=\"2228\" data-col-size=\"sm\">G\u00e9nero<\/td>\n<td data-start=\"2228\" data-end=\"2262\" data-col-size=\"sm\">Unisex<\/td>\n<\/tr>\n<tr data-start=\"2263\" data-end=\"2322\">\n<td data-start=\"2263\" data-end=\"2288\" data-col-size=\"sm\">Talla<\/td>\n<td data-col-size=\"sm\" data-start=\"2288\" data-end=\"2322\">Personalizable<\/td>\n<\/tr>\n<tr data-start=\"2323\" data-end=\"2382\">\n<td data-start=\"2323\" data-end=\"2348\" data-col-size=\"sm\">Color<\/td>\n<td data-start=\"2348\" data-end=\"2382\" data-col-size=\"sm\">Personalizable<\/td>\n<\/tr>\n<tr data-start=\"2383\" data-end=\"2442\">\n<td data-start=\"2383\" data-end=\"2408\" data-col-size=\"sm\">Capacidad<\/td>\n<td data-start=\"2408\" data-end=\"2442\" data-col-size=\"sm\">56-76 litros<\/td>\n<\/tr>\n<tr data-start=\"2443\" data-end=\"2502\">\n<td data-start=\"2443\" data-end=\"2468\" data-col-size=\"sm\">Caracter\u00edstica<\/td>\n<td data-start=\"2468\" data-end=\"2502\" data-col-size=\"sm\">Impermeable<\/td>\n<\/tr>\n<tr data-start=\"2503\" data-end=\"2562\">\n<td data-start=\"2503\" data-end=\"2528\" data-col-size=\"sm\">MOQ<\/td>\n<td data-start=\"2528\" data-end=\"2562\" data-col-size=\"sm\">300 (Negociable)<\/td>\n<\/tr>\n<\/tbody>\n<\/table>\n<\/div>\n<\/div>\n<h2 data-start=\"2564\" data-end=\"2579\">Aplicaciones<\/h2>\n<ul data-start=\"2581\" data-end=\"2701\">\n<li data-start=\"2581\" data-end=\"2631\">\n<p data-start=\"2583\" data-end=\"2631\">Aventuras al aire libre como senderismo y trekking<\/p>\n<\/li>\n<li data-start=\"2632\" data-end=\"2649\">\n<p data-start=\"2634\" data-end=\"2649\">Viajes de acampada<\/p>\n<\/li>\n<li data-start=\"2650\" data-end=\"2671\">\n<p data-start=\"2652\" data-end=\"2671\">Actividades deportivas<\/p>\n<\/li>\n<li data-start=\"2672\" data-end=\"2701\">\n<p data-start=\"2674\" data-end=\"2701\">Viajes y expediciones<\/p>\n<\/li>\n<\/ul>\n<p data-start=\"2970\" data-end=\"3142\">Si est\u00e1 interesado en esta mochila, p\u00f3ngase en contacto con nosotros para solicitar una muestra. Se ofrecen servicios ODM y OEM para satisfacer requisitos espec\u00edficos de marca y personalizaci\u00f3n.<\/p>","protected":false},"excerpt":{"rendered":"<p>La mochila de nylon al por mayor para deportes al aire libre ha sido dise\u00f1ada para los entusiastas de las actividades al aire libre que valoran tanto la funcionalidad como la durabilidad. Fabricada en nylon de alta calidad, esta mochila es un compa\u00f1ero fiable para practicar senderismo, acampada y otros deportes al aire libre. Ligera pero resistente, tiene capacidad para todo lo necesario para las aventuras al aire libre. El dise\u00f1o unisex garantiza que pueda ser utilizada por todo el mundo, mientras que los colores y tama\u00f1os personalizables la hacen vers\u00e1til para diferentes preferencias.<\/p>","protected":false},"featured_media":4411,"comment_status":"open","ping_status":"closed","template":"","meta":{"site-sidebar-layout":"default","site-content-layout":"","ast-site-content-layout":"default","site-content-style":"default","site-sidebar-style":"default","ast-global-header-display":"","ast-banner-title-visibility":"","ast-main-header-display":"","ast-hfb-above-header-display":"","ast-hfb-below-header-display":"","ast-hfb-mobile-header-display":"","site-post-title":"","ast-breadcrumbs-content":"","ast-featured-img":"","footer-sml-layout":"","ast-disable-related-posts":"","theme-transparent-header-meta":"default","adv-header-id-meta":"","stick-header-meta":"","header-above-stick-meta":"","header-main-stick-meta":"","header-below-stick-meta":"","astra-migrate-meta-layouts":"set","ast-page-background-enabled":"default","ast-page-background-meta":{"desktop":{"background-color":"var(--ast-global-color-5)","background-image":"","background-repeat":"repeat","background-position":"center center","background-size":"auto","background-attachment":"scroll","background-type":"","background-media":"","overlay-type":"","overlay-color":"","overlay-opacity":"","overlay-gradient":""},"tablet":{"background-color":"","background-image":"","background-repeat":"repeat","background-position":"center center","background-size":"auto","background-attachment":"scroll","background-type":"","background-media":"","overlay-type":"","overlay-color":"","overlay-opacity":"","overlay-gradient":""},"mobile":{"background-color":"","background-image":"","background-repeat":"repeat","background-position":"center center","background-size":"auto","background-attachment":"scroll","background-type":"","background-media":"","overlay-type":"","overlay-color":"","overlay-opacity":"","overlay-gradient":""}},"ast-content-background-meta":{"desktop":{"background-color":"var(--ast-global-color-4)","background-image":"","background-repeat":"repeat","background-position":"center center","background-size":"auto","background-attachment":"scroll","background-type":"","background-media":"","overlay-type":"","overlay-color":"","overlay-opacity":"","overlay-gradient":""},"tablet":{"background-color":"var(--ast-global-color-4)","background-image":"","background-repeat":"repeat","background-position":"center center","background-size":"auto","background-attachment":"scroll","background-type":"","background-media":"","overlay-type":"","overlay-color":"","overlay-opacity":"","overlay-gradient":""},"mobile":{"background-color":"var(--ast-global-color-4)","background-image":"","background-repeat":"repeat","background-position":"center center","background-size":"auto","background-attachment":"scroll","background-type":"","background-media":"","overlay-type":"","overlay-color":"","overlay-opacity":"","overlay-gradient":""}}},"product_brand":[],"product_cat":[58,21],"product_tag":[],"class_list":{"0":"post-4404","1":"product","2":"type-product","3":"status-publish","4":"has-post-thumbnail","6":"product_cat-outdoor-bag","7":"product_cat-backpack","8":"desktop-align-left","9":"tablet-align-left","10":"mobile-align-left","12":"first","13":"instock","14":"shipping-taxable","15":"product-type-simple"},"_links":{"self":[{"href":"https:\/\/baijiabags.com\/es\/wp-json\/wp\/v2\/product\/4404","targetHints":{"allow":["GET"]}}],"collection":[{"href":"https:\/\/baijiabags.com\/es\/wp-json\/wp\/v2\/product"}],"about":[{"href":"https:\/\/baijiabags.com\/es\/wp-json\/wp\/v2\/types\/product"}],"replies":[{"embeddable":true,"href":"https:\/\/baijiabags.com\/es\/wp-json\/wp\/v2\/comments?post=4404"}],"wp:featuredmedia":[{"embeddable":true,"href":"https:\/\/baijiabags.com\/es\/wp-json\/wp\/v2\/media\/4411"}],"wp:attachment":[{"href":"https:\/\/baijiabags.com\/es\/wp-json\/wp\/v2\/media?parent=4404"}],"wp:term":[{"taxonomy":"product_brand","embeddable":true,"href":"https:\/\/baijiabags.com\/es\/wp-json\/wp\/v2\/product_brand?post=4404"},{"taxonomy":"product_cat","embeddable":true,"href":"https:\/\/baijiabags.com\/es\/wp-json\/wp\/v2\/product_cat?post=4404"},{"taxonomy":"product_tag","embeddable":true,"href":"https:\/\/baijiabags.com\/es\/wp-json\/wp\/v2\/product_tag?post=4404"}],"curies":[{"name":"wp","href":"https:\/\/api.w.org\/{rel}","templated":true}]}}