{"id":3664,"date":"2025-10-20T07:35:06","date_gmt":"2025-10-20T07:35:06","guid":{"rendered":"https:\/\/baijiabags.com\/?post_type=product&#038;p=3664"},"modified":"2025-10-20T09:56:06","modified_gmt":"2025-10-20T09:56:06","slug":"wholesale-fashion-short-wallet-card-holder-pu-leather-cute-womens-customizable","status":"publish","type":"product","link":"https:\/\/baijiabags.com\/es\/producto\/wholesale-fashion-short-wallet-card-holder-pu-leather-cute-womens-customizable\/","title":{"rendered":"Mayorista Cartera Corta de Moda Tarjetero PU Piel Mona Personalizable"},"content":{"rendered":"<h2 data-start=\"661\" data-end=\"676\">Caracter\u00edsticas principales<\/h2>\n<ol data-start=\"678\" data-end=\"1472\">\n<li data-start=\"678\" data-end=\"776\">\n<p data-start=\"681\" data-end=\"776\"><strong data-start=\"681\" data-end=\"703\">Cuero PU duradero<\/strong> - Garantiza un uso duradero a la vez que mantiene un tacto suave y a la moda.<\/p>\n<\/li>\n<li data-start=\"777\" data-end=\"889\">\n<p data-start=\"780\" data-end=\"889\"><strong data-start=\"780\" data-end=\"798\">Dise\u00f1o compacto<\/strong> - Sus reducidas dimensiones de 11,5 cm x 2 cm x 9 cm facilitan su transporte en bolsillos o bolsas peque\u00f1as.<\/p>\n<\/li>\n<li data-start=\"890\" data-end=\"973\">\n<p data-start=\"893\" data-end=\"973\"><strong data-start=\"893\" data-end=\"914\">Acabado impermeable<\/strong> - Protege el contenido de la humedad y los derrames accidentales.<\/p>\n<\/li>\n<li data-start=\"974\" data-end=\"1086\">\n<p data-start=\"977\" data-end=\"1086\"><strong data-start=\"977\" data-end=\"1000\">Patr\u00f3n de moda<\/strong> - La <strong data-start=\"1007\" data-end=\"1024\">Patr\u00f3n de caramelo<\/strong> a\u00f1ade un aspecto divertido y elegante adecuado para mujeres de todas las edades.<\/p>\n<\/li>\n<li data-start=\"1087\" data-end=\"1205\">\n<p data-start=\"1090\" data-end=\"1205\"><strong data-start=\"1090\" data-end=\"1113\">Colores personalizables<\/strong> - Ofrece flexibilidad para elegir los colores en funci\u00f3n de las preferencias personales o los requisitos de la marca.<\/p>\n<\/li>\n<li data-start=\"1206\" data-end=\"1303\">\n<p data-start=\"1209\" data-end=\"1303\"><strong data-start=\"1209\" data-end=\"1232\">Varias ranuras para tarjetas<\/strong> - Dise\u00f1ado para organizar tarjetas de cr\u00e9dito, tarjetas de identificaci\u00f3n y dinero en efectivo de manera eficiente.<\/p>\n<\/li>\n<li data-start=\"1304\" data-end=\"1384\">\n<p data-start=\"1307\" data-end=\"1384\"><strong data-start=\"1307\" data-end=\"1322\">Ligero<\/strong> - F\u00e1cil de transportar sin a\u00f1adir volumen a los objetos cotidianos.<\/p>\n<\/li>\n<li data-start=\"1385\" data-end=\"1472\">\n<p data-start=\"1388\" data-end=\"1472\"><strong data-start=\"1388\" data-end=\"1414\">Adecuado para el uso diario<\/strong> - Ideal para ir de compras, al trabajo, de viaje o para salidas informales.<\/p>\n<\/li>\n<\/ol>\n<h2 data-start=\"1479\" data-end=\"1496\">Especificaciones<\/h2>\n<div class=\"_tableContainer_1rjym_1\">\n<div class=\"group _tableWrapper_1rjym_13 flex w-fit flex-col-reverse\" tabindex=\"-1\">\n<table class=\"w-fit min-w-(--thread-content-width)\" data-start=\"1498\" data-end=\"2280\">\n<thead data-start=\"1498\" data-end=\"1553\">\n<tr data-start=\"1498\" data-end=\"1553\">\n<th data-start=\"1498\" data-end=\"1518\" data-col-size=\"sm\">Par\u00e1metro<\/th>\n<th data-start=\"1518\" data-end=\"1553\" data-col-size=\"sm\">Detalles<\/th>\n<\/tr>\n<\/thead>\n<tbody data-start=\"1608\" data-end=\"2280\">\n<tr data-start=\"1608\" data-end=\"1662\">\n<td data-start=\"1608\" data-end=\"1628\" data-col-size=\"sm\">Nombre del producto<\/td>\n<td data-col-size=\"sm\" data-start=\"1628\" data-end=\"1662\">Cartera<\/td>\n<\/tr>\n<tr data-start=\"1663\" data-end=\"1717\">\n<td data-start=\"1663\" data-end=\"1683\" data-col-size=\"sm\">Marca<\/td>\n<td data-col-size=\"sm\" data-start=\"1683\" data-end=\"1717\">RONEER<\/td>\n<\/tr>\n<tr data-start=\"1718\" data-end=\"1772\">\n<td data-start=\"1718\" data-end=\"1738\" data-col-size=\"sm\">Origen<\/td>\n<td data-start=\"1738\" data-end=\"1772\" data-col-size=\"sm\">Guangdong, China<\/td>\n<\/tr>\n<tr data-start=\"1773\" data-end=\"1828\">\n<td data-start=\"1773\" data-end=\"1793\" data-col-size=\"sm\">Modelo<\/td>\n<td data-start=\"1793\" data-end=\"1828\" data-col-size=\"sm\">GB-4553<\/td>\n<\/tr>\n<tr data-start=\"1829\" data-end=\"1884\">\n<td data-start=\"1829\" data-end=\"1849\" data-col-size=\"sm\">Tipo de patr\u00f3n<\/td>\n<td data-start=\"1849\" data-end=\"1884\" data-col-size=\"sm\">Caramelo<\/td>\n<\/tr>\n<tr data-start=\"1885\" data-end=\"1940\">\n<td data-start=\"1885\" data-end=\"1905\" data-col-size=\"sm\">Estilo<\/td>\n<td data-col-size=\"sm\" data-start=\"1905\" data-end=\"1940\">Moda<\/td>\n<\/tr>\n<tr data-start=\"1941\" data-end=\"1996\">\n<td data-start=\"1941\" data-end=\"1961\" data-col-size=\"sm\">Material principal<\/td>\n<td data-col-size=\"sm\" data-start=\"1961\" data-end=\"1996\">PU<\/td>\n<\/tr>\n<tr data-start=\"1997\" data-end=\"2052\">\n<td data-start=\"1997\" data-end=\"2017\" data-col-size=\"sm\">Color<\/td>\n<td data-col-size=\"sm\" data-start=\"2017\" data-end=\"2052\">Personalizable<\/td>\n<\/tr>\n<tr data-start=\"2053\" data-end=\"2110\">\n<td data-start=\"2053\" data-end=\"2073\" data-col-size=\"sm\">Talla<\/td>\n<td data-col-size=\"sm\" data-start=\"2073\" data-end=\"2110\">11,5 cm x 2 cm x 9 cm (personalizable)<\/td>\n<\/tr>\n<tr data-start=\"2111\" data-end=\"2166\">\n<td data-start=\"2111\" data-end=\"2131\" data-col-size=\"sm\">Caracter\u00edsticas<\/td>\n<td data-col-size=\"sm\" data-start=\"2131\" data-end=\"2166\">Duradero, impermeable<\/td>\n<\/tr>\n<tr data-start=\"2167\" data-end=\"2223\">\n<td data-start=\"2167\" data-end=\"2187\" data-col-size=\"sm\">MOQ<\/td>\n<td data-col-size=\"sm\" data-start=\"2187\" data-end=\"2223\">300 unidades<\/td>\n<\/tr>\n<tr data-start=\"2224\" data-end=\"2280\">\n<td data-start=\"2224\" data-end=\"2244\" data-col-size=\"sm\">Aplicaci\u00f3n<\/td>\n<td data-col-size=\"sm\" data-start=\"2244\" data-end=\"2280\">Uso diario<\/td>\n<\/tr>\n<\/tbody>\n<\/table>\n<\/div>\n<\/div>\n<h2 data-start=\"2287\" data-end=\"2302\">Aplicaciones<\/h2>\n<ul data-start=\"2304\" data-end=\"2601\">\n<li data-start=\"2304\" data-end=\"2372\">\n<p data-start=\"2306\" data-end=\"2372\"><strong data-start=\"2306\" data-end=\"2321\">Transporte diario<\/strong> - Adecuado para guardar tarjetas esenciales y dinero en efectivo.<\/p>\n<\/li>\n<li data-start=\"2373\" data-end=\"2448\">\n<p data-start=\"2375\" data-end=\"2448\"><strong data-start=\"2375\" data-end=\"2385\">Viajar<\/strong> - Su tama\u00f1o compacto permite guardarlo f\u00e1cilmente en bolsos o mochilas.<\/p>\n<\/li>\n<li data-start=\"2449\" data-end=\"2526\">\n<p data-start=\"2451\" data-end=\"2526\"><strong data-start=\"2451\" data-end=\"2459\">Trabajo<\/strong> - Mantiene organizadas las tarjetas de visita, los documentos de identidad y los peque\u00f1os objetos personales.<\/p>\n<\/li>\n<li data-start=\"2527\" data-end=\"2601\">\n<p data-start=\"2529\" data-end=\"2601\"><strong data-start=\"2529\" data-end=\"2551\">Compras y salidas<\/strong> - Ligero y elegante para los recados diarios.<\/p>\n<\/li>\n<\/ul>\n<p data-start=\"2608\" data-end=\"2795\">Si est\u00e1 interesado en esta cartera, por favor <strong data-start=\"2653\" data-end=\"2687\">p\u00f3ngase en contacto con nosotros para solicitar una muestra<\/strong>. RONEER proporciona <strong data-start=\"2705\" data-end=\"2727\">Servicios ODM y OEM<\/strong>, garantizando la personalizaci\u00f3n de colores, materiales o necesidades de marca.<\/p>","protected":false},"excerpt":{"rendered":"<p>En <strong data-start=\"121\" data-end=\"167\">Mayorista Moda Cartera Corta Tarjetero<\/strong> por <strong data-start=\"171\" data-end=\"181\">RONEER<\/strong> est\u00e1 dise\u00f1ado para combinar estilo y funcionalidad en el d\u00eda a d\u00eda. Fabricado con materiales de <strong data-start=\"272\" data-end=\"286\">Cuero PU<\/strong>Esta cartera ofrece una soluci\u00f3n duradera y elegante para llevar las tarjetas y el dinero esenciales. Disponible en una gama de colores personalizables, esta cartera compacta mide <strong data-start=\"451\" data-end=\"473\">11,5 cm x 2 cm x 9 cm<\/strong> y es adecuado para una gran variedad de ocasiones cotidianas. Su <strong data-start=\"528\" data-end=\"550\">funci\u00f3n impermeable<\/strong> garantiza la fiabilidad en distintos entornos, lo que la convierte en un accesorio pr\u00e1ctico para el estilo de vida moderno.<\/p>","protected":false},"featured_media":3669,"comment_status":"open","ping_status":"closed","template":"","meta":{"site-sidebar-layout":"default","site-content-layout":"","ast-site-content-layout":"default","site-content-style":"default","site-sidebar-style":"default","ast-global-header-display":"","ast-banner-title-visibility":"","ast-main-header-display":"","ast-hfb-above-header-display":"","ast-hfb-below-header-display":"","ast-hfb-mobile-header-display":"","site-post-title":"","ast-breadcrumbs-content":"","ast-featured-img":"","footer-sml-layout":"","ast-disable-related-posts":"","theme-transparent-header-meta":"default","adv-header-id-meta":"","stick-header-meta":"","header-above-stick-meta":"","header-main-stick-meta":"","header-below-stick-meta":"","astra-migrate-meta-layouts":"set","ast-page-background-enabled":"default","ast-page-background-meta":{"desktop":{"background-color":"var(--ast-global-color-5)","background-image":"","background-repeat":"repeat","background-position":"center center","background-size":"auto","background-attachment":"scroll","background-type":"","background-media":"","overlay-type":"","overlay-color":"","overlay-opacity":"","overlay-gradient":""},"tablet":{"background-color":"","background-image":"","background-repeat":"repeat","background-position":"center center","background-size":"auto","background-attachment":"scroll","background-type":"","background-media":"","overlay-type":"","overlay-color":"","overlay-opacity":"","overlay-gradient":""},"mobile":{"background-color":"","background-image":"","background-repeat":"repeat","background-position":"center center","background-size":"auto","background-attachment":"scroll","background-type":"","background-media":"","overlay-type":"","overlay-color":"","overlay-opacity":"","overlay-gradient":""}},"ast-content-background-meta":{"desktop":{"background-color":"var(--ast-global-color-4)","background-image":"","background-repeat":"repeat","background-position":"center center","background-size":"auto","background-attachment":"scroll","background-type":"","background-media":"","overlay-type":"","overlay-color":"","overlay-opacity":"","overlay-gradient":""},"tablet":{"background-color":"var(--ast-global-color-4)","background-image":"","background-repeat":"repeat","background-position":"center center","background-size":"auto","background-attachment":"scroll","background-type":"","background-media":"","overlay-type":"","overlay-color":"","overlay-opacity":"","overlay-gradient":""},"mobile":{"background-color":"var(--ast-global-color-4)","background-image":"","background-repeat":"repeat","background-position":"center center","background-size":"auto","background-attachment":"scroll","background-type":"","background-media":"","overlay-type":"","overlay-color":"","overlay-opacity":"","overlay-gradient":""}}},"product_brand":[],"product_cat":[55],"product_tag":[],"class_list":{"0":"post-3664","1":"product","2":"type-product","3":"status-publish","4":"has-post-thumbnail","6":"product_cat-wallets-card-holder","7":"desktop-align-left","8":"tablet-align-left","9":"mobile-align-left","11":"first","12":"instock","13":"shipping-taxable","14":"product-type-simple"},"_links":{"self":[{"href":"https:\/\/baijiabags.com\/es\/wp-json\/wp\/v2\/product\/3664","targetHints":{"allow":["GET"]}}],"collection":[{"href":"https:\/\/baijiabags.com\/es\/wp-json\/wp\/v2\/product"}],"about":[{"href":"https:\/\/baijiabags.com\/es\/wp-json\/wp\/v2\/types\/product"}],"replies":[{"embeddable":true,"href":"https:\/\/baijiabags.com\/es\/wp-json\/wp\/v2\/comments?post=3664"}],"wp:featuredmedia":[{"embeddable":true,"href":"https:\/\/baijiabags.com\/es\/wp-json\/wp\/v2\/media\/3669"}],"wp:attachment":[{"href":"https:\/\/baijiabags.com\/es\/wp-json\/wp\/v2\/media?parent=3664"}],"wp:term":[{"taxonomy":"product_brand","embeddable":true,"href":"https:\/\/baijiabags.com\/es\/wp-json\/wp\/v2\/product_brand?post=3664"},{"taxonomy":"product_cat","embeddable":true,"href":"https:\/\/baijiabags.com\/es\/wp-json\/wp\/v2\/product_cat?post=3664"},{"taxonomy":"product_tag","embeddable":true,"href":"https:\/\/baijiabags.com\/es\/wp-json\/wp\/v2\/product_tag?post=3664"}],"curies":[{"name":"wp","href":"https:\/\/api.w.org\/{rel}","templated":true}]}}