{"id":3661,"date":"2025-10-20T07:28:55","date_gmt":"2025-10-20T07:28:55","guid":{"rendered":"https:\/\/baijiabags.com\/?post_type=product&#038;p=3661"},"modified":"2025-10-20T07:28:55","modified_gmt":"2025-10-20T07:28:55","slug":"wholesale-custom-womens-pu-leather-mini-heart-wallet-small-slim-purse-with-tassel-polyester-lining","status":"publish","type":"product","link":"https:\/\/baijiabags.com\/es\/producto\/wholesale-custom-womens-pu-leather-mini-heart-wallet-small-slim-purse-with-tassel-polyester-lining\/","title":{"rendered":"Venta al por mayor de cuero de la PU para mujer Mini Coraz\u00f3n Cartera Peque\u00f1a Slim Monedero con Borla Forro de poli\u00e9ster"},"content":{"rendered":"<h2 data-start=\"974\" data-end=\"991\">Caracter\u00edsticas principales<\/h2>\n<ol data-start=\"992\" data-end=\"1895\">\n<li data-start=\"992\" data-end=\"1127\">\n<p data-start=\"995\" data-end=\"1127\"><strong data-start=\"995\" data-end=\"1020\">Dise\u00f1o compacto y estilizado<\/strong> - La cartera se ha creado en tama\u00f1o mini, lo que facilita su transporte sin ocupar demasiado espacio.<\/p>\n<\/li>\n<li data-start=\"1128\" data-end=\"1254\">\n<p data-start=\"1131\" data-end=\"1254\"><strong data-start=\"1131\" data-end=\"1154\">Material de cuero PU<\/strong> - Se ha seleccionado piel de PU de primera calidad por su durabilidad, resistencia al agua y elegante textura.<\/p>\n<\/li>\n<li data-start=\"1255\" data-end=\"1368\">\n<p data-start=\"1258\" data-end=\"1368\"><strong data-start=\"1258\" data-end=\"1281\">Estilo Coraz\u00f3n<\/strong> - Se ha utilizado un estampado en forma de coraz\u00f3n para proporcionar un atractivo femenino y a la moda.<\/p>\n<\/li>\n<li data-start=\"1369\" data-end=\"1455\">\n<p data-start=\"1372\" data-end=\"1455\"><strong data-start=\"1372\" data-end=\"1393\">Decoraci\u00f3n con borlas<\/strong> - Se ha a\u00f1adido una borla decorativa para mayor elegancia.<\/p>\n<\/li>\n<li data-start=\"1456\" data-end=\"1558\">\n<p data-start=\"1459\" data-end=\"1558\"><strong data-start=\"1459\" data-end=\"1483\">Opciones personalizables<\/strong> - Los colores y tama\u00f1os pueden personalizarse seg\u00fan los requisitos del cliente.<\/p>\n<\/li>\n<li data-start=\"1559\" data-end=\"1659\">\n<p data-start=\"1562\" data-end=\"1659\"><strong data-start=\"1562\" data-end=\"1576\">Durabilidad<\/strong> - La estructura se ha reforzado para garantizar un uso prolongado sin deformaciones.<\/p>\n<\/li>\n<li data-start=\"1660\" data-end=\"1779\">\n<p data-start=\"1663\" data-end=\"1779\"><strong data-start=\"1663\" data-end=\"1683\">Forro de poli\u00e9ster<\/strong> - Se ha incluido un forro de poli\u00e9ster suave y resistente al desgaste para proteger los objetos personales del interior.<\/p>\n<\/li>\n<li data-start=\"1780\" data-end=\"1895\">\n<p data-start=\"1783\" data-end=\"1895\"><strong data-start=\"1783\" data-end=\"1809\">Disponibilidad al por mayor<\/strong> - El producto se ofrece a granel con un pedido m\u00ednimo de 300 unidades.<\/p>\n<\/li>\n<\/ol>\n<h2 data-start=\"1902\" data-end=\"1921\">Especificaciones<\/h2>\n<div class=\"_tableContainer_1rjym_1\">\n<div class=\"group _tableWrapper_1rjym_13 flex w-fit flex-col-reverse\" tabindex=\"-1\">\n<table class=\"w-fit min-w-(--thread-content-width)\" data-start=\"1923\" data-end=\"2817\">\n<thead data-start=\"1923\" data-end=\"1985\">\n<tr data-start=\"1923\" data-end=\"1985\">\n<th data-start=\"1923\" data-end=\"1948\" data-col-size=\"sm\"><strong data-start=\"1925\" data-end=\"1938\">Par\u00e1metro<\/strong><\/th>\n<th data-start=\"1948\" data-end=\"1985\" data-col-size=\"sm\"><strong data-start=\"1950\" data-end=\"1961\">Detalles<\/strong><\/th>\n<\/tr>\n<\/thead>\n<tbody data-start=\"2050\" data-end=\"2817\">\n<tr data-start=\"2050\" data-end=\"2113\">\n<td data-start=\"2050\" data-end=\"2076\" data-col-size=\"sm\">Nombre del producto<\/td>\n<td data-start=\"2076\" data-end=\"2113\" data-col-size=\"sm\">Mini Billetero Coraz\u00f3n Mujer<\/td>\n<\/tr>\n<tr data-start=\"2114\" data-end=\"2177\">\n<td data-start=\"2114\" data-end=\"2140\" data-col-size=\"sm\">Marca<\/td>\n<td data-start=\"2140\" data-end=\"2177\" data-col-size=\"sm\">RONEER<\/td>\n<\/tr>\n<tr data-start=\"2178\" data-end=\"2241\">\n<td data-start=\"2178\" data-end=\"2204\" data-col-size=\"sm\">N\u00famero de modelo<\/td>\n<td data-start=\"2204\" data-end=\"2241\" data-col-size=\"sm\">AL-2594<\/td>\n<\/tr>\n<tr data-start=\"2242\" data-end=\"2305\">\n<td data-start=\"2242\" data-end=\"2268\" data-col-size=\"sm\">Lugar de origen<\/td>\n<td data-start=\"2268\" data-end=\"2305\" data-col-size=\"sm\">Guangdong, China<\/td>\n<\/tr>\n<tr data-start=\"2306\" data-end=\"2369\">\n<td data-start=\"2306\" data-end=\"2332\" data-col-size=\"sm\">Material<\/td>\n<td data-col-size=\"sm\" data-start=\"2332\" data-end=\"2369\">Piel de PU + forro de poli\u00e9ster<\/td>\n<\/tr>\n<tr data-start=\"2370\" data-end=\"2433\">\n<td data-start=\"2370\" data-end=\"2396\" data-col-size=\"sm\">Tipo de patr\u00f3n<\/td>\n<td data-col-size=\"sm\" data-start=\"2396\" data-end=\"2433\">Forma de coraz\u00f3n<\/td>\n<\/tr>\n<tr data-start=\"2434\" data-end=\"2497\">\n<td data-start=\"2434\" data-end=\"2460\" data-col-size=\"sm\">Estilo<\/td>\n<td data-start=\"2460\" data-end=\"2497\" data-col-size=\"sm\">Moda \/ Casual<\/td>\n<\/tr>\n<tr data-start=\"2498\" data-end=\"2561\">\n<td data-start=\"2498\" data-end=\"2524\" data-col-size=\"sm\">Talla<\/td>\n<td data-col-size=\"sm\" data-start=\"2524\" data-end=\"2561\">Personalizable<\/td>\n<\/tr>\n<tr data-start=\"2562\" data-end=\"2625\">\n<td data-start=\"2562\" data-end=\"2588\" data-col-size=\"sm\">Color<\/td>\n<td data-start=\"2588\" data-end=\"2625\" data-col-size=\"sm\">Personalizable<\/td>\n<\/tr>\n<tr data-start=\"2626\" data-end=\"2689\">\n<td data-start=\"2626\" data-end=\"2652\" data-col-size=\"sm\">Caracter\u00edsticas<\/td>\n<td data-start=\"2652\" data-end=\"2689\" data-col-size=\"sm\">Duradero, impermeable, delgado<\/td>\n<\/tr>\n<tr data-start=\"2690\" data-end=\"2753\">\n<td data-start=\"2690\" data-end=\"2716\" data-col-size=\"sm\">MOQ<\/td>\n<td data-start=\"2716\" data-end=\"2753\" data-col-size=\"sm\">300 piezas<\/td>\n<\/tr>\n<tr data-start=\"2754\" data-end=\"2817\">\n<td data-start=\"2754\" data-end=\"2780\" data-col-size=\"sm\">Aplicaci\u00f3n<\/td>\n<td data-start=\"2780\" data-end=\"2817\" data-col-size=\"sm\">Uso diario, viajes, regalos<\/td>\n<\/tr>\n<\/tbody>\n<\/table>\n<\/div>\n<\/div>\n<h2 data-start=\"2824\" data-end=\"2841\">Aplicaciones<\/h2>\n<ul data-start=\"2842\" data-end=\"3379\">\n<li data-start=\"2842\" data-end=\"2955\">\n<p data-start=\"2844\" data-end=\"2955\"><strong data-start=\"2844\" data-end=\"2862\">Transporte diario<\/strong> - Su delgada estructura est\u00e1 pensada para que quepan objetos esenciales como tarjetas, monedas y poco dinero.<\/p>\n<\/li>\n<li data-start=\"2956\" data-end=\"3034\">\n<p data-start=\"2958\" data-end=\"3034\"><strong data-start=\"2958\" data-end=\"2972\">Uso del viaje<\/strong> - Su dise\u00f1o ligero facilita su transporte durante los viajes.<\/p>\n<\/li>\n<li data-start=\"3035\" data-end=\"3156\">\n<p data-start=\"3037\" data-end=\"3156\"><strong data-start=\"3037\" data-end=\"3052\">Opci\u00f3n de regalo<\/strong> - Con estilos personalizables y un elegante envoltorio, puede prepararse como regalo para ocasiones especiales.<\/p>\n<\/li>\n<li data-start=\"3157\" data-end=\"3271\">\n<p data-start=\"3159\" data-end=\"3271\"><strong data-start=\"3159\" data-end=\"3183\">Marca promocional<\/strong> - La superficie personalizable se ha preparado para la impresi\u00f3n de logotipos y marcas.<\/p>\n<\/li>\n<li data-start=\"3272\" data-end=\"3379\">\n<p data-start=\"3274\" data-end=\"3379\"><strong data-start=\"3274\" data-end=\"3304\">Mercados minoristas y mayoristas<\/strong> - Adecuado para tiendas de moda, tiendas en l\u00ednea y distribuci\u00f3n al por mayor.<\/p>\n<\/li>\n<\/ul>\n<p data-start=\"3386\" data-end=\"3565\">Si le interesa <strong data-start=\"3416\" data-end=\"3448\">Mini Billetero Coraz\u00f3n Piel PU<\/strong>No dude en ponerse en contacto con nosotros para solicitar muestras. <strong data-start=\"3494\" data-end=\"3530\">Se admiten servicios ODM y OEM<\/strong> para satisfacer los requisitos de su marca.<\/p>","protected":false},"excerpt":{"rendered":"<p>En <strong data-start=\"192\" data-end=\"249\">Mayorista Personalizado Mujeres de cuero de la PU Mini Coraz\u00f3n Billetera<\/strong> de <strong data-start=\"255\" data-end=\"265\">RONEER<\/strong> se ha dise\u00f1ado con un estilo moderno pero pr\u00e1ctico que destaca tanto por su elegancia como por su durabilidad. Fabricada en piel de PU de alta calidad, la cartera tiene una forma fina y compacta que permite llevarla f\u00e1cilmente en bolsos peque\u00f1os o en la mano. Se ha a\u00f1adido un delicado detalle de borla para realzar su encanto, mientras que se ha integrado un suave forro de poli\u00e9ster para un uso duradero.<\/p>","protected":false},"featured_media":3662,"comment_status":"open","ping_status":"closed","template":"","meta":{"site-sidebar-layout":"default","site-content-layout":"","ast-site-content-layout":"default","site-content-style":"default","site-sidebar-style":"default","ast-global-header-display":"","ast-banner-title-visibility":"","ast-main-header-display":"","ast-hfb-above-header-display":"","ast-hfb-below-header-display":"","ast-hfb-mobile-header-display":"","site-post-title":"","ast-breadcrumbs-content":"","ast-featured-img":"","footer-sml-layout":"","ast-disable-related-posts":"","theme-transparent-header-meta":"default","adv-header-id-meta":"","stick-header-meta":"","header-above-stick-meta":"","header-main-stick-meta":"","header-below-stick-meta":"","astra-migrate-meta-layouts":"set","ast-page-background-enabled":"default","ast-page-background-meta":{"desktop":{"background-color":"var(--ast-global-color-5)","background-image":"","background-repeat":"repeat","background-position":"center center","background-size":"auto","background-attachment":"scroll","background-type":"","background-media":"","overlay-type":"","overlay-color":"","overlay-opacity":"","overlay-gradient":""},"tablet":{"background-color":"","background-image":"","background-repeat":"repeat","background-position":"center center","background-size":"auto","background-attachment":"scroll","background-type":"","background-media":"","overlay-type":"","overlay-color":"","overlay-opacity":"","overlay-gradient":""},"mobile":{"background-color":"","background-image":"","background-repeat":"repeat","background-position":"center center","background-size":"auto","background-attachment":"scroll","background-type":"","background-media":"","overlay-type":"","overlay-color":"","overlay-opacity":"","overlay-gradient":""}},"ast-content-background-meta":{"desktop":{"background-color":"var(--ast-global-color-4)","background-image":"","background-repeat":"repeat","background-position":"center center","background-size":"auto","background-attachment":"scroll","background-type":"","background-media":"","overlay-type":"","overlay-color":"","overlay-opacity":"","overlay-gradient":""},"tablet":{"background-color":"var(--ast-global-color-4)","background-image":"","background-repeat":"repeat","background-position":"center center","background-size":"auto","background-attachment":"scroll","background-type":"","background-media":"","overlay-type":"","overlay-color":"","overlay-opacity":"","overlay-gradient":""},"mobile":{"background-color":"var(--ast-global-color-4)","background-image":"","background-repeat":"repeat","background-position":"center center","background-size":"auto","background-attachment":"scroll","background-type":"","background-media":"","overlay-type":"","overlay-color":"","overlay-opacity":"","overlay-gradient":""}}},"product_brand":[],"product_cat":[55],"product_tag":[],"class_list":{"0":"post-3661","1":"product","2":"type-product","3":"status-publish","4":"has-post-thumbnail","6":"product_cat-wallets-card-holder","7":"desktop-align-left","8":"tablet-align-left","9":"mobile-align-left","11":"first","12":"instock","13":"shipping-taxable","14":"product-type-simple"},"_links":{"self":[{"href":"https:\/\/baijiabags.com\/es\/wp-json\/wp\/v2\/product\/3661","targetHints":{"allow":["GET"]}}],"collection":[{"href":"https:\/\/baijiabags.com\/es\/wp-json\/wp\/v2\/product"}],"about":[{"href":"https:\/\/baijiabags.com\/es\/wp-json\/wp\/v2\/types\/product"}],"replies":[{"embeddable":true,"href":"https:\/\/baijiabags.com\/es\/wp-json\/wp\/v2\/comments?post=3661"}],"wp:featuredmedia":[{"embeddable":true,"href":"https:\/\/baijiabags.com\/es\/wp-json\/wp\/v2\/media\/3662"}],"wp:attachment":[{"href":"https:\/\/baijiabags.com\/es\/wp-json\/wp\/v2\/media?parent=3661"}],"wp:term":[{"taxonomy":"product_brand","embeddable":true,"href":"https:\/\/baijiabags.com\/es\/wp-json\/wp\/v2\/product_brand?post=3661"},{"taxonomy":"product_cat","embeddable":true,"href":"https:\/\/baijiabags.com\/es\/wp-json\/wp\/v2\/product_cat?post=3661"},{"taxonomy":"product_tag","embeddable":true,"href":"https:\/\/baijiabags.com\/es\/wp-json\/wp\/v2\/product_tag?post=3661"}],"curies":[{"name":"wp","href":"https:\/\/api.w.org\/{rel}","templated":true}]}}