{"id":3643,"date":"2025-10-20T06:51:36","date_gmt":"2025-10-20T06:51:36","guid":{"rendered":"https:\/\/baijiabags.com\/?post_type=product&#038;p=3643"},"modified":"2025-10-20T09:56:13","modified_gmt":"2025-10-20T09:56:13","slug":"new-luxury-womens-pu-leather-phone-wallet-card-holder-purse-custom-logo","status":"publish","type":"product","link":"https:\/\/baijiabags.com\/es\/producto\/new-luxury-womens-pu-leather-phone-wallet-card-holder-purse-custom-logo\/","title":{"rendered":"Nuevo lujo de las mujeres de cuero de PU Tel\u00e9fono Cartera Tarjetero Monedero Logotipo personalizado"},"content":{"rendered":"<h2 data-start=\"882\" data-end=\"898\">Caracter\u00edsticas principales<\/h2>\n<ol data-start=\"900\" data-end=\"1948\">\n<li data-start=\"900\" data-end=\"1035\">\n<p data-start=\"903\" data-end=\"1035\"><strong data-start=\"903\" data-end=\"923\">Material de primera calidad:<\/strong>Se ha seleccionado cuero PU de alta calidad, que garantiza resistencia a los ara\u00f1azos y durabilidad.<\/p>\n<\/li>\n<li data-start=\"1037\" data-end=\"1169\">\n<p data-start=\"1040\" data-end=\"1169\"><strong data-start=\"1040\" data-end=\"1063\">Funci\u00f3n impermeable:<\/strong>Se ha aplicado un revestimiento impermeable para proteger las pertenencias de derrames accidentales y lluvia ligera.<\/p>\n<\/li>\n<li data-start=\"1171\" data-end=\"1302\">\n<p data-start=\"1174\" data-end=\"1302\"><strong data-start=\"1174\" data-end=\"1197\">Servicio de logotipos personalizados:<\/strong>Los requisitos de marca pueden satisfacerse mediante la personalizaci\u00f3n de logotipos tanto para necesidades personales como empresariales.<\/p>\n<\/li>\n<li data-start=\"1304\" data-end=\"1449\">\n<p data-start=\"1307\" data-end=\"1449\"><strong data-start=\"1307\" data-end=\"1336\">Dise\u00f1o compacto y espacioso:<\/strong>El dise\u00f1o se ha creado para que sea compacto y ofrezca espacio suficiente para tarjetas, tel\u00e9fono y dinero en efectivo.<\/p>\n<\/li>\n<li data-start=\"1451\" data-end=\"1562\">\n<p data-start=\"1454\" data-end=\"1562\"><strong data-start=\"1454\" data-end=\"1472\">Cierre seguro:<\/strong>Se ha instalado una cremallera reforzada y un cierre a presi\u00f3n para mantener seguros los objetos de valor.<\/p>\n<\/li>\n<li data-start=\"1564\" data-end=\"1693\">\n<p data-start=\"1567\" data-end=\"1693\"><strong data-start=\"1567\" data-end=\"1593\">Aplicaciones vers\u00e1tiles:<\/strong>Este monedero es ideal para reuniones, desplazamientos diarios, compras o viajes.<\/p>\n<\/li>\n<li data-start=\"1695\" data-end=\"1816\">\n<p data-start=\"1698\" data-end=\"1816\"><strong data-start=\"1698\" data-end=\"1724\">Apariencia a la moda:<\/strong>Se ha adoptado un dise\u00f1o chic y elegante para adaptarse a las tendencias de estilo de vida de la mujer moderna.<\/p>\n<\/li>\n<li data-start=\"1818\" data-end=\"1948\">\n<p data-start=\"1821\" data-end=\"1948\"><strong data-start=\"1821\" data-end=\"1852\">Servicio ODM y OEM:<\/strong>Se ha apoyado la personalizaci\u00f3n de productos para que las empresas satisfagan demandas espec\u00edficas del mercado.<\/p>\n<\/li>\n<\/ol>\n<h2 data-start=\"1955\" data-end=\"1973\">Especificaciones<\/h2>\n<div class=\"_tableContainer_1rjym_1\">\n<div class=\"group _tableWrapper_1rjym_13 flex w-fit flex-col-reverse\" tabindex=\"-1\">\n<table class=\"w-fit min-w-(--thread-content-width)\" data-start=\"1975\" data-end=\"2781\">\n<thead data-start=\"1975\" data-end=\"2035\">\n<tr data-start=\"1975\" data-end=\"2035\">\n<th data-start=\"1975\" data-end=\"1998\" data-col-size=\"sm\"><strong data-start=\"1977\" data-end=\"1990\">Par\u00e1metro<\/strong><\/th>\n<th data-start=\"1998\" data-end=\"2035\" data-col-size=\"sm\"><strong data-start=\"2000\" data-end=\"2011\">Detalles<\/strong><\/th>\n<\/tr>\n<\/thead>\n<tbody data-start=\"2099\" data-end=\"2781\">\n<tr data-start=\"2099\" data-end=\"2161\">\n<td data-start=\"2099\" data-end=\"2123\" data-col-size=\"sm\">Nombre del producto<\/td>\n<td data-col-size=\"sm\" data-start=\"2123\" data-end=\"2161\">Monedero tel\u00e9fono mujer<\/td>\n<\/tr>\n<tr data-start=\"2162\" data-end=\"2223\">\n<td data-start=\"2162\" data-end=\"2186\" data-col-size=\"sm\">Marca<\/td>\n<td data-start=\"2186\" data-end=\"2223\" data-col-size=\"sm\">RONEER<\/td>\n<\/tr>\n<tr data-start=\"2224\" data-end=\"2285\">\n<td data-start=\"2224\" data-end=\"2248\" data-col-size=\"sm\">N\u00famero de modelo<\/td>\n<td data-start=\"2248\" data-end=\"2285\" data-col-size=\"sm\">AL-2649<\/td>\n<\/tr>\n<tr data-start=\"2286\" data-end=\"2347\">\n<td data-start=\"2286\" data-end=\"2310\" data-col-size=\"sm\">Origen<\/td>\n<td data-start=\"2310\" data-end=\"2347\" data-col-size=\"sm\">Guangdong, China<\/td>\n<\/tr>\n<tr data-start=\"2348\" data-end=\"2409\">\n<td data-start=\"2348\" data-end=\"2372\" data-col-size=\"sm\">Estilo<\/td>\n<td data-col-size=\"sm\" data-start=\"2372\" data-end=\"2409\">Moda<\/td>\n<\/tr>\n<tr data-start=\"2410\" data-end=\"2471\">\n<td data-start=\"2410\" data-end=\"2434\" data-col-size=\"sm\">Material<\/td>\n<td data-col-size=\"sm\" data-start=\"2434\" data-end=\"2471\">Cuero PU<\/td>\n<\/tr>\n<tr data-start=\"2472\" data-end=\"2533\">\n<td data-start=\"2472\" data-end=\"2496\" data-col-size=\"sm\">Talla<\/td>\n<td data-col-size=\"sm\" data-start=\"2496\" data-end=\"2533\">Personalizable<\/td>\n<\/tr>\n<tr data-start=\"2534\" data-end=\"2595\">\n<td data-start=\"2534\" data-end=\"2558\" data-col-size=\"sm\">Color<\/td>\n<td data-col-size=\"sm\" data-start=\"2558\" data-end=\"2595\">Personalizable<\/td>\n<\/tr>\n<tr data-start=\"2596\" data-end=\"2657\">\n<td data-start=\"2596\" data-end=\"2620\" data-col-size=\"sm\">Caracter\u00edstica<\/td>\n<td data-col-size=\"sm\" data-start=\"2620\" data-end=\"2657\">Duradero, impermeable<\/td>\n<\/tr>\n<tr data-start=\"2658\" data-end=\"2719\">\n<td data-start=\"2658\" data-end=\"2682\" data-col-size=\"sm\">MOQ<\/td>\n<td data-col-size=\"sm\" data-start=\"2682\" data-end=\"2719\">300 piezas<\/td>\n<\/tr>\n<tr data-start=\"2720\" data-end=\"2781\">\n<td data-start=\"2720\" data-end=\"2744\" data-col-size=\"sm\">\u00c1mbito de aplicaci\u00f3n<\/td>\n<td data-col-size=\"sm\" data-start=\"2744\" data-end=\"2781\">Reuni\u00f3n, Tarjetero, Viaje<\/td>\n<\/tr>\n<\/tbody>\n<\/table>\n<\/div>\n<\/div>\n<h2 data-start=\"2788\" data-end=\"2804\">Aplicaciones<\/h2>\n<ul data-start=\"2806\" data-end=\"3253\">\n<li data-start=\"2806\" data-end=\"2923\">\n<p data-start=\"2808\" data-end=\"2923\">El monedero se ha dise\u00f1ado para llevarlo a <strong data-start=\"2860\" data-end=\"2881\">reuniones de trabajo<\/strong>, donde se desea una imagen profesional.<\/p>\n<\/li>\n<li data-start=\"2924\" data-end=\"3032\">\n<p data-start=\"2926\" data-end=\"3032\">Se ha creado para <strong data-start=\"2950\" data-end=\"2969\">desplazamientos diarios<\/strong>, lo que permite organizar eficazmente los tel\u00e9fonos y los art\u00edculos de primera necesidad.<\/p>\n<\/li>\n<li data-start=\"3033\" data-end=\"3129\">\n<p data-start=\"3035\" data-end=\"3129\">Puede utilizarse para <strong data-start=\"3054\" data-end=\"3085\">compras o salidas de ocio<\/strong>donde se valora el tama\u00f1o compacto y el estilo.<\/p>\n<\/li>\n<li data-start=\"3130\" data-end=\"3253\">\n<p data-start=\"3132\" data-end=\"3253\">Se ha adaptado para <strong data-start=\"3162\" data-end=\"3172\">viaje<\/strong>que ayuda a los usuarios a guardar pasaportes, tarjetas de embarque y tarjetas en un lugar seguro.<\/p>\n<\/li>\n<\/ul>\n<p data-start=\"3260\" data-end=\"3432\">Si est\u00e1 interesado en este monedero, no dude en ponerse en contacto con nosotros para solicitar muestras. <strong data-start=\"3355\" data-end=\"3391\">Servicios ODM y OEM disponibles<\/strong> para satisfacer las necesidades de su empresa.<\/p>","protected":false},"excerpt":{"rendered":"<p>En <strong data-start=\"301\" data-end=\"365\">Nuevo lujo de las mujeres de cuero de PU Tel\u00e9fono Cartera Tarjetero Monedero<\/strong> por <strong data-start=\"369\" data-end=\"379\">RONEER<\/strong> se ha dise\u00f1ado combinando moda y practicidad. Se ha adoptado una estructura refinada para poder llevar c\u00f3modamente objetos esenciales como tel\u00e9fonos inteligentes, tarjetas bancarias, documentos de identidad y dinero en efectivo. El monedero se ha fabricado con <strong data-start=\"645\" data-end=\"667\">Cuero PU duradero<\/strong>y un <strong data-start=\"675\" data-end=\"698\">servicio de logotipos personalizados<\/strong> para los requisitos de la marca. Su aspecto moderno se complementa con colores y tama\u00f1os personalizables, que lo hacen adecuado para una gran variedad de ocasiones.<\/p>","protected":false},"featured_media":3647,"comment_status":"open","ping_status":"closed","template":"","meta":{"site-sidebar-layout":"default","site-content-layout":"","ast-site-content-layout":"default","site-content-style":"default","site-sidebar-style":"default","ast-global-header-display":"","ast-banner-title-visibility":"","ast-main-header-display":"","ast-hfb-above-header-display":"","ast-hfb-below-header-display":"","ast-hfb-mobile-header-display":"","site-post-title":"","ast-breadcrumbs-content":"","ast-featured-img":"","footer-sml-layout":"","ast-disable-related-posts":"","theme-transparent-header-meta":"default","adv-header-id-meta":"","stick-header-meta":"","header-above-stick-meta":"","header-main-stick-meta":"","header-below-stick-meta":"","astra-migrate-meta-layouts":"set","ast-page-background-enabled":"default","ast-page-background-meta":{"desktop":{"background-color":"var(--ast-global-color-5)","background-image":"","background-repeat":"repeat","background-position":"center center","background-size":"auto","background-attachment":"scroll","background-type":"","background-media":"","overlay-type":"","overlay-color":"","overlay-opacity":"","overlay-gradient":""},"tablet":{"background-color":"","background-image":"","background-repeat":"repeat","background-position":"center center","background-size":"auto","background-attachment":"scroll","background-type":"","background-media":"","overlay-type":"","overlay-color":"","overlay-opacity":"","overlay-gradient":""},"mobile":{"background-color":"","background-image":"","background-repeat":"repeat","background-position":"center center","background-size":"auto","background-attachment":"scroll","background-type":"","background-media":"","overlay-type":"","overlay-color":"","overlay-opacity":"","overlay-gradient":""}},"ast-content-background-meta":{"desktop":{"background-color":"var(--ast-global-color-4)","background-image":"","background-repeat":"repeat","background-position":"center center","background-size":"auto","background-attachment":"scroll","background-type":"","background-media":"","overlay-type":"","overlay-color":"","overlay-opacity":"","overlay-gradient":""},"tablet":{"background-color":"var(--ast-global-color-4)","background-image":"","background-repeat":"repeat","background-position":"center center","background-size":"auto","background-attachment":"scroll","background-type":"","background-media":"","overlay-type":"","overlay-color":"","overlay-opacity":"","overlay-gradient":""},"mobile":{"background-color":"var(--ast-global-color-4)","background-image":"","background-repeat":"repeat","background-position":"center center","background-size":"auto","background-attachment":"scroll","background-type":"","background-media":"","overlay-type":"","overlay-color":"","overlay-opacity":"","overlay-gradient":""}}},"product_brand":[],"product_cat":[55],"product_tag":[],"class_list":{"0":"post-3643","1":"product","2":"type-product","3":"status-publish","4":"has-post-thumbnail","6":"product_cat-wallets-card-holder","7":"desktop-align-left","8":"tablet-align-left","9":"mobile-align-left","11":"first","12":"instock","13":"shipping-taxable","14":"product-type-simple"},"_links":{"self":[{"href":"https:\/\/baijiabags.com\/es\/wp-json\/wp\/v2\/product\/3643","targetHints":{"allow":["GET"]}}],"collection":[{"href":"https:\/\/baijiabags.com\/es\/wp-json\/wp\/v2\/product"}],"about":[{"href":"https:\/\/baijiabags.com\/es\/wp-json\/wp\/v2\/types\/product"}],"replies":[{"embeddable":true,"href":"https:\/\/baijiabags.com\/es\/wp-json\/wp\/v2\/comments?post=3643"}],"wp:featuredmedia":[{"embeddable":true,"href":"https:\/\/baijiabags.com\/es\/wp-json\/wp\/v2\/media\/3647"}],"wp:attachment":[{"href":"https:\/\/baijiabags.com\/es\/wp-json\/wp\/v2\/media?parent=3643"}],"wp:term":[{"taxonomy":"product_brand","embeddable":true,"href":"https:\/\/baijiabags.com\/es\/wp-json\/wp\/v2\/product_brand?post=3643"},{"taxonomy":"product_cat","embeddable":true,"href":"https:\/\/baijiabags.com\/es\/wp-json\/wp\/v2\/product_cat?post=3643"},{"taxonomy":"product_tag","embeddable":true,"href":"https:\/\/baijiabags.com\/es\/wp-json\/wp\/v2\/product_tag?post=3643"}],"curies":[{"name":"wp","href":"https:\/\/api.w.org\/{rel}","templated":true}]}}