{"id":3477,"date":"2025-10-16T06:06:36","date_gmt":"2025-10-16T06:06:36","guid":{"rendered":"https:\/\/baijiabags.com\/?post_type=product&#038;p=3477"},"modified":"2025-11-01T01:23:32","modified_gmt":"2025-11-01T01:23:32","slug":"factory-direct-custom-striped-tote-bag-quilted-nylon-lining-shoulder-handbag-work-travel","status":"publish","type":"product","link":"https:\/\/baijiabags.com\/es\/producto\/factory-direct-custom-striped-tote-bag-quilted-nylon-lining-shoulder-handbag-work-travel\/","title":{"rendered":"Factory Direct Custom Striped Tote Bag Quilted Nylon Lining Shoulder Handbag Work Travel"},"content":{"rendered":"<h2 data-start=\"1026\" data-end=\"1044\">Caracter\u00edsticas principales<\/h2>\n<ol data-start=\"1045\" data-end=\"1707\">\n<li data-start=\"1045\" data-end=\"1131\">\n<p data-start=\"1048\" data-end=\"1131\"><strong data-start=\"1048\" data-end=\"1069\">Material duradero:<\/strong> Fabricado en nailon de alta calidad que resiste el uso diario.<\/p>\n<\/li>\n<li data-start=\"1132\" data-end=\"1208\">\n<p data-start=\"1135\" data-end=\"1208\"><strong data-start=\"1135\" data-end=\"1155\">Resistente al agua:<\/strong> Proporciona protecci\u00f3n contra la lluvia ligera y las salpicaduras.<\/p>\n<\/li>\n<li data-start=\"1209\" data-end=\"1283\">\n<p data-start=\"1212\" data-end=\"1283\"><strong data-start=\"1212\" data-end=\"1232\">Patr\u00f3n de rayas:<\/strong> El elegante dise\u00f1o a rayas a\u00f1ade un toque de moda.<\/p>\n<\/li>\n<li data-start=\"1284\" data-end=\"1364\">\n<p data-start=\"1287\" data-end=\"1364\"><strong data-start=\"1287\" data-end=\"1312\">Forro de nylon acolchado:<\/strong> El forro interior garantiza la seguridad de las pertenencias.<\/p>\n<\/li>\n<li data-start=\"1365\" data-end=\"1464\">\n<p data-start=\"1368\" data-end=\"1464\"><strong data-start=\"1368\" data-end=\"1388\">Dise\u00f1o espacioso:<\/strong> Amplio compartimento principal para guardar lo imprescindible para el trabajo, los viajes o las compras.<\/p>\n<\/li>\n<li data-start=\"1465\" data-end=\"1543\">\n<p data-start=\"1468\" data-end=\"1543\"><strong data-start=\"1468\" data-end=\"1500\">Tama\u00f1o y color personalizables:<\/strong> Adaptado a las preferencias individuales.<\/p>\n<\/li>\n<li data-start=\"1544\" data-end=\"1623\">\n<p data-start=\"1547\" data-end=\"1623\"><strong data-start=\"1547\" data-end=\"1579\">Ligero y c\u00f3modo:<\/strong> F\u00e1cil de llevar al hombro o en la mano.<\/p>\n<\/li>\n<li data-start=\"1624\" data-end=\"1707\">\n<p data-start=\"1627\" data-end=\"1707\"><strong data-start=\"1627\" data-end=\"1649\">Estilo a la moda:<\/strong> Mezcla est\u00e9tica vintage, nacional e inglesa.<\/p>\n<\/li>\n<\/ol>\n<h2 data-start=\"1709\" data-end=\"1729\">Especificaciones<\/h2>\n<div class=\"_tableContainer_1rjym_1\">\n<div class=\"group _tableWrapper_1rjym_13 flex w-fit flex-col-reverse\" tabindex=\"-1\">\n<table class=\"w-fit min-w-(--thread-content-width)\" data-start=\"1731\" data-end=\"2808\">\n<thead data-start=\"1731\" data-end=\"1801\">\n<tr data-start=\"1731\" data-end=\"1801\">\n<th data-start=\"1731\" data-end=\"1756\" data-col-size=\"sm\">Par\u00e1metro<\/th>\n<th data-start=\"1756\" data-end=\"1801\" data-col-size=\"md\">Detalles<\/th>\n<\/tr>\n<\/thead>\n<tbody data-start=\"1873\" data-end=\"2808\">\n<tr data-start=\"1873\" data-end=\"1943\">\n<td data-start=\"1873\" data-end=\"1898\" data-col-size=\"sm\">Nombre del producto<\/td>\n<td data-col-size=\"md\" data-start=\"1898\" data-end=\"1943\">Bolsa de rayas<\/td>\n<\/tr>\n<tr data-start=\"1944\" data-end=\"2014\">\n<td data-start=\"1944\" data-end=\"1969\" data-col-size=\"sm\">Marca<\/td>\n<td data-col-size=\"md\" data-start=\"1969\" data-end=\"2014\">RONEER<\/td>\n<\/tr>\n<tr data-start=\"2015\" data-end=\"2086\">\n<td data-start=\"2015\" data-end=\"2040\" data-col-size=\"sm\">Modelo<\/td>\n<td data-col-size=\"md\" data-start=\"2040\" data-end=\"2086\">BJ-048<\/td>\n<\/tr>\n<tr data-start=\"2087\" data-end=\"2157\">\n<td data-start=\"2087\" data-end=\"2112\" data-col-size=\"sm\">Origen<\/td>\n<td data-col-size=\"md\" data-start=\"2112\" data-end=\"2157\">Guangdong, China<\/td>\n<\/tr>\n<tr data-start=\"2158\" data-end=\"2234\">\n<td data-start=\"2158\" data-end=\"2183\" data-col-size=\"sm\">Estilo<\/td>\n<td data-col-size=\"md\" data-start=\"2183\" data-end=\"2234\">Moda, Dama, Vintage, Nacional, Estilo Inglaterra<\/td>\n<\/tr>\n<tr data-start=\"2235\" data-end=\"2305\">\n<td data-start=\"2235\" data-end=\"2260\" data-col-size=\"sm\">Material principal<\/td>\n<td data-col-size=\"md\" data-start=\"2260\" data-end=\"2305\">Nylon<\/td>\n<\/tr>\n<tr data-start=\"2306\" data-end=\"2376\">\n<td data-start=\"2306\" data-end=\"2331\" data-col-size=\"sm\">Tipo de patr\u00f3n<\/td>\n<td data-start=\"2331\" data-end=\"2376\" data-col-size=\"md\">A rayas<\/td>\n<\/tr>\n<tr data-start=\"2377\" data-end=\"2448\">\n<td data-start=\"2377\" data-end=\"2402\" data-col-size=\"sm\">Talla<\/td>\n<td data-col-size=\"md\" data-start=\"2402\" data-end=\"2448\">Personalizable<\/td>\n<\/tr>\n<tr data-start=\"2449\" data-end=\"2520\">\n<td data-start=\"2449\" data-end=\"2474\" data-col-size=\"sm\">Color<\/td>\n<td data-col-size=\"md\" data-start=\"2474\" data-end=\"2520\">Personalizable<\/td>\n<\/tr>\n<tr data-start=\"2521\" data-end=\"2592\">\n<td data-start=\"2521\" data-end=\"2546\" data-col-size=\"sm\">Temporada<\/td>\n<td data-col-size=\"md\" data-start=\"2546\" data-end=\"2592\">Para todas las estaciones<\/td>\n<\/tr>\n<tr data-start=\"2593\" data-end=\"2664\">\n<td data-start=\"2593\" data-end=\"2618\" data-col-size=\"sm\">Caracter\u00edsticas<\/td>\n<td data-start=\"2618\" data-end=\"2664\" data-col-size=\"md\">Duradero, resistente al agua<\/td>\n<\/tr>\n<tr data-start=\"2665\" data-end=\"2736\">\n<td data-start=\"2665\" data-end=\"2690\" data-col-size=\"sm\">MOQ<\/td>\n<td data-col-size=\"md\" data-start=\"2690\" data-end=\"2736\">300<\/td>\n<\/tr>\n<tr data-start=\"2737\" data-end=\"2808\">\n<td data-start=\"2737\" data-end=\"2762\" data-col-size=\"sm\">Aplicaciones<\/td>\n<td data-col-size=\"md\" data-start=\"2762\" data-end=\"2808\">Viajes, Vida cotidiana, Compras<\/td>\n<\/tr>\n<\/tbody>\n<\/table>\n<\/div>\n<\/div>\n<h2 data-start=\"2810\" data-end=\"2828\">Aplicaciones<\/h2>\n<ul data-start=\"2829\" data-end=\"3019\">\n<li data-start=\"2829\" data-end=\"2896\">\n<p data-start=\"2831\" data-end=\"2896\">De viaje: Dise\u00f1ado para llevar lo esencial de forma eficiente y con estilo.<\/p>\n<\/li>\n<li data-start=\"2897\" data-end=\"2958\">\n<p data-start=\"2899\" data-end=\"2958\">Vida cotidiana: Perfecta para el trabajo, los recados o las salidas informales.<\/p>\n<\/li>\n<li data-start=\"2959\" data-end=\"3019\">\n<p data-start=\"2961\" data-end=\"3019\">De compras: Suficientemente espacioso para guardar las compras c\u00f3modamente.<\/p>\n<\/li>\n<\/ul>\n<p data-start=\"3021\" data-end=\"3186\">Si est\u00e1 interesado en este bolso de mano, p\u00f3ngase en contacto con nosotros para solicitar muestras. <strong data-start=\"3092\" data-end=\"3128\">Servicios ODM y OEM disponibles<\/strong> para personalizar los productos seg\u00fan sus especificaciones.<\/p>","protected":false},"excerpt":{"rendered":"<p>El bolso de mano RONEER se ha fabricado con nailon de alta calidad para garantizar su durabilidad y resistencia al agua. Su dise\u00f1o a la moda incorpora elementos de estilo vintage y de la Inglaterra nacional, lo que atrae a las mujeres modernas que prefieren un look cl\u00e1sico pero contempor\u00e1neo. La bolsa es ligera pero resistente, por lo que resulta ideal para llevar c\u00f3modamente lo esencial durante todo el d\u00eda.<\/p>","protected":false},"featured_media":3480,"comment_status":"open","ping_status":"closed","template":"","meta":{"site-sidebar-layout":"default","site-content-layout":"","ast-site-content-layout":"default","site-content-style":"default","site-sidebar-style":"default","ast-global-header-display":"","ast-banner-title-visibility":"","ast-main-header-display":"","ast-hfb-above-header-display":"","ast-hfb-below-header-display":"","ast-hfb-mobile-header-display":"","site-post-title":"","ast-breadcrumbs-content":"","ast-featured-img":"","footer-sml-layout":"","ast-disable-related-posts":"","theme-transparent-header-meta":"default","adv-header-id-meta":"","stick-header-meta":"","header-above-stick-meta":"","header-main-stick-meta":"","header-below-stick-meta":"","astra-migrate-meta-layouts":"set","ast-page-background-enabled":"default","ast-page-background-meta":{"desktop":{"background-color":"var(--ast-global-color-5)","background-image":"","background-repeat":"repeat","background-position":"center center","background-size":"auto","background-attachment":"scroll","background-type":"","background-media":"","overlay-type":"","overlay-color":"","overlay-opacity":"","overlay-gradient":""},"tablet":{"background-color":"","background-image":"","background-repeat":"repeat","background-position":"center center","background-size":"auto","background-attachment":"scroll","background-type":"","background-media":"","overlay-type":"","overlay-color":"","overlay-opacity":"","overlay-gradient":""},"mobile":{"background-color":"","background-image":"","background-repeat":"repeat","background-position":"center center","background-size":"auto","background-attachment":"scroll","background-type":"","background-media":"","overlay-type":"","overlay-color":"","overlay-opacity":"","overlay-gradient":""}},"ast-content-background-meta":{"desktop":{"background-color":"var(--ast-global-color-4)","background-image":"","background-repeat":"repeat","background-position":"center center","background-size":"auto","background-attachment":"scroll","background-type":"","background-media":"","overlay-type":"","overlay-color":"","overlay-opacity":"","overlay-gradient":""},"tablet":{"background-color":"var(--ast-global-color-4)","background-image":"","background-repeat":"repeat","background-position":"center center","background-size":"auto","background-attachment":"scroll","background-type":"","background-media":"","overlay-type":"","overlay-color":"","overlay-opacity":"","overlay-gradient":""},"mobile":{"background-color":"var(--ast-global-color-4)","background-image":"","background-repeat":"repeat","background-position":"center center","background-size":"auto","background-attachment":"scroll","background-type":"","background-media":"","overlay-type":"","overlay-color":"","overlay-opacity":"","overlay-gradient":""}}},"product_brand":[],"product_cat":[59,54],"product_tag":[],"class_list":{"0":"post-3477","1":"product","2":"type-product","3":"status-publish","4":"has-post-thumbnail","6":"product_cat-quilted-tote-bag","7":"product_cat-womens-bag","8":"desktop-align-left","9":"tablet-align-left","10":"mobile-align-left","12":"first","13":"instock","14":"shipping-taxable","15":"product-type-simple"},"_links":{"self":[{"href":"https:\/\/baijiabags.com\/es\/wp-json\/wp\/v2\/product\/3477","targetHints":{"allow":["GET"]}}],"collection":[{"href":"https:\/\/baijiabags.com\/es\/wp-json\/wp\/v2\/product"}],"about":[{"href":"https:\/\/baijiabags.com\/es\/wp-json\/wp\/v2\/types\/product"}],"replies":[{"embeddable":true,"href":"https:\/\/baijiabags.com\/es\/wp-json\/wp\/v2\/comments?post=3477"}],"wp:featuredmedia":[{"embeddable":true,"href":"https:\/\/baijiabags.com\/es\/wp-json\/wp\/v2\/media\/3480"}],"wp:attachment":[{"href":"https:\/\/baijiabags.com\/es\/wp-json\/wp\/v2\/media?parent=3477"}],"wp:term":[{"taxonomy":"product_brand","embeddable":true,"href":"https:\/\/baijiabags.com\/es\/wp-json\/wp\/v2\/product_brand?post=3477"},{"taxonomy":"product_cat","embeddable":true,"href":"https:\/\/baijiabags.com\/es\/wp-json\/wp\/v2\/product_cat?post=3477"},{"taxonomy":"product_tag","embeddable":true,"href":"https:\/\/baijiabags.com\/es\/wp-json\/wp\/v2\/product_tag?post=3477"}],"curies":[{"name":"wp","href":"https:\/\/api.w.org\/{rel}","templated":true}]}}