{"id":3271,"date":"2025-10-14T09:21:03","date_gmt":"2025-10-14T09:21:03","guid":{"rendered":"https:\/\/baijiabags.com\/?post_type=product&#038;p=3271"},"modified":"2025-10-14T09:21:03","modified_gmt":"2025-10-14T09:21:03","slug":"wholesale-tactical-hydration-backpack-outdoor-cycling-running-sports-hydration-pack-with-water-bladder","status":"publish","type":"product","link":"https:\/\/baijiabags.com\/es\/producto\/wholesale-tactical-hydration-backpack-outdoor-cycling-running-sports-hydration-pack-with-water-bladder\/","title":{"rendered":"Mayorista Mochila de Hidrataci\u00f3n T\u00e1ctica - Mochila de Hidrataci\u00f3n para Ciclismo, Correr y Deportes al Aire Libre con Bolsa de Agua"},"content":{"rendered":"<h2 data-start=\"720\" data-end=\"737\">Caracter\u00edsticas principales<\/h2>\n<ol data-start=\"739\" data-end=\"1819\">\n<li data-start=\"739\" data-end=\"876\">\n<p data-start=\"742\" data-end=\"876\"><strong data-start=\"742\" data-end=\"772\">Capacidad de la bolsa de hidrataci\u00f3n<\/strong><br data-start=\"772\" data-end=\"775\" \/>Se ha incluido una bolsa de agua de 3 litros para que los viajes largos y los deportes de resistencia resulten m\u00e1s c\u00f3modos.<\/p>\n<\/li>\n<li data-start=\"878\" data-end=\"1009\">\n<p data-start=\"881\" data-end=\"1009\"><strong data-start=\"881\" data-end=\"905\">Construcci\u00f3n duradera<\/strong><br data-start=\"905\" data-end=\"908\" \/>Se ha seleccionado el material PU para la mochila con el fin de garantizar la resistencia al agua y una solidez fiable.<\/p>\n<\/li>\n<li data-start=\"1011\" data-end=\"1149\">\n<p data-start=\"1014\" data-end=\"1149\"><strong data-start=\"1014\" data-end=\"1032\">Dise\u00f1o compacto<\/strong><br data-start=\"1032\" data-end=\"1035\" \/>Se ha adoptado un tama\u00f1o aerodin\u00e1mico de 17 cm \u00d7 4 cm \u00d7 45 cm, que permite llevar la mochila sin bulto adicional.<\/p>\n<\/li>\n<li data-start=\"1151\" data-end=\"1278\">\n<p data-start=\"1154\" data-end=\"1278\"><strong data-start=\"1154\" data-end=\"1178\">Opciones personalizables<\/strong><br data-start=\"1178\" data-end=\"1181\" \/>Los colores y las dimensiones pueden personalizarse seg\u00fan las preferencias del cliente o las necesidades de la marca.<\/p>\n<\/li>\n<li data-start=\"1280\" data-end=\"1427\">\n<p data-start=\"1283\" data-end=\"1427\"><strong data-start=\"1283\" data-end=\"1301\">Ajuste regulable<\/strong><br data-start=\"1301\" data-end=\"1304\" \/>Las correas de los hombros y el pecho se han dise\u00f1ado para ajustarse a distintos tipos de cuerpo, lo que aumenta la comodidad durante el movimiento.<\/p>\n<\/li>\n<li data-start=\"1429\" data-end=\"1568\">\n<p data-start=\"1432\" data-end=\"1568\"><strong data-start=\"1432\" data-end=\"1459\">Rendimiento ligero<\/strong><br data-start=\"1459\" data-end=\"1462\" \/>Se ha hecho hincapi\u00e9 en la construcci\u00f3n ligera, lo que hace que la mochila sea adecuada para el ciclismo, el running y la escalada.<\/p>\n<\/li>\n<li data-start=\"1570\" data-end=\"1698\">\n<p data-start=\"1573\" data-end=\"1698\"><strong data-start=\"1573\" data-end=\"1598\">M\u00faltiples aplicaciones<\/strong><br data-start=\"1598\" data-end=\"1601\" \/>La mochila se ha adaptado para viajes, trabajo y uso diario, adem\u00e1s de para deportes al aire libre.<\/p>\n<\/li>\n<li data-start=\"1700\" data-end=\"1819\">\n<p data-start=\"1703\" data-end=\"1819\"><strong data-start=\"1703\" data-end=\"1724\">Asistencia OEM y ODM<\/strong><br data-start=\"1724\" data-end=\"1727\" \/>Se ha prestado apoyo a la personalizaci\u00f3n de marcas y a la producci\u00f3n a granel para satisfacer las necesidades de los mayoristas.<\/p>\n<\/li>\n<\/ol>\n<h2 data-start=\"1826\" data-end=\"1845\">Especificaciones<\/h2>\n<div class=\"_tableContainer_1rjym_1\">\n<div class=\"group _tableWrapper_1rjym_13 flex w-fit flex-col-reverse\" tabindex=\"-1\">\n<table class=\"w-fit min-w-(--thread-content-width)\" data-start=\"1847\" data-end=\"2768\">\n<thead data-start=\"1847\" data-end=\"1916\">\n<tr data-start=\"1847\" data-end=\"1916\">\n<th data-start=\"1847\" data-end=\"1870\" data-col-size=\"sm\"><strong data-start=\"1849\" data-end=\"1857\">Art\u00edculo<\/strong><\/th>\n<th data-start=\"1870\" data-end=\"1916\" data-col-size=\"sm\"><strong data-start=\"1872\" data-end=\"1887\">Descripci\u00f3n<\/strong><\/th>\n<\/tr>\n<\/thead>\n<tbody data-start=\"1988\" data-end=\"2768\">\n<tr data-start=\"1988\" data-end=\"2058\">\n<td data-start=\"1988\" data-end=\"2012\" data-col-size=\"sm\">Nombre del producto<\/td>\n<td data-col-size=\"sm\" data-start=\"2012\" data-end=\"2058\">Mochila de hidrataci\u00f3n t\u00e1ctica con vejiga<\/td>\n<\/tr>\n<tr data-start=\"2059\" data-end=\"2129\">\n<td data-start=\"2059\" data-end=\"2083\" data-col-size=\"sm\">Marca<\/td>\n<td data-col-size=\"sm\" data-start=\"2083\" data-end=\"2129\">RONEER<\/td>\n<\/tr>\n<tr data-start=\"2130\" data-end=\"2200\">\n<td data-start=\"2130\" data-end=\"2154\" data-col-size=\"sm\">Modelo<\/td>\n<td data-col-size=\"sm\" data-start=\"2154\" data-end=\"2200\">AL-2471<\/td>\n<\/tr>\n<tr data-start=\"2201\" data-end=\"2271\">\n<td data-start=\"2201\" data-end=\"2225\" data-col-size=\"sm\">Lugar de origen<\/td>\n<td data-col-size=\"sm\" data-start=\"2225\" data-end=\"2271\">Guangdong, China<\/td>\n<\/tr>\n<tr data-start=\"2272\" data-end=\"2342\">\n<td data-start=\"2272\" data-end=\"2296\" data-col-size=\"sm\">Capacidad<\/td>\n<td data-col-size=\"sm\" data-start=\"2296\" data-end=\"2342\">3 litros<\/td>\n<\/tr>\n<tr data-start=\"2343\" data-end=\"2413\">\n<td data-start=\"2343\" data-end=\"2367\" data-col-size=\"sm\">Material<\/td>\n<td data-col-size=\"sm\" data-start=\"2367\" data-end=\"2413\">PU (duradero, resistente al agua)<\/td>\n<\/tr>\n<tr data-start=\"2414\" data-end=\"2484\">\n<td data-start=\"2414\" data-end=\"2438\" data-col-size=\"sm\">Talla<\/td>\n<td data-start=\"2438\" data-end=\"2484\" data-col-size=\"sm\">17 \u00d7 4 \u00d7 45 cm \/ A medida<\/td>\n<\/tr>\n<tr data-start=\"2485\" data-end=\"2555\">\n<td data-start=\"2485\" data-end=\"2509\" data-col-size=\"sm\">Color<\/td>\n<td data-start=\"2509\" data-end=\"2555\" data-col-size=\"sm\">Personalizable<\/td>\n<\/tr>\n<tr data-start=\"2556\" data-end=\"2626\">\n<td data-start=\"2556\" data-end=\"2580\" data-col-size=\"sm\">Aplicaci\u00f3n<\/td>\n<td data-start=\"2580\" data-end=\"2626\" data-col-size=\"sm\">Ciclismo, Senderismo, Escalada, Bicicleta<\/td>\n<\/tr>\n<tr data-start=\"2627\" data-end=\"2697\">\n<td data-start=\"2627\" data-end=\"2651\" data-col-size=\"sm\">MOQ<\/td>\n<td data-start=\"2651\" data-end=\"2697\" data-col-size=\"sm\">300 piezas<\/td>\n<\/tr>\n<tr data-start=\"2698\" data-end=\"2768\">\n<td data-start=\"2698\" data-end=\"2722\" data-col-size=\"sm\">Caracter\u00edsticas<\/td>\n<td data-col-size=\"sm\" data-start=\"2722\" data-end=\"2768\">Duradera, ligera y port\u00e1til<\/td>\n<\/tr>\n<\/tbody>\n<\/table>\n<\/div>\n<\/div>\n<hr data-start=\"2770\" data-end=\"2773\" \/>\n<h2 data-start=\"2775\" data-end=\"2792\">Aplicaciones<\/h2>\n<ul data-start=\"2794\" data-end=\"3028\">\n<li data-start=\"2794\" data-end=\"2844\">\n<p data-start=\"2796\" data-end=\"2844\">Eventos ciclistas al aire libre y marchas de larga distancia<\/p>\n<\/li>\n<li data-start=\"2845\" data-end=\"2890\">\n<p data-start=\"2847\" data-end=\"2890\">Actividades de senderismo, trekking y escalada<\/p>\n<\/li>\n<li data-start=\"2891\" data-end=\"2923\">\n<p data-start=\"2893\" data-end=\"2923\">Correr y deportes de resistencia<\/p>\n<\/li>\n<\/ul>\n<p data-start=\"3035\" data-end=\"3200\">Si est\u00e1 interesado en esta mochila, p\u00f3ngase en contacto con nosotros para solicitar muestras. <strong data-start=\"3106\" data-end=\"3142\">Servicios ODM y OEM disponibles<\/strong> para satisfacer sus necesidades de personalizaci\u00f3n y pedidos al por mayor.<\/p>","protected":false},"excerpt":{"rendered":"<p>En <strong data-start=\"173\" data-end=\"214\">Mayorista Mochila de hidrataci\u00f3n t\u00e1ctica<\/strong> por <strong data-start=\"218\" data-end=\"228\">RONEER<\/strong> ha sido dise\u00f1ada para deportes al aire libre, ciclismo, senderismo, escalada y carrera. Se ha incluido una vejiga de hidrataci\u00f3n de 3 litros, lo que garantiza que se pueda transportar y acceder c\u00f3modamente a suficiente agua. Se ha utilizado material PU duradero para mejorar la resistencia y la longevidad, mientras que se han incorporado correas ajustables para permitir un ajuste c\u00f3modo. Con un dise\u00f1o elegante y opciones personalizables, esta mochila ha sido creada para satisfacer tanto las necesidades de rendimiento como de estilo durante las aventuras al aire libre.<\/p>","protected":false},"featured_media":3274,"comment_status":"open","ping_status":"closed","template":"","meta":{"site-sidebar-layout":"default","site-content-layout":"","ast-site-content-layout":"default","site-content-style":"default","site-sidebar-style":"default","ast-global-header-display":"","ast-banner-title-visibility":"","ast-main-header-display":"","ast-hfb-above-header-display":"","ast-hfb-below-header-display":"","ast-hfb-mobile-header-display":"","site-post-title":"","ast-breadcrumbs-content":"","ast-featured-img":"","footer-sml-layout":"","ast-disable-related-posts":"","theme-transparent-header-meta":"default","adv-header-id-meta":"","stick-header-meta":"","header-above-stick-meta":"","header-main-stick-meta":"","header-below-stick-meta":"","astra-migrate-meta-layouts":"set","ast-page-background-enabled":"default","ast-page-background-meta":{"desktop":{"background-color":"var(--ast-global-color-5)","background-image":"","background-repeat":"repeat","background-position":"center center","background-size":"auto","background-attachment":"scroll","background-type":"","background-media":"","overlay-type":"","overlay-color":"","overlay-opacity":"","overlay-gradient":""},"tablet":{"background-color":"","background-image":"","background-repeat":"repeat","background-position":"center center","background-size":"auto","background-attachment":"scroll","background-type":"","background-media":"","overlay-type":"","overlay-color":"","overlay-opacity":"","overlay-gradient":""},"mobile":{"background-color":"","background-image":"","background-repeat":"repeat","background-position":"center center","background-size":"auto","background-attachment":"scroll","background-type":"","background-media":"","overlay-type":"","overlay-color":"","overlay-opacity":"","overlay-gradient":""}},"ast-content-background-meta":{"desktop":{"background-color":"var(--ast-global-color-4)","background-image":"","background-repeat":"repeat","background-position":"center center","background-size":"auto","background-attachment":"scroll","background-type":"","background-media":"","overlay-type":"","overlay-color":"","overlay-opacity":"","overlay-gradient":""},"tablet":{"background-color":"var(--ast-global-color-4)","background-image":"","background-repeat":"repeat","background-position":"center center","background-size":"auto","background-attachment":"scroll","background-type":"","background-media":"","overlay-type":"","overlay-color":"","overlay-opacity":"","overlay-gradient":""},"mobile":{"background-color":"var(--ast-global-color-4)","background-image":"","background-repeat":"repeat","background-position":"center center","background-size":"auto","background-attachment":"scroll","background-type":"","background-media":"","overlay-type":"","overlay-color":"","overlay-opacity":"","overlay-gradient":""}}},"product_brand":[],"product_cat":[58],"product_tag":[],"class_list":{"0":"post-3271","1":"product","2":"type-product","3":"status-publish","4":"has-post-thumbnail","6":"product_cat-outdoor-bag","7":"desktop-align-left","8":"tablet-align-left","9":"mobile-align-left","11":"first","12":"instock","13":"shipping-taxable","14":"product-type-simple"},"_links":{"self":[{"href":"https:\/\/baijiabags.com\/es\/wp-json\/wp\/v2\/product\/3271","targetHints":{"allow":["GET"]}}],"collection":[{"href":"https:\/\/baijiabags.com\/es\/wp-json\/wp\/v2\/product"}],"about":[{"href":"https:\/\/baijiabags.com\/es\/wp-json\/wp\/v2\/types\/product"}],"replies":[{"embeddable":true,"href":"https:\/\/baijiabags.com\/es\/wp-json\/wp\/v2\/comments?post=3271"}],"wp:featuredmedia":[{"embeddable":true,"href":"https:\/\/baijiabags.com\/es\/wp-json\/wp\/v2\/media\/3274"}],"wp:attachment":[{"href":"https:\/\/baijiabags.com\/es\/wp-json\/wp\/v2\/media?parent=3271"}],"wp:term":[{"taxonomy":"product_brand","embeddable":true,"href":"https:\/\/baijiabags.com\/es\/wp-json\/wp\/v2\/product_brand?post=3271"},{"taxonomy":"product_cat","embeddable":true,"href":"https:\/\/baijiabags.com\/es\/wp-json\/wp\/v2\/product_cat?post=3271"},{"taxonomy":"product_tag","embeddable":true,"href":"https:\/\/baijiabags.com\/es\/wp-json\/wp\/v2\/product_tag?post=3271"}],"curies":[{"name":"wp","href":"https:\/\/api.w.org\/{rel}","templated":true}]}}