{"id":3252,"date":"2025-10-14T06:36:52","date_gmt":"2025-10-14T06:36:52","guid":{"rendered":"https:\/\/baijiabags.com\/?post_type=product&#038;p=3252"},"modified":"2025-11-01T01:21:34","modified_gmt":"2025-11-01T01:21:34","slug":"wholesale-womens-pu-leather-handbags-customizable-lightweight-durable-convertible-top-handle-crossbody","status":"publish","type":"product","link":"https:\/\/baijiabags.com\/es\/producto\/wholesale-womens-pu-leather-handbags-customizable-lightweight-durable-convertible-top-handle-crossbody\/","title":{"rendered":"Mayorista Bolsos de Mujer de Cuero PU - Personalizables, Ligeros y Duraderos, Convertibles en Asa Superior y Crossbody"},"content":{"rendered":"<h3 data-start=\"730\" data-end=\"748\">Caracter\u00edsticas principales<\/h3>\n<ol data-start=\"749\" data-end=\"1696\">\n<li data-start=\"749\" data-end=\"878\">\n<p data-start=\"752\" data-end=\"878\"><strong data-start=\"752\" data-end=\"777\">Material de alta calidad<\/strong> - Fabricado en duradera piel de PU, el bolso resiste el desgaste y mantiene un acabado suave y lujoso.<\/p>\n<\/li>\n<li data-start=\"879\" data-end=\"978\">\n<p data-start=\"882\" data-end=\"978\"><strong data-start=\"882\" data-end=\"904\">Dise\u00f1o ligero<\/strong> - Con un peso de s\u00f3lo 0,62 kg, es c\u00f3modo de llevar durante todo el d\u00eda.<\/p>\n<\/li>\n<li data-start=\"979\" data-end=\"1103\">\n<p data-start=\"982\" data-end=\"1103\"><strong data-start=\"982\" data-end=\"1003\">Estilo descapotable<\/strong> - Puede utilizarse como bolso cruzado o de mano, ofreciendo flexibilidad para diferentes ocasiones.<\/p>\n<\/li>\n<li data-start=\"1104\" data-end=\"1238\">\n<p data-start=\"1107\" data-end=\"1238\"><strong data-start=\"1107\" data-end=\"1132\">M\u00faltiples compartimentos<\/strong> - Cuenta con tres bolsillos interiores con cremallera, un compartimento principal y un bolsillo interior para un almacenamiento organizado.<\/p>\n<\/li>\n<li data-start=\"1239\" data-end=\"1374\">\n<p data-start=\"1242\" data-end=\"1374\"><strong data-start=\"1242\" data-end=\"1263\">Amplia capacidad<\/strong> - Adecuado para sujetar un iPad, un tel\u00e9fono m\u00f3vil, un paraguas plegable, cosm\u00e9ticos y otros objetos de uso frecuente.<\/p>\n<\/li>\n<li data-start=\"1375\" data-end=\"1470\">\n<p data-start=\"1378\" data-end=\"1470\"><strong data-start=\"1378\" data-end=\"1401\">Colores personalizables<\/strong> - Las opciones de color pueden adaptarse a las preferencias del cliente.<\/p>\n<\/li>\n<li data-start=\"1471\" data-end=\"1570\">\n<p data-start=\"1474\" data-end=\"1570\"><strong data-start=\"1474\" data-end=\"1498\">Construcci\u00f3n duradera<\/strong> - Construido para resistir el uso diario manteniendo su forma y estilo.<\/p>\n<\/li>\n<li data-start=\"1571\" data-end=\"1696\">\n<p data-start=\"1574\" data-end=\"1696\"><strong data-start=\"1574\" data-end=\"1600\">Aspecto moderno<\/strong> - Dise\u00f1ado con un aspecto moderno y elegante que complementa tanto los atuendos informales como los profesionales.<\/p>\n<\/li>\n<\/ol>\n<h2 data-start=\"1698\" data-end=\"1718\">Especificaciones<\/h2>\n<div class=\"_tableContainer_1rjym_1\">\n<div class=\"group _tableWrapper_1rjym_13 flex w-fit flex-col-reverse\" tabindex=\"-1\">\n<table class=\"w-fit min-w-(--thread-content-width)\" data-start=\"1720\" data-end=\"2204\">\n<thead data-start=\"1720\" data-end=\"1743\">\n<tr data-start=\"1720\" data-end=\"1743\">\n<th data-start=\"1720\" data-end=\"1732\" data-col-size=\"sm\">Par\u00e1metro<\/th>\n<th data-start=\"1732\" data-end=\"1743\" data-col-size=\"md\">Detalles<\/th>\n<\/tr>\n<\/thead>\n<tbody data-start=\"1768\" data-end=\"2204\">\n<tr data-start=\"1768\" data-end=\"1801\">\n<td data-start=\"1768\" data-end=\"1783\" data-col-size=\"sm\">Nombre del producto<\/td>\n<td data-start=\"1783\" data-end=\"1801\" data-col-size=\"md\">Bolso de se\u00f1ora<\/td>\n<\/tr>\n<tr data-start=\"1802\" data-end=\"1820\">\n<td data-start=\"1802\" data-end=\"1810\" data-col-size=\"sm\">Marca<\/td>\n<td data-start=\"1810\" data-end=\"1820\" data-col-size=\"md\">RONEER<\/td>\n<\/tr>\n<tr data-start=\"1821\" data-end=\"1850\">\n<td data-start=\"1821\" data-end=\"1830\" data-col-size=\"sm\">Origen<\/td>\n<td data-start=\"1830\" data-end=\"1850\" data-col-size=\"md\">Guangdong, China<\/td>\n<\/tr>\n<tr data-start=\"1851\" data-end=\"1870\">\n<td data-start=\"1851\" data-end=\"1859\" data-col-size=\"sm\">Modelo<\/td>\n<td data-start=\"1859\" data-end=\"1870\" data-col-size=\"md\">MB-9128<\/td>\n<\/tr>\n<tr data-start=\"1871\" data-end=\"1890\">\n<td data-start=\"1871\" data-end=\"1879\" data-col-size=\"sm\">Estilo<\/td>\n<td data-start=\"1879\" data-end=\"1890\" data-col-size=\"md\">Moda<\/td>\n<\/tr>\n<tr data-start=\"1891\" data-end=\"1916\">\n<td data-start=\"1891\" data-end=\"1902\" data-col-size=\"sm\">Material<\/td>\n<td data-start=\"1902\" data-end=\"1916\" data-col-size=\"md\">Cuero PU<\/td>\n<\/tr>\n<tr data-start=\"1917\" data-end=\"1937\">\n<td data-start=\"1917\" data-end=\"1926\" data-col-size=\"sm\">Peso<\/td>\n<td data-start=\"1926\" data-end=\"1937\" data-col-size=\"md\">0,62 kg<\/td>\n<\/tr>\n<tr data-start=\"1938\" data-end=\"1962\">\n<td data-start=\"1938\" data-end=\"1946\" data-col-size=\"sm\">Color<\/td>\n<td data-start=\"1946\" data-end=\"1962\" data-col-size=\"md\">Personalizable<\/td>\n<\/tr>\n<tr data-start=\"1963\" data-end=\"2007\">\n<td data-start=\"1963\" data-end=\"1981\" data-col-size=\"sm\">M\u00e9todo de transporte<\/td>\n<td data-start=\"1981\" data-end=\"2007\" data-col-size=\"md\">Crossbody \/ Para llevar en la mano<\/td>\n<\/tr>\n<tr data-start=\"2008\" data-end=\"2079\">\n<td data-start=\"2008\" data-end=\"2020\" data-col-size=\"sm\">Estructura<\/td>\n<td data-start=\"2020\" data-end=\"2079\" data-col-size=\"md\">Bolsillo interior con cremallera*3 \/ Compartimento principal \/ Bolsillo interior<\/td>\n<\/tr>\n<tr data-start=\"2080\" data-end=\"2171\">\n<td data-start=\"2080\" data-end=\"2091\" data-col-size=\"sm\">Capacidad<\/td>\n<td data-start=\"2091\" data-end=\"2171\" data-col-size=\"md\">iPad \/ Tel\u00e9fono m\u00f3vil \/ Paraguas plegable \/ Cosm\u00e9ticos \/ Otros art\u00edculos de uso diario<\/td>\n<\/tr>\n<tr data-start=\"2172\" data-end=\"2204\">\n<td data-start=\"2172\" data-end=\"2197\" data-col-size=\"sm\">Cantidad m\u00ednima de pedido<\/td>\n<td data-start=\"2197\" data-end=\"2204\" data-col-size=\"md\">300<\/td>\n<\/tr>\n<\/tbody>\n<\/table>\n<\/div>\n<\/div>\n<h2 data-start=\"2206\" data-end=\"2224\">Aplicaciones<\/h2>\n<ul data-start=\"2225\" data-end=\"2442\">\n<li data-start=\"2225\" data-end=\"2292\">\n<p data-start=\"2227\" data-end=\"2292\"><strong data-start=\"2227\" data-end=\"2237\">Viajar<\/strong> - Suficientemente compacto y espacioso para lo esencial de viaje.<\/p>\n<\/li>\n<li data-start=\"2293\" data-end=\"2356\">\n<p data-start=\"2295\" data-end=\"2356\"><strong data-start=\"2295\" data-end=\"2308\">Uso diario<\/strong> - Ideal para hacer recados o salidas diarias.<\/p>\n<\/li>\n<li data-start=\"2357\" data-end=\"2442\">\n<p data-start=\"2359\" data-end=\"2442\"><strong data-start=\"2359\" data-end=\"2367\">Trabajo<\/strong> - Adecuado para transportar art\u00edculos de oficina como tabletas y objetos personales.<\/p>\n<\/li>\n<\/ul>\n<p data-start=\"2444\" data-end=\"2631\">Si est\u00e1 interesado en este bolso, p\u00f3ngase en contacto con nosotros para solicitar muestras. <strong data-start=\"2521\" data-end=\"2543\">Servicios ODM y OEM<\/strong> y se pueden ofrecer opciones de personalizaci\u00f3n para satisfacer las necesidades de su empresa.<\/p>","protected":false},"excerpt":{"rendered":"<p>En <strong data-start=\"240\" data-end=\"281\">Bolso de se\u00f1ora RONEER (Modelo MB-9128)<\/strong> es un accesorio elegante y vers\u00e1til dise\u00f1ado para la mujer moderna. Fabricado en piel de PU de alta calidad, este bolso es ligero pero duradero, por lo que resulta pr\u00e1ctico sin renunciar a la elegancia. Su dise\u00f1o convertible permite usarlo como bolso de asa superior o cruzado, por lo que es adecuado para una gran variedad de ocasiones, como viajes, uso diario y trabajo. El bolso combina funcionalidad, moda y comodidad en un dise\u00f1o compacto.<\/p>","protected":false},"featured_media":3257,"comment_status":"open","ping_status":"closed","template":"","meta":{"site-sidebar-layout":"default","site-content-layout":"","ast-site-content-layout":"default","site-content-style":"default","site-sidebar-style":"default","ast-global-header-display":"","ast-banner-title-visibility":"","ast-main-header-display":"","ast-hfb-above-header-display":"","ast-hfb-below-header-display":"","ast-hfb-mobile-header-display":"","site-post-title":"","ast-breadcrumbs-content":"","ast-featured-img":"","footer-sml-layout":"","ast-disable-related-posts":"","theme-transparent-header-meta":"default","adv-header-id-meta":"","stick-header-meta":"","header-above-stick-meta":"","header-main-stick-meta":"","header-below-stick-meta":"","astra-migrate-meta-layouts":"set","ast-page-background-enabled":"default","ast-page-background-meta":{"desktop":{"background-color":"var(--ast-global-color-5)","background-image":"","background-repeat":"repeat","background-position":"center center","background-size":"auto","background-attachment":"scroll","background-type":"","background-media":"","overlay-type":"","overlay-color":"","overlay-opacity":"","overlay-gradient":""},"tablet":{"background-color":"","background-image":"","background-repeat":"repeat","background-position":"center center","background-size":"auto","background-attachment":"scroll","background-type":"","background-media":"","overlay-type":"","overlay-color":"","overlay-opacity":"","overlay-gradient":""},"mobile":{"background-color":"","background-image":"","background-repeat":"repeat","background-position":"center center","background-size":"auto","background-attachment":"scroll","background-type":"","background-media":"","overlay-type":"","overlay-color":"","overlay-opacity":"","overlay-gradient":""}},"ast-content-background-meta":{"desktop":{"background-color":"var(--ast-global-color-4)","background-image":"","background-repeat":"repeat","background-position":"center center","background-size":"auto","background-attachment":"scroll","background-type":"","background-media":"","overlay-type":"","overlay-color":"","overlay-opacity":"","overlay-gradient":""},"tablet":{"background-color":"var(--ast-global-color-4)","background-image":"","background-repeat":"repeat","background-position":"center center","background-size":"auto","background-attachment":"scroll","background-type":"","background-media":"","overlay-type":"","overlay-color":"","overlay-opacity":"","overlay-gradient":""},"mobile":{"background-color":"var(--ast-global-color-4)","background-image":"","background-repeat":"repeat","background-position":"center center","background-size":"auto","background-attachment":"scroll","background-type":"","background-media":"","overlay-type":"","overlay-color":"","overlay-opacity":"","overlay-gradient":""}}},"product_brand":[],"product_cat":[42,54],"product_tag":[],"class_list":{"0":"post-3252","1":"product","2":"type-product","3":"status-publish","4":"has-post-thumbnail","6":"product_cat-hand-bag","7":"product_cat-womens-bag","8":"desktop-align-left","9":"tablet-align-left","10":"mobile-align-left","12":"first","13":"instock","14":"shipping-taxable","15":"product-type-simple"},"_links":{"self":[{"href":"https:\/\/baijiabags.com\/es\/wp-json\/wp\/v2\/product\/3252","targetHints":{"allow":["GET"]}}],"collection":[{"href":"https:\/\/baijiabags.com\/es\/wp-json\/wp\/v2\/product"}],"about":[{"href":"https:\/\/baijiabags.com\/es\/wp-json\/wp\/v2\/types\/product"}],"replies":[{"embeddable":true,"href":"https:\/\/baijiabags.com\/es\/wp-json\/wp\/v2\/comments?post=3252"}],"wp:featuredmedia":[{"embeddable":true,"href":"https:\/\/baijiabags.com\/es\/wp-json\/wp\/v2\/media\/3257"}],"wp:attachment":[{"href":"https:\/\/baijiabags.com\/es\/wp-json\/wp\/v2\/media?parent=3252"}],"wp:term":[{"taxonomy":"product_brand","embeddable":true,"href":"https:\/\/baijiabags.com\/es\/wp-json\/wp\/v2\/product_brand?post=3252"},{"taxonomy":"product_cat","embeddable":true,"href":"https:\/\/baijiabags.com\/es\/wp-json\/wp\/v2\/product_cat?post=3252"},{"taxonomy":"product_tag","embeddable":true,"href":"https:\/\/baijiabags.com\/es\/wp-json\/wp\/v2\/product_tag?post=3252"}],"curies":[{"name":"wp","href":"https:\/\/api.w.org\/{rel}","templated":true}]}}