{"id":3116,"date":"2025-10-13T08:31:41","date_gmt":"2025-10-13T08:31:41","guid":{"rendered":"https:\/\/baijiabags.com\/?post_type=product&#038;p=3116"},"modified":"2025-11-01T01:21:34","modified_gmt":"2025-11-01T01:21:34","slug":"custom-women-pu-leather-shoulder-bag-multipurpose-backpack-tote-handbag-lightweight-wholesale-price","status":"publish","type":"product","link":"https:\/\/baijiabags.com\/es\/producto\/custom-women-pu-leather-shoulder-bag-multipurpose-backpack-tote-handbag-lightweight-wholesale-price\/","title":{"rendered":"Custom Women PU Leather Shoulder Bag - Multipurpose Backpack Tote Handbag, Lightweight, Wholesale Price"},"content":{"rendered":"<h2 data-start=\"674\" data-end=\"691\">Caracter\u00edsticas principales<\/h2>\n<ol data-start=\"693\" data-end=\"1835\">\n<li data-start=\"693\" data-end=\"848\">\n<p data-start=\"696\" data-end=\"848\"><strong data-start=\"696\" data-end=\"724\">Construcci\u00f3n ligera:<\/strong>Un peso total de s\u00f3lo <strong data-start=\"753\" data-end=\"764\">0,41 kg<\/strong> que permite llevar la bolsa sin esfuerzo durante todo el d\u00eda.<\/p>\n<\/li>\n<li data-start=\"850\" data-end=\"987\">\n<p data-start=\"853\" data-end=\"987\"><strong data-start=\"853\" data-end=\"875\">Cuero de PU duradero:<\/strong>Se ha utilizado cuero PU de primera calidad, que ofrece tanto una textura suave como una resistencia duradera al desgaste.<\/p>\n<\/li>\n<li data-start=\"989\" data-end=\"1141\">\n<p data-start=\"992\" data-end=\"1141\"><strong data-start=\"992\" data-end=\"1013\">Uso convertible:<\/strong>La bolsa se ha dise\u00f1ado para <strong data-start=\"1049\" data-end=\"1062\">crossbody<\/strong> uso, <strong data-start=\"1068\" data-end=\"1082\">llevar en la mano<\/strong>o <strong data-start=\"1087\" data-end=\"1104\">desgaste de hombros<\/strong>que ofrece opciones de transporte flexibles.<\/p>\n<\/li>\n<li data-start=\"1143\" data-end=\"1290\">\n<p data-start=\"1146\" data-end=\"1290\"><strong data-start=\"1146\" data-end=\"1167\">Amplia capacidad:<\/strong>Se ha asignado espacio para <strong data-start=\"1202\" data-end=\"1254\">iPad, tel\u00e9fono m\u00f3vil, paraguas plegable, cosm\u00e9ticos<\/strong>y otros art\u00edculos de uso frecuente.<\/p>\n<\/li>\n<li data-start=\"1292\" data-end=\"1450\">\n<p data-start=\"1295\" data-end=\"1450\"><strong data-start=\"1295\" data-end=\"1318\">Estructura organizada:<\/strong>En <strong data-start=\"1327\" data-end=\"1355\">bolsillo interior con cremallera (x2)<\/strong>, a <strong data-start=\"1359\" data-end=\"1379\">compartimento principal<\/strong>y <strong data-start=\"1385\" data-end=\"1406\">dos bolsillos interiores<\/strong> se han incluido para un almacenamiento organizado.<\/p>\n<\/li>\n<li data-start=\"1452\" data-end=\"1573\">\n<p data-start=\"1455\" data-end=\"1573\"><strong data-start=\"1455\" data-end=\"1478\">Colores personalizables:<\/strong>El color exterior se ha hecho personalizable para satisfacer los requisitos de mayoristas y marcas.<\/p>\n<\/li>\n<li data-start=\"1575\" data-end=\"1691\">\n<p data-start=\"1578\" data-end=\"1691\"><strong data-start=\"1578\" data-end=\"1600\">Dise\u00f1o a la moda:<\/strong>Se ha creado una apariencia elegante para complementar tanto conjuntos informales como formales.<\/p>\n<\/li>\n<li data-start=\"1693\" data-end=\"1835\">\n<p data-start=\"1696\" data-end=\"1835\"><strong data-start=\"1696\" data-end=\"1715\">Listo para la venta al por mayor:<\/strong>A <strong data-start=\"1723\" data-end=\"1769\">cantidad m\u00ednima de pedido (MOQ) de 300 piezas<\/strong> que apoya las compras al por mayor y a granel.<\/p>\n<\/li>\n<\/ol>\n<h2 data-start=\"1842\" data-end=\"1861\">Especificaciones<\/h2>\n<div class=\"_tableContainer_1rjym_1\">\n<div class=\"group _tableWrapper_1rjym_13 flex w-fit flex-col-reverse\" tabindex=\"-1\">\n<table class=\"w-fit min-w-(--thread-content-width)\" data-start=\"1863\" data-end=\"2932\">\n<thead data-start=\"1863\" data-end=\"1929\">\n<tr data-start=\"1863\" data-end=\"1929\">\n<th data-start=\"1863\" data-end=\"1887\" data-col-size=\"sm\"><strong data-start=\"1865\" data-end=\"1873\">Art\u00edculo<\/strong><\/th>\n<th data-start=\"1887\" data-end=\"1929\" data-col-size=\"md\"><strong data-start=\"1889\" data-end=\"1900\">Detalles<\/strong><\/th>\n<\/tr>\n<\/thead>\n<tbody data-start=\"1998\" data-end=\"2932\">\n<tr data-start=\"1998\" data-end=\"2065\">\n<td data-start=\"1998\" data-end=\"2023\" data-col-size=\"sm\">Nombre del producto<\/td>\n<td data-col-size=\"md\" data-start=\"2023\" data-end=\"2065\">Bolso de se\u00f1ora \/ Tote multiusos<\/td>\n<\/tr>\n<tr data-start=\"2066\" data-end=\"2133\">\n<td data-start=\"2066\" data-end=\"2091\" data-col-size=\"sm\">Marca<\/td>\n<td data-col-size=\"md\" data-start=\"2091\" data-end=\"2133\">RONEER<\/td>\n<\/tr>\n<tr data-start=\"2134\" data-end=\"2201\">\n<td data-start=\"2134\" data-end=\"2159\" data-col-size=\"sm\">N\u00famero de modelo<\/td>\n<td data-col-size=\"md\" data-start=\"2159\" data-end=\"2201\">GB-5734<\/td>\n<\/tr>\n<tr data-start=\"2202\" data-end=\"2269\">\n<td data-start=\"2202\" data-end=\"2227\" data-col-size=\"sm\">Origen<\/td>\n<td data-col-size=\"md\" data-start=\"2227\" data-end=\"2269\">Guangdong, China<\/td>\n<\/tr>\n<tr data-start=\"2270\" data-end=\"2337\">\n<td data-start=\"2270\" data-end=\"2295\" data-col-size=\"sm\">Estilo<\/td>\n<td data-col-size=\"md\" data-start=\"2295\" data-end=\"2337\">Moda<\/td>\n<\/tr>\n<tr data-start=\"2338\" data-end=\"2405\">\n<td data-start=\"2338\" data-end=\"2363\" data-col-size=\"sm\">Material<\/td>\n<td data-start=\"2363\" data-end=\"2405\" data-col-size=\"md\">Cuero PU<\/td>\n<\/tr>\n<tr data-start=\"2406\" data-end=\"2473\">\n<td data-start=\"2406\" data-end=\"2431\" data-col-size=\"sm\">Peso<\/td>\n<td data-col-size=\"md\" data-start=\"2431\" data-end=\"2473\">0,41 kg<\/td>\n<\/tr>\n<tr data-start=\"2474\" data-end=\"2562\">\n<td data-start=\"2474\" data-end=\"2499\" data-col-size=\"sm\">Estructura<\/td>\n<td data-col-size=\"md\" data-start=\"2499\" data-end=\"2562\">Bolsillo interior con cremallera x2, compartimento principal, bolsillo interior x2<\/td>\n<\/tr>\n<tr data-start=\"2563\" data-end=\"2660\">\n<td data-start=\"2563\" data-end=\"2588\" data-col-size=\"sm\">Capacidad<\/td>\n<td data-col-size=\"md\" data-start=\"2588\" data-end=\"2660\">iPad, tel\u00e9fono m\u00f3vil, paraguas plegable, cosm\u00e9ticos, art\u00edculos de uso diario<\/td>\n<\/tr>\n<tr data-start=\"2661\" data-end=\"2728\">\n<td data-start=\"2661\" data-end=\"2686\" data-col-size=\"sm\">Opciones de color<\/td>\n<td data-col-size=\"md\" data-start=\"2686\" data-end=\"2728\">Personalizable<\/td>\n<\/tr>\n<tr data-start=\"2729\" data-end=\"2796\">\n<td data-start=\"2729\" data-end=\"2754\" data-col-size=\"sm\">M\u00e9todos de transporte<\/td>\n<td data-col-size=\"md\" data-start=\"2754\" data-end=\"2796\">Crossbody \/ Bolso de mano \/ Bandolera<\/td>\n<\/tr>\n<tr data-start=\"2797\" data-end=\"2864\">\n<td data-start=\"2797\" data-end=\"2822\" data-col-size=\"sm\">MOQ<\/td>\n<td data-col-size=\"md\" data-start=\"2822\" data-end=\"2864\">300 piezas<\/td>\n<\/tr>\n<tr data-start=\"2865\" data-end=\"2932\">\n<td data-start=\"2865\" data-end=\"2890\" data-col-size=\"sm\">Caracter\u00edstica<\/td>\n<td data-col-size=\"md\" data-start=\"2890\" data-end=\"2932\">Duradero y ligero<\/td>\n<\/tr>\n<\/tbody>\n<\/table>\n<\/div>\n<\/div>\n<h2 data-start=\"2939\" data-end=\"2956\">Aplicaciones<\/h2>\n<ul data-start=\"2958\" data-end=\"3439\">\n<li data-start=\"2958\" data-end=\"3038\">\n<p data-start=\"2960\" data-end=\"3038\"><strong data-start=\"2960\" data-end=\"2973\">Uso diario<\/strong> - La bolsa est\u00e1 preparada para las actividades cotidianas.<\/p>\n<\/li>\n<li data-start=\"3039\" data-end=\"3140\">\n<p data-start=\"3041\" data-end=\"3140\"><strong data-start=\"3041\" data-end=\"3049\">Trabajo<\/strong> - Se ha mantenido un aspecto profesional al tiempo que se garantiza la capacidad para lo esencial de oficina.<\/p>\n<\/li>\n<li data-start=\"3141\" data-end=\"3238\">\n<p data-start=\"3143\" data-end=\"3238\"><strong data-start=\"3143\" data-end=\"3153\">Viajar<\/strong> - Su peso compacto y su estructura organizada permiten viajar c\u00f3modamente.<\/p>\n<\/li>\n<li data-start=\"3239\" data-end=\"3326\">\n<p data-start=\"3241\" data-end=\"3326\"><strong data-start=\"3241\" data-end=\"3263\">Compras y ocio<\/strong> - Su dise\u00f1o a la moda es ideal para salidas informales.<\/p>\n<\/li>\n<li data-start=\"3327\" data-end=\"3439\">\n<p data-start=\"3329\" data-end=\"3439\"><strong data-start=\"3329\" data-end=\"3338\">Regalos<\/strong> - Se ha habilitado la posibilidad de personalizar la marca, lo que hace que la bolsa sea ideal para fines promocionales o de venta al por menor.<\/p>\n<\/li>\n<\/ul>\n<p data-start=\"3446\" data-end=\"3644\">Si le interesa <strong data-start=\"3476\" data-end=\"3523\">RONEER Bolso de hombro de cuero de PU de encargo de las mujeres<\/strong>P\u00f3ngase en contacto con nosotros para solicitar muestras. <strong data-start=\"3563\" data-end=\"3585\">Servicios ODM y OEM<\/strong> son compatibles con sus requisitos de marca y venta al por mayor.<\/p>","protected":false},"excerpt":{"rendered":"<p>En <strong data-start=\"155\" data-end=\"232\">Personalizado Mujeres PU Bolsa de hombro de cuero - Multiusos Mochila Tote Bolso<\/strong> por <strong data-start=\"236\" data-end=\"246\">RONEER<\/strong> se ha dise\u00f1ado como un accesorio de moda vers\u00e1til y ligero. Se ha creado con piel de PU de alta calidad, lo que garantiza su durabilidad y comodidad para el d\u00eda a d\u00eda. El bolso se ha confeccionado para combinar un estilo moderno con funciones pr\u00e1cticas, por lo que resulta adecuado para las actividades diarias, el trabajo y los viajes. Se ha incorporado una estructura equilibrada y se han dispuesto m\u00faltiples compartimentos para guardar con seguridad las pertenencias esenciales.<\/p>","protected":false},"featured_media":3117,"comment_status":"open","ping_status":"closed","template":"","meta":{"site-sidebar-layout":"default","site-content-layout":"","ast-site-content-layout":"default","site-content-style":"default","site-sidebar-style":"default","ast-global-header-display":"","ast-banner-title-visibility":"","ast-main-header-display":"","ast-hfb-above-header-display":"","ast-hfb-below-header-display":"","ast-hfb-mobile-header-display":"","site-post-title":"","ast-breadcrumbs-content":"","ast-featured-img":"","footer-sml-layout":"","ast-disable-related-posts":"","theme-transparent-header-meta":"default","adv-header-id-meta":"","stick-header-meta":"","header-above-stick-meta":"","header-main-stick-meta":"","header-below-stick-meta":"","astra-migrate-meta-layouts":"set","ast-page-background-enabled":"default","ast-page-background-meta":{"desktop":{"background-color":"var(--ast-global-color-5)","background-image":"","background-repeat":"repeat","background-position":"center center","background-size":"auto","background-attachment":"scroll","background-type":"","background-media":"","overlay-type":"","overlay-color":"","overlay-opacity":"","overlay-gradient":""},"tablet":{"background-color":"","background-image":"","background-repeat":"repeat","background-position":"center center","background-size":"auto","background-attachment":"scroll","background-type":"","background-media":"","overlay-type":"","overlay-color":"","overlay-opacity":"","overlay-gradient":""},"mobile":{"background-color":"","background-image":"","background-repeat":"repeat","background-position":"center center","background-size":"auto","background-attachment":"scroll","background-type":"","background-media":"","overlay-type":"","overlay-color":"","overlay-opacity":"","overlay-gradient":""}},"ast-content-background-meta":{"desktop":{"background-color":"var(--ast-global-color-4)","background-image":"","background-repeat":"repeat","background-position":"center center","background-size":"auto","background-attachment":"scroll","background-type":"","background-media":"","overlay-type":"","overlay-color":"","overlay-opacity":"","overlay-gradient":""},"tablet":{"background-color":"var(--ast-global-color-4)","background-image":"","background-repeat":"repeat","background-position":"center center","background-size":"auto","background-attachment":"scroll","background-type":"","background-media":"","overlay-type":"","overlay-color":"","overlay-opacity":"","overlay-gradient":""},"mobile":{"background-color":"var(--ast-global-color-4)","background-image":"","background-repeat":"repeat","background-position":"center center","background-size":"auto","background-attachment":"scroll","background-type":"","background-media":"","overlay-type":"","overlay-color":"","overlay-opacity":"","overlay-gradient":""}}},"product_brand":[],"product_cat":[42,54],"product_tag":[],"class_list":{"0":"post-3116","1":"product","2":"type-product","3":"status-publish","4":"has-post-thumbnail","6":"product_cat-hand-bag","7":"product_cat-womens-bag","8":"desktop-align-left","9":"tablet-align-left","10":"mobile-align-left","12":"first","13":"instock","14":"shipping-taxable","15":"product-type-simple"},"_links":{"self":[{"href":"https:\/\/baijiabags.com\/es\/wp-json\/wp\/v2\/product\/3116","targetHints":{"allow":["GET"]}}],"collection":[{"href":"https:\/\/baijiabags.com\/es\/wp-json\/wp\/v2\/product"}],"about":[{"href":"https:\/\/baijiabags.com\/es\/wp-json\/wp\/v2\/types\/product"}],"replies":[{"embeddable":true,"href":"https:\/\/baijiabags.com\/es\/wp-json\/wp\/v2\/comments?post=3116"}],"wp:featuredmedia":[{"embeddable":true,"href":"https:\/\/baijiabags.com\/es\/wp-json\/wp\/v2\/media\/3117"}],"wp:attachment":[{"href":"https:\/\/baijiabags.com\/es\/wp-json\/wp\/v2\/media?parent=3116"}],"wp:term":[{"taxonomy":"product_brand","embeddable":true,"href":"https:\/\/baijiabags.com\/es\/wp-json\/wp\/v2\/product_brand?post=3116"},{"taxonomy":"product_cat","embeddable":true,"href":"https:\/\/baijiabags.com\/es\/wp-json\/wp\/v2\/product_cat?post=3116"},{"taxonomy":"product_tag","embeddable":true,"href":"https:\/\/baijiabags.com\/es\/wp-json\/wp\/v2\/product_tag?post=3116"}],"curies":[{"name":"wp","href":"https:\/\/api.w.org\/{rel}","templated":true}]}}