{"id":3107,"date":"2025-10-13T01:53:18","date_gmt":"2025-10-13T01:53:18","guid":{"rendered":"https:\/\/baijiabags.com\/?post_type=product&#038;p=3107"},"modified":"2025-10-13T01:53:19","modified_gmt":"2025-10-13T01:53:19","slug":"womens-long-genuine-leather-wallet-cute-multi-color-rfid-purse-with-button-tassel-custom-logo","status":"publish","type":"product","link":"https:\/\/baijiabags.com\/es\/producto\/womens-long-genuine-leather-wallet-cute-multi-color-rfid-purse-with-button-tassel-custom-logo\/","title":{"rendered":"Cartera larga de piel aut\u00e9ntica para mujer - Bonito monedero RFID multicolor con bot\u00f3n, borla y logotipo personalizado"},"content":{"rendered":"<h2 data-start=\"1002\" data-end=\"1019\">Caracter\u00edsticas principales<\/h2>\n<ol data-start=\"1021\" data-end=\"1849\">\n<li data-start=\"1021\" data-end=\"1136\">\n<p data-start=\"1024\" data-end=\"1136\"><strong data-start=\"1024\" data-end=\"1056\">Piel aut\u00e9ntica<\/strong> - Se ha seleccionado piel de primera calidad para conseguir una textura duradera y lujosa.<\/p>\n<\/li>\n<li data-start=\"1137\" data-end=\"1249\">\n<p data-start=\"1140\" data-end=\"1249\"><strong data-start=\"1140\" data-end=\"1159\">Protecci\u00f3n RFID<\/strong> - Se ha incorporado un revestimiento avanzado para bloquear el escaneado no autorizado de tarjetas de cr\u00e9dito.<\/p>\n<\/li>\n<li data-start=\"1250\" data-end=\"1341\">\n<p data-start=\"1253\" data-end=\"1341\"><strong data-start=\"1253\" data-end=\"1276\">Opciones de logotipo personalizado<\/strong> - La marca puede aplicarse mediante la colocaci\u00f3n de un logotipo personalizado.<\/p>\n<\/li>\n<li data-start=\"1342\" data-end=\"1442\">\n<p data-start=\"1345\" data-end=\"1442\"><strong data-start=\"1345\" data-end=\"1366\">Decoraci\u00f3n con borlas<\/strong> - Se ha incluido un elegante accesorio de borla para realzar el atractivo de la moda.<\/p>\n<\/li>\n<li data-start=\"1443\" data-end=\"1555\">\n<p data-start=\"1446\" data-end=\"1555\"><strong data-start=\"1446\" data-end=\"1473\">Dise\u00f1o multifuncional<\/strong> - Dinero en efectivo, monedas, documentos de identidad y varias tarjetas pueden guardarse en compartimentos organizados.<\/p>\n<\/li>\n<li data-start=\"1556\" data-end=\"1652\">\n<p data-start=\"1559\" data-end=\"1652\"><strong data-start=\"1559\" data-end=\"1585\">Impermeable y duradero<\/strong> - Los materiales han sido tratados para resistir el desgaste diario y la humedad.<\/p>\n<\/li>\n<li data-start=\"1653\" data-end=\"1744\">\n<p data-start=\"1656\" data-end=\"1744\"><strong data-start=\"1656\" data-end=\"1681\">Cierre de bot\u00f3n seguro<\/strong> - Se ha instalado un bot\u00f3n fiable para mantener a salvo las pertenencias.<\/p>\n<\/li>\n<li data-start=\"1745\" data-end=\"1849\">\n<p data-start=\"1748\" data-end=\"1849\"><strong data-start=\"1748\" data-end=\"1771\">Personalizaci\u00f3n del color<\/strong> - Se han puesto a disposici\u00f3n varios colores seg\u00fan las preferencias del cliente.<\/p>\n<\/li>\n<\/ol>\n<p><img fetchpriority=\"high\" decoding=\"async\" class=\"aligncenter wp-image-3108\" src=\"https:\/\/baijiabags.com\/wp-content\/uploads\/2025\/10\/1-1-3-700x1024.png\" alt=\"Women\u2019s Long Genuine Leather Wallet \u2013 Cute Multi-Color RFID Purse with Button, Tassel &amp; Custom Logo\" width=\"573\" height=\"838\" srcset=\"https:\/\/baijiabags.com\/wp-content\/uploads\/2025\/10\/1-1-3-700x1024.png 700w, https:\/\/baijiabags.com\/wp-content\/uploads\/2025\/10\/1-1-3-205x300.png 205w, https:\/\/baijiabags.com\/wp-content\/uploads\/2025\/10\/1-1-3-8x12.png 8w, https:\/\/baijiabags.com\/wp-content\/uploads\/2025\/10\/1-1-3-600x878.png 600w, https:\/\/baijiabags.com\/wp-content\/uploads\/2025\/10\/1-1-3.png 750w\" sizes=\"(max-width: 573px) 100vw, 573px\" \/><\/p>\n<h2 data-start=\"1856\" data-end=\"1875\">Especificaciones<\/h2>\n<div class=\"_tableContainer_1rjym_1\">\n<div class=\"group _tableWrapper_1rjym_13 flex w-fit flex-col-reverse\" tabindex=\"-1\">\n<table class=\"w-fit min-w-(--thread-content-width)\" data-start=\"1877\" data-end=\"2880\">\n<thead data-start=\"1877\" data-end=\"1942\">\n<tr data-start=\"1877\" data-end=\"1942\">\n<th data-start=\"1877\" data-end=\"1901\" data-col-size=\"sm\"><strong data-start=\"1879\" data-end=\"1887\">Art\u00edculo<\/strong><\/th>\n<th data-start=\"1901\" data-end=\"1942\" data-col-size=\"sm\"><strong data-start=\"1903\" data-end=\"1914\">Detalles<\/strong><\/th>\n<\/tr>\n<\/thead>\n<tbody data-start=\"2010\" data-end=\"2880\">\n<tr data-start=\"2010\" data-end=\"2076\">\n<td data-start=\"2010\" data-end=\"2035\" data-col-size=\"sm\">Nombre del producto<\/td>\n<td data-col-size=\"sm\" data-start=\"2035\" data-end=\"2076\">Billetero largo de piel aut\u00e9ntica para mujer<\/td>\n<\/tr>\n<tr data-start=\"2077\" data-end=\"2143\">\n<td data-start=\"2077\" data-end=\"2102\" data-col-size=\"sm\">Marca<\/td>\n<td data-start=\"2102\" data-end=\"2143\" data-col-size=\"sm\">RONEER<\/td>\n<\/tr>\n<tr data-start=\"2144\" data-end=\"2210\">\n<td data-start=\"2144\" data-end=\"2169\" data-col-size=\"sm\">Modelo<\/td>\n<td data-col-size=\"sm\" data-start=\"2169\" data-end=\"2210\">AL-2250<\/td>\n<\/tr>\n<tr data-start=\"2211\" data-end=\"2277\">\n<td data-start=\"2211\" data-end=\"2236\" data-col-size=\"sm\">Origen<\/td>\n<td data-start=\"2236\" data-end=\"2277\" data-col-size=\"sm\">Guangdong, China<\/td>\n<\/tr>\n<tr data-start=\"2278\" data-end=\"2344\">\n<td data-start=\"2278\" data-end=\"2303\" data-col-size=\"sm\">Material<\/td>\n<td data-start=\"2303\" data-end=\"2344\" data-col-size=\"sm\">Piel aut\u00e9ntica + forro de PU<\/td>\n<\/tr>\n<tr data-start=\"2345\" data-end=\"2411\">\n<td data-start=\"2345\" data-end=\"2370\" data-col-size=\"sm\">G\u00e9nero<\/td>\n<td data-start=\"2370\" data-end=\"2411\" data-col-size=\"sm\">Mujeres<\/td>\n<\/tr>\n<tr data-start=\"2412\" data-end=\"2478\">\n<td data-start=\"2412\" data-end=\"2437\" data-col-size=\"sm\">Estilo<\/td>\n<td data-start=\"2437\" data-end=\"2478\" data-col-size=\"sm\">Moda \/ Multifuncional<\/td>\n<\/tr>\n<tr data-start=\"2479\" data-end=\"2545\">\n<td data-start=\"2479\" data-end=\"2504\" data-col-size=\"sm\">Color<\/td>\n<td data-start=\"2504\" data-end=\"2545\" data-col-size=\"sm\">Personalizable<\/td>\n<\/tr>\n<tr data-start=\"2546\" data-end=\"2612\">\n<td data-start=\"2546\" data-end=\"2571\" data-col-size=\"sm\">Caracter\u00edsticas<\/td>\n<td data-start=\"2571\" data-end=\"2612\" data-col-size=\"sm\">Resistente, impermeable y con protecci\u00f3n RFID<\/td>\n<\/tr>\n<tr data-start=\"2613\" data-end=\"2679\">\n<td data-start=\"2613\" data-end=\"2638\" data-col-size=\"sm\">MOQ<\/td>\n<td data-start=\"2638\" data-end=\"2679\" data-col-size=\"sm\">300 piezas<\/td>\n<\/tr>\n<tr data-start=\"2680\" data-end=\"2746\">\n<td data-start=\"2680\" data-end=\"2705\" data-col-size=\"sm\">Cierre<\/td>\n<td data-start=\"2705\" data-end=\"2746\" data-col-size=\"sm\">Bot\u00f3n con adorno de borla<\/td>\n<\/tr>\n<tr data-start=\"2747\" data-end=\"2813\">\n<td data-start=\"2747\" data-end=\"2772\" data-col-size=\"sm\">Dimensiones<\/td>\n<td data-start=\"2772\" data-end=\"2813\" data-col-size=\"sm\">Aprox. 19 cm x 9,5 cm x 3 cm<\/td>\n<\/tr>\n<tr data-start=\"2814\" data-end=\"2880\">\n<td data-start=\"2814\" data-end=\"2839\" data-col-size=\"sm\">Peso<\/td>\n<td data-start=\"2839\" data-end=\"2880\" data-col-size=\"sm\">Alrededor de 0,25 kg<\/td>\n<\/tr>\n<\/tbody>\n<\/table>\n<\/div>\n<\/div>\n<h2 data-start=\"2887\" data-end=\"2904\">Aplicaciones<\/h2>\n<ul data-start=\"2906\" data-end=\"3335\">\n<li data-start=\"2906\" data-end=\"2991\">\n<p data-start=\"2908\" data-end=\"2991\">El monedero se ha aplicado ampliamente para <strong data-start=\"2947\" data-end=\"2960\">uso diario<\/strong> gracias a su dise\u00f1o vers\u00e1til.<\/p>\n<\/li>\n<li data-start=\"2992\" data-end=\"3069\">\n<p data-start=\"2994\" data-end=\"3069\">Se ha utilizado como <strong data-start=\"3020\" data-end=\"3035\">tarjetero<\/strong> para m\u00faltiples tarjetas bancarias y de identidad.<\/p>\n<\/li>\n<li data-start=\"3070\" data-end=\"3149\">\n<p data-start=\"3072\" data-end=\"3149\">El almacenamiento de efectivo se ha organizado convenientemente mediante amplios compartimentos.<\/p>\n<\/li>\n<li data-start=\"3150\" data-end=\"3246\">\n<p data-start=\"3152\" data-end=\"3246\">Se ha utilizado como <strong data-start=\"3174\" data-end=\"3195\">accesorio de moda<\/strong> que complementa tanto los atuendos informales como los formales.<\/p>\n<\/li>\n<li data-start=\"3247\" data-end=\"3335\">\n<p data-start=\"3249\" data-end=\"3335\">Se han preparado versiones de marca para <strong data-start=\"3289\" data-end=\"3332\">regalos de empresa o con fines promocionales<\/strong>.<\/p>\n<\/li>\n<\/ul>\n<p data-start=\"3342\" data-end=\"3520\">Si ha mostrado inter\u00e9s por esta cartera, puede solicitar muestras. <strong data-start=\"3411\" data-end=\"3447\">Se admiten servicios ODM y OEM<\/strong>y se pueden ofrecer dise\u00f1os personalizados para satisfacer los requisitos de la marca.<\/p>","protected":false},"excerpt":{"rendered":"<p>En <strong data-start=\"275\" data-end=\"314\">Billetero largo de piel aut\u00e9ntica para mujer<\/strong> por <strong data-start=\"318\" data-end=\"328\">RONEER<\/strong> se ha elaborado pensando tanto en la elegancia como en la utilidad diaria. Se ha aplicado un dise\u00f1o multicolor y se ha a\u00f1adido un detalle de borla para realzar su aspecto moderno. La cartera est\u00e1 equipada con <strong data-start=\"544\" data-end=\"572\">Tecnolog\u00eda de bloqueo RFID<\/strong> para proteger de forma segura la informaci\u00f3n personal y financiera.<\/p>","protected":false},"featured_media":3110,"comment_status":"open","ping_status":"closed","template":"","meta":{"site-sidebar-layout":"default","site-content-layout":"","ast-site-content-layout":"default","site-content-style":"default","site-sidebar-style":"default","ast-global-header-display":"","ast-banner-title-visibility":"","ast-main-header-display":"","ast-hfb-above-header-display":"","ast-hfb-below-header-display":"","ast-hfb-mobile-header-display":"","site-post-title":"","ast-breadcrumbs-content":"","ast-featured-img":"","footer-sml-layout":"","ast-disable-related-posts":"","theme-transparent-header-meta":"default","adv-header-id-meta":"","stick-header-meta":"","header-above-stick-meta":"","header-main-stick-meta":"","header-below-stick-meta":"","astra-migrate-meta-layouts":"set","ast-page-background-enabled":"default","ast-page-background-meta":{"desktop":{"background-color":"var(--ast-global-color-5)","background-image":"","background-repeat":"repeat","background-position":"center center","background-size":"auto","background-attachment":"scroll","background-type":"","background-media":"","overlay-type":"","overlay-color":"","overlay-opacity":"","overlay-gradient":""},"tablet":{"background-color":"","background-image":"","background-repeat":"repeat","background-position":"center center","background-size":"auto","background-attachment":"scroll","background-type":"","background-media":"","overlay-type":"","overlay-color":"","overlay-opacity":"","overlay-gradient":""},"mobile":{"background-color":"","background-image":"","background-repeat":"repeat","background-position":"center center","background-size":"auto","background-attachment":"scroll","background-type":"","background-media":"","overlay-type":"","overlay-color":"","overlay-opacity":"","overlay-gradient":""}},"ast-content-background-meta":{"desktop":{"background-color":"var(--ast-global-color-4)","background-image":"","background-repeat":"repeat","background-position":"center center","background-size":"auto","background-attachment":"scroll","background-type":"","background-media":"","overlay-type":"","overlay-color":"","overlay-opacity":"","overlay-gradient":""},"tablet":{"background-color":"var(--ast-global-color-4)","background-image":"","background-repeat":"repeat","background-position":"center center","background-size":"auto","background-attachment":"scroll","background-type":"","background-media":"","overlay-type":"","overlay-color":"","overlay-opacity":"","overlay-gradient":""},"mobile":{"background-color":"var(--ast-global-color-4)","background-image":"","background-repeat":"repeat","background-position":"center center","background-size":"auto","background-attachment":"scroll","background-type":"","background-media":"","overlay-type":"","overlay-color":"","overlay-opacity":"","overlay-gradient":""}}},"product_brand":[],"product_cat":[55],"product_tag":[],"class_list":{"0":"post-3107","1":"product","2":"type-product","3":"status-publish","4":"has-post-thumbnail","6":"product_cat-wallets-card-holder","7":"desktop-align-left","8":"tablet-align-left","9":"mobile-align-left","11":"first","12":"instock","13":"shipping-taxable","14":"product-type-simple"},"_links":{"self":[{"href":"https:\/\/baijiabags.com\/es\/wp-json\/wp\/v2\/product\/3107","targetHints":{"allow":["GET"]}}],"collection":[{"href":"https:\/\/baijiabags.com\/es\/wp-json\/wp\/v2\/product"}],"about":[{"href":"https:\/\/baijiabags.com\/es\/wp-json\/wp\/v2\/types\/product"}],"replies":[{"embeddable":true,"href":"https:\/\/baijiabags.com\/es\/wp-json\/wp\/v2\/comments?post=3107"}],"wp:featuredmedia":[{"embeddable":true,"href":"https:\/\/baijiabags.com\/es\/wp-json\/wp\/v2\/media\/3110"}],"wp:attachment":[{"href":"https:\/\/baijiabags.com\/es\/wp-json\/wp\/v2\/media?parent=3107"}],"wp:term":[{"taxonomy":"product_brand","embeddable":true,"href":"https:\/\/baijiabags.com\/es\/wp-json\/wp\/v2\/product_brand?post=3107"},{"taxonomy":"product_cat","embeddable":true,"href":"https:\/\/baijiabags.com\/es\/wp-json\/wp\/v2\/product_cat?post=3107"},{"taxonomy":"product_tag","embeddable":true,"href":"https:\/\/baijiabags.com\/es\/wp-json\/wp\/v2\/product_tag?post=3107"}],"curies":[{"name":"wp","href":"https:\/\/api.w.org\/{rel}","templated":true}]}}