{"id":3079,"date":"2025-10-11T07:53:53","date_gmt":"2025-10-11T07:53:53","guid":{"rendered":"https:\/\/baijiabags.com\/?post_type=product&#038;p=3079"},"modified":"2025-11-01T01:21:35","modified_gmt":"2025-11-01T01:21:35","slug":"custom-new-design-pu-leather-women-2-in-1-crossbody-bag-travel-tote-handheld-handbag","status":"publish","type":"product","link":"https:\/\/baijiabags.com\/es\/producto\/custom-new-design-pu-leather-women-2-in-1-crossbody-bag-travel-tote-handheld-handbag\/","title":{"rendered":"Nuevo dise\u00f1o personalizado de cuero de la PU Mujeres 2 en 1 Crossbody Bag - Travel Tote &amp; Handheld Handbag"},"content":{"rendered":"<h2 data-start=\"697\" data-end=\"714\">Caracter\u00edsticas principales<\/h2>\n<ul data-start=\"715\" data-end=\"1680\">\n<li data-start=\"715\" data-end=\"827\">\n<p data-start=\"717\" data-end=\"827\"><strong data-start=\"717\" data-end=\"740\">Versatilidad 2 en 1:<\/strong> Se puede llevar cruzada o en la mano, ofreciendo dos c\u00f3modos estilos en un solo dise\u00f1o.<\/p>\n<\/li>\n<li data-start=\"828\" data-end=\"952\">\n<p data-start=\"830\" data-end=\"952\"><strong data-start=\"830\" data-end=\"853\">Cuero de PU duradero:<\/strong> Fabricado con material PU de primera calidad para garantizar un rendimiento duradero y resistencia al desgaste.<\/p>\n<\/li>\n<li data-start=\"953\" data-end=\"1076\">\n<p data-start=\"955\" data-end=\"1076\"><strong data-start=\"955\" data-end=\"978\">Dise\u00f1o ligero:<\/strong> Con un peso de s\u00f3lo 0,30 kg, la bolsa es f\u00e1cil de llevar durante todo el d\u00eda sin a\u00f1adir carga adicional.<\/p>\n<\/li>\n<li data-start=\"1077\" data-end=\"1203\">\n<p data-start=\"1079\" data-end=\"1203\"><strong data-start=\"1079\" data-end=\"1101\">Interior espacioso:<\/strong> Incluye un compartimento principal con un bolsillo interior con cremallera y un bolsillo portaobjetos para una mejor organizaci\u00f3n.<\/p>\n<\/li>\n<li data-start=\"1204\" data-end=\"1321\">\n<p data-start=\"1206\" data-end=\"1321\"><strong data-start=\"1206\" data-end=\"1230\">Colores personalizables:<\/strong> Hay una gran variedad de colores disponibles, que pueden adaptarse a las preferencias del cliente.<\/p>\n<\/li>\n<li data-start=\"1322\" data-end=\"1447\">\n<p data-start=\"1324\" data-end=\"1447\"><strong data-start=\"1324\" data-end=\"1347\">Capacidad pr\u00e1ctica:<\/strong> Dise\u00f1ado para guardar una tableta, un tel\u00e9fono m\u00f3vil, un paraguas plegable, cosm\u00e9ticos y otros objetos de uso diario.<\/p>\n<\/li>\n<li data-start=\"1448\" data-end=\"1562\">\n<p data-start=\"1450\" data-end=\"1562\"><strong data-start=\"1450\" data-end=\"1472\">Estilo a la moda:<\/strong> Su aspecto moderno y elegante complementa tanto los conjuntos de viaje como la ropa de diario.<\/p>\n<\/li>\n<li data-start=\"1563\" data-end=\"1680\">\n<p data-start=\"1565\" data-end=\"1680\"><strong data-start=\"1565\" data-end=\"1588\">Compatible con OEM y ODM:<\/strong> Se admite la personalizaci\u00f3n a gran escala con una cantidad m\u00ednima de pedido (MOQ) de 300 piezas.<\/p>\n<\/li>\n<\/ul>\n<p><img fetchpriority=\"high\" decoding=\"async\" class=\"aligncenter wp-image-3086 size-full\" src=\"https:\/\/baijiabags.com\/wp-content\/uploads\/2025\/10\/GB-5730.png\" alt=\"Custom New Design PU Leather Women 2-in-1 Crossbody Bag \u2013 Travel Tote &amp; Handheld Handbag\" width=\"750\" height=\"678\" srcset=\"https:\/\/baijiabags.com\/wp-content\/uploads\/2025\/10\/GB-5730.png 750w, https:\/\/baijiabags.com\/wp-content\/uploads\/2025\/10\/GB-5730-300x271.png 300w, https:\/\/baijiabags.com\/wp-content\/uploads\/2025\/10\/GB-5730-13x12.png 13w, https:\/\/baijiabags.com\/wp-content\/uploads\/2025\/10\/GB-5730-600x542.png 600w\" sizes=\"(max-width: 750px) 100vw, 750px\" \/><\/p>\n<h2>Especificaciones<\/h2>\n<div class=\"_tableContainer_1rjym_1\">\n<div class=\"group _tableWrapper_1rjym_13 flex w-fit flex-col-reverse\" tabindex=\"-1\">\n<table class=\"w-fit min-w-(--thread-content-width)\" data-start=\"1708\" data-end=\"2327\">\n<thead data-start=\"1708\" data-end=\"1749\">\n<tr data-start=\"1708\" data-end=\"1749\">\n<th data-start=\"1708\" data-end=\"1730\" data-col-size=\"sm\"><strong data-start=\"1710\" data-end=\"1723\">Par\u00e1metro<\/strong><\/th>\n<th data-start=\"1730\" data-end=\"1749\" data-col-size=\"md\"><strong data-start=\"1732\" data-end=\"1747\">Descripci\u00f3n<\/strong><\/th>\n<\/tr>\n<\/thead>\n<tbody data-start=\"1793\" data-end=\"2327\">\n<tr data-start=\"1793\" data-end=\"1833\">\n<td data-start=\"1793\" data-end=\"1815\" data-col-size=\"sm\">Nombre del producto<\/td>\n<td data-start=\"1815\" data-end=\"1833\" data-col-size=\"md\">Bolso de se\u00f1ora<\/td>\n<\/tr>\n<tr data-start=\"1834\" data-end=\"1866\">\n<td data-start=\"1834\" data-end=\"1856\" data-col-size=\"sm\">Marca<\/td>\n<td data-col-size=\"md\" data-start=\"1856\" data-end=\"1866\">RONEER<\/td>\n<\/tr>\n<tr data-start=\"1867\" data-end=\"1900\">\n<td data-start=\"1867\" data-end=\"1889\" data-col-size=\"sm\">N\u00famero de modelo<\/td>\n<td data-start=\"1889\" data-end=\"1900\" data-col-size=\"md\">GB-5730<\/td>\n<\/tr>\n<tr data-start=\"1901\" data-end=\"1943\">\n<td data-start=\"1901\" data-end=\"1923\" data-col-size=\"sm\">Origen<\/td>\n<td data-start=\"1923\" data-end=\"1943\" data-col-size=\"md\">Guangdong, China<\/td>\n<\/tr>\n<tr data-start=\"1944\" data-end=\"1980\">\n<td data-start=\"1944\" data-end=\"1966\" data-col-size=\"sm\">Material<\/td>\n<td data-start=\"1966\" data-end=\"1980\" data-col-size=\"md\">Cuero PU<\/td>\n<\/tr>\n<tr data-start=\"1981\" data-end=\"2014\">\n<td data-start=\"1981\" data-end=\"2003\" data-col-size=\"sm\">Peso<\/td>\n<td data-col-size=\"md\" data-start=\"2003\" data-end=\"2014\">0,30 kg<\/td>\n<\/tr>\n<tr data-start=\"2015\" data-end=\"2048\">\n<td data-start=\"2015\" data-end=\"2037\" data-col-size=\"sm\">Estilo<\/td>\n<td data-col-size=\"md\" data-start=\"2037\" data-end=\"2048\">Moda<\/td>\n<\/tr>\n<tr data-start=\"2049\" data-end=\"2128\">\n<td data-start=\"2049\" data-end=\"2071\" data-col-size=\"sm\">Estructura<\/td>\n<td data-col-size=\"md\" data-start=\"2071\" data-end=\"2128\">Compartimento principal \/ Bolsillo interior con cremallera \/ Bolsillo interior<\/td>\n<\/tr>\n<tr data-start=\"2129\" data-end=\"2167\">\n<td data-start=\"2129\" data-end=\"2151\" data-col-size=\"sm\">Colores<\/td>\n<td data-col-size=\"md\" data-start=\"2151\" data-end=\"2167\">Personalizable<\/td>\n<\/tr>\n<tr data-start=\"2168\" data-end=\"2216\">\n<td data-start=\"2168\" data-end=\"2190\" data-col-size=\"sm\">Utilizaci\u00f3n<\/td>\n<td data-col-size=\"md\" data-start=\"2190\" data-end=\"2216\">Crossbody \/ Para llevar en la mano<\/td>\n<\/tr>\n<tr data-start=\"2217\" data-end=\"2293\">\n<td data-start=\"2217\" data-end=\"2239\" data-col-size=\"sm\">Capacidad<\/td>\n<td data-col-size=\"md\" data-start=\"2239\" data-end=\"2293\">Tableta, tel\u00e9fono m\u00f3vil, paraguas plegable, cosm\u00e9ticos<\/td>\n<\/tr>\n<tr data-start=\"2294\" data-end=\"2327\">\n<td data-start=\"2294\" data-end=\"2316\" data-col-size=\"sm\">MOQ<\/td>\n<td data-col-size=\"md\" data-start=\"2316\" data-end=\"2327\">300 unidades<\/td>\n<\/tr>\n<\/tbody>\n<\/table>\n<\/div>\n<\/div>\n<h2 data-start=\"2334\" data-end=\"2351\">Aplicaciones<\/h2>\n<ul data-start=\"2352\" data-end=\"2680\">\n<li data-start=\"2352\" data-end=\"2433\">\n<p data-start=\"2354\" data-end=\"2433\"><strong data-start=\"2354\" data-end=\"2365\">Viaja:<\/strong> Perfecta para llevar c\u00f3modamente los objetos esenciales durante los viajes.<\/p>\n<\/li>\n<li data-start=\"2434\" data-end=\"2503\">\n<p data-start=\"2436\" data-end=\"2503\"><strong data-start=\"2436\" data-end=\"2450\">Uso diario:<\/strong> Adecuado para la oficina, ir de compras y salidas informales.<\/p>\n<\/li>\n<li data-start=\"2504\" data-end=\"2577\">\n<p data-start=\"2506\" data-end=\"2577\"><strong data-start=\"2506\" data-end=\"2528\">Accesorio de moda:<\/strong> Realza el atuendo diario con un toque de estilo.<\/p>\n<\/li>\n<li data-start=\"2578\" data-end=\"2680\">\n<p data-start=\"2580\" data-end=\"2680\"><strong data-start=\"2580\" data-end=\"2603\">Regalos y promociones:<\/strong> Una opci\u00f3n pr\u00e1ctica y elegante para regalos personales o con fines promocionales.<\/p>\n<\/li>\n<\/ul>\n<p data-start=\"2687\" data-end=\"2875\">Si est\u00e1 interesado en este elegante bolso 2 en 1, p\u00f3ngase en contacto con nosotros para solicitar muestras. <strong data-start=\"2772\" data-end=\"2807\">Servicios ODM y OEM<\/strong>con opciones de personalizaci\u00f3n flexibles que se adaptan a las necesidades de su empresa.<\/p>","protected":false},"excerpt":{"rendered":"<p>En <strong data-start=\"214\" data-end=\"306\">Nuevo dise\u00f1o personalizado de cuero de la PU Mujeres 2 en 1 Crossbody Bolsa - Viaje Tote y bolso de mano<\/strong> por <strong data-start=\"310\" data-end=\"320\">RONEER<\/strong> se ha dise\u00f1ado para ofrecer estilo y versatilidad a las mujeres. Fabricado en piel de PU de alta calidad, el bolso ofrece durabilidad y un atractivo moderno, por lo que es adecuado para viajes, uso diario o salidas informales. Con su dise\u00f1o de doble funci\u00f3n, puede llevarse como bolso cruzado o utilizarse como bolso de mano, ofreciendo flexibilidad para adaptarse a diferentes ocasiones.<\/p>","protected":false},"featured_media":3081,"comment_status":"open","ping_status":"closed","template":"","meta":{"site-sidebar-layout":"default","site-content-layout":"","ast-site-content-layout":"default","site-content-style":"default","site-sidebar-style":"default","ast-global-header-display":"","ast-banner-title-visibility":"","ast-main-header-display":"","ast-hfb-above-header-display":"","ast-hfb-below-header-display":"","ast-hfb-mobile-header-display":"","site-post-title":"","ast-breadcrumbs-content":"","ast-featured-img":"","footer-sml-layout":"","ast-disable-related-posts":"","theme-transparent-header-meta":"default","adv-header-id-meta":"","stick-header-meta":"","header-above-stick-meta":"","header-main-stick-meta":"","header-below-stick-meta":"","astra-migrate-meta-layouts":"set","ast-page-background-enabled":"default","ast-page-background-meta":{"desktop":{"background-color":"var(--ast-global-color-5)","background-image":"","background-repeat":"repeat","background-position":"center center","background-size":"auto","background-attachment":"scroll","background-type":"","background-media":"","overlay-type":"","overlay-color":"","overlay-opacity":"","overlay-gradient":""},"tablet":{"background-color":"","background-image":"","background-repeat":"repeat","background-position":"center center","background-size":"auto","background-attachment":"scroll","background-type":"","background-media":"","overlay-type":"","overlay-color":"","overlay-opacity":"","overlay-gradient":""},"mobile":{"background-color":"","background-image":"","background-repeat":"repeat","background-position":"center center","background-size":"auto","background-attachment":"scroll","background-type":"","background-media":"","overlay-type":"","overlay-color":"","overlay-opacity":"","overlay-gradient":""}},"ast-content-background-meta":{"desktop":{"background-color":"var(--ast-global-color-4)","background-image":"","background-repeat":"repeat","background-position":"center center","background-size":"auto","background-attachment":"scroll","background-type":"","background-media":"","overlay-type":"","overlay-color":"","overlay-opacity":"","overlay-gradient":""},"tablet":{"background-color":"var(--ast-global-color-4)","background-image":"","background-repeat":"repeat","background-position":"center center","background-size":"auto","background-attachment":"scroll","background-type":"","background-media":"","overlay-type":"","overlay-color":"","overlay-opacity":"","overlay-gradient":""},"mobile":{"background-color":"var(--ast-global-color-4)","background-image":"","background-repeat":"repeat","background-position":"center center","background-size":"auto","background-attachment":"scroll","background-type":"","background-media":"","overlay-type":"","overlay-color":"","overlay-opacity":"","overlay-gradient":""}}},"product_brand":[],"product_cat":[42,54],"product_tag":[],"class_list":{"0":"post-3079","1":"product","2":"type-product","3":"status-publish","4":"has-post-thumbnail","6":"product_cat-hand-bag","7":"product_cat-womens-bag","8":"desktop-align-left","9":"tablet-align-left","10":"mobile-align-left","12":"first","13":"instock","14":"shipping-taxable","15":"product-type-simple"},"_links":{"self":[{"href":"https:\/\/baijiabags.com\/es\/wp-json\/wp\/v2\/product\/3079","targetHints":{"allow":["GET"]}}],"collection":[{"href":"https:\/\/baijiabags.com\/es\/wp-json\/wp\/v2\/product"}],"about":[{"href":"https:\/\/baijiabags.com\/es\/wp-json\/wp\/v2\/types\/product"}],"replies":[{"embeddable":true,"href":"https:\/\/baijiabags.com\/es\/wp-json\/wp\/v2\/comments?post=3079"}],"wp:featuredmedia":[{"embeddable":true,"href":"https:\/\/baijiabags.com\/es\/wp-json\/wp\/v2\/media\/3081"}],"wp:attachment":[{"href":"https:\/\/baijiabags.com\/es\/wp-json\/wp\/v2\/media?parent=3079"}],"wp:term":[{"taxonomy":"product_brand","embeddable":true,"href":"https:\/\/baijiabags.com\/es\/wp-json\/wp\/v2\/product_brand?post=3079"},{"taxonomy":"product_cat","embeddable":true,"href":"https:\/\/baijiabags.com\/es\/wp-json\/wp\/v2\/product_cat?post=3079"},{"taxonomy":"product_tag","embeddable":true,"href":"https:\/\/baijiabags.com\/es\/wp-json\/wp\/v2\/product_tag?post=3079"}],"curies":[{"name":"wp","href":"https:\/\/api.w.org\/{rel}","templated":true}]}}