{"id":3071,"date":"2025-10-11T07:09:54","date_gmt":"2025-10-11T07:09:54","guid":{"rendered":"https:\/\/baijiabags.com\/?post_type=product&#038;p=3071"},"modified":"2025-11-01T01:21:35","modified_gmt":"2025-11-01T01:21:35","slug":"fashion-pu-leather-women-tote-bag-big-capacity-shoulder-crossbody-top-handle-bag","status":"publish","type":"product","link":"https:\/\/baijiabags.com\/es\/producto\/fashion-pu-leather-women-tote-bag-big-capacity-shoulder-crossbody-top-handle-bag\/","title":{"rendered":"Moda PU Cuero Mujeres Bolsa Tote - Gran Capacidad, Hombro, Crossbody &amp; Top Handle Bag"},"content":{"rendered":"<h2 data-start=\"674\" data-end=\"691\">Caracter\u00edsticas principales<\/h2>\n<ul data-start=\"693\" data-end=\"1670\">\n<li data-start=\"693\" data-end=\"833\">\n<p data-start=\"696\" data-end=\"833\"><strong data-start=\"696\" data-end=\"714\">Gran capacidad<\/strong> - Caben objetos como un iPad, un tel\u00e9fono m\u00f3vil, un paraguas plegable, cosm\u00e9ticos y otros art\u00edculos de uso diario.<\/p>\n<\/li>\n<li data-start=\"834\" data-end=\"940\">\n<p data-start=\"837\" data-end=\"940\"><strong data-start=\"837\" data-end=\"860\">Material de PU duradero<\/strong> - Se ha seleccionado cuero PU de alta calidad, que garantiza resistencia y longevidad.<\/p>\n<\/li>\n<li data-start=\"941\" data-end=\"1052\">\n<p data-start=\"944\" data-end=\"1052\"><strong data-start=\"944\" data-end=\"966\">Dise\u00f1o ligero<\/strong> - A s\u00f3lo <strong data-start=\"977\" data-end=\"988\">0,38 kg<\/strong>se ha conseguido un transporte c\u00f3modo sin peso adicional.<\/p>\n<\/li>\n<li data-start=\"1053\" data-end=\"1185\">\n<p data-start=\"1056\" data-end=\"1185\"><strong data-start=\"1056\" data-end=\"1086\">Opciones de transporte vers\u00e1tiles<\/strong> - El bolso puede llevarse cruzado, colgado del hombro o en la mano, seg\u00fan se prefiera.<\/p>\n<\/li>\n<li data-start=\"1186\" data-end=\"1325\">\n<p data-start=\"1189\" data-end=\"1325\"><strong data-start=\"1189\" data-end=\"1211\">Interior organizado<\/strong> - Se han incluido varios bolsillos interiores y un compartimento seguro con cremallera para mantener las pertenencias ordenadas.<\/p>\n<\/li>\n<li data-start=\"1326\" data-end=\"1426\">\n<p data-start=\"1329\" data-end=\"1426\"><strong data-start=\"1329\" data-end=\"1352\">Colores personalizables<\/strong> - Se pueden ofrecer varios colores para adaptarse a los requisitos de estilo individuales.<\/p>\n<\/li>\n<li data-start=\"1427\" data-end=\"1557\">\n<p data-start=\"1430\" data-end=\"1557\"><strong data-start=\"1430\" data-end=\"1447\">Estilo elegante<\/strong> - Se le ha dado un aspecto moderno, lo que hace que la bolsa sea adecuada para la oficina, los viajes o las salidas cotidianas.<\/p>\n<\/li>\n<li data-start=\"1558\" data-end=\"1670\">\n<p data-start=\"1561\" data-end=\"1670\"><strong data-start=\"1561\" data-end=\"1586\">Aplicaci\u00f3n pr\u00e1ctica<\/strong> - El dise\u00f1o se ha creado para el uso diario, el trabajo, los viajes y las actividades informales.<\/p>\n<\/li>\n<\/ul>\n<p><img fetchpriority=\"high\" decoding=\"async\" class=\"aligncenter wp-image-3072 size-full\" src=\"https:\/\/baijiabags.com\/wp-content\/uploads\/2025\/10\/GB-5729.png\" alt=\"Fashion PU Leather Women Tote Bag \u2013 Big Capacity, Shoulder, Crossbody &amp; Top Handle Bag\" width=\"750\" height=\"614\" srcset=\"https:\/\/baijiabags.com\/wp-content\/uploads\/2025\/10\/GB-5729.png 750w, https:\/\/baijiabags.com\/wp-content\/uploads\/2025\/10\/GB-5729-300x246.png 300w, https:\/\/baijiabags.com\/wp-content\/uploads\/2025\/10\/GB-5729-15x12.png 15w, https:\/\/baijiabags.com\/wp-content\/uploads\/2025\/10\/GB-5729-600x491.png 600w\" sizes=\"(max-width: 750px) 100vw, 750px\" \/><\/p>\n<h2 data-start=\"1677\" data-end=\"1696\">Especificaciones<\/h2>\n<div class=\"_tableContainer_1rjym_1\">\n<div class=\"group _tableWrapper_1rjym_13 flex w-fit flex-col-reverse\" tabindex=\"-1\">\n<table class=\"w-fit min-w-(--thread-content-width)\" data-start=\"1698\" data-end=\"2739\">\n<thead data-start=\"1698\" data-end=\"1763\">\n<tr data-start=\"1698\" data-end=\"1763\">\n<th data-start=\"1698\" data-end=\"1722\" data-col-size=\"sm\"><strong data-start=\"1700\" data-end=\"1713\">Par\u00e1metro<\/strong><\/th>\n<th data-start=\"1722\" data-end=\"1763\" data-col-size=\"md\"><strong data-start=\"1724\" data-end=\"1735\">Detalles<\/strong><\/th>\n<\/tr>\n<\/thead>\n<tbody data-start=\"1832\" data-end=\"2739\">\n<tr data-start=\"1832\" data-end=\"1898\">\n<td data-start=\"1832\" data-end=\"1857\" data-col-size=\"sm\">Nombre del producto<\/td>\n<td data-start=\"1857\" data-end=\"1898\" data-col-size=\"md\">Bolso de se\u00f1ora<\/td>\n<\/tr>\n<tr data-start=\"1899\" data-end=\"1965\">\n<td data-start=\"1899\" data-end=\"1924\" data-col-size=\"sm\">Marca<\/td>\n<td data-start=\"1924\" data-end=\"1965\" data-col-size=\"md\">RONEER<\/td>\n<\/tr>\n<tr data-start=\"1966\" data-end=\"2032\">\n<td data-start=\"1966\" data-end=\"1991\" data-col-size=\"sm\">N\u00ba de modelo<\/td>\n<td data-col-size=\"md\" data-start=\"1991\" data-end=\"2032\">GB-5729<\/td>\n<\/tr>\n<tr data-start=\"2033\" data-end=\"2099\">\n<td data-start=\"2033\" data-end=\"2058\" data-col-size=\"sm\">Origen<\/td>\n<td data-col-size=\"md\" data-start=\"2058\" data-end=\"2099\">Guangdong, China<\/td>\n<\/tr>\n<tr data-start=\"2100\" data-end=\"2166\">\n<td data-start=\"2100\" data-end=\"2125\" data-col-size=\"sm\">Estilo<\/td>\n<td data-col-size=\"md\" data-start=\"2125\" data-end=\"2166\">Moda<\/td>\n<\/tr>\n<tr data-start=\"2167\" data-end=\"2233\">\n<td data-start=\"2167\" data-end=\"2192\" data-col-size=\"sm\">Material principal<\/td>\n<td data-col-size=\"md\" data-start=\"2192\" data-end=\"2233\">Cuero PU<\/td>\n<\/tr>\n<tr data-start=\"2234\" data-end=\"2300\">\n<td data-start=\"2234\" data-end=\"2259\" data-col-size=\"sm\">Peso<\/td>\n<td data-col-size=\"md\" data-start=\"2259\" data-end=\"2300\">0,38 kg<\/td>\n<\/tr>\n<tr data-start=\"2301\" data-end=\"2388\">\n<td data-start=\"2301\" data-end=\"2326\" data-col-size=\"sm\">Estructura<\/td>\n<td data-col-size=\"md\" data-start=\"2326\" data-end=\"2388\">Bolsillo interior con cremallera *2 \/ Compartimento principal \/ Bolsillo interior<\/td>\n<\/tr>\n<tr data-start=\"2389\" data-end=\"2455\">\n<td data-start=\"2389\" data-end=\"2414\" data-col-size=\"sm\">Color<\/td>\n<td data-start=\"2414\" data-end=\"2455\" data-col-size=\"md\">Personalizable<\/td>\n<\/tr>\n<tr data-start=\"2456\" data-end=\"2522\">\n<td data-start=\"2456\" data-end=\"2481\" data-col-size=\"sm\">M\u00e9todos de transporte<\/td>\n<td data-col-size=\"md\" data-start=\"2481\" data-end=\"2522\">Crossbody \/ De mano \/ De hombro<\/td>\n<\/tr>\n<tr data-start=\"2523\" data-end=\"2605\">\n<td data-start=\"2523\" data-end=\"2548\" data-col-size=\"sm\">Capacidad<\/td>\n<td data-col-size=\"md\" data-start=\"2548\" data-end=\"2605\">iPad \/ Tel\u00e9fono m\u00f3vil \/ Paraguas plegable \/ Cosm\u00e9ticos<\/td>\n<\/tr>\n<tr data-start=\"2606\" data-end=\"2672\">\n<td data-start=\"2606\" data-end=\"2631\" data-col-size=\"sm\">MOQ<\/td>\n<td data-col-size=\"md\" data-start=\"2631\" data-end=\"2672\">300 unidades<\/td>\n<\/tr>\n<tr data-start=\"2673\" data-end=\"2739\">\n<td data-start=\"2673\" data-end=\"2698\" data-col-size=\"sm\">Caracter\u00edstica<\/td>\n<td data-col-size=\"md\" data-start=\"2698\" data-end=\"2739\">Duradero y ligero<\/td>\n<\/tr>\n<\/tbody>\n<\/table>\n<\/div>\n<\/div>\n<h2 data-start=\"2746\" data-end=\"2763\">Aplicaciones<\/h2>\n<ul data-start=\"2809\" data-end=\"3005\">\n<li data-start=\"2809\" data-end=\"2828\">\n<p data-start=\"2811\" data-end=\"2828\">Desplazamientos diarios<\/p>\n<\/li>\n<li data-start=\"2829\" data-end=\"2861\">\n<p data-start=\"2831\" data-end=\"2861\">Entornos empresariales y de oficina<\/p>\n<\/li>\n<li data-start=\"2862\" data-end=\"2880\">\n<p data-start=\"2864\" data-end=\"2880\">De compras<\/p>\n<\/li>\n<li data-start=\"2881\" data-end=\"2913\">\n<p data-start=\"2883\" data-end=\"2913\">Desplazamientos y viajes cortos<\/p>\n<\/li>\n<\/ul>\n<p data-start=\"3012\" data-end=\"3190\">Si se ha despertado el inter\u00e9s por este bolso de moda, se pueden solicitar muestras. <strong data-start=\"3096\" data-end=\"3132\">Se admiten servicios ODM y OEM<\/strong>Si lo desea, podemos ofrecerle soluciones personalizadas.<\/p>","protected":false},"excerpt":{"rendered":"<p>En <strong data-start=\"200\" data-end=\"237\">Moda PU Cuero Mujeres Bolsa Tote<\/strong> por <strong data-start=\"241\" data-end=\"251\">RONEER<\/strong> se ha dise\u00f1ado como un accesorio elegante y pr\u00e1ctico que satisface las necesidades de la mujer moderna. Se ha dotado de una estructura de gran capacidad, que permite guardar con facilidad los art\u00edculos de uso diario. Su versatilidad queda garantizada tanto si se lleva cruzado como en bandolera o con asa superior. El moderno acabado en piel de PU hace que el bolso sea duradero y adecuado tanto para ocasiones informales como profesionales.<\/p>","protected":false},"featured_media":3073,"comment_status":"open","ping_status":"closed","template":"","meta":{"site-sidebar-layout":"default","site-content-layout":"","ast-site-content-layout":"default","site-content-style":"default","site-sidebar-style":"default","ast-global-header-display":"","ast-banner-title-visibility":"","ast-main-header-display":"","ast-hfb-above-header-display":"","ast-hfb-below-header-display":"","ast-hfb-mobile-header-display":"","site-post-title":"","ast-breadcrumbs-content":"","ast-featured-img":"","footer-sml-layout":"","ast-disable-related-posts":"","theme-transparent-header-meta":"default","adv-header-id-meta":"","stick-header-meta":"","header-above-stick-meta":"","header-main-stick-meta":"","header-below-stick-meta":"","astra-migrate-meta-layouts":"set","ast-page-background-enabled":"default","ast-page-background-meta":{"desktop":{"background-color":"var(--ast-global-color-5)","background-image":"","background-repeat":"repeat","background-position":"center center","background-size":"auto","background-attachment":"scroll","background-type":"","background-media":"","overlay-type":"","overlay-color":"","overlay-opacity":"","overlay-gradient":""},"tablet":{"background-color":"","background-image":"","background-repeat":"repeat","background-position":"center center","background-size":"auto","background-attachment":"scroll","background-type":"","background-media":"","overlay-type":"","overlay-color":"","overlay-opacity":"","overlay-gradient":""},"mobile":{"background-color":"","background-image":"","background-repeat":"repeat","background-position":"center center","background-size":"auto","background-attachment":"scroll","background-type":"","background-media":"","overlay-type":"","overlay-color":"","overlay-opacity":"","overlay-gradient":""}},"ast-content-background-meta":{"desktop":{"background-color":"var(--ast-global-color-4)","background-image":"","background-repeat":"repeat","background-position":"center center","background-size":"auto","background-attachment":"scroll","background-type":"","background-media":"","overlay-type":"","overlay-color":"","overlay-opacity":"","overlay-gradient":""},"tablet":{"background-color":"var(--ast-global-color-4)","background-image":"","background-repeat":"repeat","background-position":"center center","background-size":"auto","background-attachment":"scroll","background-type":"","background-media":"","overlay-type":"","overlay-color":"","overlay-opacity":"","overlay-gradient":""},"mobile":{"background-color":"var(--ast-global-color-4)","background-image":"","background-repeat":"repeat","background-position":"center center","background-size":"auto","background-attachment":"scroll","background-type":"","background-media":"","overlay-type":"","overlay-color":"","overlay-opacity":"","overlay-gradient":""}}},"product_brand":[],"product_cat":[42,54],"product_tag":[],"class_list":{"0":"post-3071","1":"product","2":"type-product","3":"status-publish","4":"has-post-thumbnail","6":"product_cat-hand-bag","7":"product_cat-womens-bag","8":"desktop-align-left","9":"tablet-align-left","10":"mobile-align-left","12":"first","13":"instock","14":"shipping-taxable","15":"product-type-simple"},"_links":{"self":[{"href":"https:\/\/baijiabags.com\/es\/wp-json\/wp\/v2\/product\/3071","targetHints":{"allow":["GET"]}}],"collection":[{"href":"https:\/\/baijiabags.com\/es\/wp-json\/wp\/v2\/product"}],"about":[{"href":"https:\/\/baijiabags.com\/es\/wp-json\/wp\/v2\/types\/product"}],"replies":[{"embeddable":true,"href":"https:\/\/baijiabags.com\/es\/wp-json\/wp\/v2\/comments?post=3071"}],"wp:featuredmedia":[{"embeddable":true,"href":"https:\/\/baijiabags.com\/es\/wp-json\/wp\/v2\/media\/3073"}],"wp:attachment":[{"href":"https:\/\/baijiabags.com\/es\/wp-json\/wp\/v2\/media?parent=3071"}],"wp:term":[{"taxonomy":"product_brand","embeddable":true,"href":"https:\/\/baijiabags.com\/es\/wp-json\/wp\/v2\/product_brand?post=3071"},{"taxonomy":"product_cat","embeddable":true,"href":"https:\/\/baijiabags.com\/es\/wp-json\/wp\/v2\/product_cat?post=3071"},{"taxonomy":"product_tag","embeddable":true,"href":"https:\/\/baijiabags.com\/es\/wp-json\/wp\/v2\/product_tag?post=3071"}],"curies":[{"name":"wp","href":"https:\/\/api.w.org\/{rel}","templated":true}]}}