{"id":2970,"date":"2025-10-10T07:06:15","date_gmt":"2025-10-10T07:06:15","guid":{"rendered":"https:\/\/baijiabags.com\/?post_type=product&#038;p=2970"},"modified":"2025-11-01T01:21:35","modified_gmt":"2025-11-01T01:21:35","slug":"wholesale-embroidered-floral-pu-leather-women-handbag-large-capacity-customizable-crossbody-tote","status":"publish","type":"product","link":"https:\/\/baijiabags.com\/es\/producto\/wholesale-embroidered-floral-pu-leather-women-handbag-large-capacity-customizable-crossbody-tote\/","title":{"rendered":"Mayorista Bolso Bordado Floral PU Cuero Mujer - Gran Capacidad, Personalizable Crossbody Tote"},"content":{"rendered":"<h2 data-start=\"1200\" data-end=\"1217\">Caracter\u00edsticas principales<\/h2>\n<ol data-start=\"1218\" data-end=\"2285\">\n<li data-start=\"1218\" data-end=\"1352\">\n<p data-start=\"1221\" data-end=\"1352\"><strong data-start=\"1221\" data-end=\"1242\">Bordado floral<\/strong> - La superficie se ha realzado con delicados bordados florales que a\u00f1aden un toque moderno y atemporal.<\/p>\n<\/li>\n<li data-start=\"1353\" data-end=\"1471\">\n<p data-start=\"1356\" data-end=\"1471\"><strong data-start=\"1356\" data-end=\"1378\">Cuero PU duradero<\/strong> - Se ha utilizado cuero PU de alta calidad para garantizar la resistencia al desgaste y un uso duradero.<\/p>\n<\/li>\n<li data-start=\"1472\" data-end=\"1585\">\n<p data-start=\"1475\" data-end=\"1585\"><strong data-start=\"1475\" data-end=\"1493\">Gran capacidad<\/strong> - Se pueden guardar c\u00f3modamente objetos como el iPad, el tel\u00e9fono, cosm\u00e9ticos y accesorios cotidianos.<\/p>\n<\/li>\n<li data-start=\"1586\" data-end=\"1737\">\n<p data-start=\"1589\" data-end=\"1737\"><strong data-start=\"1589\" data-end=\"1619\">Correa ajustable<\/strong> - Dispone de una correa desmontable y ajustable que permite llevarla de distintas formas (cruzada o en la mano).<\/p>\n<\/li>\n<li data-start=\"1738\" data-end=\"1851\">\n<p data-start=\"1741\" data-end=\"1851\"><strong data-start=\"1741\" data-end=\"1766\">Estructura ligera<\/strong> - Con s\u00f3lo 0,64 kg, la bolsa es f\u00e1cil de transportar sin causar molestias.<\/p>\n<\/li>\n<li data-start=\"1852\" data-end=\"2008\">\n<p data-start=\"1855\" data-end=\"2008\"><strong data-start=\"1855\" data-end=\"1880\">M\u00faltiples compartimentos<\/strong> - Se han incluido un bolsillo interior con cremallera, dos bolsillos interiores con cremallera y un espacioso compartimento principal para una mejor organizaci\u00f3n.<\/p>\n<\/li>\n<li data-start=\"2009\" data-end=\"2139\">\n<p data-start=\"2012\" data-end=\"2139\"><strong data-start=\"2012\" data-end=\"2036\">Opciones personalizables<\/strong> - El color y los dise\u00f1os de los bordados pueden adaptarse a los requisitos del comprador para pedidos ODM y OEM.<\/p>\n<\/li>\n<li data-start=\"2140\" data-end=\"2285\">\n<p data-start=\"2143\" data-end=\"2285\"><strong data-start=\"2143\" data-end=\"2173\">A la moda y funcional<\/strong> - El dise\u00f1o elegante se ha combinado con la practicidad, por lo que es adecuado para viajar, el uso diario y el trabajo.<\/p>\n<\/li>\n<\/ol>\n<p><img fetchpriority=\"high\" decoding=\"async\" class=\"aligncenter wp-image-2971 size-full\" src=\"https:\/\/baijiabags.com\/wp-content\/uploads\/2025\/10\/GB-0439.png\" alt=\"GB-0439\" width=\"750\" height=\"591\" srcset=\"https:\/\/baijiabags.com\/wp-content\/uploads\/2025\/10\/GB-0439.png 750w, https:\/\/baijiabags.com\/wp-content\/uploads\/2025\/10\/GB-0439-300x236.png 300w, https:\/\/baijiabags.com\/wp-content\/uploads\/2025\/10\/GB-0439-15x12.png 15w, https:\/\/baijiabags.com\/wp-content\/uploads\/2025\/10\/GB-0439-600x473.png 600w\" sizes=\"(max-width: 750px) 100vw, 750px\" \/><\/p>\n<h2 data-start=\"2292\" data-end=\"2311\">Especificaciones<\/h2>\n<div class=\"_tableContainer_1rjym_1\">\n<div class=\"group _tableWrapper_1rjym_13 flex w-fit flex-col-reverse\" tabindex=\"-1\">\n<table class=\"w-fit min-w-(--thread-content-width)\" data-start=\"2313\" data-end=\"3033\">\n<thead data-start=\"2313\" data-end=\"2350\">\n<tr data-start=\"2313\" data-end=\"2350\">\n<th data-start=\"2313\" data-end=\"2335\" data-col-size=\"sm\"><strong data-start=\"2315\" data-end=\"2323\">Art\u00edculo<\/strong><\/th>\n<th data-start=\"2335\" data-end=\"2350\" data-col-size=\"md\"><strong data-start=\"2337\" data-end=\"2348\">Detalles<\/strong><\/th>\n<\/tr>\n<\/thead>\n<tbody data-start=\"2390\" data-end=\"3033\">\n<tr data-start=\"2390\" data-end=\"2431\">\n<td data-start=\"2390\" data-end=\"2413\" data-col-size=\"sm\">Nombre del producto<\/td>\n<td data-start=\"2413\" data-end=\"2431\" data-col-size=\"md\">Bolso de se\u00f1ora<\/td>\n<\/tr>\n<tr data-start=\"2432\" data-end=\"2465\">\n<td data-start=\"2432\" data-end=\"2455\" data-col-size=\"sm\">Marca<\/td>\n<td data-start=\"2455\" data-end=\"2465\" data-col-size=\"md\">RONEER<\/td>\n<\/tr>\n<tr data-start=\"2466\" data-end=\"2500\">\n<td data-start=\"2466\" data-end=\"2489\" data-col-size=\"sm\">Modelo<\/td>\n<td data-start=\"2489\" data-end=\"2500\" data-col-size=\"md\">GB-0439<\/td>\n<\/tr>\n<tr data-start=\"2501\" data-end=\"2544\">\n<td data-start=\"2501\" data-end=\"2524\" data-col-size=\"sm\">Origen<\/td>\n<td data-start=\"2524\" data-end=\"2544\" data-col-size=\"md\">Guangdong, China<\/td>\n<\/tr>\n<tr data-start=\"2545\" data-end=\"2592\">\n<td data-start=\"2545\" data-end=\"2568\" data-col-size=\"sm\">Estilo<\/td>\n<td data-start=\"2568\" data-end=\"2592\" data-col-size=\"md\">Moda, Bordado<\/td>\n<\/tr>\n<tr data-start=\"2593\" data-end=\"2630\">\n<td data-start=\"2593\" data-end=\"2616\" data-col-size=\"sm\">Material principal<\/td>\n<td data-start=\"2616\" data-end=\"2630\" data-col-size=\"md\">Cuero PU<\/td>\n<\/tr>\n<tr data-start=\"2631\" data-end=\"2665\">\n<td data-start=\"2631\" data-end=\"2654\" data-col-size=\"sm\">Peso<\/td>\n<td data-start=\"2654\" data-end=\"2665\" data-col-size=\"md\">0,64 kg<\/td>\n<\/tr>\n<tr data-start=\"2666\" data-end=\"2752\">\n<td data-start=\"2666\" data-end=\"2689\" data-col-size=\"sm\">Estructura<\/td>\n<td data-start=\"2689\" data-end=\"2752\" data-col-size=\"md\">Bolsillo interior con cremallera, compartimento principal, 2 bolsillos interiores con cremallera<\/td>\n<\/tr>\n<tr data-start=\"2753\" data-end=\"2792\">\n<td data-start=\"2753\" data-end=\"2776\" data-col-size=\"sm\">Opciones de color<\/td>\n<td data-start=\"2776\" data-end=\"2792\" data-col-size=\"md\">Personalizable<\/td>\n<\/tr>\n<tr data-start=\"2793\" data-end=\"2842\">\n<td data-start=\"2793\" data-end=\"2816\" data-col-size=\"sm\">M\u00e9todo de transporte<\/td>\n<td data-start=\"2816\" data-end=\"2842\" data-col-size=\"md\">Crossbody \/ Para llevar en la mano<\/td>\n<\/tr>\n<tr data-start=\"2843\" data-end=\"2904\">\n<td data-start=\"2843\" data-end=\"2866\" data-col-size=\"sm\">Caracter\u00edsticas<\/td>\n<td data-start=\"2866\" data-end=\"2904\" data-col-size=\"md\">Duradero, ligero y personalizable<\/td>\n<\/tr>\n<tr data-start=\"2905\" data-end=\"2995\">\n<td data-start=\"2905\" data-end=\"2928\" data-col-size=\"sm\">Capacidad<\/td>\n<td data-start=\"2928\" data-end=\"2995\" data-col-size=\"md\">Para iPad, tel\u00e9fono m\u00f3vil, paraguas plegable, cosm\u00e9ticos y mucho m\u00e1s<\/td>\n<\/tr>\n<tr data-start=\"2996\" data-end=\"3033\">\n<td data-start=\"2996\" data-end=\"3019\" data-col-size=\"sm\">MOQ<\/td>\n<td data-start=\"3019\" data-end=\"3033\" data-col-size=\"md\">300 piezas<\/td>\n<\/tr>\n<\/tbody>\n<\/table>\n<\/div>\n<\/div>\n<h2 data-start=\"3040\" data-end=\"3057\">Aplicaciones<\/h2>\n<ul data-start=\"3058\" data-end=\"3350\">\n<li data-start=\"3058\" data-end=\"3130\">\n<p data-start=\"3060\" data-end=\"3130\"><strong data-start=\"3060\" data-end=\"3073\">Uso diario<\/strong> - Adecuado para desplazamientos, compras o salidas informales.<\/p>\n<\/li>\n<li data-start=\"3131\" data-end=\"3196\">\n<p data-start=\"3133\" data-end=\"3196\"><strong data-start=\"3133\" data-end=\"3143\">Viajar<\/strong> - Pr\u00e1ctico para llevar lo esencial durante los viajes.<\/p>\n<\/li>\n<li data-start=\"3197\" data-end=\"3279\">\n<p data-start=\"3199\" data-end=\"3279\"><strong data-start=\"3199\" data-end=\"3216\">Trabajo y oficina<\/strong> - Funcional para mujeres profesionales que necesitan almacenamiento con estilo.<\/p>\n<\/li>\n<li data-start=\"3280\" data-end=\"3350\">\n<p data-start=\"3282\" data-end=\"3350\"><strong data-start=\"3282\" data-end=\"3293\">Regalos<\/strong> - Ideal como regalo de moda y pr\u00e1ctico para mujeres.<\/p>\n<\/li>\n<\/ul>\n<p data-start=\"3357\" data-end=\"3510\">Si est\u00e1 interesado en este bolso, p\u00f3ngase en contacto con nosotros para solicitar una muestra. <strong data-start=\"3435\" data-end=\"3471\">Servicios ODM y OEM disponibles<\/strong> para satisfacer sus necesidades mayoristas.<\/p>","protected":false},"excerpt":{"rendered":"<p>En <strong data-start=\"455\" data-end=\"512\">Mayorista Bordado Floral PU Cuero Bolso de Mujer<\/strong> se ha dise\u00f1ado para combinar la moda moderna con la practicidad diaria. Fabricado en piel de PU de primera calidad y decorado con un elegante bordado floral, el bolso se ha creado para ofrecer durabilidad, estilo y funcionalidad a las mujeres viajeras. Ha sido fabricado bajo la marca <strong data-start=\"795\" data-end=\"805\">RONEER<\/strong> y se ha ofrecido con completas opciones de personalizaci\u00f3n para compradores mayoristas de todo el mundo.<\/p>","protected":false},"featured_media":2981,"comment_status":"open","ping_status":"closed","template":"","meta":{"site-sidebar-layout":"default","site-content-layout":"","ast-site-content-layout":"default","site-content-style":"default","site-sidebar-style":"default","ast-global-header-display":"","ast-banner-title-visibility":"","ast-main-header-display":"","ast-hfb-above-header-display":"","ast-hfb-below-header-display":"","ast-hfb-mobile-header-display":"","site-post-title":"","ast-breadcrumbs-content":"","ast-featured-img":"","footer-sml-layout":"","ast-disable-related-posts":"","theme-transparent-header-meta":"default","adv-header-id-meta":"","stick-header-meta":"","header-above-stick-meta":"","header-main-stick-meta":"","header-below-stick-meta":"","astra-migrate-meta-layouts":"set","ast-page-background-enabled":"default","ast-page-background-meta":{"desktop":{"background-color":"var(--ast-global-color-5)","background-image":"","background-repeat":"repeat","background-position":"center center","background-size":"auto","background-attachment":"scroll","background-type":"","background-media":"","overlay-type":"","overlay-color":"","overlay-opacity":"","overlay-gradient":""},"tablet":{"background-color":"","background-image":"","background-repeat":"repeat","background-position":"center center","background-size":"auto","background-attachment":"scroll","background-type":"","background-media":"","overlay-type":"","overlay-color":"","overlay-opacity":"","overlay-gradient":""},"mobile":{"background-color":"","background-image":"","background-repeat":"repeat","background-position":"center center","background-size":"auto","background-attachment":"scroll","background-type":"","background-media":"","overlay-type":"","overlay-color":"","overlay-opacity":"","overlay-gradient":""}},"ast-content-background-meta":{"desktop":{"background-color":"var(--ast-global-color-4)","background-image":"","background-repeat":"repeat","background-position":"center center","background-size":"auto","background-attachment":"scroll","background-type":"","background-media":"","overlay-type":"","overlay-color":"","overlay-opacity":"","overlay-gradient":""},"tablet":{"background-color":"var(--ast-global-color-4)","background-image":"","background-repeat":"repeat","background-position":"center center","background-size":"auto","background-attachment":"scroll","background-type":"","background-media":"","overlay-type":"","overlay-color":"","overlay-opacity":"","overlay-gradient":""},"mobile":{"background-color":"var(--ast-global-color-4)","background-image":"","background-repeat":"repeat","background-position":"center center","background-size":"auto","background-attachment":"scroll","background-type":"","background-media":"","overlay-type":"","overlay-color":"","overlay-opacity":"","overlay-gradient":""}}},"product_brand":[],"product_cat":[42,54],"product_tag":[],"class_list":{"0":"post-2970","1":"product","2":"type-product","3":"status-publish","4":"has-post-thumbnail","6":"product_cat-hand-bag","7":"product_cat-womens-bag","8":"desktop-align-left","9":"tablet-align-left","10":"mobile-align-left","12":"first","13":"instock","14":"shipping-taxable","15":"product-type-simple"},"_links":{"self":[{"href":"https:\/\/baijiabags.com\/es\/wp-json\/wp\/v2\/product\/2970","targetHints":{"allow":["GET"]}}],"collection":[{"href":"https:\/\/baijiabags.com\/es\/wp-json\/wp\/v2\/product"}],"about":[{"href":"https:\/\/baijiabags.com\/es\/wp-json\/wp\/v2\/types\/product"}],"replies":[{"embeddable":true,"href":"https:\/\/baijiabags.com\/es\/wp-json\/wp\/v2\/comments?post=2970"}],"wp:featuredmedia":[{"embeddable":true,"href":"https:\/\/baijiabags.com\/es\/wp-json\/wp\/v2\/media\/2981"}],"wp:attachment":[{"href":"https:\/\/baijiabags.com\/es\/wp-json\/wp\/v2\/media?parent=2970"}],"wp:term":[{"taxonomy":"product_brand","embeddable":true,"href":"https:\/\/baijiabags.com\/es\/wp-json\/wp\/v2\/product_brand?post=2970"},{"taxonomy":"product_cat","embeddable":true,"href":"https:\/\/baijiabags.com\/es\/wp-json\/wp\/v2\/product_cat?post=2970"},{"taxonomy":"product_tag","embeddable":true,"href":"https:\/\/baijiabags.com\/es\/wp-json\/wp\/v2\/product_tag?post=2970"}],"curies":[{"name":"wp","href":"https:\/\/api.w.org\/{rel}","templated":true}]}}