{"id":2765,"date":"2025-10-07T02:07:03","date_gmt":"2025-10-07T02:07:03","guid":{"rendered":"https:\/\/baijiabags.com\/?post_type=product&#038;p=2765"},"modified":"2025-10-07T02:07:03","modified_gmt":"2025-10-07T02:07:03","slug":"new-womens-handmade-woven-tote-bag-metal-rope-buckle-shoulder-crossbody-handbag","status":"publish","type":"product","link":"https:\/\/baijiabags.com\/es\/producto\/new-womens-handmade-woven-tote-bag-metal-rope-buckle-shoulder-crossbody-handbag\/","title":{"rendered":"Nuevo Bolso Tejido a Mano de Mujer - Hebilla de Cuerda Met\u00e1lica Bolso Crossbody de Hombro"},"content":{"rendered":"<h2 data-start=\"960\" data-end=\"981\"><strong data-start=\"964\" data-end=\"981\">Caracter\u00edsticas principales<\/strong><\/h2>\n<ol data-start=\"983\" data-end=\"1909\">\n<li data-start=\"983\" data-end=\"1106\">\n<p data-start=\"986\" data-end=\"1106\"><strong data-start=\"986\" data-end=\"1013\">Artesan\u00eda tejida a mano<\/strong> - Cada bolso se teje meticulosamente a mano, lo que garantiza una textura y una consistencia de dibujo \u00fanicas.<\/p>\n<\/li>\n<li data-start=\"1107\" data-end=\"1227\">\n<p data-start=\"1110\" data-end=\"1227\"><strong data-start=\"1110\" data-end=\"1132\">Cuero PU duradero<\/strong> - El material PU de primera calidad proporciona una excelente durabilidad, resistencia al agua y f\u00e1cil mantenimiento.<\/p>\n<\/li>\n<li data-start=\"1228\" data-end=\"1341\">\n<p data-start=\"1231\" data-end=\"1341\"><strong data-start=\"1231\" data-end=\"1260\">Elegante hebilla met\u00e1lica de cuerda<\/strong> - Una elegante hebilla de cuerda met\u00e1lica asegura el bolso, combinando funcionalidad y moda.<\/p>\n<\/li>\n<li data-start=\"1342\" data-end=\"1465\">\n<p data-start=\"1345\" data-end=\"1465\"><strong data-start=\"1345\" data-end=\"1366\">Interior espacioso<\/strong> - Dise\u00f1ado cuidadosamente con un bolsillo oculto con cremallera para mantener los peque\u00f1os objetos esenciales seguros y organizados.<\/p>\n<\/li>\n<li data-start=\"1466\" data-end=\"1559\">\n<p data-start=\"1469\" data-end=\"1559\"><strong data-start=\"1469\" data-end=\"1494\">Forro de poli\u00e9ster suave<\/strong> - El suave forro interior aumenta la comodidad y protege los objetos de valor.<\/p>\n<\/li>\n<li data-start=\"1560\" data-end=\"1690\">\n<p data-start=\"1563\" data-end=\"1690\"><strong data-start=\"1563\" data-end=\"1593\">Opciones de transporte vers\u00e1tiles<\/strong> - La correa ajustable para el hombro permite llevar el bolso al hombro o cruzado.<\/p>\n<\/li>\n<li data-start=\"1691\" data-end=\"1813\">\n<p data-start=\"1694\" data-end=\"1813\"><strong data-start=\"1694\" data-end=\"1726\">Disponible en varios colores<\/strong> - La amplia selecci\u00f3n de colores permite una f\u00e1cil coordinaci\u00f3n con diferentes atuendos y temporadas.<\/p>\n<\/li>\n<li data-start=\"1814\" data-end=\"1909\">\n<p data-start=\"1817\" data-end=\"1909\"><strong data-start=\"1817\" data-end=\"1840\">Compatible con OEM y ODM<\/strong> - Para pedidos al por mayor se ofrecen dise\u00f1os personalizados y opciones de marca.<\/p>\n<\/li>\n<\/ol>\n<h2 data-start=\"1916\" data-end=\"1938\"><strong data-start=\"1920\" data-end=\"1938\">Especificaciones<\/strong><\/h2>\n<div class=\"_tableContainer_1rjym_1\">\n<div class=\"group _tableWrapper_1rjym_13 flex w-fit flex-col-reverse\" tabindex=\"-1\">\n<table class=\"w-fit min-w-(--thread-content-width)\" data-start=\"1940\" data-end=\"2904\">\n<thead data-start=\"1940\" data-end=\"1983\">\n<tr data-start=\"1940\" data-end=\"1983\">\n<th data-start=\"1940\" data-end=\"1968\" data-col-size=\"sm\"><strong data-start=\"1942\" data-end=\"1955\">Par\u00e1metro<\/strong><\/th>\n<th data-start=\"1968\" data-end=\"1983\" data-col-size=\"lg\"><strong data-start=\"1970\" data-end=\"1981\">Detalles<\/strong><\/th>\n<\/tr>\n<\/thead>\n<tbody data-start=\"2030\" data-end=\"2904\">\n<tr data-start=\"2030\" data-end=\"2086\">\n<td data-start=\"2030\" data-end=\"2059\" data-col-size=\"sm\"><strong data-start=\"2032\" data-end=\"2048\">Nombre del producto<\/strong><\/td>\n<td data-start=\"2059\" data-end=\"2086\" data-col-size=\"lg\">Bolsa de tela hecha a mano<\/td>\n<\/tr>\n<tr data-start=\"2087\" data-end=\"2126\">\n<td data-start=\"2087\" data-end=\"2116\" data-col-size=\"sm\"><strong data-start=\"2089\" data-end=\"2098\">Marca<\/strong><\/td>\n<td data-start=\"2116\" data-end=\"2126\" data-col-size=\"lg\">RONEER<\/td>\n<\/tr>\n<tr data-start=\"2127\" data-end=\"2179\">\n<td data-start=\"2127\" data-end=\"2157\" data-col-size=\"sm\"><strong data-start=\"2129\" data-end=\"2141\">Material<\/strong><\/td>\n<td data-start=\"2157\" data-end=\"2179\" data-col-size=\"lg\">Cuero PU de primera calidad<\/td>\n<\/tr>\n<tr data-start=\"2180\" data-end=\"2223\">\n<td data-start=\"2180\" data-end=\"2210\" data-col-size=\"sm\"><strong data-start=\"2182\" data-end=\"2201\">Material del forro<\/strong><\/td>\n<td data-start=\"2210\" data-end=\"2223\" data-col-size=\"lg\">Poli\u00e9ster<\/td>\n<\/tr>\n<tr data-start=\"2224\" data-end=\"2370\">\n<td data-start=\"2224\" data-end=\"2254\" data-col-size=\"sm\"><strong data-start=\"2226\" data-end=\"2246\">Colores disponibles<\/strong><\/td>\n<td data-start=\"2254\" data-end=\"2370\" data-col-size=\"lg\">Negro, Oro, Plata, Marr\u00f3n, Borgo\u00f1a, Caf\u00e9, Piedra Verde, Piedra Arenisca, Esmeralda, Marfil, Gris \u00d3nice, Azul Niebla, Caqui<\/td>\n<\/tr>\n<tr data-start=\"2371\" data-end=\"2421\">\n<td data-start=\"2371\" data-end=\"2401\" data-col-size=\"sm\"><strong data-start=\"2373\" data-end=\"2382\">Estilo<\/strong><\/td>\n<td data-start=\"2401\" data-end=\"2421\" data-col-size=\"lg\">Minimalista urbano<\/td>\n<\/tr>\n<tr data-start=\"2422\" data-end=\"2476\">\n<td data-start=\"2422\" data-end=\"2452\" data-col-size=\"sm\"><strong data-start=\"2424\" data-end=\"2437\">Forma de la bolsa<\/strong><\/td>\n<td data-start=\"2452\" data-end=\"2476\" data-col-size=\"lg\">Rect\u00e1ngulo horizontal<\/td>\n<\/tr>\n<tr data-start=\"2477\" data-end=\"2558\">\n<td data-start=\"2477\" data-end=\"2507\" data-col-size=\"sm\"><strong data-start=\"2479\" data-end=\"2493\">Dimensiones<\/strong><\/td>\n<td data-start=\"2507\" data-end=\"2558\" data-col-size=\"lg\">Peque\u00f1o: 25 \u00d7 19 \u00d7 9 cm \/ Mediano: 30 \u00d7 24 \u00d7 14 cm<\/td>\n<\/tr>\n<tr data-start=\"2559\" data-end=\"2613\">\n<td data-start=\"2559\" data-end=\"2589\" data-col-size=\"sm\"><strong data-start=\"2561\" data-end=\"2583\">Estructura interna<\/strong><\/td>\n<td data-start=\"2589\" data-end=\"2613\" data-col-size=\"lg\">Bolsillo con cremallera oculta<\/td>\n<\/tr>\n<tr data-start=\"2614\" data-end=\"2669\">\n<td data-start=\"2614\" data-end=\"2644\" data-col-size=\"sm\"><strong data-start=\"2616\" data-end=\"2636\">N\u00famero de correas<\/strong><\/td>\n<td data-start=\"2644\" data-end=\"2669\" data-col-size=\"lg\">Correa para un hombro<\/td>\n<\/tr>\n<tr data-start=\"2670\" data-end=\"2710\">\n<td data-start=\"2670\" data-end=\"2700\" data-col-size=\"sm\"><strong data-start=\"2672\" data-end=\"2689\">Tama\u00f1o Categor\u00eda<\/strong><\/td>\n<td data-start=\"2700\" data-end=\"2710\" data-col-size=\"lg\">Medio<\/td>\n<\/tr>\n<tr data-start=\"2711\" data-end=\"2757\">\n<td data-start=\"2711\" data-end=\"2746\" data-col-size=\"sm\"><strong data-start=\"2713\" data-end=\"2745\">MOQ (Cantidad m\u00ednima de pedido)<\/strong><\/td>\n<td data-start=\"2746\" data-end=\"2757\" data-col-size=\"lg\">300 unidades<\/td>\n<\/tr>\n<tr data-start=\"2758\" data-end=\"2795\">\n<td data-start=\"2758\" data-end=\"2788\" data-col-size=\"sm\"><strong data-start=\"2760\" data-end=\"2783\">Disponibilidad de muestras<\/strong><\/td>\n<td data-start=\"2788\" data-end=\"2795\" data-col-size=\"lg\">S\u00ed<\/td>\n<\/tr>\n<tr data-start=\"2796\" data-end=\"2847\">\n<td data-start=\"2796\" data-end=\"2826\" data-col-size=\"sm\"><strong data-start=\"2798\" data-end=\"2814\">Tipo de cierre<\/strong><\/td>\n<td data-start=\"2826\" data-end=\"2847\" data-col-size=\"lg\">Hebilla de cuerda met\u00e1lica<\/td>\n<\/tr>\n<tr data-start=\"2848\" data-end=\"2904\">\n<td data-start=\"2848\" data-end=\"2878\" data-col-size=\"sm\"><strong data-start=\"2850\" data-end=\"2866\">Tipo de tejido<\/strong><\/td>\n<td data-start=\"2878\" data-end=\"2904\" data-col-size=\"lg\">Patr\u00f3n tejido a mano<\/td>\n<\/tr>\n<\/tbody>\n<\/table>\n<\/div>\n<\/div>\n<h2 data-start=\"2911\" data-end=\"2931\"><strong data-start=\"2915\" data-end=\"2931\">Aplicaciones<\/strong><\/h2>\n<ul data-start=\"3037\" data-end=\"3444\">\n<li data-start=\"3037\" data-end=\"3109\">\n<p data-start=\"3039\" data-end=\"3109\"><strong data-start=\"3039\" data-end=\"3057\">Salidas diarias:<\/strong> Perfecto para desplazarse, ir de compras o pasear.<\/p>\n<\/li>\n<li data-start=\"3110\" data-end=\"3205\">\n<p data-start=\"3112\" data-end=\"3205\"><strong data-start=\"3112\" data-end=\"3127\">Uso de oficina:<\/strong> Dise\u00f1o elegante adecuado para transportar peque\u00f1os objetos personales o esenciales de trabajo.<\/p>\n<\/li>\n<li data-start=\"3206\" data-end=\"3286\">\n<p data-start=\"3208\" data-end=\"3286\"><strong data-start=\"3208\" data-end=\"3229\">Compa\u00f1ero de viaje:<\/strong> Ligera y compacta para viajar c\u00f3modamente.<\/p>\n<\/li>\n<li data-start=\"3287\" data-end=\"3367\">\n<p data-start=\"3289\" data-end=\"3367\"><strong data-start=\"3289\" data-end=\"3307\">Eventos sociales:<\/strong> Su aspecto elegante realza tanto los looks informales como los de vestir.<\/p>\n<\/li>\n<li data-start=\"3368\" data-end=\"3444\">\n<p data-start=\"3370\" data-end=\"3444\"><strong data-start=\"3370\" data-end=\"3386\">Elecci\u00f3n de regalo:<\/strong> Ideal para mujeres preocupadas por la moda como regalo considerado.<\/p>\n<\/li>\n<\/ul>\n<p data-start=\"3451\" data-end=\"3611\" data-is-last-node=\"\" data-is-only-node=\"\">Si le interesa <strong data-start=\"3481\" data-end=\"3515\">RONEER Bolsa de tela hecha a mano<\/strong>por favor <strong data-start=\"3524\" data-end=\"3538\">Contacto<\/strong> para solicitar un <strong data-start=\"3552\" data-end=\"3562\">muestra<\/strong> o discutir <strong data-start=\"3574\" data-end=\"3610\">Servicios de personalizaci\u00f3n OEM y ODM<\/strong>.<\/p>","protected":false},"excerpt":{"rendered":"<p>En <strong data-start=\"121\" data-end=\"160\">Nuevo Bolso Tejido a Mano para Mujer <\/strong>est\u00e1 dise\u00f1ado para mujeres que aprecian el estilo atemporal combinado con la practicidad. Fabricado con materiales <strong data-start=\"280\" data-end=\"294\">Cuero PU<\/strong> y tejida con precisi\u00f3n, esta bolsa encarna una est\u00e9tica moderna pero natural. El elegante <strong data-start=\"384\" data-end=\"405\">hebilla met\u00e1lica de cuerda<\/strong> a\u00f1ade un toque de sofisticaci\u00f3n, por lo que es adecuado tanto para ocasiones informales como semiformales. Con su <strong data-start=\"509\" data-end=\"535\">patr\u00f3n tejido a mano<\/strong>Este bolso combina arte, durabilidad y comodidad para el uso diario.<\/p>","protected":false},"featured_media":2766,"comment_status":"open","ping_status":"closed","template":"","meta":{"site-sidebar-layout":"default","site-content-layout":"","ast-site-content-layout":"default","site-content-style":"default","site-sidebar-style":"default","ast-global-header-display":"","ast-banner-title-visibility":"","ast-main-header-display":"","ast-hfb-above-header-display":"","ast-hfb-below-header-display":"","ast-hfb-mobile-header-display":"","site-post-title":"","ast-breadcrumbs-content":"","ast-featured-img":"","footer-sml-layout":"","ast-disable-related-posts":"","theme-transparent-header-meta":"default","adv-header-id-meta":"","stick-header-meta":"","header-above-stick-meta":"","header-main-stick-meta":"","header-below-stick-meta":"","astra-migrate-meta-layouts":"set","ast-page-background-enabled":"default","ast-page-background-meta":{"desktop":{"background-color":"var(--ast-global-color-5)","background-image":"","background-repeat":"repeat","background-position":"center center","background-size":"auto","background-attachment":"scroll","background-type":"","background-media":"","overlay-type":"","overlay-color":"","overlay-opacity":"","overlay-gradient":""},"tablet":{"background-color":"","background-image":"","background-repeat":"repeat","background-position":"center center","background-size":"auto","background-attachment":"scroll","background-type":"","background-media":"","overlay-type":"","overlay-color":"","overlay-opacity":"","overlay-gradient":""},"mobile":{"background-color":"","background-image":"","background-repeat":"repeat","background-position":"center center","background-size":"auto","background-attachment":"scroll","background-type":"","background-media":"","overlay-type":"","overlay-color":"","overlay-opacity":"","overlay-gradient":""}},"ast-content-background-meta":{"desktop":{"background-color":"var(--ast-global-color-4)","background-image":"","background-repeat":"repeat","background-position":"center center","background-size":"auto","background-attachment":"scroll","background-type":"","background-media":"","overlay-type":"","overlay-color":"","overlay-opacity":"","overlay-gradient":""},"tablet":{"background-color":"var(--ast-global-color-4)","background-image":"","background-repeat":"repeat","background-position":"center center","background-size":"auto","background-attachment":"scroll","background-type":"","background-media":"","overlay-type":"","overlay-color":"","overlay-opacity":"","overlay-gradient":""},"mobile":{"background-color":"var(--ast-global-color-4)","background-image":"","background-repeat":"repeat","background-position":"center center","background-size":"auto","background-attachment":"scroll","background-type":"","background-media":"","overlay-type":"","overlay-color":"","overlay-opacity":"","overlay-gradient":""}}},"product_brand":[],"product_cat":[56],"product_tag":[],"class_list":{"0":"post-2765","1":"product","2":"type-product","3":"status-publish","4":"has-post-thumbnail","6":"product_cat-tote-bag","7":"desktop-align-left","8":"tablet-align-left","9":"mobile-align-left","11":"first","12":"instock","13":"shipping-taxable","14":"product-type-simple"},"_links":{"self":[{"href":"https:\/\/baijiabags.com\/es\/wp-json\/wp\/v2\/product\/2765","targetHints":{"allow":["GET"]}}],"collection":[{"href":"https:\/\/baijiabags.com\/es\/wp-json\/wp\/v2\/product"}],"about":[{"href":"https:\/\/baijiabags.com\/es\/wp-json\/wp\/v2\/types\/product"}],"replies":[{"embeddable":true,"href":"https:\/\/baijiabags.com\/es\/wp-json\/wp\/v2\/comments?post=2765"}],"wp:featuredmedia":[{"embeddable":true,"href":"https:\/\/baijiabags.com\/es\/wp-json\/wp\/v2\/media\/2766"}],"wp:attachment":[{"href":"https:\/\/baijiabags.com\/es\/wp-json\/wp\/v2\/media?parent=2765"}],"wp:term":[{"taxonomy":"product_brand","embeddable":true,"href":"https:\/\/baijiabags.com\/es\/wp-json\/wp\/v2\/product_brand?post=2765"},{"taxonomy":"product_cat","embeddable":true,"href":"https:\/\/baijiabags.com\/es\/wp-json\/wp\/v2\/product_cat?post=2765"},{"taxonomy":"product_tag","embeddable":true,"href":"https:\/\/baijiabags.com\/es\/wp-json\/wp\/v2\/product_tag?post=2765"}],"curies":[{"name":"wp","href":"https:\/\/api.w.org\/{rel}","templated":true}]}}