{"id":2753,"date":"2025-10-07T01:36:06","date_gmt":"2025-10-07T01:36:06","guid":{"rendered":"https:\/\/baijiabags.com\/?post_type=product&#038;p=2753"},"modified":"2025-10-07T01:36:06","modified_gmt":"2025-10-07T01:36:06","slug":"fashion-woven-tote-bag-for-women-large-capacity-shoulder-handbag-with-star-pendant","status":"publish","type":"product","link":"https:\/\/baijiabags.com\/es\/producto\/fashion-woven-tote-bag-for-women-large-capacity-shoulder-handbag-with-star-pendant\/","title":{"rendered":"Moda Tejido Bolsa Tote para Mujeres Gran Capacidad Bolso con Colgante Estrella"},"content":{"rendered":"<h2 data-start=\"1001\" data-end=\"1021\"><strong data-start=\"1005\" data-end=\"1021\">Caracter\u00edsticas principales<\/strong><\/h2>\n<ol data-start=\"1023\" data-end=\"2047\">\n<li data-start=\"1023\" data-end=\"1149\">\n<p data-start=\"1026\" data-end=\"1149\"><strong data-start=\"1026\" data-end=\"1049\">Material PU de primera calidad<\/strong> - La piel de PU de alta calidad se ha seleccionado por su durabilidad, textura suave y acabado refinado.<\/p>\n<\/li>\n<li data-start=\"1150\" data-end=\"1297\">\n<p data-start=\"1153\" data-end=\"1297\"><strong data-start=\"1153\" data-end=\"1178\">Dise\u00f1o de gran capacidad<\/strong> - Un espacioso compartimento ha sido dise\u00f1ado para acomodar libros, tabletas, cosm\u00e9ticos y otros art\u00edculos esenciales con facilidad.<\/p>\n<\/li>\n<li data-start=\"1298\" data-end=\"1423\">\n<p data-start=\"1301\" data-end=\"1423\"><strong data-start=\"1301\" data-end=\"1325\">Forma estructural blanda<\/strong> - El cuerpo de la bolsa se ha hecho suave para un uso flexible, pero conserva una silueta refinada.<\/p>\n<\/li>\n<li data-start=\"1424\" data-end=\"1576\">\n<p data-start=\"1427\" data-end=\"1576\"><strong data-start=\"1427\" data-end=\"1456\">Distribuci\u00f3n interior organizada<\/strong> - El espacio interior se ha dispuesto con un bolsillo con cremallera, un bolsillo para el tel\u00e9fono y un compartimento para el DNI para una mejor organizaci\u00f3n.<\/p>\n<\/li>\n<li data-start=\"1577\" data-end=\"1689\">\n<p data-start=\"1580\" data-end=\"1689\"><strong data-start=\"1580\" data-end=\"1605\">Cierre de cremallera seguro<\/strong> - Se ha colocado una cremallera resistente para garantizar que los efectos personales permanezcan protegidos.<\/p>\n<\/li>\n<li data-start=\"1690\" data-end=\"1805\">\n<p data-start=\"1693\" data-end=\"1805\"><strong data-start=\"1693\" data-end=\"1722\">Correa de hombro ajustable<\/strong> - Dispone de una correa ajustable para llevarla c\u00f3modamente al hombro.<\/p>\n<\/li>\n<li data-start=\"1806\" data-end=\"1929\">\n<p data-start=\"1809\" data-end=\"1929\"><strong data-start=\"1809\" data-end=\"1833\">Elegante colgante de estrella<\/strong> - Se ha a\u00f1adido un colgante de estrella desmontable para resaltar el sentido de la moda y la individualidad.<\/p>\n<\/li>\n<li data-start=\"1930\" data-end=\"2047\">\n<p data-start=\"1933\" data-end=\"2047\"><strong data-start=\"1933\" data-end=\"1957\">Opciones personalizables<\/strong> - Los colores y los elementos de dise\u00f1o menores pueden personalizarse seg\u00fan los requisitos de OEM y ODM.<\/p>\n<\/li>\n<\/ol>\n<h2><strong data-start=\"2058\" data-end=\"2076\">Especificaciones<\/strong><\/h2>\n<div class=\"_tableContainer_1rjym_1\">\n<div class=\"group _tableWrapper_1rjym_13 flex w-fit flex-col-reverse\" tabindex=\"-1\">\n<table class=\"w-fit min-w-(--thread-content-width)\" data-start=\"2078\" data-end=\"2746\">\n<thead data-start=\"2078\" data-end=\"2108\">\n<tr data-start=\"2078\" data-end=\"2108\">\n<th data-start=\"2078\" data-end=\"2089\" data-col-size=\"sm\"><strong data-start=\"2080\" data-end=\"2088\">Art\u00edculo<\/strong><\/th>\n<th data-start=\"2089\" data-end=\"2108\" data-col-size=\"md\"><strong data-start=\"2091\" data-end=\"2106\">Descripci\u00f3n<\/strong><\/th>\n<\/tr>\n<\/thead>\n<tbody data-start=\"2140\" data-end=\"2746\">\n<tr data-start=\"2140\" data-end=\"2162\">\n<td data-start=\"2140\" data-end=\"2152\" data-col-size=\"sm\"><strong data-start=\"2142\" data-end=\"2151\">Marca<\/strong><\/td>\n<td data-start=\"2152\" data-end=\"2162\" data-col-size=\"md\">RONEER<\/td>\n<\/tr>\n<tr data-start=\"2163\" data-end=\"2218\">\n<td data-start=\"2163\" data-end=\"2182\" data-col-size=\"sm\"><strong data-start=\"2165\" data-end=\"2181\">Nombre del producto<\/strong><\/td>\n<td data-start=\"2182\" data-end=\"2218\" data-col-size=\"md\">Bolsa tejida de moda para mujer<\/td>\n<\/tr>\n<tr data-start=\"2219\" data-end=\"2255\">\n<td data-start=\"2219\" data-end=\"2234\" data-col-size=\"sm\"><strong data-start=\"2221\" data-end=\"2233\">Material<\/strong><\/td>\n<td data-start=\"2234\" data-end=\"2255\" data-col-size=\"md\">PU (poliuretano)<\/td>\n<\/tr>\n<tr data-start=\"2256\" data-end=\"2291\">\n<td data-start=\"2256\" data-end=\"2278\" data-col-size=\"sm\"><strong data-start=\"2258\" data-end=\"2277\">Material del forro<\/strong><\/td>\n<td data-start=\"2278\" data-end=\"2291\" data-col-size=\"md\">Poli\u00e9ster<\/td>\n<\/tr>\n<tr data-start=\"2292\" data-end=\"2328\">\n<td data-start=\"2292\" data-end=\"2312\" data-col-size=\"sm\"><strong data-start=\"2294\" data-end=\"2311\">Opciones de color<\/strong><\/td>\n<td data-start=\"2312\" data-end=\"2328\" data-col-size=\"md\">Personalizable<\/td>\n<\/tr>\n<tr data-start=\"2329\" data-end=\"2370\">\n<td data-start=\"2329\" data-end=\"2341\" data-col-size=\"sm\"><strong data-start=\"2331\" data-end=\"2340\">Estilo<\/strong><\/td>\n<td data-start=\"2341\" data-end=\"2370\" data-col-size=\"md\">Retro europeo y americano<\/td>\n<\/tr>\n<tr data-start=\"2371\" data-end=\"2391\">\n<td data-start=\"2371\" data-end=\"2382\" data-col-size=\"sm\"><strong data-start=\"2373\" data-end=\"2381\">Talla<\/strong><\/td>\n<td data-start=\"2382\" data-end=\"2391\" data-col-size=\"md\">Grande<\/td>\n<\/tr>\n<tr data-start=\"2392\" data-end=\"2415\">\n<td data-start=\"2392\" data-end=\"2407\" data-col-size=\"sm\"><strong data-start=\"2394\" data-end=\"2406\">Dureza<\/strong><\/td>\n<td data-start=\"2407\" data-end=\"2415\" data-col-size=\"md\">Suave<\/td>\n<\/tr>\n<tr data-start=\"2416\" data-end=\"2492\">\n<td data-start=\"2416\" data-end=\"2441\" data-col-size=\"sm\"><strong data-start=\"2418\" data-end=\"2440\">Estructura interior<\/strong><\/td>\n<td data-start=\"2441\" data-end=\"2492\" data-col-size=\"md\">Bolsillo con cremallera, bolsillo para tel\u00e9fono, bolsillo para certificado<\/td>\n<\/tr>\n<tr data-start=\"2493\" data-end=\"2542\">\n<td data-start=\"2493\" data-end=\"2517\" data-col-size=\"sm\"><strong data-start=\"2495\" data-end=\"2516\">Tipo de bolsillo exterior<\/strong><\/td>\n<td data-start=\"2517\" data-end=\"2542\" data-col-size=\"md\">Bolsillo interior con parche<\/td>\n<\/tr>\n<tr data-start=\"2543\" data-end=\"2591\">\n<td data-start=\"2543\" data-end=\"2566\" data-col-size=\"sm\"><strong data-start=\"2545\" data-end=\"2565\">N\u00famero de correas<\/strong><\/td>\n<td data-start=\"2566\" data-end=\"2591\" data-col-size=\"md\">Correa para un hombro<\/td>\n<\/tr>\n<tr data-start=\"2592\" data-end=\"2617\">\n<td data-start=\"2592\" data-end=\"2609\" data-col-size=\"sm\"><strong data-start=\"2594\" data-end=\"2608\">Capa intermedia<\/strong><\/td>\n<td data-start=\"2609\" data-end=\"2617\" data-col-size=\"md\">Ninguno<\/td>\n<\/tr>\n<tr data-start=\"2618\" data-end=\"2681\">\n<td data-start=\"2618\" data-end=\"2642\" data-col-size=\"sm\"><strong data-start=\"2620\" data-end=\"2641\">Escenario de aplicaci\u00f3n<\/strong><\/td>\n<td data-start=\"2642\" data-end=\"2681\" data-col-size=\"md\">Uso diario, Compras, Oficina, Viajes<\/td>\n<\/tr>\n<tr data-start=\"2682\" data-end=\"2721\">\n<td data-start=\"2682\" data-end=\"2708\" data-col-size=\"sm\"><strong data-start=\"2684\" data-end=\"2707\">Disponibilidad de muestras<\/strong><\/td>\n<td data-start=\"2708\" data-end=\"2721\" data-col-size=\"md\">Disponible<\/td>\n<\/tr>\n<tr data-start=\"2722\" data-end=\"2746\">\n<td data-start=\"2722\" data-end=\"2732\" data-col-size=\"sm\"><strong data-start=\"2724\" data-end=\"2731\">MOQ<\/strong><\/td>\n<td data-start=\"2732\" data-end=\"2746\" data-col-size=\"md\">300 piezas<\/td>\n<\/tr>\n<\/tbody>\n<\/table>\n<\/div>\n<\/div>\n<h2><strong data-start=\"3112\" data-end=\"3128\">Aplicaciones<\/strong><\/h2>\n<ul data-start=\"3130\" data-end=\"3685\">\n<li data-start=\"3130\" data-end=\"3243\">\n<p data-start=\"3132\" data-end=\"3243\"><strong data-start=\"3132\" data-end=\"3146\">Uso diario:<\/strong> La bolsa se ha confeccionado para el uso diario, adapt\u00e1ndose perfectamente al trabajo, la escuela o los escenarios de ocio.<\/p>\n<\/li>\n<li data-start=\"3244\" data-end=\"3357\">\n<p data-start=\"3246\" data-end=\"3357\"><strong data-start=\"3246\" data-end=\"3268\">Oficina y negocios:<\/strong> Su dise\u00f1o minimalista pero elegante permite utilizarlo como accesorio informal de negocios.<\/p>\n<\/li>\n<li data-start=\"3358\" data-end=\"3477\">\n<p data-start=\"3360\" data-end=\"3477\"><strong data-start=\"3360\" data-end=\"3381\">Compa\u00f1ero de viaje:<\/strong> El espacioso interior ha sido dise\u00f1ado para guardar documentos de viaje, cosm\u00e9ticos y accesorios.<\/p>\n<\/li>\n<li data-start=\"3478\" data-end=\"3577\">\n<p data-start=\"3480\" data-end=\"3577\"><strong data-start=\"3480\" data-end=\"3503\">Compras y salidas:<\/strong> Su construcci\u00f3n ligera garantiza la comodidad durante largas horas de transporte.<\/p>\n<\/li>\n<li data-start=\"3578\" data-end=\"3685\">\n<p data-start=\"3580\" data-end=\"3685\"><strong data-start=\"3580\" data-end=\"3612\">Fines promocionales y de regalo:<\/strong> Se pueden aplicar logotipos y colores personalizados para eventos de marca o regalos.<\/p>\n<\/li>\n<\/ul>","protected":false},"excerpt":{"rendered":"<p>En <strong data-start=\"383\" data-end=\"419\">Bolsa tejida de moda para mujer<\/strong> se ha dise\u00f1ado cuidadosamente para combinar la elegancia moderna con la practicidad cotidiana. Fabricado con materiales <strong data-start=\"524\" data-end=\"539\">Material PU<\/strong> y forrado con <strong data-start=\"555\" data-end=\"576\">poli\u00e9ster resistente<\/strong>Este bolso de mano est\u00e1 hecho para ofrecer comodidad y funcionalidad duraderas. Un estilo <strong data-start=\"661\" data-end=\"677\">colgante de estrella<\/strong> se ha a\u00f1adido para realzar su aspecto elegante, mientras que la gran capacidad interior garantiza que todos los art\u00edculos de uso diario puedan guardarse de forma ordenada y de f\u00e1cil acceso.<br data-start=\"834\" data-end=\"837\" \/>Este bolso se ha creado para mujeres que valoran tanto la est\u00e9tica como la comodidad en sus rutinas diarias, ya sea para ir de compras, al trabajo, de viaje o en salidas informales.<\/p>","protected":false},"featured_media":2763,"comment_status":"open","ping_status":"closed","template":"","meta":{"site-sidebar-layout":"default","site-content-layout":"","ast-site-content-layout":"default","site-content-style":"default","site-sidebar-style":"default","ast-global-header-display":"","ast-banner-title-visibility":"","ast-main-header-display":"","ast-hfb-above-header-display":"","ast-hfb-below-header-display":"","ast-hfb-mobile-header-display":"","site-post-title":"","ast-breadcrumbs-content":"","ast-featured-img":"","footer-sml-layout":"","ast-disable-related-posts":"","theme-transparent-header-meta":"default","adv-header-id-meta":"","stick-header-meta":"","header-above-stick-meta":"","header-main-stick-meta":"","header-below-stick-meta":"","astra-migrate-meta-layouts":"set","ast-page-background-enabled":"default","ast-page-background-meta":{"desktop":{"background-color":"var(--ast-global-color-5)","background-image":"","background-repeat":"repeat","background-position":"center center","background-size":"auto","background-attachment":"scroll","background-type":"","background-media":"","overlay-type":"","overlay-color":"","overlay-opacity":"","overlay-gradient":""},"tablet":{"background-color":"","background-image":"","background-repeat":"repeat","background-position":"center center","background-size":"auto","background-attachment":"scroll","background-type":"","background-media":"","overlay-type":"","overlay-color":"","overlay-opacity":"","overlay-gradient":""},"mobile":{"background-color":"","background-image":"","background-repeat":"repeat","background-position":"center center","background-size":"auto","background-attachment":"scroll","background-type":"","background-media":"","overlay-type":"","overlay-color":"","overlay-opacity":"","overlay-gradient":""}},"ast-content-background-meta":{"desktop":{"background-color":"var(--ast-global-color-4)","background-image":"","background-repeat":"repeat","background-position":"center center","background-size":"auto","background-attachment":"scroll","background-type":"","background-media":"","overlay-type":"","overlay-color":"","overlay-opacity":"","overlay-gradient":""},"tablet":{"background-color":"var(--ast-global-color-4)","background-image":"","background-repeat":"repeat","background-position":"center center","background-size":"auto","background-attachment":"scroll","background-type":"","background-media":"","overlay-type":"","overlay-color":"","overlay-opacity":"","overlay-gradient":""},"mobile":{"background-color":"var(--ast-global-color-4)","background-image":"","background-repeat":"repeat","background-position":"center center","background-size":"auto","background-attachment":"scroll","background-type":"","background-media":"","overlay-type":"","overlay-color":"","overlay-opacity":"","overlay-gradient":""}}},"product_brand":[],"product_cat":[56],"product_tag":[],"class_list":{"0":"post-2753","1":"product","2":"type-product","3":"status-publish","4":"has-post-thumbnail","6":"product_cat-tote-bag","7":"desktop-align-left","8":"tablet-align-left","9":"mobile-align-left","11":"first","12":"instock","13":"shipping-taxable","14":"product-type-simple"},"_links":{"self":[{"href":"https:\/\/baijiabags.com\/es\/wp-json\/wp\/v2\/product\/2753","targetHints":{"allow":["GET"]}}],"collection":[{"href":"https:\/\/baijiabags.com\/es\/wp-json\/wp\/v2\/product"}],"about":[{"href":"https:\/\/baijiabags.com\/es\/wp-json\/wp\/v2\/types\/product"}],"replies":[{"embeddable":true,"href":"https:\/\/baijiabags.com\/es\/wp-json\/wp\/v2\/comments?post=2753"}],"wp:featuredmedia":[{"embeddable":true,"href":"https:\/\/baijiabags.com\/es\/wp-json\/wp\/v2\/media\/2763"}],"wp:attachment":[{"href":"https:\/\/baijiabags.com\/es\/wp-json\/wp\/v2\/media?parent=2753"}],"wp:term":[{"taxonomy":"product_brand","embeddable":true,"href":"https:\/\/baijiabags.com\/es\/wp-json\/wp\/v2\/product_brand?post=2753"},{"taxonomy":"product_cat","embeddable":true,"href":"https:\/\/baijiabags.com\/es\/wp-json\/wp\/v2\/product_cat?post=2753"},{"taxonomy":"product_tag","embeddable":true,"href":"https:\/\/baijiabags.com\/es\/wp-json\/wp\/v2\/product_tag?post=2753"}],"curies":[{"name":"wp","href":"https:\/\/api.w.org\/{rel}","templated":true}]}}