{"id":2742,"date":"2025-10-07T01:24:44","date_gmt":"2025-10-07T01:24:44","guid":{"rendered":"https:\/\/baijiabags.com\/?post_type=product&#038;p=2742"},"modified":"2025-11-01T01:21:35","modified_gmt":"2025-11-01T01:21:35","slug":"large-capacity-woven-shoulder-bag-for-women-fashion-commuter-tote-vintage-suede-crossbody","status":"publish","type":"product","link":"https:\/\/baijiabags.com\/es\/producto\/large-capacity-woven-shoulder-bag-for-women-fashion-commuter-tote-vintage-suede-crossbody\/","title":{"rendered":"Gran capacidad tejida bolsa de hombro para las mujeres Moda Commuter Tote Vintage Suede Crossbody"},"content":{"rendered":"<h2 data-start=\"1117\" data-end=\"1137\"><strong data-start=\"1121\" data-end=\"1137\">Caracter\u00edsticas principales<\/strong><\/h2>\n<ol data-start=\"1138\" data-end=\"2033\">\n<li data-start=\"1138\" data-end=\"1268\">\n<p data-start=\"1141\" data-end=\"1268\"><strong data-start=\"1141\" data-end=\"1174\">Acabado de ante de inspiraci\u00f3n vintage<\/strong> - Se ha utilizado una superficie de ante suave y mate para proporcionar un aspecto atemporal y lujoso.<\/p>\n<\/li>\n<li data-start=\"1269\" data-end=\"1383\">\n<p data-start=\"1272\" data-end=\"1383\"><strong data-start=\"1272\" data-end=\"1301\">Amplio compartimento principal<\/strong> - Dise\u00f1ada con gran capacidad, adecuada para los desplazamientos diarios o los viajes de fin de semana.<\/p>\n<\/li>\n<li data-start=\"1384\" data-end=\"1502\">\n<p data-start=\"1387\" data-end=\"1502\"><strong data-start=\"1387\" data-end=\"1417\">C\u00f3moda correa para el hombro<\/strong> - Lleva una correa ajustable para llevarla c\u00f3modamente al hombro o cruzada.<\/p>\n<\/li>\n<li data-start=\"1503\" data-end=\"1606\">\n<p data-start=\"1506\" data-end=\"1606\"><strong data-start=\"1506\" data-end=\"1524\">Cierre seguro<\/strong> - Se ha aplicado una abertura tipo gancho para garantizar que las pertenencias permanezcan seguras en el interior.<\/p>\n<\/li>\n<li data-start=\"1607\" data-end=\"1710\">\n<p data-start=\"1610\" data-end=\"1710\"><strong data-start=\"1610\" data-end=\"1628\">Forro resistente<\/strong> - La capa interior est\u00e1 fabricada con tejido de poli\u00e9ster para resistir el desgaste.<\/p>\n<\/li>\n<li data-start=\"1711\" data-end=\"1814\">\n<p data-start=\"1714\" data-end=\"1814\"><strong data-start=\"1714\" data-end=\"1744\">Interiorismo funcional<\/strong> - Equipado con un bolsillo intercalado con cremallera para facilitar la organizaci\u00f3n.<\/p>\n<\/li>\n<li data-start=\"1815\" data-end=\"1929\">\n<p data-start=\"1818\" data-end=\"1929\"><strong data-start=\"1818\" data-end=\"1844\">M\u00faltiples opciones de color<\/strong> - Se han introducido ocho elegantes opciones de color para combinar con diversos estilos de ropa.<\/p>\n<\/li>\n<li data-start=\"1930\" data-end=\"2033\">\n<p data-start=\"1933\" data-end=\"2033\"><strong data-start=\"1933\" data-end=\"1958\">Aplicaci\u00f3n vers\u00e1til<\/strong> - El bolso tote puede llevarse para trabajar, ir de compras, de viaje o para salidas informales.<\/p>\n<\/li>\n<\/ol>\n<h2 data-start=\"2040\" data-end=\"2062\"><strong data-start=\"2044\" data-end=\"2062\">Especificaciones<\/strong><\/h2>\n<div class=\"_tableContainer_1rjym_1\">\n<div class=\"group _tableWrapper_1rjym_13 flex w-fit flex-col-reverse\" tabindex=\"-1\">\n<table class=\"w-fit min-w-(--thread-content-width)\" data-start=\"2064\" data-end=\"2801\">\n<thead data-start=\"2064\" data-end=\"2090\">\n<tr data-start=\"2064\" data-end=\"2090\">\n<th data-start=\"2064\" data-end=\"2075\" data-col-size=\"sm\"><strong data-start=\"2066\" data-end=\"2074\">Art\u00edculo<\/strong><\/th>\n<th data-start=\"2075\" data-end=\"2090\" data-col-size=\"lg\"><strong data-start=\"2077\" data-end=\"2088\">Detalles<\/strong><\/th>\n<\/tr>\n<\/thead>\n<tbody data-start=\"2120\" data-end=\"2801\">\n<tr data-start=\"2120\" data-end=\"2142\">\n<td data-start=\"2120\" data-end=\"2132\" data-col-size=\"sm\"><strong data-start=\"2122\" data-end=\"2131\">Marca<\/strong><\/td>\n<td data-start=\"2132\" data-end=\"2142\" data-col-size=\"lg\">RONEER<\/td>\n<\/tr>\n<tr data-start=\"2143\" data-end=\"2209\">\n<td data-start=\"2143\" data-end=\"2162\" data-col-size=\"sm\"><strong data-start=\"2145\" data-end=\"2161\">Nombre del producto<\/strong><\/td>\n<td data-start=\"2162\" data-end=\"2209\" data-col-size=\"lg\">Bolso bandolera tejido de gran capacidad para mujer<\/td>\n<\/tr>\n<tr data-start=\"2210\" data-end=\"2273\">\n<td data-start=\"2210\" data-end=\"2225\" data-col-size=\"sm\"><strong data-start=\"2212\" data-end=\"2224\">Material<\/strong><\/td>\n<td data-start=\"2225\" data-end=\"2273\" data-col-size=\"lg\">Gamuza vintage (exterior), poli\u00e9ster (forro)<\/td>\n<\/tr>\n<tr data-start=\"2274\" data-end=\"2405\">\n<td data-start=\"2274\" data-end=\"2294\" data-col-size=\"sm\"><strong data-start=\"2276\" data-end=\"2293\">Opciones de color<\/strong><\/td>\n<td data-start=\"2294\" data-end=\"2405\" data-col-size=\"lg\">Negro, Borgo\u00f1a, Caf\u00e9 mate, Verde oliva mate, Gris c\u00e1lido mate, T\u00e9 pino mate, Marr\u00f3n mate, Caqui mate<\/td>\n<\/tr>\n<tr data-start=\"2406\" data-end=\"2447\">\n<td data-start=\"2406\" data-end=\"2418\" data-col-size=\"sm\"><strong data-start=\"2408\" data-end=\"2417\">Estilo<\/strong><\/td>\n<td data-start=\"2418\" data-end=\"2447\" data-col-size=\"lg\">Retro europeo y americano<\/td>\n<\/tr>\n<tr data-start=\"2448\" data-end=\"2485\">\n<td data-start=\"2448\" data-end=\"2460\" data-col-size=\"sm\"><strong data-start=\"2450\" data-end=\"2459\">Forma<\/strong><\/td>\n<td data-start=\"2460\" data-end=\"2485\" data-col-size=\"lg\">Estilo Dumpling (Hobo)<\/td>\n<\/tr>\n<tr data-start=\"2486\" data-end=\"2513\">\n<td data-start=\"2486\" data-end=\"2505\" data-col-size=\"sm\"><strong data-start=\"2488\" data-end=\"2504\">Tipo de cierre<\/strong><\/td>\n<td data-start=\"2505\" data-end=\"2513\" data-col-size=\"lg\">Gancho<\/td>\n<\/tr>\n<tr data-start=\"2514\" data-end=\"2567\">\n<td data-start=\"2514\" data-end=\"2539\" data-col-size=\"sm\"><strong data-start=\"2516\" data-end=\"2538\">Estructura interior<\/strong><\/td>\n<td data-start=\"2539\" data-end=\"2567\" data-col-size=\"lg\">Bolsillo intercalado con cremallera<\/td>\n<\/tr>\n<tr data-start=\"2568\" data-end=\"2616\">\n<td data-start=\"2568\" data-end=\"2591\" data-col-size=\"sm\"><strong data-start=\"2570\" data-end=\"2590\">N\u00famero de correas<\/strong><\/td>\n<td data-start=\"2591\" data-end=\"2616\" data-col-size=\"lg\">Correa para un hombro<\/td>\n<\/tr>\n<tr data-start=\"2617\" data-end=\"2661\">\n<td data-start=\"2617\" data-end=\"2642\" data-col-size=\"sm\"><strong data-start=\"2619\" data-end=\"2641\">Dimensiones (L\u00d7H\u00d7A)<\/strong><\/td>\n<td data-start=\"2642\" data-end=\"2661\" data-col-size=\"lg\">34 \u00d7 29 \u00d7 11 cm<\/td>\n<\/tr>\n<tr data-start=\"2662\" data-end=\"2686\">\n<td data-start=\"2662\" data-end=\"2677\" data-col-size=\"sm\"><strong data-start=\"2664\" data-end=\"2676\">Tama\u00f1o de la bolsa<\/strong><\/td>\n<td data-start=\"2677\" data-end=\"2686\" data-col-size=\"lg\">Grande<\/td>\n<\/tr>\n<tr data-start=\"2687\" data-end=\"2745\">\n<td data-start=\"2687\" data-end=\"2708\" data-col-size=\"sm\"><strong data-start=\"2689\" data-end=\"2707\">Escena adecuada<\/strong><\/td>\n<td data-start=\"2708\" data-end=\"2745\" data-col-size=\"lg\">Uso diario, trabajo, compras, viajes<\/td>\n<\/tr>\n<tr data-start=\"2746\" data-end=\"2779\">\n<td data-start=\"2746\" data-end=\"2772\" data-col-size=\"sm\"><strong data-start=\"2748\" data-end=\"2771\">Disponibilidad de muestras<\/strong><\/td>\n<td data-start=\"2772\" data-end=\"2779\" data-col-size=\"lg\">S\u00ed<\/td>\n<\/tr>\n<tr data-start=\"2780\" data-end=\"2801\">\n<td data-start=\"2780\" data-end=\"2790\" data-col-size=\"sm\"><strong data-start=\"2782\" data-end=\"2789\">MOQ<\/strong><\/td>\n<td data-start=\"2790\" data-end=\"2801\" data-col-size=\"lg\">300 unidades<\/td>\n<\/tr>\n<\/tbody>\n<\/table>\n<\/div>\n<\/div>\n<h2 data-start=\"2808\" data-end=\"2828\"><strong data-start=\"2812\" data-end=\"2828\">Aplicaciones<\/strong><\/h2>\n<ul data-start=\"2870\" data-end=\"3072\">\n<li data-start=\"2870\" data-end=\"2914\">\n<p data-start=\"2872\" data-end=\"2914\">Ropa de trabajo e informal para el d\u00eda a d\u00eda<\/p>\n<\/li>\n<li data-start=\"2915\" data-end=\"2945\">\n<p data-start=\"2917\" data-end=\"2945\">Compras o viajes de fin de semana<\/p>\n<\/li>\n<li data-start=\"2946\" data-end=\"2972\">\n<p data-start=\"2948\" data-end=\"2972\">Uso para estudiantes y oficinas<\/p>\n<\/li>\n<li data-start=\"2973\" data-end=\"3022\">\n<p data-start=\"2975\" data-end=\"3022\">Estilismo de moda para looks retro o minimalistas<\/p>\n<\/li>\n<li data-start=\"3023\" data-end=\"3072\">\n<p data-start=\"3025\" data-end=\"3072\">Prop\u00f3sitos de regalo y colecciones de boutiques minoristas<\/p>\n<\/li>\n<\/ul>","protected":false},"excerpt":{"rendered":"<p>El bolso bandolera tejido de gran capacidad para mujer ha sido dise\u00f1ado para combinar elegancia, practicidad y encanto vintage. Este bolso tote est\u00e1 confeccionado en ante de primera calidad y forrado en poli\u00e9ster resistente para garantizar un rendimiento duradero. Con su silueta de hobo cl\u00e1sico y su textura tejida, este bolso se adapta tanto a entornos profesionales como informales. Incorpora un espacioso compartimento principal y un cuidado dise\u00f1o interior para guardar objetos de uso diario como una tableta, cosm\u00e9ticos, cartera y documentos.<\/p>","protected":false},"featured_media":2743,"comment_status":"open","ping_status":"closed","template":"","meta":{"site-sidebar-layout":"default","site-content-layout":"","ast-site-content-layout":"default","site-content-style":"default","site-sidebar-style":"default","ast-global-header-display":"","ast-banner-title-visibility":"","ast-main-header-display":"","ast-hfb-above-header-display":"","ast-hfb-below-header-display":"","ast-hfb-mobile-header-display":"","site-post-title":"","ast-breadcrumbs-content":"","ast-featured-img":"","footer-sml-layout":"","ast-disable-related-posts":"","theme-transparent-header-meta":"default","adv-header-id-meta":"","stick-header-meta":"","header-above-stick-meta":"","header-main-stick-meta":"","header-below-stick-meta":"","astra-migrate-meta-layouts":"set","ast-page-background-enabled":"default","ast-page-background-meta":{"desktop":{"background-color":"var(--ast-global-color-5)","background-image":"","background-repeat":"repeat","background-position":"center center","background-size":"auto","background-attachment":"scroll","background-type":"","background-media":"","overlay-type":"","overlay-color":"","overlay-opacity":"","overlay-gradient":""},"tablet":{"background-color":"","background-image":"","background-repeat":"repeat","background-position":"center center","background-size":"auto","background-attachment":"scroll","background-type":"","background-media":"","overlay-type":"","overlay-color":"","overlay-opacity":"","overlay-gradient":""},"mobile":{"background-color":"","background-image":"","background-repeat":"repeat","background-position":"center center","background-size":"auto","background-attachment":"scroll","background-type":"","background-media":"","overlay-type":"","overlay-color":"","overlay-opacity":"","overlay-gradient":""}},"ast-content-background-meta":{"desktop":{"background-color":"var(--ast-global-color-4)","background-image":"","background-repeat":"repeat","background-position":"center center","background-size":"auto","background-attachment":"scroll","background-type":"","background-media":"","overlay-type":"","overlay-color":"","overlay-opacity":"","overlay-gradient":""},"tablet":{"background-color":"var(--ast-global-color-4)","background-image":"","background-repeat":"repeat","background-position":"center center","background-size":"auto","background-attachment":"scroll","background-type":"","background-media":"","overlay-type":"","overlay-color":"","overlay-opacity":"","overlay-gradient":""},"mobile":{"background-color":"var(--ast-global-color-4)","background-image":"","background-repeat":"repeat","background-position":"center center","background-size":"auto","background-attachment":"scroll","background-type":"","background-media":"","overlay-type":"","overlay-color":"","overlay-opacity":"","overlay-gradient":""}}},"product_brand":[],"product_cat":[42,56,54],"product_tag":[],"class_list":{"0":"post-2742","1":"product","2":"type-product","3":"status-publish","4":"has-post-thumbnail","6":"product_cat-hand-bag","7":"product_cat-tote-bag","8":"product_cat-womens-bag","9":"desktop-align-left","10":"tablet-align-left","11":"mobile-align-left","13":"first","14":"instock","15":"shipping-taxable","16":"product-type-simple"},"_links":{"self":[{"href":"https:\/\/baijiabags.com\/es\/wp-json\/wp\/v2\/product\/2742","targetHints":{"allow":["GET"]}}],"collection":[{"href":"https:\/\/baijiabags.com\/es\/wp-json\/wp\/v2\/product"}],"about":[{"href":"https:\/\/baijiabags.com\/es\/wp-json\/wp\/v2\/types\/product"}],"replies":[{"embeddable":true,"href":"https:\/\/baijiabags.com\/es\/wp-json\/wp\/v2\/comments?post=2742"}],"wp:featuredmedia":[{"embeddable":true,"href":"https:\/\/baijiabags.com\/es\/wp-json\/wp\/v2\/media\/2743"}],"wp:attachment":[{"href":"https:\/\/baijiabags.com\/es\/wp-json\/wp\/v2\/media?parent=2742"}],"wp:term":[{"taxonomy":"product_brand","embeddable":true,"href":"https:\/\/baijiabags.com\/es\/wp-json\/wp\/v2\/product_brand?post=2742"},{"taxonomy":"product_cat","embeddable":true,"href":"https:\/\/baijiabags.com\/es\/wp-json\/wp\/v2\/product_cat?post=2742"},{"taxonomy":"product_tag","embeddable":true,"href":"https:\/\/baijiabags.com\/es\/wp-json\/wp\/v2\/product_tag?post=2742"}],"curies":[{"name":"wp","href":"https:\/\/api.w.org\/{rel}","templated":true}]}}