{"id":2730,"date":"2025-09-30T06:21:00","date_gmt":"2025-09-30T06:21:00","guid":{"rendered":"https:\/\/baijiabags.com\/?post_type=product&#038;p=2730"},"modified":"2025-11-01T01:21:35","modified_gmt":"2025-11-01T01:21:35","slug":"french-retro-womens-baguette-bag-versatile-casual-commuter-shoulder-handbag","status":"publish","type":"product","link":"https:\/\/baijiabags.com\/es\/producto\/french-retro-womens-baguette-bag-versatile-casual-commuter-shoulder-handbag\/","title":{"rendered":"French Retro Womens Baguette Bag Versatile Casual Commuter Shoulder Handbag"},"content":{"rendered":"<h2 data-start=\"640\" data-end=\"657\">Caracter\u00edsticas principales<\/h2>\n<ol data-start=\"659\" data-end=\"1656\">\n<li data-start=\"659\" data-end=\"782\">\n<p data-start=\"662\" data-end=\"782\"><strong data-start=\"662\" data-end=\"690\">Est\u00e9tica retro:<\/strong>Se ha adoptado un estilo baguette vintage franc\u00e9s para realzar los looks diarios de moda.<\/p>\n<\/li>\n<li data-start=\"784\" data-end=\"901\">\n<p data-start=\"787\" data-end=\"901\"><strong data-start=\"787\" data-end=\"810\">Material PU duradero:<\/strong>Se ha utilizado cuero PU de alta calidad para conseguir tanto durabilidad como un acabado suave.<\/p>\n<\/li>\n<li data-start=\"903\" data-end=\"1026\">\n<p data-start=\"906\" data-end=\"1026\"><strong data-start=\"906\" data-end=\"926\">Poli\u00e9ster Forro:<\/strong>Se ha aplicado un suave forro de poli\u00e9ster para proteger mejor los efectos personales.<\/p>\n<\/li>\n<li data-start=\"1028\" data-end=\"1144\">\n<p data-start=\"1031\" data-end=\"1144\"><strong data-start=\"1031\" data-end=\"1049\">Cierre de cremallera:<\/strong>Se ha instalado un cierre de cremallera seguro para garantizar una apertura f\u00e1cil y un almacenamiento fiable.<\/p>\n<\/li>\n<li data-start=\"1146\" data-end=\"1280\">\n<p data-start=\"1149\" data-end=\"1280\"><strong data-start=\"1149\" data-end=\"1178\">Ligero y c\u00f3modo:<\/strong>Se ha dotado de una estructura compacta con una dureza media-baja para mayor comodidad en el transporte diario.<\/p>\n<\/li>\n<li data-start=\"1282\" data-end=\"1404\">\n<p data-start=\"1285\" data-end=\"1404\"><strong data-start=\"1285\" data-end=\"1311\">Bolsillo interior con cremallera:<\/strong>Se ha integrado un bolsillo interior con cremallera para mantener los objetos peque\u00f1os organizados y seguros.<\/p>\n<\/li>\n<li data-start=\"1406\" data-end=\"1539\">\n<p data-start=\"1409\" data-end=\"1539\"><strong data-start=\"1409\" data-end=\"1435\">M\u00faltiples opciones de color:<\/strong>Se ofrecen cuatro colores (burdeos, caf\u00e9, rosa y negro) para satisfacer diversas preferencias de estilo.<\/p>\n<\/li>\n<li data-start=\"1541\" data-end=\"1656\">\n<p data-start=\"1544\" data-end=\"1656\"><strong data-start=\"1544\" data-end=\"1570\">Disponibilidad ODM y OEM:<\/strong>Se ofrecen servicios ODM y OEM para la producci\u00f3n personalizada y la creaci\u00f3n de marcas.<\/p>\n<\/li>\n<\/ol>\n<h2 data-start=\"1663\" data-end=\"1682\">Especificaciones<\/h2>\n<div class=\"_tableContainer_1rjym_1\">\n<div class=\"group _tableWrapper_1rjym_13 flex w-fit flex-col-reverse\" tabindex=\"-1\">\n<table class=\"w-fit min-w-(--thread-content-width)\" data-start=\"1684\" data-end=\"2609\">\n<thead data-start=\"1684\" data-end=\"1739\">\n<tr data-start=\"1684\" data-end=\"1739\">\n<th data-start=\"1684\" data-end=\"1711\" data-col-size=\"sm\"><strong data-start=\"1686\" data-end=\"1699\">Par\u00e1metro<\/strong><\/th>\n<th data-start=\"1711\" data-end=\"1739\" data-col-size=\"sm\"><strong data-start=\"1713\" data-end=\"1724\">Detalles<\/strong><\/th>\n<\/tr>\n<\/thead>\n<tbody data-start=\"1797\" data-end=\"2609\">\n<tr data-start=\"1797\" data-end=\"1852\">\n<td data-start=\"1797\" data-end=\"1825\" data-col-size=\"sm\">Marca<\/td>\n<td data-start=\"1825\" data-end=\"1852\" data-col-size=\"sm\">RONEER<\/td>\n<\/tr>\n<tr data-start=\"1853\" data-end=\"1920\">\n<td data-start=\"1853\" data-end=\"1881\" data-col-size=\"sm\">Nombre del producto<\/td>\n<td data-start=\"1881\" data-end=\"1920\" data-col-size=\"sm\">Bolso Baguette Retro Franc\u00e9s para Mujer<\/td>\n<\/tr>\n<tr data-start=\"1921\" data-end=\"1984\">\n<td data-start=\"1921\" data-end=\"1949\" data-col-size=\"sm\">Colores disponibles<\/td>\n<td data-start=\"1949\" data-end=\"1984\" data-col-size=\"sm\">Borgo\u00f1a, Caf\u00e9, Rosa, Negro<\/td>\n<\/tr>\n<tr data-start=\"1985\" data-end=\"2044\">\n<td data-start=\"1985\" data-end=\"2013\" data-col-size=\"sm\">Material<\/td>\n<td data-start=\"2013\" data-end=\"2044\" data-col-size=\"sm\">PU (cuero de poliuretano)<\/td>\n<\/tr>\n<tr data-start=\"2045\" data-end=\"2100\">\n<td data-start=\"2045\" data-end=\"2073\" data-col-size=\"sm\">Material del forro<\/td>\n<td data-start=\"2073\" data-end=\"2100\" data-col-size=\"sm\">Poli\u00e9ster<\/td>\n<\/tr>\n<tr data-start=\"2101\" data-end=\"2156\">\n<td data-start=\"2101\" data-end=\"2129\" data-col-size=\"sm\">Tipo de cierre<\/td>\n<td data-start=\"2129\" data-end=\"2156\" data-col-size=\"sm\">Cremallera<\/td>\n<\/tr>\n<tr data-start=\"2157\" data-end=\"2213\">\n<td data-start=\"2157\" data-end=\"2185\" data-col-size=\"sm\">Estructura interior<\/td>\n<td data-start=\"2185\" data-end=\"2213\" data-col-size=\"sm\">Bolsillo con cremallera<\/td>\n<\/tr>\n<tr data-start=\"2214\" data-end=\"2269\">\n<td data-start=\"2214\" data-end=\"2242\" data-col-size=\"sm\">Dureza<\/td>\n<td data-start=\"2242\" data-end=\"2269\" data-col-size=\"sm\">Medio-suave<\/td>\n<\/tr>\n<tr data-start=\"2270\" data-end=\"2325\">\n<td data-start=\"2270\" data-end=\"2298\" data-col-size=\"sm\">Capa intermedia<\/td>\n<td data-start=\"2298\" data-end=\"2325\" data-col-size=\"sm\">Ninguno<\/td>\n<\/tr>\n<tr data-start=\"2326\" data-end=\"2381\">\n<td data-start=\"2326\" data-end=\"2354\" data-col-size=\"sm\">Dimensiones (cm)<\/td>\n<td data-start=\"2354\" data-end=\"2381\" data-col-size=\"sm\">23 \u00d7 11 \u00d7 8.5<\/td>\n<\/tr>\n<tr data-start=\"2382\" data-end=\"2437\">\n<td data-start=\"2382\" data-end=\"2410\" data-col-size=\"sm\">Tipo de bolsillo exterior<\/td>\n<td data-start=\"2410\" data-end=\"2437\" data-col-size=\"sm\">Bolsillo interior con parche<\/td>\n<\/tr>\n<tr data-start=\"2438\" data-end=\"2497\">\n<td data-start=\"2438\" data-end=\"2466\" data-col-size=\"sm\">Escenarios adecuados<\/td>\n<td data-start=\"2466\" data-end=\"2497\" data-col-size=\"sm\">Cotejo diario, desplazamientos<\/td>\n<\/tr>\n<tr data-start=\"2498\" data-end=\"2553\">\n<td data-start=\"2498\" data-end=\"2526\" data-col-size=\"sm\">Disponibilidad de muestras<\/td>\n<td data-start=\"2526\" data-end=\"2553\" data-col-size=\"sm\">S\u00ed<\/td>\n<\/tr>\n<tr data-start=\"2554\" data-end=\"2609\">\n<td data-start=\"2554\" data-end=\"2582\" data-col-size=\"sm\">MOQ<\/td>\n<td data-start=\"2582\" data-end=\"2609\" data-col-size=\"sm\">300 unidades<\/td>\n<\/tr>\n<\/tbody>\n<\/table>\n<\/div>\n<\/div>\n<h2 data-start=\"2616\" data-end=\"2633\">Aplicaciones<\/h2>\n<ul data-start=\"2634\" data-end=\"3062\">\n<li data-start=\"2634\" data-end=\"2724\">\n<p data-start=\"2636\" data-end=\"2724\">El bolso est\u00e1 destinado a <strong data-start=\"2670\" data-end=\"2684\">uso diario<\/strong> como accesorio elegante y pr\u00e1ctico a la vez.<\/p>\n<\/li>\n<li data-start=\"2725\" data-end=\"2832\">\n<p data-start=\"2727\" data-end=\"2832\">Se ha utilizado para <strong data-start=\"2748\" data-end=\"2761\">desplazamientos<\/strong>Ofrece espacio suficiente para las llaves, el tel\u00e9fono, la cartera y peque\u00f1os cosm\u00e9ticos.<\/p>\n<\/li>\n<li data-start=\"2833\" data-end=\"2941\">\n<p data-start=\"2835\" data-end=\"2941\">La estructura compacta ha sido apreciada por <strong data-start=\"2882\" data-end=\"2900\">salidas informales<\/strong>que realzan tanto el estilo como la comodidad.<\/p>\n<\/li>\n<li data-start=\"2942\" data-end=\"3062\">\n<p data-start=\"2944\" data-end=\"3062\">El dise\u00f1o retro se ha seleccionado para <strong data-start=\"2983\" data-end=\"3016\">eventos y encuentros de moda<\/strong>que combinan tanto con trajes modernos como vintage.<\/p>\n<\/li>\n<\/ul>\n<p data-start=\"3069\" data-end=\"3275\">Si se muestra inter\u00e9s por esta <strong data-start=\"3098\" data-end=\"3142\">RONEER Bolso Retro Franc\u00e9s para Mujer<\/strong>se pueden solicitar muestras. <strong data-start=\"3170\" data-end=\"3206\">Se admiten servicios ODM y OEM<\/strong>que permite personalizar estilos, colores y marcas para pedidos al por mayor.<\/p>","protected":false},"excerpt":{"rendered":"<p>En <strong data-start=\"194\" data-end=\"231\">Bolso Baguette Retro Franc\u00e9s para Mujer<\/strong> por <strong data-start=\"235\" data-end=\"245\">RONEER<\/strong> se ha dise\u00f1ado como un accesorio vers\u00e1til que se adapta tanto al uso informal como al de diario. Con su tama\u00f1o compacto pero pr\u00e1ctico, este bolso se ha creado para complementar los atuendos diarios, al tiempo que ofrece espacio suficiente para los art\u00edculos esenciales. La elegante silueta baguette se ha confeccionado en suave piel de poliuretano y se ha forrado en resistente poli\u00e9ster, lo que garantiza su elegancia y su uso diario.<\/p>","protected":false},"featured_media":2731,"comment_status":"open","ping_status":"closed","template":"","meta":{"site-sidebar-layout":"default","site-content-layout":"","ast-site-content-layout":"default","site-content-style":"default","site-sidebar-style":"default","ast-global-header-display":"","ast-banner-title-visibility":"","ast-main-header-display":"","ast-hfb-above-header-display":"","ast-hfb-below-header-display":"","ast-hfb-mobile-header-display":"","site-post-title":"","ast-breadcrumbs-content":"","ast-featured-img":"","footer-sml-layout":"","ast-disable-related-posts":"","theme-transparent-header-meta":"default","adv-header-id-meta":"","stick-header-meta":"","header-above-stick-meta":"","header-main-stick-meta":"","header-below-stick-meta":"","astra-migrate-meta-layouts":"set","ast-page-background-enabled":"default","ast-page-background-meta":{"desktop":{"background-color":"var(--ast-global-color-5)","background-image":"","background-repeat":"repeat","background-position":"center center","background-size":"auto","background-attachment":"scroll","background-type":"","background-media":"","overlay-type":"","overlay-color":"","overlay-opacity":"","overlay-gradient":""},"tablet":{"background-color":"","background-image":"","background-repeat":"repeat","background-position":"center center","background-size":"auto","background-attachment":"scroll","background-type":"","background-media":"","overlay-type":"","overlay-color":"","overlay-opacity":"","overlay-gradient":""},"mobile":{"background-color":"","background-image":"","background-repeat":"repeat","background-position":"center center","background-size":"auto","background-attachment":"scroll","background-type":"","background-media":"","overlay-type":"","overlay-color":"","overlay-opacity":"","overlay-gradient":""}},"ast-content-background-meta":{"desktop":{"background-color":"var(--ast-global-color-4)","background-image":"","background-repeat":"repeat","background-position":"center center","background-size":"auto","background-attachment":"scroll","background-type":"","background-media":"","overlay-type":"","overlay-color":"","overlay-opacity":"","overlay-gradient":""},"tablet":{"background-color":"var(--ast-global-color-4)","background-image":"","background-repeat":"repeat","background-position":"center center","background-size":"auto","background-attachment":"scroll","background-type":"","background-media":"","overlay-type":"","overlay-color":"","overlay-opacity":"","overlay-gradient":""},"mobile":{"background-color":"var(--ast-global-color-4)","background-image":"","background-repeat":"repeat","background-position":"center center","background-size":"auto","background-attachment":"scroll","background-type":"","background-media":"","overlay-type":"","overlay-color":"","overlay-opacity":"","overlay-gradient":""}}},"product_brand":[],"product_cat":[54,42],"product_tag":[],"class_list":{"0":"post-2730","1":"product","2":"type-product","3":"status-publish","4":"has-post-thumbnail","6":"product_cat-womens-bag","7":"product_cat-hand-bag","8":"desktop-align-left","9":"tablet-align-left","10":"mobile-align-left","12":"first","13":"instock","14":"shipping-taxable","15":"product-type-simple"},"_links":{"self":[{"href":"https:\/\/baijiabags.com\/es\/wp-json\/wp\/v2\/product\/2730","targetHints":{"allow":["GET"]}}],"collection":[{"href":"https:\/\/baijiabags.com\/es\/wp-json\/wp\/v2\/product"}],"about":[{"href":"https:\/\/baijiabags.com\/es\/wp-json\/wp\/v2\/types\/product"}],"replies":[{"embeddable":true,"href":"https:\/\/baijiabags.com\/es\/wp-json\/wp\/v2\/comments?post=2730"}],"wp:featuredmedia":[{"embeddable":true,"href":"https:\/\/baijiabags.com\/es\/wp-json\/wp\/v2\/media\/2731"}],"wp:attachment":[{"href":"https:\/\/baijiabags.com\/es\/wp-json\/wp\/v2\/media?parent=2730"}],"wp:term":[{"taxonomy":"product_brand","embeddable":true,"href":"https:\/\/baijiabags.com\/es\/wp-json\/wp\/v2\/product_brand?post=2730"},{"taxonomy":"product_cat","embeddable":true,"href":"https:\/\/baijiabags.com\/es\/wp-json\/wp\/v2\/product_cat?post=2730"},{"taxonomy":"product_tag","embeddable":true,"href":"https:\/\/baijiabags.com\/es\/wp-json\/wp\/v2\/product_tag?post=2730"}],"curies":[{"name":"wp","href":"https:\/\/api.w.org\/{rel}","templated":true}]}}