{"id":2645,"date":"2025-09-29T01:21:47","date_gmt":"2025-09-29T01:21:47","guid":{"rendered":"https:\/\/baijiabags.com\/?post_type=product&#038;p=2645"},"modified":"2025-11-01T01:21:36","modified_gmt":"2025-11-01T01:21:36","slug":"wholesale-elegant-womens-leather-handbag-genuine-leather-tote-crossbody-style","status":"publish","type":"product","link":"https:\/\/baijiabags.com\/es\/producto\/wholesale-elegant-womens-leather-handbag-genuine-leather-tote-crossbody-style\/","title":{"rendered":"Venta al por mayor elegante bolso de cuero para mujer de cuero genuino Tote Crossbody estilo"},"content":{"rendered":"<h2 data-start=\"982\" data-end=\"999\">Caracter\u00edsticas principales<\/h2>\n<ul data-start=\"1000\" data-end=\"1713\">\n<li data-start=\"1000\" data-end=\"1069\">\n<p data-start=\"1002\" data-end=\"1069\">Se ha utilizado piel aut\u00e9ntica para una mayor durabilidad y textura.<\/p>\n<\/li>\n<li data-start=\"1070\" data-end=\"1150\">\n<p data-start=\"1072\" data-end=\"1150\">Se ha adoptado un dise\u00f1o vers\u00e1til para llevarlo tanto cruzado como en la mano.<\/p>\n<\/li>\n<li data-start=\"1151\" data-end=\"1236\">\n<p data-start=\"1153\" data-end=\"1236\">Se ha aplicado una superficie impermeable para una mayor protecci\u00f3n en entornos cotidianos.<\/p>\n<\/li>\n<li data-start=\"1237\" data-end=\"1371\">\n<p data-start=\"1239\" data-end=\"1371\">Se ha previsto una gran capacidad para colocar elementos como un <strong data-start=\"1299\" data-end=\"1368\">Revista A5, iPad, tel\u00e9fono m\u00f3vil, paraguas plegable y cosm\u00e9ticos.<\/strong>.<\/p>\n<\/li>\n<li data-start=\"1372\" data-end=\"1453\">\n<p data-start=\"1374\" data-end=\"1453\">Los compartimentos organizados se han dispuesto para facilitar el almacenamiento y el acceso.<\/p>\n<\/li>\n<li data-start=\"1454\" data-end=\"1536\">\n<p data-start=\"1456\" data-end=\"1536\">Se ha conseguido una construcci\u00f3n ligera (0,65 kg) para transportarla c\u00f3modamente.<\/p>\n<\/li>\n<li data-start=\"1537\" data-end=\"1630\">\n<p data-start=\"1539\" data-end=\"1630\">Se han ofrecido colores personalizables para adaptarse a distintos mercados y preferencias personales.<\/p>\n<\/li>\n<li data-start=\"1631\" data-end=\"1713\">\n<p data-start=\"1633\" data-end=\"1713\">Se admite la producci\u00f3n ODM y OEM para la venta al por mayor y la personalizaci\u00f3n de marcas.<\/p>\n<\/li>\n<\/ul>\n<h2 data-start=\"1720\" data-end=\"1739\">Especificaciones<\/h2>\n<div class=\"_tableContainer_1rjym_1\">\n<div class=\"group _tableWrapper_1rjym_13 flex w-fit flex-col-reverse\" tabindex=\"-1\">\n<table class=\"w-fit min-w-(--thread-content-width)\" data-start=\"1741\" data-end=\"3318\">\n<thead data-start=\"1741\" data-end=\"1845\">\n<tr data-start=\"1741\" data-end=\"1845\">\n<th data-start=\"1741\" data-end=\"1766\" data-col-size=\"sm\">Par\u00e1metro<\/th>\n<th data-start=\"1766\" data-end=\"1845\" data-col-size=\"md\">Descripci\u00f3n<\/th>\n<\/tr>\n<\/thead>\n<tbody data-start=\"1952\" data-end=\"3318\">\n<tr data-start=\"1952\" data-end=\"2056\">\n<td data-start=\"1952\" data-end=\"1977\" data-col-size=\"sm\">Nombre del producto<\/td>\n<td data-start=\"1977\" data-end=\"2056\" data-col-size=\"md\">Bolso de se\u00f1ora<\/td>\n<\/tr>\n<tr data-start=\"2057\" data-end=\"2161\">\n<td data-start=\"2057\" data-end=\"2082\" data-col-size=\"sm\">Marca<\/td>\n<td data-start=\"2082\" data-end=\"2161\" data-col-size=\"md\">RONEER<\/td>\n<\/tr>\n<tr data-start=\"2162\" data-end=\"2266\">\n<td data-start=\"2162\" data-end=\"2187\" data-col-size=\"sm\">Modelo<\/td>\n<td data-start=\"2187\" data-end=\"2266\" data-col-size=\"md\">GB-0437<\/td>\n<\/tr>\n<tr data-start=\"2267\" data-end=\"2371\">\n<td data-start=\"2267\" data-end=\"2292\" data-col-size=\"sm\">Lugar de origen<\/td>\n<td data-start=\"2292\" data-end=\"2371\" data-col-size=\"md\">Guangdong, China<\/td>\n<\/tr>\n<tr data-start=\"2372\" data-end=\"2476\">\n<td data-start=\"2372\" data-end=\"2397\" data-col-size=\"sm\">Estilo<\/td>\n<td data-start=\"2397\" data-end=\"2476\" data-col-size=\"md\">Moda<\/td>\n<\/tr>\n<tr data-start=\"2477\" data-end=\"2581\">\n<td data-start=\"2477\" data-end=\"2502\" data-col-size=\"sm\">Material<\/td>\n<td data-start=\"2502\" data-end=\"2581\" data-col-size=\"md\">Piel aut\u00e9ntica<\/td>\n<\/tr>\n<tr data-start=\"2582\" data-end=\"2686\">\n<td data-start=\"2582\" data-end=\"2607\" data-col-size=\"sm\">Peso<\/td>\n<td data-start=\"2607\" data-end=\"2686\" data-col-size=\"md\">0,65 kg<\/td>\n<\/tr>\n<tr data-start=\"2687\" data-end=\"2792\">\n<td data-start=\"2687\" data-end=\"2712\" data-col-size=\"sm\">Estructura<\/td>\n<td data-start=\"2712\" data-end=\"2792\" data-col-size=\"md\">Bolsillo interior con cremallera \u00d72 \/ Compartimento principal \/ Bolsillo interior<\/td>\n<\/tr>\n<tr data-start=\"2793\" data-end=\"2897\">\n<td data-start=\"2793\" data-end=\"2818\" data-col-size=\"sm\">Color<\/td>\n<td data-start=\"2818\" data-end=\"2897\" data-col-size=\"md\">Personalizable<\/td>\n<\/tr>\n<tr data-start=\"2898\" data-end=\"3002\">\n<td data-start=\"2898\" data-end=\"2923\" data-col-size=\"sm\">Modos de uso<\/td>\n<td data-start=\"2923\" data-end=\"3002\" data-col-size=\"md\">Crossbody \/ Para llevar en la mano<\/td>\n<\/tr>\n<tr data-start=\"3003\" data-end=\"3107\">\n<td data-start=\"3003\" data-end=\"3028\" data-col-size=\"sm\">Caracter\u00edstica<\/td>\n<td data-start=\"3028\" data-end=\"3107\" data-col-size=\"md\">Impermeable<\/td>\n<\/tr>\n<tr data-start=\"3108\" data-end=\"3213\">\n<td data-start=\"3108\" data-end=\"3133\" data-col-size=\"sm\">Capacidad<\/td>\n<td data-start=\"3133\" data-end=\"3213\" data-col-size=\"md\">Revista A5, iPad, tel\u00e9fono m\u00f3vil, paraguas, cosm\u00e9ticos y art\u00edculos de uso diario<\/td>\n<\/tr>\n<tr data-start=\"3214\" data-end=\"3318\">\n<td data-start=\"3214\" data-end=\"3239\" data-col-size=\"sm\">MOQ<\/td>\n<td data-start=\"3239\" data-end=\"3318\" data-col-size=\"md\">300 unidades<\/td>\n<\/tr>\n<\/tbody>\n<\/table>\n<\/div>\n<\/div>\n<h2>Aplicaciones<\/h2>\n<ul data-start=\"3416\" data-end=\"3624\">\n<li data-start=\"3416\" data-end=\"3450\">\n<p data-start=\"3418\" data-end=\"3450\">Desplazamientos diarios y uso en la oficina<\/p>\n<\/li>\n<li data-start=\"3451\" data-end=\"3482\">\n<p data-start=\"3453\" data-end=\"3482\">Compras y salidas informales<\/p>\n<\/li>\n<li data-start=\"3483\" data-end=\"3519\">\n<p data-start=\"3485\" data-end=\"3519\">Viajes y actividades de ocio<\/p>\n<\/li>\n<li data-start=\"3520\" data-end=\"3552\">\n<p data-start=\"3522\" data-end=\"3552\">Reuniones y actos sociales<\/p>\n<\/li>\n<li data-start=\"3553\" data-end=\"3590\">\n<p data-start=\"3555\" data-end=\"3590\">Estilismo empresarial y profesional<\/p>\n<\/li>\n<li data-start=\"3591\" data-end=\"3624\">\n<p data-start=\"3593\" data-end=\"3624\">Regalos y promociones<\/p>\n<\/li>\n<\/ul>\n<p data-start=\"3631\" data-end=\"3820\">Si est\u00e1 interesado en este elegante bolso de piel, p\u00f3ngase en contacto con nosotros para solicitar muestras. <strong data-start=\"3724\" data-end=\"3760\">Servicios ODM y OEM disponibles<\/strong> para apoyar la personalizaci\u00f3n al por mayor y el desarrollo de la marca.<\/p>","protected":false},"excerpt":{"rendered":"<p>El bolso de piel para mujer Wholesale Elegant ha sido dise\u00f1ado para combinar practicidad y elegancia atemporal. Hecho a mano de cuero genuino, el bolso de mano es ofrecido por <strong data-start=\"335\" data-end=\"345\">RONEER<\/strong> como modelo <strong data-start=\"355\" data-end=\"366\">GB-0437<\/strong>y se fabrica en Guangdong, China. Un peso de <strong data-start=\"424\" data-end=\"435\">0,65 kg<\/strong> se ha mantenido para garantizar un uso c\u00f3modo. La bolsa se ha creado con un estilo moderno y estructurado para permitir un uso vers\u00e1til, tanto cruzada como de mano.<\/p>","protected":false},"featured_media":2655,"comment_status":"open","ping_status":"closed","template":"","meta":{"site-sidebar-layout":"default","site-content-layout":"","ast-site-content-layout":"default","site-content-style":"default","site-sidebar-style":"default","ast-global-header-display":"","ast-banner-title-visibility":"","ast-main-header-display":"","ast-hfb-above-header-display":"","ast-hfb-below-header-display":"","ast-hfb-mobile-header-display":"","site-post-title":"","ast-breadcrumbs-content":"","ast-featured-img":"","footer-sml-layout":"","ast-disable-related-posts":"","theme-transparent-header-meta":"default","adv-header-id-meta":"","stick-header-meta":"","header-above-stick-meta":"","header-main-stick-meta":"","header-below-stick-meta":"","astra-migrate-meta-layouts":"set","ast-page-background-enabled":"default","ast-page-background-meta":{"desktop":{"background-color":"var(--ast-global-color-5)","background-image":"","background-repeat":"repeat","background-position":"center center","background-size":"auto","background-attachment":"scroll","background-type":"","background-media":"","overlay-type":"","overlay-color":"","overlay-opacity":"","overlay-gradient":""},"tablet":{"background-color":"","background-image":"","background-repeat":"repeat","background-position":"center center","background-size":"auto","background-attachment":"scroll","background-type":"","background-media":"","overlay-type":"","overlay-color":"","overlay-opacity":"","overlay-gradient":""},"mobile":{"background-color":"","background-image":"","background-repeat":"repeat","background-position":"center center","background-size":"auto","background-attachment":"scroll","background-type":"","background-media":"","overlay-type":"","overlay-color":"","overlay-opacity":"","overlay-gradient":""}},"ast-content-background-meta":{"desktop":{"background-color":"var(--ast-global-color-4)","background-image":"","background-repeat":"repeat","background-position":"center center","background-size":"auto","background-attachment":"scroll","background-type":"","background-media":"","overlay-type":"","overlay-color":"","overlay-opacity":"","overlay-gradient":""},"tablet":{"background-color":"var(--ast-global-color-4)","background-image":"","background-repeat":"repeat","background-position":"center center","background-size":"auto","background-attachment":"scroll","background-type":"","background-media":"","overlay-type":"","overlay-color":"","overlay-opacity":"","overlay-gradient":""},"mobile":{"background-color":"var(--ast-global-color-4)","background-image":"","background-repeat":"repeat","background-position":"center center","background-size":"auto","background-attachment":"scroll","background-type":"","background-media":"","overlay-type":"","overlay-color":"","overlay-opacity":"","overlay-gradient":""}}},"product_brand":[],"product_cat":[42,54],"product_tag":[],"class_list":{"0":"post-2645","1":"product","2":"type-product","3":"status-publish","4":"has-post-thumbnail","6":"product_cat-hand-bag","7":"product_cat-womens-bag","8":"desktop-align-left","9":"tablet-align-left","10":"mobile-align-left","12":"first","13":"instock","14":"shipping-taxable","15":"product-type-simple"},"_links":{"self":[{"href":"https:\/\/baijiabags.com\/es\/wp-json\/wp\/v2\/product\/2645","targetHints":{"allow":["GET"]}}],"collection":[{"href":"https:\/\/baijiabags.com\/es\/wp-json\/wp\/v2\/product"}],"about":[{"href":"https:\/\/baijiabags.com\/es\/wp-json\/wp\/v2\/types\/product"}],"replies":[{"embeddable":true,"href":"https:\/\/baijiabags.com\/es\/wp-json\/wp\/v2\/comments?post=2645"}],"wp:featuredmedia":[{"embeddable":true,"href":"https:\/\/baijiabags.com\/es\/wp-json\/wp\/v2\/media\/2655"}],"wp:attachment":[{"href":"https:\/\/baijiabags.com\/es\/wp-json\/wp\/v2\/media?parent=2645"}],"wp:term":[{"taxonomy":"product_brand","embeddable":true,"href":"https:\/\/baijiabags.com\/es\/wp-json\/wp\/v2\/product_brand?post=2645"},{"taxonomy":"product_cat","embeddable":true,"href":"https:\/\/baijiabags.com\/es\/wp-json\/wp\/v2\/product_cat?post=2645"},{"taxonomy":"product_tag","embeddable":true,"href":"https:\/\/baijiabags.com\/es\/wp-json\/wp\/v2\/product_tag?post=2645"}],"curies":[{"name":"wp","href":"https:\/\/api.w.org\/{rel}","templated":true}]}}