{"id":2571,"date":"2025-09-27T03:39:07","date_gmt":"2025-09-27T03:39:07","guid":{"rendered":"https:\/\/baijiabags.com\/?post_type=product&#038;p=2571"},"modified":"2025-11-01T01:21:57","modified_gmt":"2025-11-01T01:21:57","slug":"wholesale-genuine-leather-womens-tote-bag-custom-shoulder-handbag-waterproof-office-use","status":"publish","type":"product","link":"https:\/\/baijiabags.com\/es\/producto\/wholesale-genuine-leather-womens-tote-bag-custom-shoulder-handbag-waterproof-office-use\/","title":{"rendered":"Venta al por mayor de cuero genuino Womens Tote Bag Custom Shoulder Handbag Waterproof Office Use"},"content":{"rendered":"<h2 data-start=\"725\" data-end=\"742\">Caracter\u00edsticas principales<\/h2>\n<ol data-start=\"743\" data-end=\"1803\">\n<li data-start=\"743\" data-end=\"883\">\n<p data-start=\"746\" data-end=\"883\"><strong data-start=\"746\" data-end=\"778\">Piel de primera calidad<\/strong> - Se ha utilizado piel aut\u00e9ntica de alta calidad para garantizar resistencia, durabilidad y un aspecto refinado.<\/p>\n<\/li>\n<li data-start=\"884\" data-end=\"1021\">\n<p data-start=\"887\" data-end=\"1021\"><strong data-start=\"887\" data-end=\"912\">Protecci\u00f3n impermeable<\/strong> - La superficie ha sido tratada para resistir al agua, lo que permite mantener las pertenencias a salvo en condiciones variables.<\/p>\n<\/li>\n<li data-start=\"1022\" data-end=\"1196\">\n<p data-start=\"1025\" data-end=\"1196\"><strong data-start=\"1025\" data-end=\"1046\">Interior espacioso<\/strong> - Se ha incluido un compartimento principal con m\u00faltiples bolsillos interiores para guardar objetos esenciales como un iPad, documentos A4, cosm\u00e9ticos y mucho m\u00e1s.<\/p>\n<\/li>\n<li data-start=\"1197\" data-end=\"1288\">\n<p data-start=\"1200\" data-end=\"1288\"><strong data-start=\"1200\" data-end=\"1224\">Opciones personalizables<\/strong> - Los colores pueden personalizarse para satisfacer diversas preferencias de estilo.<\/p>\n<\/li>\n<li data-start=\"1289\" data-end=\"1410\">\n<p data-start=\"1292\" data-end=\"1410\"><strong data-start=\"1292\" data-end=\"1322\">M\u00e9todos de transporte vers\u00e1tiles<\/strong> - El bolso tote se ha dise\u00f1ado para llevarlo en la mano o cruzado para mayor flexibilidad.<\/p>\n<\/li>\n<li data-start=\"1411\" data-end=\"1533\">\n<p data-start=\"1414\" data-end=\"1533\"><strong data-start=\"1414\" data-end=\"1435\">Construcci\u00f3n ligera<\/strong> - Con s\u00f3lo 0,64 kg, la bolsa es f\u00e1cil de llevar durante todo el d\u00eda sin que suponga una carga adicional.<\/p>\n<\/li>\n<li data-start=\"1534\" data-end=\"1663\">\n<p data-start=\"1537\" data-end=\"1663\"><strong data-start=\"1537\" data-end=\"1555\">Almacenamiento seguro<\/strong> - Se han dispuesto bolsillos con cremallera y deslizables para proporcionar un almacenamiento organizado y seguro de los peque\u00f1os objetos de valor.<\/p>\n<\/li>\n<li data-start=\"1664\" data-end=\"1803\">\n<p data-start=\"1667\" data-end=\"1803\"><strong data-start=\"1667\" data-end=\"1698\">Uso profesional y ocasional<\/strong> - Se ha incorporado un estilo atemporal, lo que hace que el bolso sea adecuado tanto para el trabajo como para ocasiones de ocio.<\/p>\n<\/li>\n<\/ol>\n<h2 data-start=\"1805\" data-end=\"1824\">Especificaciones<\/h2>\n<div class=\"_tableContainer_1rjym_1\">\n<div class=\"group _tableWrapper_1rjym_13 flex w-fit flex-col-reverse\" tabindex=\"-1\">\n<table class=\"w-fit min-w-(--thread-content-width)\" data-start=\"1826\" data-end=\"2374\">\n<thead data-start=\"1826\" data-end=\"1863\">\n<tr data-start=\"1826\" data-end=\"1863\">\n<th data-start=\"1826\" data-end=\"1846\" data-col-size=\"sm\"><strong data-start=\"1828\" data-end=\"1845\">Especificaci\u00f3n<\/strong><\/th>\n<th data-start=\"1846\" data-end=\"1863\" data-col-size=\"md\"><strong data-start=\"1848\" data-end=\"1859\">Detalles<\/strong><\/th>\n<\/tr>\n<\/thead>\n<tbody data-start=\"1902\" data-end=\"2374\">\n<tr data-start=\"1902\" data-end=\"1937\">\n<td data-start=\"1902\" data-end=\"1917\" data-col-size=\"sm\">Nombre del producto<\/td>\n<td data-start=\"1917\" data-end=\"1937\" data-col-size=\"md\">Bolso de se\u00f1ora<\/td>\n<\/tr>\n<tr data-start=\"1938\" data-end=\"1958\">\n<td data-start=\"1938\" data-end=\"1946\" data-col-size=\"sm\">Marca<\/td>\n<td data-start=\"1946\" data-end=\"1958\" data-col-size=\"md\">RONEER<\/td>\n<\/tr>\n<tr data-start=\"1959\" data-end=\"1980\">\n<td data-start=\"1959\" data-end=\"1967\" data-col-size=\"sm\">Modelo<\/td>\n<td data-start=\"1967\" data-end=\"1980\" data-col-size=\"md\">GB-0434<\/td>\n<\/tr>\n<tr data-start=\"1981\" data-end=\"2012\">\n<td data-start=\"1981\" data-end=\"1990\" data-col-size=\"sm\">Origen<\/td>\n<td data-start=\"1990\" data-end=\"2012\" data-col-size=\"md\">Guangdong, China<\/td>\n<\/tr>\n<tr data-start=\"2013\" data-end=\"2041\">\n<td data-start=\"2013\" data-end=\"2021\" data-col-size=\"sm\">Estilo<\/td>\n<td data-start=\"2021\" data-end=\"2041\" data-col-size=\"md\">Moda, Retro<\/td>\n<\/tr>\n<tr data-start=\"2042\" data-end=\"2074\">\n<td data-start=\"2042\" data-end=\"2053\" data-col-size=\"sm\">Material<\/td>\n<td data-start=\"2053\" data-end=\"2074\" data-col-size=\"md\">Piel aut\u00e9ntica<\/td>\n<\/tr>\n<tr data-start=\"2075\" data-end=\"2097\">\n<td data-start=\"2075\" data-end=\"2084\" data-col-size=\"sm\">Peso<\/td>\n<td data-start=\"2084\" data-end=\"2097\" data-col-size=\"md\">0,64 kg<\/td>\n<\/tr>\n<tr data-start=\"2098\" data-end=\"2124\">\n<td data-start=\"2098\" data-end=\"2106\" data-col-size=\"sm\">Color<\/td>\n<td data-start=\"2106\" data-end=\"2124\" data-col-size=\"md\">Personalizable<\/td>\n<\/tr>\n<tr data-start=\"2125\" data-end=\"2192\">\n<td data-start=\"2125\" data-end=\"2140\" data-col-size=\"sm\">Compartimentos<\/td>\n<td data-start=\"2140\" data-end=\"2192\" data-col-size=\"md\">Compartimento principal, 1 bolsillo con cremallera, 2 bolsillos abiertos<\/td>\n<\/tr>\n<tr data-start=\"2193\" data-end=\"2240\">\n<td data-start=\"2193\" data-end=\"2212\" data-col-size=\"sm\">Opciones de transporte<\/td>\n<td data-start=\"2212\" data-end=\"2240\" data-col-size=\"md\">Crossbody \/ Para llevar en la mano<\/td>\n<\/tr>\n<tr data-start=\"2241\" data-end=\"2268\">\n<td data-start=\"2241\" data-end=\"2252\" data-col-size=\"sm\">Caracter\u00edsticas<\/td>\n<td data-start=\"2252\" data-end=\"2268\" data-col-size=\"md\">Impermeable<\/td>\n<\/tr>\n<tr data-start=\"2269\" data-end=\"2354\">\n<td data-start=\"2269\" data-end=\"2280\" data-col-size=\"sm\">Capacidad<\/td>\n<td data-start=\"2280\" data-end=\"2354\" data-col-size=\"md\">Cabe una revista A4, un iPad, un tel\u00e9fono, un paraguas plegable, cosm\u00e9ticos, etc.<\/td>\n<\/tr>\n<tr data-start=\"2355\" data-end=\"2374\">\n<td data-start=\"2355\" data-end=\"2361\" data-col-size=\"sm\">MOQ<\/td>\n<td data-start=\"2361\" data-end=\"2374\" data-col-size=\"md\">300 unidades<\/td>\n<\/tr>\n<\/tbody>\n<\/table>\n<\/div>\n<\/div>\n<h2 data-start=\"2376\" data-end=\"2393\">Aplicaciones<\/h2>\n<p data-start=\"2394\" data-end=\"2472\">Este bolso de mano se ha dise\u00f1ado para adaptarse a una amplia gama de usos, entre ellos:<\/p>\n<ul data-start=\"2474\" data-end=\"3011\">\n<li data-start=\"2474\" data-end=\"2572\">\n<p data-start=\"2476\" data-end=\"2572\"><strong data-start=\"2476\" data-end=\"2490\">Uso de oficina<\/strong> - Documentos, tabletas y objetos de trabajo cotidianos pueden llevarse c\u00f3modamente.<\/p>\n<\/li>\n<li data-start=\"2573\" data-end=\"2673\">\n<p data-start=\"2575\" data-end=\"2673\"><strong data-start=\"2575\" data-end=\"2592\">Salidas diarias<\/strong> - Los objetos personales pueden organizarse eficazmente para ir de compras o para reuniones informales.<\/p>\n<\/li>\n<li data-start=\"2674\" data-end=\"2776\">\n<p data-start=\"2676\" data-end=\"2776\"><strong data-start=\"2676\" data-end=\"2686\">Viajar<\/strong> - Objetos compactos como documentos de viaje, paraguas y maquillaje pueden guardarse de forma segura.<\/p>\n<\/li>\n<li data-start=\"2777\" data-end=\"2895\">\n<p data-start=\"2779\" data-end=\"2895\"><strong data-start=\"2779\" data-end=\"2800\">Reuniones de trabajo<\/strong> - Se ha conseguido un aspecto profesional, lo que hace que la bolsa sea adecuada para entornos corporativos.<\/p>\n<\/li>\n<li data-start=\"2896\" data-end=\"3011\">\n<p data-start=\"2898\" data-end=\"3011\"><strong data-start=\"2898\" data-end=\"2920\">Actividades de fin de semana<\/strong> - Su dise\u00f1o vers\u00e1til ha permitido que el bolso encaje tanto en ambientes relajados como semiformales.<\/p>\n<\/li>\n<\/ul>\n<p data-start=\"3020\" data-end=\"3166\">Si est\u00e1 interesado en este bolso, p\u00f3ngase en contacto con nosotros para solicitar muestras. <strong data-start=\"3097\" data-end=\"3119\">Servicios ODM y OEM<\/strong> para satisfacer necesidades espec\u00edficas.<\/p>","protected":false},"excerpt":{"rendered":"<p>Un bolso de mano para mujer ha sido dise\u00f1ado por <strong data-start=\"333\" data-end=\"343\">RONEER<\/strong> con un enfoque en el estilo, la durabilidad y la practicidad. Se ha seleccionado piel aut\u00e9ntica como material principal para garantizar tanto la elegancia como un uso duradero. El bolso tote se ha fabricado con caracter\u00edsticas impermeables, lo que lo hace muy adecuado para la oficina, los viajes y el uso diario. Con un peso de s\u00f3lo 0,64 kg, el bolso se ha estructurado para ofrecer ligereza y funcionalidad.<\/p>","protected":false},"featured_media":2581,"comment_status":"open","ping_status":"closed","template":"","meta":{"site-sidebar-layout":"default","site-content-layout":"","ast-site-content-layout":"default","site-content-style":"default","site-sidebar-style":"default","ast-global-header-display":"","ast-banner-title-visibility":"","ast-main-header-display":"","ast-hfb-above-header-display":"","ast-hfb-below-header-display":"","ast-hfb-mobile-header-display":"","site-post-title":"","ast-breadcrumbs-content":"","ast-featured-img":"","footer-sml-layout":"","ast-disable-related-posts":"","theme-transparent-header-meta":"default","adv-header-id-meta":"","stick-header-meta":"","header-above-stick-meta":"","header-main-stick-meta":"","header-below-stick-meta":"","astra-migrate-meta-layouts":"set","ast-page-background-enabled":"default","ast-page-background-meta":{"desktop":{"background-color":"var(--ast-global-color-5)","background-image":"","background-repeat":"repeat","background-position":"center center","background-size":"auto","background-attachment":"scroll","background-type":"","background-media":"","overlay-type":"","overlay-color":"","overlay-opacity":"","overlay-gradient":""},"tablet":{"background-color":"","background-image":"","background-repeat":"repeat","background-position":"center center","background-size":"auto","background-attachment":"scroll","background-type":"","background-media":"","overlay-type":"","overlay-color":"","overlay-opacity":"","overlay-gradient":""},"mobile":{"background-color":"","background-image":"","background-repeat":"repeat","background-position":"center center","background-size":"auto","background-attachment":"scroll","background-type":"","background-media":"","overlay-type":"","overlay-color":"","overlay-opacity":"","overlay-gradient":""}},"ast-content-background-meta":{"desktop":{"background-color":"var(--ast-global-color-4)","background-image":"","background-repeat":"repeat","background-position":"center center","background-size":"auto","background-attachment":"scroll","background-type":"","background-media":"","overlay-type":"","overlay-color":"","overlay-opacity":"","overlay-gradient":""},"tablet":{"background-color":"var(--ast-global-color-4)","background-image":"","background-repeat":"repeat","background-position":"center center","background-size":"auto","background-attachment":"scroll","background-type":"","background-media":"","overlay-type":"","overlay-color":"","overlay-opacity":"","overlay-gradient":""},"mobile":{"background-color":"var(--ast-global-color-4)","background-image":"","background-repeat":"repeat","background-position":"center center","background-size":"auto","background-attachment":"scroll","background-type":"","background-media":"","overlay-type":"","overlay-color":"","overlay-opacity":"","overlay-gradient":""}}},"product_brand":[],"product_cat":[42,54],"product_tag":[],"class_list":{"0":"post-2571","1":"product","2":"type-product","3":"status-publish","4":"has-post-thumbnail","6":"product_cat-hand-bag","7":"product_cat-womens-bag","8":"desktop-align-left","9":"tablet-align-left","10":"mobile-align-left","12":"first","13":"instock","14":"shipping-taxable","15":"product-type-simple"},"_links":{"self":[{"href":"https:\/\/baijiabags.com\/es\/wp-json\/wp\/v2\/product\/2571","targetHints":{"allow":["GET"]}}],"collection":[{"href":"https:\/\/baijiabags.com\/es\/wp-json\/wp\/v2\/product"}],"about":[{"href":"https:\/\/baijiabags.com\/es\/wp-json\/wp\/v2\/types\/product"}],"replies":[{"embeddable":true,"href":"https:\/\/baijiabags.com\/es\/wp-json\/wp\/v2\/comments?post=2571"}],"wp:featuredmedia":[{"embeddable":true,"href":"https:\/\/baijiabags.com\/es\/wp-json\/wp\/v2\/media\/2581"}],"wp:attachment":[{"href":"https:\/\/baijiabags.com\/es\/wp-json\/wp\/v2\/media?parent=2571"}],"wp:term":[{"taxonomy":"product_brand","embeddable":true,"href":"https:\/\/baijiabags.com\/es\/wp-json\/wp\/v2\/product_brand?post=2571"},{"taxonomy":"product_cat","embeddable":true,"href":"https:\/\/baijiabags.com\/es\/wp-json\/wp\/v2\/product_cat?post=2571"},{"taxonomy":"product_tag","embeddable":true,"href":"https:\/\/baijiabags.com\/es\/wp-json\/wp\/v2\/product_tag?post=2571"}],"curies":[{"name":"wp","href":"https:\/\/api.w.org\/{rel}","templated":true}]}}