{"id":2528,"date":"2025-09-27T02:30:55","date_gmt":"2025-09-27T02:30:55","guid":{"rendered":"https:\/\/baijiabags.com\/?post_type=product&#038;p=2528"},"modified":"2025-10-18T09:23:46","modified_gmt":"2025-10-18T09:23:46","slug":"waterproof-marble-travel-makeup-bag-large-capacity-cosmetic-organizer-with-adjustable-compartments","status":"publish","type":"product","link":"https:\/\/baijiabags.com\/es\/producto\/waterproof-marble-travel-makeup-bag-large-capacity-cosmetic-organizer-with-adjustable-compartments\/","title":{"rendered":"Bolsa de maquillaje de viaje de m\u00e1rmol impermeable Organizador de cosm\u00e9ticos de gran capacidad con compartimentos ajustables"},"content":{"rendered":"<h2 data-start=\"933\" data-end=\"950\">Caracter\u00edsticas principales<\/h2>\n<ol data-start=\"952\" data-end=\"2145\">\n<li data-start=\"952\" data-end=\"1116\">\n<p data-start=\"955\" data-end=\"1116\"><strong data-start=\"955\" data-end=\"973\">Gran capacidad<\/strong> - Cuenta con un generoso espacio de almacenamiento que permite transportar con facilidad diversos utensilios de maquillaje, frascos para el cuidado de la piel y art\u00edculos de uso diario.<\/p>\n<\/li>\n<li data-start=\"1117\" data-end=\"1250\">\n<p data-start=\"1120\" data-end=\"1250\"><strong data-start=\"1120\" data-end=\"1147\">Compartimentos ajustables<\/strong> - Se han incluido divisores extra\u00edbles para crear compartimentos flexibles que permitan una organizaci\u00f3n personalizada.<\/p>\n<\/li>\n<li data-start=\"1251\" data-end=\"1392\">\n<p data-start=\"1254\" data-end=\"1392\"><strong data-start=\"1254\" data-end=\"1280\">Material PU impermeable<\/strong> - Se ha adoptado un cuero PU de alta calidad con textura de m\u00e1rmol, que garantiza la durabilidad y la resistencia al agua.<\/p>\n<\/li>\n<li data-start=\"1393\" data-end=\"1513\">\n<p data-start=\"1396\" data-end=\"1513\"><strong data-start=\"1396\" data-end=\"1421\">Cierre de cremallera seguro<\/strong> - Se ha utilizado una cremallera suave y resistente para mantener los objetos bien cerrados durante el viaje.<\/p>\n<\/li>\n<li data-start=\"1514\" data-end=\"1665\">\n<p data-start=\"1517\" data-end=\"1665\"><strong data-start=\"1517\" data-end=\"1546\">Tama\u00f1o compacto y port\u00e1til<\/strong> - Su construcci\u00f3n ligera (21 \u00d7 8 \u00d7 13 cm) permite guardarlo sin esfuerzo en maletas, bolsos o equipaje de mano.<\/p>\n<\/li>\n<li data-start=\"1666\" data-end=\"1827\">\n<p data-start=\"1669\" data-end=\"1827\"><strong data-start=\"1669\" data-end=\"1694\">Elegante dise\u00f1o en m\u00e1rmol<\/strong> - Se ha aplicado un moderno estampado de m\u00e1rmol, que realza la elegancia y hace que la bolsa sea adecuada tanto para uso personal como profesional.<\/p>\n<\/li>\n<li data-start=\"1828\" data-end=\"1992\">\n<p data-start=\"1831\" data-end=\"1992\"><strong data-start=\"1831\" data-end=\"1855\">Uso multifuncional<\/strong> - La bolsa ha sido dise\u00f1ada para cosm\u00e9ticos, art\u00edculos de aseo, art\u00edculos de viaje e incluso como peque\u00f1o organizador para aparatos electr\u00f3nicos o art\u00edculos de papeler\u00eda.<\/p>\n<\/li>\n<li data-start=\"1993\" data-end=\"2145\">\n<p data-start=\"1996\" data-end=\"2145\"><strong data-start=\"1996\" data-end=\"2020\">Opciones personalizables<\/strong> - Se pueden ofrecer m\u00e9todos de impresi\u00f3n de logotipos como el gofrado, la serigraf\u00eda y la estampaci\u00f3n en caliente. Tambi\u00e9n se admiten colores personalizados.<\/p>\n<\/li>\n<\/ol>\n<h2 data-start=\"2152\" data-end=\"2171\">Especificaciones<\/h2>\n<div class=\"_tableContainer_1rjym_1\">\n<div class=\"group _tableWrapper_1rjym_13 flex w-fit flex-col-reverse\" tabindex=\"-1\">\n<table class=\"w-fit min-w-(--thread-content-width)\" data-start=\"2173\" data-end=\"3326\">\n<thead data-start=\"2173\" data-end=\"2248\">\n<tr data-start=\"2173\" data-end=\"2248\">\n<th data-start=\"2173\" data-end=\"2197\" data-col-size=\"sm\"><strong data-start=\"2175\" data-end=\"2183\">Art\u00edculo<\/strong><\/th>\n<th data-start=\"2197\" data-end=\"2248\" data-col-size=\"md\"><strong data-start=\"2199\" data-end=\"2210\">Detalles<\/strong><\/th>\n<\/tr>\n<\/thead>\n<tbody data-start=\"2326\" data-end=\"3326\">\n<tr data-start=\"2326\" data-end=\"2402\">\n<td data-start=\"2326\" data-end=\"2351\" data-col-size=\"sm\">Nombre del producto<\/td>\n<td data-start=\"2351\" data-end=\"2402\" data-col-size=\"md\">Neceser de viaje de m\u00e1rmol impermeable<\/td>\n<\/tr>\n<tr data-start=\"2403\" data-end=\"2479\">\n<td data-start=\"2403\" data-end=\"2428\" data-col-size=\"sm\">Marca<\/td>\n<td data-start=\"2428\" data-end=\"2479\" data-col-size=\"md\">RONEER<\/td>\n<\/tr>\n<tr data-start=\"2480\" data-end=\"2556\">\n<td data-start=\"2480\" data-end=\"2505\" data-col-size=\"sm\">Modelo<\/td>\n<td data-start=\"2505\" data-end=\"2556\" data-col-size=\"md\">GB-4534B<\/td>\n<\/tr>\n<tr data-start=\"2557\" data-end=\"2633\">\n<td data-start=\"2557\" data-end=\"2582\" data-col-size=\"sm\">Material<\/td>\n<td data-start=\"2582\" data-end=\"2633\" data-col-size=\"md\">PU (poliuretano) con textura de m\u00e1rmol<\/td>\n<\/tr>\n<tr data-start=\"2634\" data-end=\"2710\">\n<td data-start=\"2634\" data-end=\"2659\" data-col-size=\"sm\">Tipo de cierre<\/td>\n<td data-start=\"2659\" data-end=\"2710\" data-col-size=\"md\">Cremallera<\/td>\n<\/tr>\n<tr data-start=\"2711\" data-end=\"2787\">\n<td data-start=\"2711\" data-end=\"2736\" data-col-size=\"sm\">Estilo<\/td>\n<td data-start=\"2736\" data-end=\"2787\" data-col-size=\"md\">Moda \/ Organizador de cosm\u00e9ticos de viaje<\/td>\n<\/tr>\n<tr data-start=\"2788\" data-end=\"2864\">\n<td data-start=\"2788\" data-end=\"2813\" data-col-size=\"sm\">Funci\u00f3n<\/td>\n<td data-start=\"2813\" data-end=\"2864\" data-col-size=\"md\">Almacenamiento y organizador de maquillaje multifuncional<\/td>\n<\/tr>\n<tr data-start=\"2865\" data-end=\"2941\">\n<td data-start=\"2865\" data-end=\"2890\" data-col-size=\"sm\">Dimensiones<\/td>\n<td data-start=\"2890\" data-end=\"2941\" data-col-size=\"md\">21 \u00d7 8 \u00d7 13 cm<\/td>\n<\/tr>\n<tr data-start=\"2942\" data-end=\"3018\">\n<td data-start=\"2942\" data-end=\"2967\" data-col-size=\"sm\">Color<\/td>\n<td data-start=\"2967\" data-end=\"3018\" data-col-size=\"md\">Personalizable<\/td>\n<\/tr>\n<tr data-start=\"3019\" data-end=\"3095\">\n<td data-start=\"3019\" data-end=\"3044\" data-col-size=\"sm\">Opciones de impresi\u00f3n de logotipos<\/td>\n<td data-start=\"3044\" data-end=\"3095\" data-col-size=\"md\">Estampaci\u00f3n en relieve, Serigraf\u00eda, Estampaci\u00f3n en caliente<\/td>\n<\/tr>\n<tr data-start=\"3096\" data-end=\"3172\">\n<td data-start=\"3096\" data-end=\"3121\" data-col-size=\"sm\">Caracter\u00edstica<\/td>\n<td data-start=\"3121\" data-end=\"3172\" data-col-size=\"md\">Duradero, impermeable y port\u00e1til<\/td>\n<\/tr>\n<tr data-start=\"3173\" data-end=\"3249\">\n<td data-start=\"3173\" data-end=\"3198\" data-col-size=\"sm\">Disponibilidad de muestras<\/td>\n<td data-start=\"3198\" data-end=\"3249\" data-col-size=\"md\">S\u00ed<\/td>\n<\/tr>\n<tr data-start=\"3250\" data-end=\"3326\">\n<td data-start=\"3250\" data-end=\"3275\" data-col-size=\"sm\">MOQ<\/td>\n<td data-start=\"3275\" data-end=\"3326\" data-col-size=\"md\">300 unidades<\/td>\n<\/tr>\n<\/tbody>\n<\/table>\n<\/div>\n<\/div>\n<h2 data-start=\"3333\" data-end=\"3350\">Aplicaciones<\/h2>\n<ul data-start=\"3352\" data-end=\"3863\">\n<li data-start=\"3352\" data-end=\"3446\">\n<p data-start=\"3354\" data-end=\"3446\"><strong data-start=\"3354\" data-end=\"3365\">Viaja:<\/strong> Los cosm\u00e9ticos y art\u00edculos de aseo pueden guardarse ordenadamente para las vacaciones o los viajes de negocios.<\/p>\n<\/li>\n<li data-start=\"3447\" data-end=\"3533\">\n<p data-start=\"3449\" data-end=\"3533\"><strong data-start=\"3449\" data-end=\"3463\">Uso diario:<\/strong> Los art\u00edculos de maquillaje de uso diario pueden llevarse en bolsos o mochilas.<\/p>\n<\/li>\n<li data-start=\"3534\" data-end=\"3664\">\n<p data-start=\"3536\" data-end=\"3664\"><strong data-start=\"3536\" data-end=\"3565\">Kits de maquillaje profesional:<\/strong> Los maquilladores pueden beneficiarse de los compartimentos ajustables para brochas, paletas y productos de cuidado de la piel.<\/p>\n<\/li>\n<li data-start=\"3665\" data-end=\"3765\">\n<p data-start=\"3667\" data-end=\"3765\"><strong data-start=\"3667\" data-end=\"3680\">Uso para regalo:<\/strong> Su elegante dise\u00f1o lo hace id\u00f3neo como regalo para amigos, familiares o compa\u00f1eros.<\/p>\n<\/li>\n<li data-start=\"3766\" data-end=\"3863\">\n<p data-start=\"3768\" data-end=\"3863\"><strong data-start=\"3768\" data-end=\"3794\">Almacenamiento multiusos:<\/strong> Puede utilizarse para organizar peque\u00f1os aparatos electr\u00f3nicos, joyas o art\u00edculos de papeler\u00eda.<\/p>\n<\/li>\n<\/ul>\n<p data-start=\"3870\" data-end=\"4081\">Si muestra inter\u00e9s por este neceser de maquillaje, no dude en ponerse en contacto con nosotros para solicitar muestras. <strong data-start=\"3955\" data-end=\"3991\">Se admiten servicios ODM y OEM<\/strong>con posibilidad de personalizar el color, el logotipo y el envase para satisfacer los requisitos de la marca.<\/p>","protected":false},"excerpt":{"rendered":"<p>En <strong data-start=\"191\" data-end=\"230\">Neceser de viaje de m\u00e1rmol impermeable<\/strong> por <strong data-start=\"234\" data-end=\"244\">RONEER<\/strong> ha sido dise\u00f1ado para ofrecer una soluci\u00f3n de almacenamiento de cosm\u00e9ticos de gran capacidad con estilo y practicidad combinados. En la superficie exterior se ha aplicado un sofisticado estampado de m\u00e1rmol, y el interior se ha estructurado con compartimentos ajustables para garantizar que los cosm\u00e9ticos y accesorios est\u00e9n perfectamente organizados. Se ha incorporado una capa impermeable para proteger los art\u00edculos durante los viajes, los viajes de negocios o el uso diario.<\/p>","protected":false},"featured_media":2532,"comment_status":"open","ping_status":"closed","template":"","meta":{"site-sidebar-layout":"default","site-content-layout":"","ast-site-content-layout":"default","site-content-style":"default","site-sidebar-style":"default","ast-global-header-display":"","ast-banner-title-visibility":"","ast-main-header-display":"","ast-hfb-above-header-display":"","ast-hfb-below-header-display":"","ast-hfb-mobile-header-display":"","site-post-title":"","ast-breadcrumbs-content":"","ast-featured-img":"","footer-sml-layout":"","ast-disable-related-posts":"","theme-transparent-header-meta":"default","adv-header-id-meta":"","stick-header-meta":"","header-above-stick-meta":"","header-main-stick-meta":"","header-below-stick-meta":"","astra-migrate-meta-layouts":"set","ast-page-background-enabled":"default","ast-page-background-meta":{"desktop":{"background-color":"var(--ast-global-color-5)","background-image":"","background-repeat":"repeat","background-position":"center center","background-size":"auto","background-attachment":"scroll","background-type":"","background-media":"","overlay-type":"","overlay-color":"","overlay-opacity":"","overlay-gradient":""},"tablet":{"background-color":"","background-image":"","background-repeat":"repeat","background-position":"center center","background-size":"auto","background-attachment":"scroll","background-type":"","background-media":"","overlay-type":"","overlay-color":"","overlay-opacity":"","overlay-gradient":""},"mobile":{"background-color":"","background-image":"","background-repeat":"repeat","background-position":"center center","background-size":"auto","background-attachment":"scroll","background-type":"","background-media":"","overlay-type":"","overlay-color":"","overlay-opacity":"","overlay-gradient":""}},"ast-content-background-meta":{"desktop":{"background-color":"var(--ast-global-color-4)","background-image":"","background-repeat":"repeat","background-position":"center center","background-size":"auto","background-attachment":"scroll","background-type":"","background-media":"","overlay-type":"","overlay-color":"","overlay-opacity":"","overlay-gradient":""},"tablet":{"background-color":"var(--ast-global-color-4)","background-image":"","background-repeat":"repeat","background-position":"center center","background-size":"auto","background-attachment":"scroll","background-type":"","background-media":"","overlay-type":"","overlay-color":"","overlay-opacity":"","overlay-gradient":""},"mobile":{"background-color":"var(--ast-global-color-4)","background-image":"","background-repeat":"repeat","background-position":"center center","background-size":"auto","background-attachment":"scroll","background-type":"","background-media":"","overlay-type":"","overlay-color":"","overlay-opacity":"","overlay-gradient":""}}},"product_brand":[],"product_cat":[38],"product_tag":[],"class_list":{"0":"post-2528","1":"product","2":"type-product","3":"status-publish","4":"has-post-thumbnail","6":"product_cat-cosmetic-bags","7":"desktop-align-left","8":"tablet-align-left","9":"mobile-align-left","11":"first","12":"instock","13":"shipping-taxable","14":"product-type-simple"},"_links":{"self":[{"href":"https:\/\/baijiabags.com\/es\/wp-json\/wp\/v2\/product\/2528","targetHints":{"allow":["GET"]}}],"collection":[{"href":"https:\/\/baijiabags.com\/es\/wp-json\/wp\/v2\/product"}],"about":[{"href":"https:\/\/baijiabags.com\/es\/wp-json\/wp\/v2\/types\/product"}],"replies":[{"embeddable":true,"href":"https:\/\/baijiabags.com\/es\/wp-json\/wp\/v2\/comments?post=2528"}],"wp:featuredmedia":[{"embeddable":true,"href":"https:\/\/baijiabags.com\/es\/wp-json\/wp\/v2\/media\/2532"}],"wp:attachment":[{"href":"https:\/\/baijiabags.com\/es\/wp-json\/wp\/v2\/media?parent=2528"}],"wp:term":[{"taxonomy":"product_brand","embeddable":true,"href":"https:\/\/baijiabags.com\/es\/wp-json\/wp\/v2\/product_brand?post=2528"},{"taxonomy":"product_cat","embeddable":true,"href":"https:\/\/baijiabags.com\/es\/wp-json\/wp\/v2\/product_cat?post=2528"},{"taxonomy":"product_tag","embeddable":true,"href":"https:\/\/baijiabags.com\/es\/wp-json\/wp\/v2\/product_tag?post=2528"}],"curies":[{"name":"wp","href":"https:\/\/api.w.org\/{rel}","templated":true}]}}