{"id":2512,"date":"2025-09-27T01:28:41","date_gmt":"2025-09-27T01:28:41","guid":{"rendered":"https:\/\/baijiabags.com\/?post_type=product&#038;p=2512"},"modified":"2025-09-27T01:28:41","modified_gmt":"2025-09-27T01:28:41","slug":"custom-luxury-business-bag-wholesale-genuine-leather-alloy-top-quality","status":"publish","type":"product","link":"https:\/\/baijiabags.com\/es\/producto\/custom-luxury-business-bag-wholesale-genuine-leather-alloy-top-quality\/","title":{"rendered":"Personalizado de lujo bolsa de negocios al por mayor de cuero genuino de aleaci\u00f3n de alta calidad"},"content":{"rendered":"<h2 data-start=\"857\" data-end=\"874\">Caracter\u00edsticas principales<\/h2>\n<ol data-start=\"876\" data-end=\"1830\">\n<li data-start=\"876\" data-end=\"1005\">\n<p data-start=\"879\" data-end=\"1005\"><strong data-start=\"879\" data-end=\"900\">Materiales de primera calidad<\/strong> - La piel aut\u00e9ntica y los detalles de aleaci\u00f3n duradera se han seleccionado para garantizar la longevidad y la sofisticaci\u00f3n.<\/p>\n<\/li>\n<li data-start=\"1006\" data-end=\"1104\">\n<p data-start=\"1009\" data-end=\"1104\"><strong data-start=\"1009\" data-end=\"1027\">Dise\u00f1o elegante<\/strong> - Se ha creado un estilo empresarial minimalista para reflejar profesionalidad.<\/p>\n<\/li>\n<li data-start=\"1105\" data-end=\"1202\">\n<p data-start=\"1108\" data-end=\"1202\"><strong data-start=\"1108\" data-end=\"1128\">Llamamiento universal<\/strong> - La bolsa se ha dise\u00f1ado como unisex, adecuada tanto para hombres como para mujeres.<\/p>\n<\/li>\n<li data-start=\"1203\" data-end=\"1324\">\n<p data-start=\"1206\" data-end=\"1324\"><strong data-start=\"1206\" data-end=\"1231\">Marca personalizable<\/strong> - Se han habilitado opciones de serigraf\u00eda para logotipos o dise\u00f1os personalizados.<\/p>\n<\/li>\n<li data-start=\"1325\" data-end=\"1430\">\n<p data-start=\"1328\" data-end=\"1430\"><strong data-start=\"1328\" data-end=\"1353\">Compacto y ligero<\/strong> - Con un peso de s\u00f3lo 0,22 kg, la bolsa se ha dise\u00f1ado para transportarla sin esfuerzo.<\/p>\n<\/li>\n<li data-start=\"1431\" data-end=\"1565\">\n<p data-start=\"1434\" data-end=\"1565\"><strong data-start=\"1434\" data-end=\"1450\">Tama\u00f1o \u00f3ptimo<\/strong> - Las dimensiones de 24,8 \u00d7 22 \u00d7 3,5 cm se han estructurado para documentos esenciales, tabletas y peque\u00f1os accesorios.<\/p>\n<\/li>\n<li data-start=\"1566\" data-end=\"1699\">\n<p data-start=\"1569\" data-end=\"1699\"><strong data-start=\"1569\" data-end=\"1595\">Aplicaciones vers\u00e1tiles<\/strong> - La bolsa se ha creado para que sea adecuada para festivales, actos corporativos y campa\u00f1as promocionales.<\/p>\n<\/li>\n<li data-start=\"1700\" data-end=\"1830\">\n<p data-start=\"1703\" data-end=\"1830\"><strong data-start=\"1703\" data-end=\"1729\">Disponibilidad OEM y ODM<\/strong> - Se han realizado dise\u00f1os a medida y fabricaci\u00f3n a granel para satisfacer las diversas necesidades de los clientes.<\/p>\n<\/li>\n<\/ol>\n<h2 data-start=\"1837\" data-end=\"1856\">Especificaciones<span style=\"font-size: 16px;\">\u00a0<\/span><\/h2>\n<div class=\"_tableContainer_1rjym_1\">\n<div class=\"group _tableWrapper_1rjym_13 flex w-fit flex-col-reverse\" tabindex=\"-1\">\n<table class=\"w-fit min-w-(--thread-content-width)\" data-start=\"1858\" data-end=\"3155\">\n<thead data-start=\"1858\" data-end=\"1938\">\n<tr data-start=\"1858\" data-end=\"1938\">\n<th data-start=\"1858\" data-end=\"1887\" data-col-size=\"sm\"><strong data-start=\"1860\" data-end=\"1873\">Par\u00e1metro<\/strong><\/th>\n<th data-start=\"1887\" data-end=\"1938\" data-col-size=\"md\"><strong data-start=\"1889\" data-end=\"1900\">Detalles<\/strong><\/th>\n<\/tr>\n<\/thead>\n<tbody data-start=\"2021\" data-end=\"3155\">\n<tr data-start=\"2021\" data-end=\"2101\">\n<td data-start=\"2021\" data-end=\"2050\" data-col-size=\"sm\">Nombre del producto<\/td>\n<td data-start=\"2050\" data-end=\"2101\" data-col-size=\"md\">Set de negocios de cuero aut\u00e9ntico y aleaci\u00f3n<\/td>\n<\/tr>\n<tr data-start=\"2102\" data-end=\"2182\">\n<td data-start=\"2102\" data-end=\"2131\" data-col-size=\"sm\">Marca<\/td>\n<td data-start=\"2131\" data-end=\"2182\" data-col-size=\"md\">RONEER<\/td>\n<\/tr>\n<tr data-start=\"2183\" data-end=\"2263\">\n<td data-start=\"2183\" data-end=\"2212\" data-col-size=\"sm\">N\u00famero de modelo<\/td>\n<td data-start=\"2212\" data-end=\"2263\" data-col-size=\"md\">AL-67<\/td>\n<\/tr>\n<tr data-start=\"2264\" data-end=\"2344\">\n<td data-start=\"2264\" data-end=\"2293\" data-col-size=\"sm\">Origen<\/td>\n<td data-start=\"2293\" data-end=\"2344\" data-col-size=\"md\">Guangdong, China<\/td>\n<\/tr>\n<tr data-start=\"2345\" data-end=\"2425\">\n<td data-start=\"2345\" data-end=\"2374\" data-col-size=\"sm\">Material<\/td>\n<td data-start=\"2374\" data-end=\"2425\" data-col-size=\"md\">Piel aut\u00e9ntica y aleaci\u00f3n<\/td>\n<\/tr>\n<tr data-start=\"2426\" data-end=\"2506\">\n<td data-start=\"2426\" data-end=\"2455\" data-col-size=\"sm\">Impresi\u00f3n<\/td>\n<td data-start=\"2455\" data-end=\"2506\" data-col-size=\"md\">Serigraf\u00eda<\/td>\n<\/tr>\n<tr data-start=\"2507\" data-end=\"2587\">\n<td data-start=\"2507\" data-end=\"2536\" data-col-size=\"sm\">Tipo<\/td>\n<td data-start=\"2536\" data-end=\"2587\" data-col-size=\"md\">Producto promocional de oficina<\/td>\n<\/tr>\n<tr data-start=\"2588\" data-end=\"2668\">\n<td data-start=\"2588\" data-end=\"2617\" data-col-size=\"sm\">G\u00e9nero<\/td>\n<td data-start=\"2617\" data-end=\"2668\" data-col-size=\"md\">Unisex<\/td>\n<\/tr>\n<tr data-start=\"2669\" data-end=\"2749\">\n<td data-start=\"2669\" data-end=\"2698\" data-col-size=\"sm\">Dimensiones<\/td>\n<td data-start=\"2698\" data-end=\"2749\" data-col-size=\"md\">24,8 \u00d7 22 \u00d7 3,5 cm<\/td>\n<\/tr>\n<tr data-start=\"2750\" data-end=\"2830\">\n<td data-start=\"2750\" data-end=\"2779\" data-col-size=\"sm\">Peso<\/td>\n<td data-start=\"2779\" data-end=\"2830\" data-col-size=\"md\">0,22 kg<\/td>\n<\/tr>\n<tr data-start=\"2831\" data-end=\"2911\">\n<td data-start=\"2831\" data-end=\"2860\" data-col-size=\"sm\">Caracter\u00edsticas<\/td>\n<td data-start=\"2860\" data-end=\"2911\" data-col-size=\"md\">Alta calidad, duradero y elegante<\/td>\n<\/tr>\n<tr data-start=\"2912\" data-end=\"2992\">\n<td data-start=\"2912\" data-end=\"2941\" data-col-size=\"sm\">MOQ<\/td>\n<td data-start=\"2941\" data-end=\"2992\" data-col-size=\"md\">300 unidades<\/td>\n<\/tr>\n<tr data-start=\"2993\" data-end=\"3073\">\n<td data-start=\"2993\" data-end=\"3022\" data-col-size=\"sm\">Disponibilidad de muestras<\/td>\n<td data-start=\"3022\" data-end=\"3073\" data-col-size=\"md\">S\u00ed<\/td>\n<\/tr>\n<tr data-start=\"3074\" data-end=\"3155\">\n<td data-start=\"3074\" data-end=\"3104\" data-col-size=\"sm\">Ocasiones adecuadas<\/td>\n<td data-start=\"3104\" data-end=\"3155\" data-col-size=\"md\">Navidad, D\u00eda del Padre, Acci\u00f3n de Gracias, Eventos<\/td>\n<\/tr>\n<\/tbody>\n<\/table>\n<h2 data-start=\"91\" data-end=\"113\">Aplicaci\u00f3n<\/h2>\n<ul data-start=\"115\" data-end=\"1387\">\n<li data-start=\"115\" data-end=\"292\">\n<p data-start=\"117\" data-end=\"292\"><strong data-start=\"117\" data-end=\"138\">Regalos de empresa<\/strong> - La bolsa ha sido elegida como opci\u00f3n ideal para ejecutivos, empleados o socios comerciales, mejorando la reputaci\u00f3n de la marca mediante regalos de primera calidad.<\/p>\n<\/li>\n<li data-start=\"293\" data-end=\"445\">\n<p data-start=\"295\" data-end=\"445\"><strong data-start=\"295\" data-end=\"320\">Campa\u00f1as de promoci\u00f3n<\/strong> - Ha sido ampliamente utilizado por las empresas para promocionar sus productos y servicios durante actividades de marketing y ferias comerciales.<\/p>\n<\/li>\n<li data-start=\"446\" data-end=\"603\">\n<p data-start=\"448\" data-end=\"603\"><strong data-start=\"448\" data-end=\"469\">Ocasiones festivas<\/strong> - Adecuado para regalar en Navidad, el D\u00eda del Padre y Acci\u00f3n de Gracias, aportando un toque profesional y elegante a las celebraciones.<\/p>\n<\/li>\n<\/ul>\n<\/div>\n<\/div>","protected":false},"excerpt":{"rendered":"<p>En <strong data-start=\"161\" data-end=\"191\">Bolsa de negocios de lujo personalizada<\/strong> por <strong data-start=\"195\" data-end=\"205\">RONEER<\/strong> se ha dise\u00f1ado con piel aut\u00e9ntica de primera calidad y elementos de aleaci\u00f3n para ofrecer un accesorio duradero, elegante y profesional. El bolso se ha dise\u00f1ado para satisfacer las exigencias de los profesionales de los negocios modernos, en los que la funcionalidad y la elegancia se valoran por igual. Con una silueta elegante y pr\u00e1cticos compartimentos, se ha creado tanto para el uso diario en la oficina como para regalos de empresa.<\/p>","protected":false},"featured_media":2517,"comment_status":"open","ping_status":"closed","template":"","meta":{"site-sidebar-layout":"default","site-content-layout":"","ast-site-content-layout":"default","site-content-style":"default","site-sidebar-style":"default","ast-global-header-display":"","ast-banner-title-visibility":"","ast-main-header-display":"","ast-hfb-above-header-display":"","ast-hfb-below-header-display":"","ast-hfb-mobile-header-display":"","site-post-title":"","ast-breadcrumbs-content":"","ast-featured-img":"","footer-sml-layout":"","ast-disable-related-posts":"","theme-transparent-header-meta":"default","adv-header-id-meta":"","stick-header-meta":"","header-above-stick-meta":"","header-main-stick-meta":"","header-below-stick-meta":"","astra-migrate-meta-layouts":"set","ast-page-background-enabled":"default","ast-page-background-meta":{"desktop":{"background-color":"var(--ast-global-color-5)","background-image":"","background-repeat":"repeat","background-position":"center center","background-size":"auto","background-attachment":"scroll","background-type":"","background-media":"","overlay-type":"","overlay-color":"","overlay-opacity":"","overlay-gradient":""},"tablet":{"background-color":"","background-image":"","background-repeat":"repeat","background-position":"center center","background-size":"auto","background-attachment":"scroll","background-type":"","background-media":"","overlay-type":"","overlay-color":"","overlay-opacity":"","overlay-gradient":""},"mobile":{"background-color":"","background-image":"","background-repeat":"repeat","background-position":"center center","background-size":"auto","background-attachment":"scroll","background-type":"","background-media":"","overlay-type":"","overlay-color":"","overlay-opacity":"","overlay-gradient":""}},"ast-content-background-meta":{"desktop":{"background-color":"var(--ast-global-color-4)","background-image":"","background-repeat":"repeat","background-position":"center center","background-size":"auto","background-attachment":"scroll","background-type":"","background-media":"","overlay-type":"","overlay-color":"","overlay-opacity":"","overlay-gradient":""},"tablet":{"background-color":"var(--ast-global-color-4)","background-image":"","background-repeat":"repeat","background-position":"center center","background-size":"auto","background-attachment":"scroll","background-type":"","background-media":"","overlay-type":"","overlay-color":"","overlay-opacity":"","overlay-gradient":""},"mobile":{"background-color":"var(--ast-global-color-4)","background-image":"","background-repeat":"repeat","background-position":"center center","background-size":"auto","background-attachment":"scroll","background-type":"","background-media":"","overlay-type":"","overlay-color":"","overlay-opacity":"","overlay-gradient":""}}},"product_brand":[],"product_cat":[55],"product_tag":[],"class_list":{"0":"post-2512","1":"product","2":"type-product","3":"status-publish","4":"has-post-thumbnail","6":"product_cat-wallets-card-holder","7":"desktop-align-left","8":"tablet-align-left","9":"mobile-align-left","11":"first","12":"instock","13":"shipping-taxable","14":"product-type-simple"},"_links":{"self":[{"href":"https:\/\/baijiabags.com\/es\/wp-json\/wp\/v2\/product\/2512","targetHints":{"allow":["GET"]}}],"collection":[{"href":"https:\/\/baijiabags.com\/es\/wp-json\/wp\/v2\/product"}],"about":[{"href":"https:\/\/baijiabags.com\/es\/wp-json\/wp\/v2\/types\/product"}],"replies":[{"embeddable":true,"href":"https:\/\/baijiabags.com\/es\/wp-json\/wp\/v2\/comments?post=2512"}],"wp:featuredmedia":[{"embeddable":true,"href":"https:\/\/baijiabags.com\/es\/wp-json\/wp\/v2\/media\/2517"}],"wp:attachment":[{"href":"https:\/\/baijiabags.com\/es\/wp-json\/wp\/v2\/media?parent=2512"}],"wp:term":[{"taxonomy":"product_brand","embeddable":true,"href":"https:\/\/baijiabags.com\/es\/wp-json\/wp\/v2\/product_brand?post=2512"},{"taxonomy":"product_cat","embeddable":true,"href":"https:\/\/baijiabags.com\/es\/wp-json\/wp\/v2\/product_cat?post=2512"},{"taxonomy":"product_tag","embeddable":true,"href":"https:\/\/baijiabags.com\/es\/wp-json\/wp\/v2\/product_tag?post=2512"}],"curies":[{"name":"wp","href":"https:\/\/api.w.org\/{rel}","templated":true}]}}