{"id":2372,"date":"2025-09-25T06:43:53","date_gmt":"2025-09-25T06:43:53","guid":{"rendered":"https:\/\/baijiabags.com\/?post_type=product&#038;p=2372"},"modified":"2025-09-25T06:43:53","modified_gmt":"2025-09-25T06:43:53","slug":"custom-factory-mens-oxford-leather-laptop-backpack-waterproof-large-capacity-business-travel-usb-charging","status":"publish","type":"product","link":"https:\/\/baijiabags.com\/es\/producto\/custom-factory-mens-oxford-leather-laptop-backpack-waterproof-large-capacity-business-travel-usb-charging\/","title":{"rendered":"Custom Factory Mens Oxford Mochila de cuero del ordenador port\u00e1til impermeable de gran capacidad de viajes de negocios de carga USB"},"content":{"rendered":"<h2 data-start=\"686\" data-end=\"703\">Caracter\u00edsticas principales<\/h2>\n<ol data-start=\"705\" data-end=\"1657\">\n<li data-start=\"705\" data-end=\"829\">\n<p data-start=\"708\" data-end=\"829\"><strong data-start=\"708\" data-end=\"737\">Piel Oxford impermeable<\/strong> - La protecci\u00f3n contra la lluvia y las salpicaduras est\u00e1 garantizada gracias a la duradera confecci\u00f3n en piel Oxford.<\/p>\n<\/li>\n<li data-start=\"830\" data-end=\"981\">\n<p data-start=\"833\" data-end=\"981\"><strong data-start=\"833\" data-end=\"859\">Gran capacidad de almacenamiento<\/strong> - Un volumen de menos de 20 litros est\u00e1 optimizado para que quepan port\u00e1tiles de hasta 15,6 pulgadas junto con libros, ropa y accesorios.<\/p>\n<\/li>\n<li data-start=\"982\" data-end=\"1093\">\n<p data-start=\"985\" data-end=\"1093\"><strong data-start=\"985\" data-end=\"1006\">Puerto de carga USB<\/strong> - La interfaz USB externa integrada permite cargar continuamente los dispositivos.<\/p>\n<\/li>\n<li data-start=\"1094\" data-end=\"1224\">\n<p data-start=\"1097\" data-end=\"1224\"><strong data-start=\"1097\" data-end=\"1125\">C\u00f3modo sistema de transporte<\/strong> - Se aplica un sistema ergon\u00f3mico de tirantes en forma de arco para reducir la presi\u00f3n durante el uso prolongado.<\/p>\n<\/li>\n<li data-start=\"1225\" data-end=\"1326\">\n<p data-start=\"1228\" data-end=\"1326\"><strong data-start=\"1228\" data-end=\"1252\">Uso multifuncional<\/strong> - Puede utilizarse como mochila, bolsa de un solo hombro o bolsa de mano.<\/p>\n<\/li>\n<li data-start=\"1327\" data-end=\"1420\">\n<p data-start=\"1330\" data-end=\"1420\"><strong data-start=\"1330\" data-end=\"1355\">Cierre de cremallera seguro<\/strong> - Los objetos se mantienen a salvo con un sistema de cierre de cremallera reforzado.<\/p>\n<\/li>\n<li data-start=\"1421\" data-end=\"1536\">\n<p data-start=\"1424\" data-end=\"1536\"><strong data-start=\"1424\" data-end=\"1448\">Opciones personalizables<\/strong> - Los tama\u00f1os, colores y dise\u00f1os pueden personalizarse seg\u00fan las necesidades del cliente.<\/p>\n<\/li>\n<li data-start=\"1537\" data-end=\"1657\">\n<p data-start=\"1540\" data-end=\"1657\"><strong data-start=\"1540\" data-end=\"1567\">Durabilidad a prueba de viajes<\/strong> - Dise\u00f1ado con costuras reforzadas y forro de fibra de poli\u00e9ster para un uso duradero.<\/p>\n<\/li>\n<\/ol>\n<h2 data-start=\"1664\" data-end=\"1683\">Especificaciones<\/h2>\n<div class=\"_tableContainer_1rjym_1\">\n<div class=\"group _tableWrapper_1rjym_13 flex w-fit flex-col-reverse\" tabindex=\"-1\">\n<table class=\"w-fit min-w-(--thread-content-width)\" data-start=\"1685\" data-end=\"3111\">\n<thead data-start=\"1685\" data-end=\"1767\">\n<tr data-start=\"1685\" data-end=\"1767\">\n<th data-start=\"1685\" data-end=\"1711\" data-col-size=\"sm\"><strong data-start=\"1687\" data-end=\"1700\">Par\u00e1metro<\/strong><\/th>\n<th data-start=\"1711\" data-end=\"1767\" data-col-size=\"md\"><strong data-start=\"1713\" data-end=\"1728\">Descripci\u00f3n<\/strong><\/th>\n<\/tr>\n<\/thead>\n<tbody data-start=\"1852\" data-end=\"3111\">\n<tr data-start=\"1852\" data-end=\"1935\">\n<td data-start=\"1852\" data-end=\"1879\" data-col-size=\"sm\">Marca<\/td>\n<td data-start=\"1879\" data-end=\"1935\" data-col-size=\"md\">RONEER<\/td>\n<\/tr>\n<tr data-start=\"1936\" data-end=\"2019\">\n<td data-start=\"1936\" data-end=\"1963\" data-col-size=\"sm\">Nombre del producto<\/td>\n<td data-start=\"1963\" data-end=\"2019\" data-col-size=\"md\">Mochila de viaje de moda<\/td>\n<\/tr>\n<tr data-start=\"2020\" data-end=\"2103\">\n<td data-start=\"2020\" data-end=\"2047\" data-col-size=\"sm\">Modelo<\/td>\n<td data-start=\"2047\" data-end=\"2103\" data-col-size=\"md\">GB-4627<\/td>\n<\/tr>\n<tr data-start=\"2104\" data-end=\"2187\">\n<td data-start=\"2104\" data-end=\"2131\" data-col-size=\"sm\">Origen<\/td>\n<td data-start=\"2131\" data-end=\"2187\" data-col-size=\"md\">Guangdong, China<\/td>\n<\/tr>\n<tr data-start=\"2188\" data-end=\"2271\">\n<td data-start=\"2188\" data-end=\"2215\" data-col-size=\"sm\">Material<\/td>\n<td data-start=\"2215\" data-end=\"2271\" data-col-size=\"md\">Piel Oxford con forro de fibra de poli\u00e9ster<\/td>\n<\/tr>\n<tr data-start=\"2272\" data-end=\"2355\">\n<td data-start=\"2272\" data-end=\"2299\" data-col-size=\"sm\">Tipo de cierre<\/td>\n<td data-start=\"2299\" data-end=\"2355\" data-col-size=\"md\">Cremallera<\/td>\n<\/tr>\n<tr data-start=\"2356\" data-end=\"2439\">\n<td data-start=\"2356\" data-end=\"2383\" data-col-size=\"sm\">Tipo de asa<\/td>\n<td data-start=\"2383\" data-end=\"2439\" data-col-size=\"md\">Asa blanda<\/td>\n<\/tr>\n<tr data-start=\"2440\" data-end=\"2523\">\n<td data-start=\"2440\" data-end=\"2467\" data-col-size=\"sm\">Sistema de transporte<\/td>\n<td data-start=\"2467\" data-end=\"2523\" data-col-size=\"md\">Tirantes en forma de arco<\/td>\n<\/tr>\n<tr data-start=\"2524\" data-end=\"2607\">\n<td data-start=\"2524\" data-end=\"2551\" data-col-size=\"sm\">Dimensiones<\/td>\n<td data-start=\"2551\" data-end=\"2607\" data-col-size=\"md\">28 cm \u00d7 10 cm \u00d7 41 cm (se aceptan tama\u00f1os personalizados)<\/td>\n<\/tr>\n<tr data-start=\"2608\" data-end=\"2691\">\n<td data-start=\"2608\" data-end=\"2635\" data-col-size=\"sm\">Capacidad<\/td>\n<td data-start=\"2635\" data-end=\"2691\" data-col-size=\"md\">Menos de 20 litros<\/td>\n<\/tr>\n<tr data-start=\"2692\" data-end=\"2775\">\n<td data-start=\"2692\" data-end=\"2719\" data-col-size=\"sm\">Estilo<\/td>\n<td data-start=\"2719\" data-end=\"2775\" data-col-size=\"md\">Moda, Vintage, Normcore\/Minimalista, Elegante<\/td>\n<\/tr>\n<tr data-start=\"2776\" data-end=\"2859\">\n<td data-start=\"2776\" data-end=\"2803\" data-col-size=\"sm\">Color<\/td>\n<td data-start=\"2803\" data-end=\"2859\" data-col-size=\"md\">Colores personalizados disponibles<\/td>\n<\/tr>\n<tr data-start=\"2860\" data-end=\"2943\">\n<td data-start=\"2860\" data-end=\"2887\" data-col-size=\"sm\">Utilizaci\u00f3n<\/td>\n<td data-start=\"2887\" data-end=\"2943\" data-col-size=\"md\">Mochila \/ bandolera \/ bolso<\/td>\n<\/tr>\n<tr data-start=\"2944\" data-end=\"3027\">\n<td data-start=\"2944\" data-end=\"2971\" data-col-size=\"sm\">MOQ<\/td>\n<td data-start=\"2971\" data-end=\"3027\" data-col-size=\"md\">300 piezas<\/td>\n<\/tr>\n<tr data-start=\"3028\" data-end=\"3111\">\n<td data-start=\"3028\" data-end=\"3055\" data-col-size=\"sm\">Disponibilidad de muestras<\/td>\n<td data-start=\"3055\" data-end=\"3111\" data-col-size=\"md\">S\u00ed<\/td>\n<\/tr>\n<\/tbody>\n<\/table>\n<\/div>\n<\/div>\n<h2 data-start=\"3118\" data-end=\"3135\">Aplicaciones<\/h2>\n<ul data-start=\"3137\" data-end=\"3319\">\n<li data-start=\"3137\" data-end=\"3159\">\n<p data-start=\"3139\" data-end=\"3159\">Desplazamientos profesionales<\/p>\n<\/li>\n<li data-start=\"3160\" data-end=\"3188\">\n<p data-start=\"3162\" data-end=\"3188\">Reuniones de trabajo y oficina<\/p>\n<\/li>\n<li data-start=\"3189\" data-end=\"3221\">\n<p data-start=\"3191\" data-end=\"3221\">Uso diario y salidas ocasionales<\/p>\n<\/li>\n<li data-start=\"3222\" data-end=\"3250\">\n<p data-start=\"3224\" data-end=\"3250\">Viajes y desplazamientos de fin de semana<\/p>\n<\/li>\n<\/ul>\n<p data-start=\"3326\" data-end=\"3492\">Si est\u00e1 interesado en esta mochila, p\u00f3ngase en contacto con nosotros para solicitar muestras. <strong data-start=\"3404\" data-end=\"3426\">Servicios ODM y OEM<\/strong> se ofrecen para satisfacer diferentes necesidades de personalizaci\u00f3n y marca.<\/p>","protected":false},"excerpt":{"rendered":"<p>En <strong data-start=\"90\" data-end=\"145\">Mochila para port\u00e1til de cuero Oxford para hombre de Custom Factory<\/strong> de <strong data-start=\"151\" data-end=\"161\">RONEER<\/strong> se presenta como un accesorio de viaje vers\u00e1til y pr\u00e1ctico. Est\u00e1 dise\u00f1ada con material de piel Oxford impermeable, lo que permite confiar en ella en diversos entornos cotidianos y profesionales. Dispone de un puerto de carga USB integrado para las necesidades energ\u00e9ticas sobre la marcha, mientras que su dise\u00f1o estructurado y de gran capacidad garantiza el transporte seguro de port\u00e1tiles, documentos y otros objetos esenciales. Con un estilo que combina el minimalismo moderno y la sofisticaci\u00f3n cl\u00e1sica, esta mochila es adecuada para el trabajo, los desplazamientos al trabajo y los viajes informales.<\/p>","protected":false},"featured_media":2373,"comment_status":"open","ping_status":"closed","template":"","meta":{"site-sidebar-layout":"default","site-content-layout":"","ast-site-content-layout":"default","site-content-style":"default","site-sidebar-style":"default","ast-global-header-display":"","ast-banner-title-visibility":"","ast-main-header-display":"","ast-hfb-above-header-display":"","ast-hfb-below-header-display":"","ast-hfb-mobile-header-display":"","site-post-title":"","ast-breadcrumbs-content":"","ast-featured-img":"","footer-sml-layout":"","ast-disable-related-posts":"","theme-transparent-header-meta":"default","adv-header-id-meta":"","stick-header-meta":"","header-above-stick-meta":"","header-main-stick-meta":"","header-below-stick-meta":"","astra-migrate-meta-layouts":"set","ast-page-background-enabled":"default","ast-page-background-meta":{"desktop":{"background-color":"var(--ast-global-color-5)","background-image":"","background-repeat":"repeat","background-position":"center center","background-size":"auto","background-attachment":"scroll","background-type":"","background-media":"","overlay-type":"","overlay-color":"","overlay-opacity":"","overlay-gradient":""},"tablet":{"background-color":"","background-image":"","background-repeat":"repeat","background-position":"center center","background-size":"auto","background-attachment":"scroll","background-type":"","background-media":"","overlay-type":"","overlay-color":"","overlay-opacity":"","overlay-gradient":""},"mobile":{"background-color":"","background-image":"","background-repeat":"repeat","background-position":"center center","background-size":"auto","background-attachment":"scroll","background-type":"","background-media":"","overlay-type":"","overlay-color":"","overlay-opacity":"","overlay-gradient":""}},"ast-content-background-meta":{"desktop":{"background-color":"var(--ast-global-color-4)","background-image":"","background-repeat":"repeat","background-position":"center center","background-size":"auto","background-attachment":"scroll","background-type":"","background-media":"","overlay-type":"","overlay-color":"","overlay-opacity":"","overlay-gradient":""},"tablet":{"background-color":"var(--ast-global-color-4)","background-image":"","background-repeat":"repeat","background-position":"center center","background-size":"auto","background-attachment":"scroll","background-type":"","background-media":"","overlay-type":"","overlay-color":"","overlay-opacity":"","overlay-gradient":""},"mobile":{"background-color":"var(--ast-global-color-4)","background-image":"","background-repeat":"repeat","background-position":"center center","background-size":"auto","background-attachment":"scroll","background-type":"","background-media":"","overlay-type":"","overlay-color":"","overlay-opacity":"","overlay-gradient":""}}},"product_brand":[],"product_cat":[21],"product_tag":[],"class_list":{"0":"post-2372","1":"product","2":"type-product","3":"status-publish","4":"has-post-thumbnail","6":"product_cat-backpack","7":"desktop-align-left","8":"tablet-align-left","9":"mobile-align-left","11":"first","12":"instock","13":"shipping-taxable","14":"product-type-simple"},"_links":{"self":[{"href":"https:\/\/baijiabags.com\/es\/wp-json\/wp\/v2\/product\/2372","targetHints":{"allow":["GET"]}}],"collection":[{"href":"https:\/\/baijiabags.com\/es\/wp-json\/wp\/v2\/product"}],"about":[{"href":"https:\/\/baijiabags.com\/es\/wp-json\/wp\/v2\/types\/product"}],"replies":[{"embeddable":true,"href":"https:\/\/baijiabags.com\/es\/wp-json\/wp\/v2\/comments?post=2372"}],"wp:featuredmedia":[{"embeddable":true,"href":"https:\/\/baijiabags.com\/es\/wp-json\/wp\/v2\/media\/2373"}],"wp:attachment":[{"href":"https:\/\/baijiabags.com\/es\/wp-json\/wp\/v2\/media?parent=2372"}],"wp:term":[{"taxonomy":"product_brand","embeddable":true,"href":"https:\/\/baijiabags.com\/es\/wp-json\/wp\/v2\/product_brand?post=2372"},{"taxonomy":"product_cat","embeddable":true,"href":"https:\/\/baijiabags.com\/es\/wp-json\/wp\/v2\/product_cat?post=2372"},{"taxonomy":"product_tag","embeddable":true,"href":"https:\/\/baijiabags.com\/es\/wp-json\/wp\/v2\/product_tag?post=2372"}],"curies":[{"name":"wp","href":"https:\/\/api.w.org\/{rel}","templated":true}]}}