{"id":2311,"date":"2025-09-25T01:50:25","date_gmt":"2025-09-25T01:50:25","guid":{"rendered":"https:\/\/baijiabags.com\/?post_type=product&#038;p=2311"},"modified":"2025-11-01T01:25:19","modified_gmt":"2025-11-01T01:25:19","slug":"intage-mens-leather-briefcase-14-inch-laptop-bag-top-layer-cowhide-genuine-leather-handbag","status":"publish","type":"product","link":"https:\/\/baijiabags.com\/es\/producto\/intage-mens-leather-briefcase-14-inch-laptop-bag-top-layer-cowhide-genuine-leather-handbag\/","title":{"rendered":"intage Mens Leather Briefcase 14 Inch Laptop Bag Top Layer Piel de vaca Bolso de cuero genuino"},"content":{"rendered":"<h2 data-start=\"899\" data-end=\"916\">Caracter\u00edsticas principales<\/h2>\n<ol data-start=\"917\" data-end=\"1746\">\n<li data-start=\"917\" data-end=\"1045\">\n<p data-start=\"920\" data-end=\"1045\"><strong data-start=\"920\" data-end=\"950\">Piel aut\u00e9ntica<\/strong> - La bolsa est\u00e1 fabricada con aut\u00e9ntica piel de vacuno de primera capa para mayor resistencia y durabilidad.<\/p>\n<\/li>\n<li data-start=\"1046\" data-end=\"1157\">\n<p data-start=\"1049\" data-end=\"1157\"><strong data-start=\"1049\" data-end=\"1068\">Est\u00e9tica retro<\/strong> - Se aplica un estilo vintage europeo y americano atemporal para realzar su aspecto.<\/p>\n<\/li>\n<li data-start=\"1158\" data-end=\"1273\">\n<p data-start=\"1161\" data-end=\"1273\"><strong data-start=\"1161\" data-end=\"1187\">M\u00faltiples colores<\/strong> - Se ofrecen tonos caf\u00e9, marr\u00f3n y marr\u00f3n rojizo para adaptarse a las distintas preferencias.<\/p>\n<\/li>\n<li data-start=\"1274\" data-end=\"1352\">\n<p data-start=\"1277\" data-end=\"1352\"><strong data-start=\"1277\" data-end=\"1301\">Compatibilidad con port\u00e1tiles<\/strong> - Admite dispositivos de hasta 14 pulgadas.<\/p>\n<\/li>\n<li data-start=\"1353\" data-end=\"1460\">\n<p data-start=\"1356\" data-end=\"1460\"><strong data-start=\"1356\" data-end=\"1379\">Interior reforzado<\/strong> - Se utiliza un forro de poli\u00e9ster-algod\u00f3n para mejorar la estructura interna y la comodidad.<\/p>\n<\/li>\n<li data-start=\"1461\" data-end=\"1562\">\n<p data-start=\"1464\" data-end=\"1562\"><strong data-start=\"1464\" data-end=\"1483\">Resistencia al desgaste<\/strong> - El uso a largo plazo se ve respaldado por las propiedades de resistencia a la abrasi\u00f3n del material.<\/p>\n<\/li>\n<li data-start=\"1563\" data-end=\"1656\">\n<p data-start=\"1566\" data-end=\"1656\"><strong data-start=\"1566\" data-end=\"1592\">Funcionalidad empresarial<\/strong> - Ideal para el trabajo de oficina, los viajes de negocios y los desplazamientos diarios.<\/p>\n<\/li>\n<li data-start=\"1657\" data-end=\"1746\">\n<p data-start=\"1660\" data-end=\"1746\"><strong data-start=\"1660\" data-end=\"1683\">Disponibilidad de muestras<\/strong> - Se suministran muestras para satisfacer las solicitudes de servicio ODM y OEM.<\/p>\n<\/li>\n<\/ol>\n<h2 data-start=\"1748\" data-end=\"1767\">Especificaciones<\/h2>\n<div class=\"_tableContainer_1rjym_1\">\n<div class=\"group _tableWrapper_1rjym_13 flex w-fit flex-col-reverse\" tabindex=\"-1\">\n<table class=\"w-fit min-w-(--thread-content-width)\" data-start=\"1769\" data-end=\"2844\">\n<thead data-start=\"1769\" data-end=\"1844\">\n<tr data-start=\"1769\" data-end=\"1844\">\n<th data-start=\"1769\" data-end=\"1793\" data-col-size=\"sm\">Par\u00e1metro<\/th>\n<th data-start=\"1793\" data-end=\"1844\" data-col-size=\"md\">Descripci\u00f3n<\/th>\n<\/tr>\n<\/thead>\n<tbody data-start=\"1922\" data-end=\"2844\">\n<tr data-start=\"1922\" data-end=\"1998\">\n<td data-start=\"1922\" data-end=\"1947\" data-col-size=\"sm\">Nombre del producto<\/td>\n<td data-start=\"1947\" data-end=\"1998\" data-col-size=\"md\">Malet\u00edn vintage de piel para hombre (14 pulgadas)<\/td>\n<\/tr>\n<tr data-start=\"1999\" data-end=\"2075\">\n<td data-start=\"1999\" data-end=\"2024\" data-col-size=\"sm\">Marca<\/td>\n<td data-start=\"2024\" data-end=\"2075\" data-col-size=\"md\">RONEER<\/td>\n<\/tr>\n<tr data-start=\"2076\" data-end=\"2152\">\n<td data-start=\"2076\" data-end=\"2101\" data-col-size=\"sm\">Origen<\/td>\n<td data-start=\"2101\" data-end=\"2152\" data-col-size=\"md\">Guangdong, China<\/td>\n<\/tr>\n<tr data-start=\"2153\" data-end=\"2229\">\n<td data-start=\"2153\" data-end=\"2178\" data-col-size=\"sm\">Estilo<\/td>\n<td data-start=\"2178\" data-end=\"2229\" data-col-size=\"md\">Vintage europeo y americano<\/td>\n<\/tr>\n<tr data-start=\"2230\" data-end=\"2306\">\n<td data-start=\"2230\" data-end=\"2255\" data-col-size=\"sm\">Material<\/td>\n<td data-start=\"2255\" data-end=\"2306\" data-col-size=\"md\">Piel de vaca aut\u00e9ntica de primera capa<\/td>\n<\/tr>\n<tr data-start=\"2307\" data-end=\"2382\">\n<td data-start=\"2307\" data-end=\"2332\" data-col-size=\"sm\">Forro<\/td>\n<td data-start=\"2332\" data-end=\"2382\" data-col-size=\"md\">Poli\u00e9ster-algod\u00f3n<\/td>\n<\/tr>\n<tr data-start=\"2383\" data-end=\"2459\">\n<td data-start=\"2383\" data-end=\"2408\" data-col-size=\"sm\">Opciones de color<\/td>\n<td data-start=\"2408\" data-end=\"2459\" data-col-size=\"md\">Caf\u00e9, Marr\u00f3n, Marr\u00f3n rojizo<\/td>\n<\/tr>\n<tr data-start=\"2460\" data-end=\"2536\">\n<td data-start=\"2460\" data-end=\"2485\" data-col-size=\"sm\">Tama\u00f1o de port\u00e1til adecuado<\/td>\n<td data-start=\"2485\" data-end=\"2536\" data-col-size=\"md\">14 pulgadas<\/td>\n<\/tr>\n<tr data-start=\"2537\" data-end=\"2613\">\n<td data-start=\"2537\" data-end=\"2562\" data-col-size=\"sm\">Funci\u00f3n<\/td>\n<td data-start=\"2562\" data-end=\"2613\" data-col-size=\"md\">Resistente al desgaste y de larga duraci\u00f3n<\/td>\n<\/tr>\n<tr data-start=\"2614\" data-end=\"2690\">\n<td data-start=\"2614\" data-end=\"2639\" data-col-size=\"sm\">Escenarios de aplicaci\u00f3n<\/td>\n<td data-start=\"2639\" data-end=\"2690\" data-col-size=\"md\">Negocios, Uso diario, Trabajo de oficina<\/td>\n<\/tr>\n<tr data-start=\"2691\" data-end=\"2767\">\n<td data-start=\"2691\" data-end=\"2716\" data-col-size=\"sm\">MOQ<\/td>\n<td data-start=\"2716\" data-end=\"2767\" data-col-size=\"md\">300 piezas<\/td>\n<\/tr>\n<tr data-start=\"2768\" data-end=\"2844\">\n<td data-start=\"2768\" data-end=\"2793\" data-col-size=\"sm\">Servicio de muestras<\/td>\n<td data-start=\"2793\" data-end=\"2844\" data-col-size=\"md\">Disponible<\/td>\n<\/tr>\n<\/tbody>\n<\/table>\n<\/div>\n<\/div>\n<h2 data-start=\"2846\" data-end=\"2862\">Aplicaci\u00f3n<\/h2>\n<ul>\n<li data-start=\"156\" data-end=\"238\">\n<p data-start=\"158\" data-end=\"238\"><strong data-start=\"158\" data-end=\"173\">Trabajo de oficina<\/strong> - La bolsa se lleva para uso profesional y desplazamientos diarios.<\/p>\n<\/li>\n<li data-start=\"239\" data-end=\"325\">\n<p data-start=\"241\" data-end=\"325\"><strong data-start=\"241\" data-end=\"260\">Viajes de negocios<\/strong> - Documentos, ordenadores port\u00e1tiles y art\u00edculos de primera necesidad se transportan de forma segura.<\/p>\n<\/li>\n<li data-start=\"326\" data-end=\"411\">\n<p data-start=\"328\" data-end=\"411\"><strong data-start=\"328\" data-end=\"341\">Uso diario<\/strong> - Se ofrece un dise\u00f1o vers\u00e1til para actividades informales y rutinarias.<\/p>\n<\/li>\n<li data-start=\"412\" data-end=\"501\">\n<p data-start=\"414\" data-end=\"501\"><strong data-start=\"414\" data-end=\"440\">Reuniones y conferencias<\/strong> - Una imagen profesional apoyada en un estilo elegante.<\/p>\n<\/li>\n<\/ul>\n<p data-start=\"3199\" data-end=\"3356\">Si tiene inter\u00e9s en este bolso de piel RONEER, puede ponerse en contacto para solicitar muestras. ODM y OEM servicios se proporcionan para satisfacer diferentes necesidades de negocio.<\/p>","protected":false},"excerpt":{"rendered":"<p>La marca presenta un malet\u00edn vintage de piel para hombre en tama\u00f1o de 14 pulgadas <strong data-start=\"400\" data-end=\"410\">RONEER<\/strong>. Est\u00e1 confeccionado en piel aut\u00e9ntica de vacuno de capa superior y dise\u00f1ado con un estilo retro europeo y americano. Este bolso de piel se ofrece en tonos cl\u00e1sicos como el caf\u00e9, el marr\u00f3n y el marr\u00f3n rojizo. Cuenta con un forro de poli\u00e9ster-algod\u00f3n para una mayor durabilidad interior, y se ha creado una textura refinada para combinar con una apariencia de negocios profesional pero elegante. La bolsa est\u00e1 estructurada para transportar con facilidad un port\u00e1til de 14 pulgadas, y su construcci\u00f3n resistente al desgaste garantiza una larga vida \u00fatil.<\/p>","protected":false},"featured_media":2313,"comment_status":"open","ping_status":"closed","template":"","meta":{"site-sidebar-layout":"default","site-content-layout":"","ast-site-content-layout":"default","site-content-style":"default","site-sidebar-style":"default","ast-global-header-display":"","ast-banner-title-visibility":"","ast-main-header-display":"","ast-hfb-above-header-display":"","ast-hfb-below-header-display":"","ast-hfb-mobile-header-display":"","site-post-title":"","ast-breadcrumbs-content":"","ast-featured-img":"","footer-sml-layout":"","ast-disable-related-posts":"","theme-transparent-header-meta":"default","adv-header-id-meta":"","stick-header-meta":"","header-above-stick-meta":"","header-main-stick-meta":"","header-below-stick-meta":"","astra-migrate-meta-layouts":"set","ast-page-background-enabled":"default","ast-page-background-meta":{"desktop":{"background-color":"var(--ast-global-color-5)","background-image":"","background-repeat":"repeat","background-position":"center center","background-size":"auto","background-attachment":"scroll","background-type":"","background-media":"","overlay-type":"","overlay-color":"","overlay-opacity":"","overlay-gradient":""},"tablet":{"background-color":"","background-image":"","background-repeat":"repeat","background-position":"center center","background-size":"auto","background-attachment":"scroll","background-type":"","background-media":"","overlay-type":"","overlay-color":"","overlay-opacity":"","overlay-gradient":""},"mobile":{"background-color":"","background-image":"","background-repeat":"repeat","background-position":"center center","background-size":"auto","background-attachment":"scroll","background-type":"","background-media":"","overlay-type":"","overlay-color":"","overlay-opacity":"","overlay-gradient":""}},"ast-content-background-meta":{"desktop":{"background-color":"var(--ast-global-color-4)","background-image":"","background-repeat":"repeat","background-position":"center center","background-size":"auto","background-attachment":"scroll","background-type":"","background-media":"","overlay-type":"","overlay-color":"","overlay-opacity":"","overlay-gradient":""},"tablet":{"background-color":"var(--ast-global-color-4)","background-image":"","background-repeat":"repeat","background-position":"center center","background-size":"auto","background-attachment":"scroll","background-type":"","background-media":"","overlay-type":"","overlay-color":"","overlay-opacity":"","overlay-gradient":""},"mobile":{"background-color":"var(--ast-global-color-4)","background-image":"","background-repeat":"repeat","background-position":"center center","background-size":"auto","background-attachment":"scroll","background-type":"","background-media":"","overlay-type":"","overlay-color":"","overlay-opacity":"","overlay-gradient":""}}},"product_brand":[],"product_cat":[40,53],"product_tag":[],"class_list":{"0":"post-2311","1":"product","2":"type-product","3":"status-publish","4":"has-post-thumbnail","6":"product_cat-briefcase-bag","7":"product_cat-mens-bag","8":"desktop-align-left","9":"tablet-align-left","10":"mobile-align-left","12":"first","13":"instock","14":"shipping-taxable","15":"product-type-simple"},"_links":{"self":[{"href":"https:\/\/baijiabags.com\/es\/wp-json\/wp\/v2\/product\/2311","targetHints":{"allow":["GET"]}}],"collection":[{"href":"https:\/\/baijiabags.com\/es\/wp-json\/wp\/v2\/product"}],"about":[{"href":"https:\/\/baijiabags.com\/es\/wp-json\/wp\/v2\/types\/product"}],"replies":[{"embeddable":true,"href":"https:\/\/baijiabags.com\/es\/wp-json\/wp\/v2\/comments?post=2311"}],"wp:featuredmedia":[{"embeddable":true,"href":"https:\/\/baijiabags.com\/es\/wp-json\/wp\/v2\/media\/2313"}],"wp:attachment":[{"href":"https:\/\/baijiabags.com\/es\/wp-json\/wp\/v2\/media?parent=2311"}],"wp:term":[{"taxonomy":"product_brand","embeddable":true,"href":"https:\/\/baijiabags.com\/es\/wp-json\/wp\/v2\/product_brand?post=2311"},{"taxonomy":"product_cat","embeddable":true,"href":"https:\/\/baijiabags.com\/es\/wp-json\/wp\/v2\/product_cat?post=2311"},{"taxonomy":"product_tag","embeddable":true,"href":"https:\/\/baijiabags.com\/es\/wp-json\/wp\/v2\/product_tag?post=2311"}],"curies":[{"name":"wp","href":"https:\/\/api.w.org\/{rel}","templated":true}]}}