{"id":2306,"date":"2025-09-25T01:46:21","date_gmt":"2025-09-25T01:46:21","guid":{"rendered":"https:\/\/baijiabags.com\/?post_type=product&#038;p=2306"},"modified":"2025-11-01T01:26:13","modified_gmt":"2025-11-01T01:26:13","slug":"vintage-mens-genuine-leather-chest-bag-top-layer-cowhide-crossbody-shoulder-multifunction-backpack","status":"publish","type":"product","link":"https:\/\/baijiabags.com\/es\/producto\/vintage-mens-genuine-leather-chest-bag-top-layer-cowhide-crossbody-shoulder-multifunction-backpack\/","title":{"rendered":"Vintage Mens Genuine Leather Chest Bag Top Layer Cowhide Crossbody Shoulder Multifunction Backpack"},"content":{"rendered":"<h2 data-start=\"513\" data-end=\"530\">Caracter\u00edsticas principales<\/h2>\n<ol data-start=\"532\" data-end=\"1402\">\n<li data-start=\"532\" data-end=\"643\">\n<p data-start=\"535\" data-end=\"643\"><strong data-start=\"535\" data-end=\"555\">Material de primera calidad<\/strong> - Fabricado en piel de vacuno de primera calidad para una textura suave y una larga durabilidad.<\/p>\n<\/li>\n<li data-start=\"644\" data-end=\"750\">\n<p data-start=\"647\" data-end=\"750\"><strong data-start=\"647\" data-end=\"670\">Estilo retro cl\u00e1sico<\/strong> - Inspirada en las tendencias de la moda europea y americana, ofrece un aspecto atemporal.<\/p>\n<\/li>\n<li data-start=\"751\" data-end=\"873\">\n<p data-start=\"754\" data-end=\"873\"><strong data-start=\"754\" data-end=\"787\">Opciones de transporte multifuncionales<\/strong> - Se puede utilizar como bolsa de pecho, bolso cruzado o mochila de hombro para un uso flexible.<\/p>\n<\/li>\n<li data-start=\"874\" data-end=\"979\">\n<p data-start=\"877\" data-end=\"979\"><strong data-start=\"877\" data-end=\"898\">Costuras duraderas<\/strong> - Reforzado con fuertes l\u00edneas de costura para mejorar tanto la est\u00e9tica como la resistencia.<\/p>\n<\/li>\n<li data-start=\"980\" data-end=\"1100\">\n<p data-start=\"983\" data-end=\"1100\"><strong data-start=\"983\" data-end=\"1007\">Amplio compartimento<\/strong> - Dise\u00f1ado para guardar objetos de uso diario como el tel\u00e9fono, la cartera, las llaves y peque\u00f1os accesorios.<\/p>\n<\/li>\n<li data-start=\"1101\" data-end=\"1212\">\n<p data-start=\"1104\" data-end=\"1212\"><strong data-start=\"1104\" data-end=\"1126\">Forro c\u00f3modo<\/strong> - Tejido de poli\u00e9ster-algod\u00f3n transpirable y suave con la piel.<\/p>\n<\/li>\n<li data-start=\"1213\" data-end=\"1314\">\n<p data-start=\"1216\" data-end=\"1314\"><strong data-start=\"1216\" data-end=\"1233\">Opciones de color<\/strong> - Disponible en tonos marr\u00f3n y caf\u00e9 para adaptarse a las distintas preferencias personales.<\/p>\n<\/li>\n<li data-start=\"1315\" data-end=\"1402\">\n<p data-start=\"1318\" data-end=\"1402\"><strong data-start=\"1318\" data-end=\"1343\">Pr\u00e1ctica cotidiana<\/strong> - Perfecta para los desplazamientos, el trabajo y las salidas diarias informales.<\/p>\n<\/li>\n<\/ol>\n<h2 data-start=\"1409\" data-end=\"1428\">Especificaciones<\/h2>\n<div class=\"_tableContainer_1rjym_1\">\n<div class=\"group _tableWrapper_1rjym_13 flex w-fit flex-col-reverse\" tabindex=\"-1\">\n<table class=\"w-fit min-w-(--thread-content-width)\" data-start=\"1430\" data-end=\"2517\">\n<thead data-start=\"1430\" data-end=\"1496\">\n<tr data-start=\"1430\" data-end=\"1496\">\n<th data-start=\"1430\" data-end=\"1453\" data-col-size=\"sm\"><strong data-start=\"1432\" data-end=\"1445\">Par\u00e1metro<\/strong><\/th>\n<th data-start=\"1453\" data-end=\"1496\" data-col-size=\"sm\"><strong data-start=\"1455\" data-end=\"1466\">Detalles<\/strong><\/th>\n<\/tr>\n<\/thead>\n<tbody data-start=\"1565\" data-end=\"2517\">\n<tr data-start=\"1565\" data-end=\"1632\">\n<td data-start=\"1565\" data-end=\"1589\" data-col-size=\"sm\">Nombre del producto<\/td>\n<td data-start=\"1589\" data-end=\"1632\" data-col-size=\"sm\">Bolsa de pecho cruzada<\/td>\n<\/tr>\n<tr data-start=\"1633\" data-end=\"1700\">\n<td data-start=\"1633\" data-end=\"1657\" data-col-size=\"sm\">Marca<\/td>\n<td data-start=\"1657\" data-end=\"1700\" data-col-size=\"sm\">RONEER<\/td>\n<\/tr>\n<tr data-start=\"1701\" data-end=\"1768\">\n<td data-start=\"1701\" data-end=\"1725\" data-col-size=\"sm\">Origen<\/td>\n<td data-start=\"1725\" data-end=\"1768\" data-col-size=\"sm\">Guangdong, China<\/td>\n<\/tr>\n<tr data-start=\"1769\" data-end=\"1836\">\n<td data-start=\"1769\" data-end=\"1793\" data-col-size=\"sm\">Estilo<\/td>\n<td data-start=\"1793\" data-end=\"1836\" data-col-size=\"sm\">Vintage europeo y americano<\/td>\n<\/tr>\n<tr data-start=\"1837\" data-end=\"1904\">\n<td data-start=\"1837\" data-end=\"1861\" data-col-size=\"sm\">Material<\/td>\n<td data-start=\"1861\" data-end=\"1904\" data-col-size=\"sm\">Cuero aut\u00e9ntico (piel de vaca de primera capa)<\/td>\n<\/tr>\n<tr data-start=\"1905\" data-end=\"1972\">\n<td data-start=\"1905\" data-end=\"1929\" data-col-size=\"sm\">Revestimiento de cuero<\/td>\n<td data-start=\"1929\" data-end=\"1972\" data-col-size=\"sm\">Suave, resistente al desgaste<\/td>\n<\/tr>\n<tr data-start=\"1973\" data-end=\"2040\">\n<td data-start=\"1973\" data-end=\"1997\" data-col-size=\"sm\">Patr\u00f3n<\/td>\n<td data-start=\"1997\" data-end=\"2040\" data-col-size=\"sm\">Color s\u00f3lido<\/td>\n<\/tr>\n<tr data-start=\"2041\" data-end=\"2108\">\n<td data-start=\"2041\" data-end=\"2065\" data-col-size=\"sm\">Elemento decorativo<\/td>\n<td data-start=\"2065\" data-end=\"2108\" data-col-size=\"sm\">Costuras de contraste<\/td>\n<\/tr>\n<tr data-start=\"2109\" data-end=\"2176\">\n<td data-start=\"2109\" data-end=\"2133\" data-col-size=\"sm\">Material del forro<\/td>\n<td data-start=\"2133\" data-end=\"2176\" data-col-size=\"sm\">Poli\u00e9ster-algod\u00f3n<\/td>\n<\/tr>\n<tr data-start=\"2177\" data-end=\"2244\">\n<td data-start=\"2177\" data-end=\"2201\" data-col-size=\"sm\">Colores disponibles<\/td>\n<td data-start=\"2201\" data-end=\"2244\" data-col-size=\"sm\">Marr\u00f3n, Caf\u00e9<\/td>\n<\/tr>\n<tr data-start=\"2245\" data-end=\"2313\">\n<td data-start=\"2245\" data-end=\"2269\" data-col-size=\"sm\">Funcionalidad<\/td>\n<td data-start=\"2269\" data-end=\"2313\" data-col-size=\"sm\">Antidesgaste, para llevar a diario<\/td>\n<\/tr>\n<tr data-start=\"2314\" data-end=\"2381\">\n<td data-start=\"2314\" data-end=\"2338\" data-col-size=\"sm\">Escenario de uso<\/td>\n<td data-start=\"2338\" data-end=\"2381\" data-col-size=\"sm\">Trabajo, salidas diarias<\/td>\n<\/tr>\n<tr data-start=\"2382\" data-end=\"2449\">\n<td data-start=\"2382\" data-end=\"2406\" data-col-size=\"sm\">MOQ<\/td>\n<td data-start=\"2406\" data-end=\"2449\" data-col-size=\"sm\">300 piezas<\/td>\n<\/tr>\n<tr data-start=\"2450\" data-end=\"2517\">\n<td data-start=\"2450\" data-end=\"2474\" data-col-size=\"sm\">Disponibilidad de muestras<\/td>\n<td data-start=\"2474\" data-end=\"2517\" data-col-size=\"sm\">S\u00ed<\/td>\n<\/tr>\n<\/tbody>\n<\/table>\n<\/div>\n<\/div>\n<h2 data-start=\"2524\" data-end=\"2541\">Aplicaciones<\/h2>\n<ul data-start=\"2543\" data-end=\"2908\">\n<li data-start=\"2543\" data-end=\"2633\">\n<p data-start=\"2545\" data-end=\"2633\"><strong data-start=\"2545\" data-end=\"2557\">Uso laboral<\/strong> - Ideal para llevar los art\u00edculos de oficina con estilo y profesionalidad.<\/p>\n<\/li>\n<li data-start=\"2634\" data-end=\"2715\">\n<p data-start=\"2636\" data-end=\"2715\"><strong data-start=\"2636\" data-end=\"2653\">Salidas diarias<\/strong> - Adecuado para ir de compras, viajes cortos o paseos casuales por la ciudad.<\/p>\n<\/li>\n<li data-start=\"2716\" data-end=\"2832\">\n<p data-start=\"2718\" data-end=\"2832\"><strong data-start=\"2718\" data-end=\"2738\">Compa\u00f1ero de viaje<\/strong> - Suficientemente compacto para viajes ligeros, a la vez que garantiza un transporte seguro de todos los peque\u00f1os objetos esenciales.<\/p>\n<\/li>\n<li data-start=\"2833\" data-end=\"2908\">\n<p data-start=\"2835\" data-end=\"2908\"><strong data-start=\"2835\" data-end=\"2856\">Accesorios de moda<\/strong> - Complementa conjuntos vintage, informales o modernos.<\/p>\n<\/li>\n<\/ul>\n<p data-start=\"2915\" data-end=\"3106\">Si est\u00e1 interesado en este RONEER <strong data-start=\"2952\" data-end=\"2995\">Pechera vintage de cuero aut\u00e9ntico para hombre<\/strong>P\u00f3ngase en contacto con nosotros para solicitar muestras. <strong data-start=\"3028\" data-end=\"3063\">Servicios ODM y OEM<\/strong>y se admiten solicitudes de personalizaci\u00f3n.<\/p>","protected":false},"excerpt":{"rendered":"<p>En <strong data-start=\"110\" data-end=\"153\">Pechera vintage de cuero aut\u00e9ntico para hombre<\/strong> de <strong data-start=\"159\" data-end=\"169\">RONEER<\/strong> est\u00e1 fabricado con piel de vacuno de primera calidad, lo que garantiza su durabilidad y un estilo retro atemporal. Dise\u00f1ado pensando en la versatilidad, puede llevarse cruzado, en el pecho o en bandolera, por lo que resulta adecuado para m\u00faltiples situaciones cotidianas. Con sus finas costuras y su dise\u00f1o minimalista, el bolso refleja a la vez practicidad y sofisticaci\u00f3n.<\/p>","protected":false},"featured_media":2307,"comment_status":"open","ping_status":"closed","template":"","meta":{"site-sidebar-layout":"default","site-content-layout":"","ast-site-content-layout":"default","site-content-style":"default","site-sidebar-style":"default","ast-global-header-display":"","ast-banner-title-visibility":"","ast-main-header-display":"","ast-hfb-above-header-display":"","ast-hfb-below-header-display":"","ast-hfb-mobile-header-display":"","site-post-title":"","ast-breadcrumbs-content":"","ast-featured-img":"","footer-sml-layout":"","ast-disable-related-posts":"","theme-transparent-header-meta":"default","adv-header-id-meta":"","stick-header-meta":"","header-above-stick-meta":"","header-main-stick-meta":"","header-below-stick-meta":"","astra-migrate-meta-layouts":"set","ast-page-background-enabled":"default","ast-page-background-meta":{"desktop":{"background-color":"var(--ast-global-color-5)","background-image":"","background-repeat":"repeat","background-position":"center center","background-size":"auto","background-attachment":"scroll","background-type":"","background-media":"","overlay-type":"","overlay-color":"","overlay-opacity":"","overlay-gradient":""},"tablet":{"background-color":"","background-image":"","background-repeat":"repeat","background-position":"center center","background-size":"auto","background-attachment":"scroll","background-type":"","background-media":"","overlay-type":"","overlay-color":"","overlay-opacity":"","overlay-gradient":""},"mobile":{"background-color":"","background-image":"","background-repeat":"repeat","background-position":"center center","background-size":"auto","background-attachment":"scroll","background-type":"","background-media":"","overlay-type":"","overlay-color":"","overlay-opacity":"","overlay-gradient":""}},"ast-content-background-meta":{"desktop":{"background-color":"var(--ast-global-color-4)","background-image":"","background-repeat":"repeat","background-position":"center center","background-size":"auto","background-attachment":"scroll","background-type":"","background-media":"","overlay-type":"","overlay-color":"","overlay-opacity":"","overlay-gradient":""},"tablet":{"background-color":"var(--ast-global-color-4)","background-image":"","background-repeat":"repeat","background-position":"center center","background-size":"auto","background-attachment":"scroll","background-type":"","background-media":"","overlay-type":"","overlay-color":"","overlay-opacity":"","overlay-gradient":""},"mobile":{"background-color":"var(--ast-global-color-4)","background-image":"","background-repeat":"repeat","background-position":"center center","background-size":"auto","background-attachment":"scroll","background-type":"","background-media":"","overlay-type":"","overlay-color":"","overlay-opacity":"","overlay-gradient":""}}},"product_brand":[],"product_cat":[51,53],"product_tag":[],"class_list":{"0":"post-2306","1":"product","2":"type-product","3":"status-publish","4":"has-post-thumbnail","6":"product_cat-chest-bag","7":"product_cat-mens-bag","8":"desktop-align-left","9":"tablet-align-left","10":"mobile-align-left","12":"first","13":"instock","14":"shipping-taxable","15":"product-type-simple"},"_links":{"self":[{"href":"https:\/\/baijiabags.com\/es\/wp-json\/wp\/v2\/product\/2306","targetHints":{"allow":["GET"]}}],"collection":[{"href":"https:\/\/baijiabags.com\/es\/wp-json\/wp\/v2\/product"}],"about":[{"href":"https:\/\/baijiabags.com\/es\/wp-json\/wp\/v2\/types\/product"}],"replies":[{"embeddable":true,"href":"https:\/\/baijiabags.com\/es\/wp-json\/wp\/v2\/comments?post=2306"}],"wp:featuredmedia":[{"embeddable":true,"href":"https:\/\/baijiabags.com\/es\/wp-json\/wp\/v2\/media\/2307"}],"wp:attachment":[{"href":"https:\/\/baijiabags.com\/es\/wp-json\/wp\/v2\/media?parent=2306"}],"wp:term":[{"taxonomy":"product_brand","embeddable":true,"href":"https:\/\/baijiabags.com\/es\/wp-json\/wp\/v2\/product_brand?post=2306"},{"taxonomy":"product_cat","embeddable":true,"href":"https:\/\/baijiabags.com\/es\/wp-json\/wp\/v2\/product_cat?post=2306"},{"taxonomy":"product_tag","embeddable":true,"href":"https:\/\/baijiabags.com\/es\/wp-json\/wp\/v2\/product_tag?post=2306"}],"curies":[{"name":"wp","href":"https:\/\/api.w.org\/{rel}","templated":true}]}}