{"id":2252,"date":"2025-09-23T07:27:58","date_gmt":"2025-09-23T07:27:58","guid":{"rendered":"https:\/\/baijiabags.com\/?post_type=product&#038;p=2252"},"modified":"2025-09-23T07:27:58","modified_gmt":"2025-09-23T07:27:58","slug":"wholesale-mens-genuine-leather-backpack-commuter-wide-strap-large-capacity-high-end-bag","status":"publish","type":"product","link":"https:\/\/baijiabags.com\/es\/producto\/wholesale-mens-genuine-leather-backpack-commuter-wide-strap-large-capacity-high-end-bag\/","title":{"rendered":"Venta al por mayor para hombre de cuero genuino Mochila Commuter correa ancha de gran capacidad de alta bolsa de extremo"},"content":{"rendered":"<h2 data-start=\"574\" data-end=\"591\">Caracter\u00edsticas principales<\/h2>\n<ol data-start=\"593\" data-end=\"1577\">\n<li data-start=\"593\" data-end=\"713\">\n<p data-start=\"596\" data-end=\"713\"><strong data-start=\"596\" data-end=\"623\">Piel aut\u00e9ntica de primera calidad<\/strong> - Se utiliza cuero de alta calidad para garantizar la solidez, la resistencia al desgaste y un aspecto refinado.<\/p>\n<\/li>\n<li data-start=\"714\" data-end=\"840\">\n<p data-start=\"717\" data-end=\"840\"><strong data-start=\"717\" data-end=\"739\">Soporte de correa ancha<\/strong> - Se han a\u00f1adido correas anchas y curvadas para distribuir el peso uniformemente y ofrecer comodidad durante los desplazamientos diarios.<\/p>\n<\/li>\n<li data-start=\"841\" data-end=\"971\">\n<p data-start=\"844\" data-end=\"971\"><strong data-start=\"844\" data-end=\"871\">Gran capacidad (36-55L)<\/strong> - La mochila cuenta con un amplio espacio para guardar lo esencial tanto para los negocios como para el ocio.<\/p>\n<\/li>\n<li data-start=\"972\" data-end=\"1081\">\n<p data-start=\"975\" data-end=\"1081\"><strong data-start=\"975\" data-end=\"997\">Compartimento para port\u00e1til<\/strong> - Los dispositivos de hasta 14 pulgadas se alojan de forma segura en el compartimento espec\u00edfico.<\/p>\n<\/li>\n<li data-start=\"1082\" data-end=\"1179\">\n<p data-start=\"1085\" data-end=\"1179\"><strong data-start=\"1085\" data-end=\"1110\">Marca personalizable<\/strong> - Pueden a\u00f1adirse logotipos seg\u00fan se solicite para cumplir los requisitos de OEM u ODM.<\/p>\n<\/li>\n<li data-start=\"1180\" data-end=\"1303\">\n<p data-start=\"1183\" data-end=\"1303\"><strong data-start=\"1183\" data-end=\"1207\">Dise\u00f1o retro cl\u00e1sico<\/strong> - El estilo atemporal de inspiraci\u00f3n europea se adapta tanto a entornos profesionales como informales.<\/p>\n<\/li>\n<li data-start=\"1304\" data-end=\"1435\">\n<p data-start=\"1307\" data-end=\"1435\"><strong data-start=\"1307\" data-end=\"1339\">Durabilidad y funcionalidad<\/strong> - La superficie de cuero est\u00e1 reforzada para resistir los ara\u00f1azos y el desgaste, lo que prolonga la vida \u00fatil del producto.<\/p>\n<\/li>\n<li data-start=\"1436\" data-end=\"1577\">\n<p data-start=\"1439\" data-end=\"1577\"><strong data-start=\"1439\" data-end=\"1462\">Disponibilidad de muestras<\/strong> - Se ofrecen muestras a los clientes para que las prueben antes de la producci\u00f3n en serie, con un pedido m\u00ednimo de 300 unidades.<\/p>\n<\/li>\n<\/ol>\n<h2 data-start=\"1579\" data-end=\"1598\">Especificaciones<\/h2>\n<div class=\"_tableContainer_1rjym_1\">\n<div class=\"group _tableWrapper_1rjym_13 flex w-fit flex-col-reverse\" tabindex=\"-1\">\n<table class=\"w-fit min-w-(--thread-content-width)\" data-start=\"1600\" data-end=\"2678\">\n<thead data-start=\"1600\" data-end=\"1658\">\n<tr data-start=\"1600\" data-end=\"1658\">\n<th data-start=\"1600\" data-end=\"1626\" data-col-size=\"sm\"><strong data-start=\"1602\" data-end=\"1615\">Par\u00e1metro<\/strong><\/th>\n<th data-start=\"1626\" data-end=\"1658\" data-col-size=\"sm\"><strong data-start=\"1628\" data-end=\"1643\">Descripci\u00f3n<\/strong><\/th>\n<\/tr>\n<\/thead>\n<tbody data-start=\"1719\" data-end=\"2678\">\n<tr data-start=\"1719\" data-end=\"1778\">\n<td data-start=\"1719\" data-end=\"1746\" data-col-size=\"sm\">Nombre del producto<\/td>\n<td data-start=\"1746\" data-end=\"1778\" data-col-size=\"sm\">Mochila<\/td>\n<\/tr>\n<tr data-start=\"1779\" data-end=\"1838\">\n<td data-start=\"1779\" data-end=\"1806\" data-col-size=\"sm\">Marca<\/td>\n<td data-start=\"1806\" data-end=\"1838\" data-col-size=\"sm\">RONEER<\/td>\n<\/tr>\n<tr data-start=\"1839\" data-end=\"1898\">\n<td data-start=\"1839\" data-end=\"1866\" data-col-size=\"sm\">Lugar de origen<\/td>\n<td data-start=\"1866\" data-end=\"1898\" data-col-size=\"sm\">Guangdong, China<\/td>\n<\/tr>\n<tr data-start=\"1899\" data-end=\"1958\">\n<td data-start=\"1899\" data-end=\"1926\" data-col-size=\"sm\">Material<\/td>\n<td data-start=\"1926\" data-end=\"1958\" data-col-size=\"sm\">Piel aut\u00e9ntica<\/td>\n<\/tr>\n<tr data-start=\"1959\" data-end=\"2018\">\n<td data-start=\"1959\" data-end=\"1986\" data-col-size=\"sm\">Opciones de color<\/td>\n<td data-start=\"1986\" data-end=\"2018\" data-col-size=\"sm\">Caf\u00e9, Marr\u00f3n, Personalizable<\/td>\n<\/tr>\n<tr data-start=\"2019\" data-end=\"2078\">\n<td data-start=\"2019\" data-end=\"2046\" data-col-size=\"sm\">G\u00e9nero<\/td>\n<td data-start=\"2046\" data-end=\"2078\" data-col-size=\"sm\">Hombre<\/td>\n<\/tr>\n<tr data-start=\"2079\" data-end=\"2138\">\n<td data-start=\"2079\" data-end=\"2106\" data-col-size=\"sm\">Capacidad<\/td>\n<td data-start=\"2106\" data-end=\"2138\" data-col-size=\"sm\">36-55L<\/td>\n<\/tr>\n<tr data-start=\"2139\" data-end=\"2198\">\n<td data-start=\"2139\" data-end=\"2166\" data-col-size=\"sm\">Compatibilidad con port\u00e1tiles<\/td>\n<td data-start=\"2166\" data-end=\"2198\" data-col-size=\"sm\">Hasta 14 pulgadas<\/td>\n<\/tr>\n<tr data-start=\"2199\" data-end=\"2258\">\n<td data-start=\"2199\" data-end=\"2226\" data-col-size=\"sm\">Estilo<\/td>\n<td data-start=\"2226\" data-end=\"2258\" data-col-size=\"sm\">Retro europeo<\/td>\n<\/tr>\n<tr data-start=\"2259\" data-end=\"2318\">\n<td data-start=\"2259\" data-end=\"2286\" data-col-size=\"sm\">Sistema de correas<\/td>\n<td data-start=\"2286\" data-end=\"2318\" data-col-size=\"sm\">Tirantes anchos curvados<\/td>\n<\/tr>\n<tr data-start=\"2319\" data-end=\"2378\">\n<td data-start=\"2319\" data-end=\"2346\" data-col-size=\"sm\">Patr\u00f3n<\/td>\n<td data-start=\"2346\" data-end=\"2378\" data-col-size=\"sm\">Color s\u00f3lido<\/td>\n<\/tr>\n<tr data-start=\"2379\" data-end=\"2438\">\n<td data-start=\"2379\" data-end=\"2406\" data-col-size=\"sm\">Logotipo<\/td>\n<td data-start=\"2406\" data-end=\"2438\" data-col-size=\"sm\">Personalizable<\/td>\n<\/tr>\n<tr data-start=\"2439\" data-end=\"2498\">\n<td data-start=\"2439\" data-end=\"2466\" data-col-size=\"sm\">Funci\u00f3n<\/td>\n<td data-start=\"2466\" data-end=\"2498\" data-col-size=\"sm\">Resistente al desgaste<\/td>\n<\/tr>\n<tr data-start=\"2499\" data-end=\"2558\">\n<td data-start=\"2499\" data-end=\"2526\" data-col-size=\"sm\">\u00c1mbito de aplicaci\u00f3n<\/td>\n<td data-start=\"2526\" data-end=\"2558\" data-col-size=\"sm\">Oficina, Uso diario, Viajes<\/td>\n<\/tr>\n<tr data-start=\"2559\" data-end=\"2618\">\n<td data-start=\"2559\" data-end=\"2586\" data-col-size=\"sm\">MOQ<\/td>\n<td data-start=\"2586\" data-end=\"2618\" data-col-size=\"sm\">300 piezas<\/td>\n<\/tr>\n<tr data-start=\"2619\" data-end=\"2678\">\n<td data-start=\"2619\" data-end=\"2646\" data-col-size=\"sm\">Disponibilidad de muestras<\/td>\n<td data-start=\"2646\" data-end=\"2678\" data-col-size=\"sm\">S\u00ed<\/td>\n<\/tr>\n<\/tbody>\n<\/table>\n<\/div>\n<\/div>\n<h2 data-start=\"2680\" data-end=\"2696\">Aplicaci\u00f3n<\/h2>\n<ul data-start=\"2698\" data-end=\"2934\">\n<li data-start=\"2698\" data-end=\"2733\">\n<p data-start=\"2700\" data-end=\"2733\">Muy utilizado en los desplazamientos de oficina<\/p>\n<\/li>\n<li data-start=\"2734\" data-end=\"2788\">\n<p data-start=\"2736\" data-end=\"2788\">Transporte durante los viajes de ocio y las actividades cotidianas<\/p>\n<\/li>\n<li data-start=\"2789\" data-end=\"2852\">\n<p data-start=\"2791\" data-end=\"2852\">Adecuado para estudiantes, profesionales y hombres preocupados por su estilo<\/p>\n<\/li>\n<li data-start=\"2853\" data-end=\"2934\">\n<p data-start=\"2855\" data-end=\"2934\">Dise\u00f1ado para clientes que valoran la durabilidad combinada con una est\u00e9tica de alta gama<\/p>\n<\/li>\n<\/ul>\n<p data-start=\"2941\" data-end=\"3113\">Si est\u00e1 interesado en esta mochila, p\u00f3ngase en contacto con nosotros para solicitar muestras. <strong data-start=\"3012\" data-end=\"3048\">Servicios ODM y OEM disponibles<\/strong> para satisfacer requisitos personalizados de marca, tama\u00f1o y dise\u00f1o.<\/p>","protected":false},"excerpt":{"rendered":"<p>En <strong data-start=\"191\" data-end=\"235\">Mayorista Mochila de cuero aut\u00e9ntico para hombre<\/strong> por <strong data-start=\"239\" data-end=\"249\">RONEER<\/strong> se ha fabricado con piel de plena flor de primera calidad para ofrecer durabilidad y sofisticaci\u00f3n. Dise\u00f1ada con un estilo pr\u00e1ctico, la mochila se ha estructurado con anchas correas ergon\u00f3micas, una gran capacidad de almacenamiento y una est\u00e9tica de alta gama que se adapta tanto al trabajo como a los viajes informales. La mochila tiene un estilo retro europeo y est\u00e1 disponible en tonos caf\u00e9 y marr\u00f3n, con posibilidad de personalizar el color bajo pedido.<\/p>","protected":false},"featured_media":2255,"comment_status":"open","ping_status":"closed","template":"","meta":{"site-sidebar-layout":"default","site-content-layout":"","ast-site-content-layout":"default","site-content-style":"default","site-sidebar-style":"default","ast-global-header-display":"","ast-banner-title-visibility":"","ast-main-header-display":"","ast-hfb-above-header-display":"","ast-hfb-below-header-display":"","ast-hfb-mobile-header-display":"","site-post-title":"","ast-breadcrumbs-content":"","ast-featured-img":"","footer-sml-layout":"","ast-disable-related-posts":"","theme-transparent-header-meta":"default","adv-header-id-meta":"","stick-header-meta":"","header-above-stick-meta":"","header-main-stick-meta":"","header-below-stick-meta":"","astra-migrate-meta-layouts":"set","ast-page-background-enabled":"default","ast-page-background-meta":{"desktop":{"background-color":"var(--ast-global-color-5)","background-image":"","background-repeat":"repeat","background-position":"center center","background-size":"auto","background-attachment":"scroll","background-type":"","background-media":"","overlay-type":"","overlay-color":"","overlay-opacity":"","overlay-gradient":""},"tablet":{"background-color":"","background-image":"","background-repeat":"repeat","background-position":"center center","background-size":"auto","background-attachment":"scroll","background-type":"","background-media":"","overlay-type":"","overlay-color":"","overlay-opacity":"","overlay-gradient":""},"mobile":{"background-color":"","background-image":"","background-repeat":"repeat","background-position":"center center","background-size":"auto","background-attachment":"scroll","background-type":"","background-media":"","overlay-type":"","overlay-color":"","overlay-opacity":"","overlay-gradient":""}},"ast-content-background-meta":{"desktop":{"background-color":"var(--ast-global-color-4)","background-image":"","background-repeat":"repeat","background-position":"center center","background-size":"auto","background-attachment":"scroll","background-type":"","background-media":"","overlay-type":"","overlay-color":"","overlay-opacity":"","overlay-gradient":""},"tablet":{"background-color":"var(--ast-global-color-4)","background-image":"","background-repeat":"repeat","background-position":"center center","background-size":"auto","background-attachment":"scroll","background-type":"","background-media":"","overlay-type":"","overlay-color":"","overlay-opacity":"","overlay-gradient":""},"mobile":{"background-color":"var(--ast-global-color-4)","background-image":"","background-repeat":"repeat","background-position":"center center","background-size":"auto","background-attachment":"scroll","background-type":"","background-media":"","overlay-type":"","overlay-color":"","overlay-opacity":"","overlay-gradient":""}}},"product_brand":[],"product_cat":[21],"product_tag":[],"class_list":{"0":"post-2252","1":"product","2":"type-product","3":"status-publish","4":"has-post-thumbnail","6":"product_cat-backpack","7":"desktop-align-left","8":"tablet-align-left","9":"mobile-align-left","11":"first","12":"instock","13":"shipping-taxable","14":"product-type-simple"},"_links":{"self":[{"href":"https:\/\/baijiabags.com\/es\/wp-json\/wp\/v2\/product\/2252","targetHints":{"allow":["GET"]}}],"collection":[{"href":"https:\/\/baijiabags.com\/es\/wp-json\/wp\/v2\/product"}],"about":[{"href":"https:\/\/baijiabags.com\/es\/wp-json\/wp\/v2\/types\/product"}],"replies":[{"embeddable":true,"href":"https:\/\/baijiabags.com\/es\/wp-json\/wp\/v2\/comments?post=2252"}],"wp:featuredmedia":[{"embeddable":true,"href":"https:\/\/baijiabags.com\/es\/wp-json\/wp\/v2\/media\/2255"}],"wp:attachment":[{"href":"https:\/\/baijiabags.com\/es\/wp-json\/wp\/v2\/media?parent=2252"}],"wp:term":[{"taxonomy":"product_brand","embeddable":true,"href":"https:\/\/baijiabags.com\/es\/wp-json\/wp\/v2\/product_brand?post=2252"},{"taxonomy":"product_cat","embeddable":true,"href":"https:\/\/baijiabags.com\/es\/wp-json\/wp\/v2\/product_cat?post=2252"},{"taxonomy":"product_tag","embeddable":true,"href":"https:\/\/baijiabags.com\/es\/wp-json\/wp\/v2\/product_tag?post=2252"}],"curies":[{"name":"wp","href":"https:\/\/api.w.org\/{rel}","templated":true}]}}