{"id":2210,"date":"2025-09-23T05:47:13","date_gmt":"2025-09-23T05:47:13","guid":{"rendered":"https:\/\/baijiabags.com\/?post_type=product&#038;p=2210"},"modified":"2025-11-01T01:25:19","modified_gmt":"2025-11-01T01:25:19","slug":"wholesale-factory-mens-genuine-leather-briefcase-laptop-bag-shoulder-business-style","status":"publish","type":"product","link":"https:\/\/baijiabags.com\/es\/producto\/wholesale-factory-mens-genuine-leather-briefcase-laptop-bag-shoulder-business-style\/","title":{"rendered":"Venta al por mayor de f\u00e1brica para hombre de cuero genuino malet\u00edn bolsa de ordenador port\u00e1til de hombro de estilo de negocios"},"content":{"rendered":"<h2 data-start=\"893\" data-end=\"911\">Caracter\u00edsticas principales<\/h2>\n<ul data-start=\"912\" data-end=\"1763\">\n<li data-start=\"912\" data-end=\"1019\">\n<p data-start=\"914\" data-end=\"1019\"><strong data-start=\"914\" data-end=\"942\">Piel de primera calidad<\/strong>: Se ha utilizado piel de vacuno de capa superior para garantizar la durabilidad y un aspecto pulido.<\/p>\n<\/li>\n<li data-start=\"1020\" data-end=\"1150\">\n<p data-start=\"1022\" data-end=\"1150\"><strong data-start=\"1022\" data-end=\"1053\">Construcci\u00f3n resistente al desgaste<\/strong>: Dise\u00f1ado para resistir los ara\u00f1azos y el desgaste diario, manteniendo un aspecto profesional a lo largo del tiempo.<\/p>\n<\/li>\n<li data-start=\"1151\" data-end=\"1260\">\n<p data-start=\"1153\" data-end=\"1260\"><strong data-start=\"1153\" data-end=\"1179\">M\u00faltiples opciones de color<\/strong>: Disponible en marr\u00f3n, marr\u00f3n oscuro y negro para adaptarse a diferentes estilos personales.<\/p>\n<\/li>\n<li data-start=\"1261\" data-end=\"1369\">\n<p data-start=\"1263\" data-end=\"1369\"><strong data-start=\"1263\" data-end=\"1285\">Compartimento para port\u00e1til<\/strong>: Puede acomodar port\u00e1tiles de hasta 13 pulgadas, manteniendo los aparatos electr\u00f3nicos seguros y organizados.<\/p>\n<\/li>\n<li data-start=\"1370\" data-end=\"1492\">\n<p data-start=\"1372\" data-end=\"1492\"><strong data-start=\"1372\" data-end=\"1393\">Interior espacioso<\/strong>: Se han previsto m\u00faltiples compartimentos para documentos, art\u00edculos de papeler\u00eda y otros objetos de uso diario.<\/p>\n<\/li>\n<li data-start=\"1493\" data-end=\"1580\">\n<p data-start=\"1495\" data-end=\"1580\"><strong data-start=\"1495\" data-end=\"1523\">Detalles de puntadas cl\u00e1sicas<\/strong>: Las exquisitas costuras a\u00f1aden un encanto vintage y elegante.<\/p>\n<\/li>\n<li data-start=\"1581\" data-end=\"1661\">\n<p data-start=\"1583\" data-end=\"1661\"><strong data-start=\"1583\" data-end=\"1600\">Uso vers\u00e1til<\/strong>: Adecuado para la oficina, los desplazamientos diarios y las salidas informales.<\/p>\n<\/li>\n<li data-start=\"1662\" data-end=\"1763\">\n<p data-start=\"1664\" data-end=\"1763\"><strong data-start=\"1664\" data-end=\"1687\">Disponibilidad de muestras<\/strong>: Se pueden proporcionar muestras para evaluaci\u00f3n, apoyando los servicios ODM y OEM.<\/p>\n<\/li>\n<\/ul>\n<p><img fetchpriority=\"high\" decoding=\"async\" class=\"aligncenter wp-image-2214\" src=\"https:\/\/baijiabags.com\/wp-content\/uploads\/2025\/09\/1-7-6-300x300.png\" alt=\"Wholesale Factory Mens Genuine Leather Briefcase Laptop Bag Shoulder Business Style\" width=\"800\" height=\"800\" srcset=\"https:\/\/baijiabags.com\/wp-content\/uploads\/2025\/09\/1-7-6-300x300.png 300w, https:\/\/baijiabags.com\/wp-content\/uploads\/2025\/09\/1-7-6-1024x1024.png 1024w, https:\/\/baijiabags.com\/wp-content\/uploads\/2025\/09\/1-7-6-150x150.png 150w, https:\/\/baijiabags.com\/wp-content\/uploads\/2025\/09\/1-7-6-768x768.png 768w, https:\/\/baijiabags.com\/wp-content\/uploads\/2025\/09\/1-7-6-1536x1536.png 1536w, https:\/\/baijiabags.com\/wp-content\/uploads\/2025\/09\/1-7-6-12x12.png 12w, https:\/\/baijiabags.com\/wp-content\/uploads\/2025\/09\/1-7-6-600x600.png 600w, https:\/\/baijiabags.com\/wp-content\/uploads\/2025\/09\/1-7-6-100x100.png 100w, https:\/\/baijiabags.com\/wp-content\/uploads\/2025\/09\/1-7-6.png 1600w\" sizes=\"(max-width: 800px) 100vw, 800px\" \/><\/p>\n<h2 data-start=\"1765\" data-end=\"1785\">Especificaciones<\/h2>\n<div class=\"_tableContainer_1rjym_1\">\n<div class=\"group _tableWrapper_1rjym_13 flex w-fit flex-col-reverse\" tabindex=\"-1\">\n<table class=\"w-fit min-w-(--thread-content-width)\" data-start=\"1787\" data-end=\"2942\">\n<thead data-start=\"1787\" data-end=\"1850\">\n<tr data-start=\"1787\" data-end=\"1850\">\n<th data-start=\"1787\" data-end=\"1813\" data-col-size=\"sm\">Par\u00e1metro<\/th>\n<th data-start=\"1813\" data-end=\"1850\" data-col-size=\"sm\">Descripci\u00f3n<\/th>\n<\/tr>\n<\/thead>\n<tbody data-start=\"1915\" data-end=\"2942\">\n<tr data-start=\"1915\" data-end=\"1978\">\n<td data-start=\"1915\" data-end=\"1941\" data-col-size=\"sm\">Nombre del producto<\/td>\n<td data-start=\"1941\" data-end=\"1978\" data-col-size=\"sm\">Bolso de hombro<\/td>\n<\/tr>\n<tr data-start=\"1979\" data-end=\"2043\">\n<td data-start=\"1979\" data-end=\"2005\" data-col-size=\"sm\">Marca<\/td>\n<td data-start=\"2005\" data-end=\"2043\" data-col-size=\"sm\">RONEER<\/td>\n<\/tr>\n<tr data-start=\"2044\" data-end=\"2107\">\n<td data-start=\"2044\" data-end=\"2070\" data-col-size=\"sm\">Origen<\/td>\n<td data-start=\"2070\" data-end=\"2107\" data-col-size=\"sm\">Guangdong, China<\/td>\n<\/tr>\n<tr data-start=\"2108\" data-end=\"2171\">\n<td data-start=\"2108\" data-end=\"2134\" data-col-size=\"sm\">Estilo<\/td>\n<td data-start=\"2134\" data-end=\"2171\" data-col-size=\"sm\">Vintage europeo y americano<\/td>\n<\/tr>\n<tr data-start=\"2172\" data-end=\"2237\">\n<td data-start=\"2172\" data-end=\"2198\" data-col-size=\"sm\">Material<\/td>\n<td data-start=\"2198\" data-end=\"2237\" data-col-size=\"sm\">Piel aut\u00e9ntica (piel de vaca de primera capa)<\/td>\n<\/tr>\n<tr data-start=\"2238\" data-end=\"2301\">\n<td data-start=\"2238\" data-end=\"2264\" data-col-size=\"sm\">Revestimiento de cuero<\/td>\n<td data-start=\"2264\" data-end=\"2301\" data-col-size=\"sm\">Textura suave y duradera<\/td>\n<\/tr>\n<tr data-start=\"2302\" data-end=\"2365\">\n<td data-start=\"2302\" data-end=\"2328\" data-col-size=\"sm\">Funci\u00f3n<\/td>\n<td data-start=\"2328\" data-end=\"2365\" data-col-size=\"sm\">Resistente al desgaste<\/td>\n<\/tr>\n<tr data-start=\"2366\" data-end=\"2429\">\n<td data-start=\"2366\" data-end=\"2392\" data-col-size=\"sm\">Patr\u00f3n<\/td>\n<td data-start=\"2392\" data-end=\"2429\" data-col-size=\"sm\">Color s\u00f3lido<\/td>\n<\/tr>\n<tr data-start=\"2430\" data-end=\"2493\">\n<td data-start=\"2430\" data-end=\"2456\" data-col-size=\"sm\">Elemento popular<\/td>\n<td data-start=\"2456\" data-end=\"2493\" data-col-size=\"sm\">Detalle de las puntadas<\/td>\n<\/tr>\n<tr data-start=\"2494\" data-end=\"2557\">\n<td data-start=\"2494\" data-end=\"2520\" data-col-size=\"sm\">Opciones de color<\/td>\n<td data-start=\"2520\" data-end=\"2557\" data-col-size=\"sm\">Marr\u00f3n, marr\u00f3n oscuro, negro<\/td>\n<\/tr>\n<tr data-start=\"2558\" data-end=\"2621\">\n<td data-start=\"2558\" data-end=\"2584\" data-col-size=\"sm\">Material del forro<\/td>\n<td data-start=\"2584\" data-end=\"2621\" data-col-size=\"sm\">Poli\u00e9ster-algod\u00f3n<\/td>\n<\/tr>\n<tr data-start=\"2622\" data-end=\"2685\">\n<td data-start=\"2622\" data-end=\"2648\" data-col-size=\"sm\">Escena adecuada<\/td>\n<td data-start=\"2648\" data-end=\"2685\" data-col-size=\"sm\">Uso diario, Oficina<\/td>\n<\/tr>\n<tr data-start=\"2686\" data-end=\"2750\">\n<td data-start=\"2686\" data-end=\"2712\" data-col-size=\"sm\">Capacidad para port\u00e1tiles<\/td>\n<td data-start=\"2712\" data-end=\"2750\" data-col-size=\"sm\">Hasta 13 pulgadas<\/td>\n<\/tr>\n<tr data-start=\"2751\" data-end=\"2814\">\n<td data-start=\"2751\" data-end=\"2777\" data-col-size=\"sm\">Disponibilidad de muestras<\/td>\n<td data-start=\"2777\" data-end=\"2814\" data-col-size=\"sm\">S\u00ed<\/td>\n<\/tr>\n<tr data-start=\"2815\" data-end=\"2878\">\n<td data-start=\"2815\" data-end=\"2841\" data-col-size=\"sm\">Cantidad m\u00ednima de pedido<\/td>\n<td data-start=\"2841\" data-end=\"2878\" data-col-size=\"sm\">300 unidades<\/td>\n<\/tr>\n<tr data-start=\"2879\" data-end=\"2942\">\n<td data-start=\"2879\" data-end=\"2905\" data-col-size=\"sm\">Aplicaci\u00f3n<\/td>\n<td data-start=\"2905\" data-end=\"2942\" data-col-size=\"sm\">Trabajo, uso diario<\/td>\n<\/tr>\n<\/tbody>\n<\/table>\n<\/div>\n<\/div>\n<h2 data-start=\"2944\" data-end=\"2962\">Aplicaciones<\/h2>\n<ul data-start=\"2963\" data-end=\"3322\">\n<li data-start=\"2963\" data-end=\"3053\">\n<p data-start=\"2965\" data-end=\"3053\"><strong data-start=\"2965\" data-end=\"2979\">Uso de oficina<\/strong>: Perfecto para que los profesionales lleven port\u00e1tiles, documentos y objetos esenciales.<\/p>\n<\/li>\n<li data-start=\"3054\" data-end=\"3144\">\n<p data-start=\"3056\" data-end=\"3144\"><strong data-start=\"3056\" data-end=\"3075\">Desplazamientos diarios<\/strong>: Dise\u00f1ado para combinar estilo y funcionalidad en los viajes diarios.<\/p>\n<\/li>\n<li data-start=\"3145\" data-end=\"3236\">\n<p data-start=\"3147\" data-end=\"3236\"><strong data-start=\"3147\" data-end=\"3168\">Reuniones de trabajo<\/strong>: Ofrece un aspecto pulido y profesional durante las reuniones.<\/p>\n<\/li>\n<li data-start=\"3237\" data-end=\"3322\">\n<p data-start=\"3239\" data-end=\"3322\"><strong data-start=\"3239\" data-end=\"3257\">Salidas informales<\/strong>: Puede combinarse con conjuntos informales para un look vintage refinado.<\/p>\n<\/li>\n<\/ul>\n<p data-start=\"3324\" data-end=\"3476\">Si est\u00e1 interesado en este malet\u00edn de piel, p\u00f3ngase en contacto con nosotros para solicitar muestras. ODM &amp; OEM servicios est\u00e1n disponibles para satisfacer sus necesidades de negocio espec\u00edficas.<\/p>","protected":false},"excerpt":{"rendered":"<p>En <strong data-start=\"213\" data-end=\"265\">RONEER Malet\u00edn de cuero aut\u00e9ntico para hombre Bolsa para port\u00e1til<\/strong> ha sido dise\u00f1ado para combinar durabilidad con un estilo cl\u00e1sico de negocios. Fabricado en piel de vacuno de primera calidad, este bolso ha sido concebido para resistir el uso diario y ofrecer al mismo tiempo un aspecto sofisticado y profesional. Su estilo vintage europeo y americano ha sido apreciado por los clientes que buscan elegancia en pr\u00e1cticos accesorios de oficina.<\/p>","protected":false},"featured_media":2211,"comment_status":"open","ping_status":"closed","template":"","meta":{"site-sidebar-layout":"default","site-content-layout":"","ast-site-content-layout":"default","site-content-style":"default","site-sidebar-style":"default","ast-global-header-display":"","ast-banner-title-visibility":"","ast-main-header-display":"","ast-hfb-above-header-display":"","ast-hfb-below-header-display":"","ast-hfb-mobile-header-display":"","site-post-title":"","ast-breadcrumbs-content":"","ast-featured-img":"","footer-sml-layout":"","ast-disable-related-posts":"","theme-transparent-header-meta":"default","adv-header-id-meta":"","stick-header-meta":"","header-above-stick-meta":"","header-main-stick-meta":"","header-below-stick-meta":"","astra-migrate-meta-layouts":"set","ast-page-background-enabled":"default","ast-page-background-meta":{"desktop":{"background-color":"var(--ast-global-color-5)","background-image":"","background-repeat":"repeat","background-position":"center center","background-size":"auto","background-attachment":"scroll","background-type":"","background-media":"","overlay-type":"","overlay-color":"","overlay-opacity":"","overlay-gradient":""},"tablet":{"background-color":"","background-image":"","background-repeat":"repeat","background-position":"center center","background-size":"auto","background-attachment":"scroll","background-type":"","background-media":"","overlay-type":"","overlay-color":"","overlay-opacity":"","overlay-gradient":""},"mobile":{"background-color":"","background-image":"","background-repeat":"repeat","background-position":"center center","background-size":"auto","background-attachment":"scroll","background-type":"","background-media":"","overlay-type":"","overlay-color":"","overlay-opacity":"","overlay-gradient":""}},"ast-content-background-meta":{"desktop":{"background-color":"var(--ast-global-color-4)","background-image":"","background-repeat":"repeat","background-position":"center center","background-size":"auto","background-attachment":"scroll","background-type":"","background-media":"","overlay-type":"","overlay-color":"","overlay-opacity":"","overlay-gradient":""},"tablet":{"background-color":"var(--ast-global-color-4)","background-image":"","background-repeat":"repeat","background-position":"center center","background-size":"auto","background-attachment":"scroll","background-type":"","background-media":"","overlay-type":"","overlay-color":"","overlay-opacity":"","overlay-gradient":""},"mobile":{"background-color":"var(--ast-global-color-4)","background-image":"","background-repeat":"repeat","background-position":"center center","background-size":"auto","background-attachment":"scroll","background-type":"","background-media":"","overlay-type":"","overlay-color":"","overlay-opacity":"","overlay-gradient":""}}},"product_brand":[],"product_cat":[40,53],"product_tag":[],"class_list":{"0":"post-2210","1":"product","2":"type-product","3":"status-publish","4":"has-post-thumbnail","6":"product_cat-briefcase-bag","7":"product_cat-mens-bag","8":"desktop-align-left","9":"tablet-align-left","10":"mobile-align-left","12":"first","13":"instock","14":"shipping-taxable","15":"product-type-simple"},"_links":{"self":[{"href":"https:\/\/baijiabags.com\/es\/wp-json\/wp\/v2\/product\/2210","targetHints":{"allow":["GET"]}}],"collection":[{"href":"https:\/\/baijiabags.com\/es\/wp-json\/wp\/v2\/product"}],"about":[{"href":"https:\/\/baijiabags.com\/es\/wp-json\/wp\/v2\/types\/product"}],"replies":[{"embeddable":true,"href":"https:\/\/baijiabags.com\/es\/wp-json\/wp\/v2\/comments?post=2210"}],"wp:featuredmedia":[{"embeddable":true,"href":"https:\/\/baijiabags.com\/es\/wp-json\/wp\/v2\/media\/2211"}],"wp:attachment":[{"href":"https:\/\/baijiabags.com\/es\/wp-json\/wp\/v2\/media?parent=2210"}],"wp:term":[{"taxonomy":"product_brand","embeddable":true,"href":"https:\/\/baijiabags.com\/es\/wp-json\/wp\/v2\/product_brand?post=2210"},{"taxonomy":"product_cat","embeddable":true,"href":"https:\/\/baijiabags.com\/es\/wp-json\/wp\/v2\/product_cat?post=2210"},{"taxonomy":"product_tag","embeddable":true,"href":"https:\/\/baijiabags.com\/es\/wp-json\/wp\/v2\/product_tag?post=2210"}],"curies":[{"name":"wp","href":"https:\/\/api.w.org\/{rel}","templated":true}]}}