{"id":2133,"date":"2025-09-23T01:47:21","date_gmt":"2025-09-23T01:47:21","guid":{"rendered":"https:\/\/baijiabags.com\/?post_type=product&#038;p=2133"},"modified":"2025-11-01T01:24:32","modified_gmt":"2025-11-01T01:24:32","slug":"factory-direct-mens-business-casual-leather-shoulder-crossbody-bag-large-capacity-clutch","status":"publish","type":"product","link":"https:\/\/baijiabags.com\/es\/producto\/factory-direct-mens-business-casual-leather-shoulder-crossbody-bag-large-capacity-clutch\/","title":{"rendered":"Directo de f\u00e1brica para hombres de negocios casual de cuero de hombro Crossbody Bolsa de gran capacidad de embrague"},"content":{"rendered":"<h2 data-start=\"765\" data-end=\"782\">Caracter\u00edsticas principales<\/h2>\n<ol data-start=\"784\" data-end=\"1745\">\n<li data-start=\"784\" data-end=\"890\">\n<p data-start=\"787\" data-end=\"890\"><strong data-start=\"787\" data-end=\"815\">Material de cuero resistente<\/strong> - La piel aut\u00e9ntica se utiliza para ofrecer una solidez duradera y resistencia al desgaste.<\/p>\n<\/li>\n<li data-start=\"891\" data-end=\"1016\">\n<p data-start=\"894\" data-end=\"1016\"><strong data-start=\"894\" data-end=\"915\">Amplia capacidad<\/strong> - Dise\u00f1ado con un compartimento grande para guardar lo esencial, incluida una tableta de 8 pulgadas o un port\u00e1til peque\u00f1o.<\/p>\n<\/li>\n<li data-start=\"1017\" data-end=\"1139\">\n<p data-start=\"1020\" data-end=\"1139\"><strong data-start=\"1020\" data-end=\"1047\">Estilo Business Casual<\/strong> - Una est\u00e9tica retro europea y americana realza la versatilidad para la oficina o el vestuario informal.<\/p>\n<\/li>\n<li data-start=\"1140\" data-end=\"1255\">\n<p data-start=\"1143\" data-end=\"1255\"><strong data-start=\"1143\" data-end=\"1167\">Opciones personalizables<\/strong> - Se ofrece impresi\u00f3n de logotipos y personalizaci\u00f3n de colores para marcar y personalizar.<\/p>\n<\/li>\n<li data-start=\"1256\" data-end=\"1373\">\n<p data-start=\"1259\" data-end=\"1373\"><strong data-start=\"1259\" data-end=\"1283\">C\u00f3modo transporte<\/strong> - Se incluye una correa para el hombro que permite tener las manos libres y distribuir el peso de forma uniforme.<\/p>\n<\/li>\n<li data-start=\"1374\" data-end=\"1487\">\n<p data-start=\"1377\" data-end=\"1487\"><strong data-start=\"1377\" data-end=\"1401\">Uso multifuncional<\/strong> - Adecuado para el trabajo, los viajes y las actividades diarias con pr\u00e1cticas soluciones de almacenamiento.<\/p>\n<\/li>\n<li data-start=\"1488\" data-end=\"1605\">\n<p data-start=\"1491\" data-end=\"1605\"><strong data-start=\"1491\" data-end=\"1522\">Resistencia a los ara\u00f1azos y al desgaste<\/strong> - Su mayor durabilidad garantiza un uso fiable a lo largo del tiempo en entornos de gran actividad diaria.<\/p>\n<\/li>\n<li data-start=\"1606\" data-end=\"1745\">\n<p data-start=\"1609\" data-end=\"1745\"><strong data-start=\"1609\" data-end=\"1634\">Suministro directo de f\u00e1brica<\/strong> - Se ofrece directamente desde la fuente en Guangdong, China, lo que garantiza una calidad constante y precios competitivos.<\/p>\n<\/li>\n<\/ol>\n<p><img fetchpriority=\"high\" decoding=\"async\" class=\"aligncenter wp-image-2138\" src=\"https:\/\/baijiabags.com\/wp-content\/uploads\/2025\/09\/1-5-15-300x300.png\" alt=\"Factory Direct Mens Business Casual Leather Shoulder Crossbody Bag Large Capacity Clutch\" width=\"800\" height=\"800\" srcset=\"https:\/\/baijiabags.com\/wp-content\/uploads\/2025\/09\/1-5-15-300x300.png 300w, https:\/\/baijiabags.com\/wp-content\/uploads\/2025\/09\/1-5-15-1024x1024.png 1024w, https:\/\/baijiabags.com\/wp-content\/uploads\/2025\/09\/1-5-15-150x150.png 150w, https:\/\/baijiabags.com\/wp-content\/uploads\/2025\/09\/1-5-15-768x768.png 768w, https:\/\/baijiabags.com\/wp-content\/uploads\/2025\/09\/1-5-15-1536x1536.png 1536w, https:\/\/baijiabags.com\/wp-content\/uploads\/2025\/09\/1-5-15-12x12.png 12w, https:\/\/baijiabags.com\/wp-content\/uploads\/2025\/09\/1-5-15-600x600.png 600w, https:\/\/baijiabags.com\/wp-content\/uploads\/2025\/09\/1-5-15-100x100.png 100w, https:\/\/baijiabags.com\/wp-content\/uploads\/2025\/09\/1-5-15.png 1600w\" sizes=\"(max-width: 800px) 100vw, 800px\" \/><\/p>\n<h2 data-start=\"1752\" data-end=\"1771\">Especificaciones<\/h2>\n<div class=\"_tableContainer_1rjym_1\">\n<div class=\"group _tableWrapper_1rjym_13 flex w-fit flex-col-reverse\" tabindex=\"-1\">\n<table class=\"w-fit min-w-(--thread-content-width)\" data-start=\"1773\" data-end=\"2677\">\n<thead data-start=\"1773\" data-end=\"1832\">\n<tr data-start=\"1773\" data-end=\"1832\">\n<th data-start=\"1773\" data-end=\"1799\" data-col-size=\"sm\"><strong data-start=\"1775\" data-end=\"1788\">Par\u00e1metro<\/strong><\/th>\n<th data-start=\"1799\" data-end=\"1832\" data-col-size=\"sm\"><strong data-start=\"1801\" data-end=\"1812\">Detalles<\/strong><\/th>\n<\/tr>\n<\/thead>\n<tbody data-start=\"1894\" data-end=\"2677\">\n<tr data-start=\"1894\" data-end=\"1957\">\n<td data-start=\"1894\" data-end=\"1921\" data-col-size=\"sm\">Nombre del producto<\/td>\n<td data-start=\"1921\" data-end=\"1957\" data-col-size=\"sm\">Bolso crossbody de piel<\/td>\n<\/tr>\n<tr data-start=\"1958\" data-end=\"2017\">\n<td data-start=\"1958\" data-end=\"1985\" data-col-size=\"sm\">Marca<\/td>\n<td data-start=\"1985\" data-end=\"2017\" data-col-size=\"sm\">RONEER<\/td>\n<\/tr>\n<tr data-start=\"2018\" data-end=\"2077\">\n<td data-start=\"2018\" data-end=\"2045\" data-col-size=\"sm\">Origen<\/td>\n<td data-start=\"2045\" data-end=\"2077\" data-col-size=\"sm\">Guangdong, China<\/td>\n<\/tr>\n<tr data-start=\"2078\" data-end=\"2137\">\n<td data-start=\"2078\" data-end=\"2105\" data-col-size=\"sm\">Estilo<\/td>\n<td data-start=\"2105\" data-end=\"2137\" data-col-size=\"sm\">Retro europeo y americano<\/td>\n<\/tr>\n<tr data-start=\"2138\" data-end=\"2197\">\n<td data-start=\"2138\" data-end=\"2165\" data-col-size=\"sm\">Material<\/td>\n<td data-start=\"2165\" data-end=\"2197\" data-col-size=\"sm\">Piel aut\u00e9ntica<\/td>\n<\/tr>\n<tr data-start=\"2198\" data-end=\"2257\">\n<td data-start=\"2198\" data-end=\"2225\" data-col-size=\"sm\">Funci\u00f3n<\/td>\n<td data-start=\"2225\" data-end=\"2257\" data-col-size=\"sm\">Resistente al desgaste<\/td>\n<\/tr>\n<tr data-start=\"2258\" data-end=\"2317\">\n<td data-start=\"2258\" data-end=\"2285\" data-col-size=\"sm\">Patr\u00f3n<\/td>\n<td data-start=\"2285\" data-end=\"2317\" data-col-size=\"sm\">Color s\u00f3lido<\/td>\n<\/tr>\n<tr data-start=\"2318\" data-end=\"2377\">\n<td data-start=\"2318\" data-end=\"2345\" data-col-size=\"sm\">Color<\/td>\n<td data-start=\"2345\" data-end=\"2377\" data-col-size=\"sm\">Personalizable<\/td>\n<\/tr>\n<tr data-start=\"2378\" data-end=\"2437\">\n<td data-start=\"2378\" data-end=\"2405\" data-col-size=\"sm\">Forro<\/td>\n<td data-start=\"2405\" data-end=\"2437\" data-col-size=\"sm\">Mezcla de poli\u00e9ster y algod\u00f3n<\/td>\n<\/tr>\n<tr data-start=\"2438\" data-end=\"2497\">\n<td data-start=\"2438\" data-end=\"2465\" data-col-size=\"sm\">Escenario aplicable<\/td>\n<td data-start=\"2465\" data-end=\"2497\" data-col-size=\"sm\">Ropa diaria, Trabajo, Viajes<\/td>\n<\/tr>\n<tr data-start=\"2498\" data-end=\"2557\">\n<td data-start=\"2498\" data-end=\"2525\" data-col-size=\"sm\">Capacidad para port\u00e1til\/tablet<\/td>\n<td data-start=\"2525\" data-end=\"2557\" data-col-size=\"sm\">Hasta 20 cm<\/td>\n<\/tr>\n<tr data-start=\"2558\" data-end=\"2617\">\n<td data-start=\"2558\" data-end=\"2585\" data-col-size=\"sm\">Logotipo<\/td>\n<td data-start=\"2585\" data-end=\"2617\" data-col-size=\"sm\">Personalizable<\/td>\n<\/tr>\n<tr data-start=\"2618\" data-end=\"2677\">\n<td data-start=\"2618\" data-end=\"2645\" data-col-size=\"sm\">MOQ<\/td>\n<td data-start=\"2645\" data-end=\"2677\" data-col-size=\"sm\">300 piezas<\/td>\n<\/tr>\n<\/tbody>\n<\/table>\n<\/div>\n<\/div>\n<hr data-start=\"2679\" data-end=\"2682\" \/>\n<h2 data-start=\"2684\" data-end=\"2701\">Aplicaciones<\/h2>\n<ul data-start=\"2703\" data-end=\"3121\">\n<li data-start=\"2703\" data-end=\"2783\">\n<p data-start=\"2705\" data-end=\"2783\">Ideal para <strong data-start=\"2715\" data-end=\"2739\">profesionales de oficina<\/strong> que necesitan un bolso elegante pero funcional.<\/p>\n<\/li>\n<li data-start=\"2784\" data-end=\"2868\">\n<p data-start=\"2786\" data-end=\"2868\">Conveniente para <strong data-start=\"2801\" data-end=\"2814\">uso diario<\/strong>que ofrece un almacenamiento fiable para los objetos personales.<\/p>\n<\/li>\n<li data-start=\"2869\" data-end=\"2948\">\n<p data-start=\"2871\" data-end=\"2948\">Recomendado para <strong data-start=\"2887\" data-end=\"2900\">viajeros<\/strong> que necesitan una bolsa duradera con capacidad compacta.<\/p>\n<\/li>\n<li data-start=\"2949\" data-end=\"3037\">\n<p data-start=\"2951\" data-end=\"3037\">Adecuado para <strong data-start=\"2964\" data-end=\"2983\">viajes de negocios<\/strong>, mantener organizados los documentos y los peque\u00f1os aparatos electr\u00f3nicos.<\/p>\n<\/li>\n<li data-start=\"3038\" data-end=\"3121\">\n<p data-start=\"3040\" data-end=\"3121\">Eficaz para <strong data-start=\"3054\" data-end=\"3074\">ocasiones informales<\/strong>combinan bien con atuendos modernos o retro.<\/p>\n<\/li>\n<\/ul>\n<p data-start=\"3128\" data-end=\"3285\">Si est\u00e1 interesado en este bolso bandolera de piel, p\u00f3ngase en contacto con nosotros para solicitar muestras. <strong data-start=\"3212\" data-end=\"3234\">Servicios ODM y OEM<\/strong> est\u00e1n disponibles para satisfacer las necesidades exclusivas de su marca.<\/p>","protected":false},"excerpt":{"rendered":"<p>En <strong data-start=\"241\" data-end=\"312\">Directo de f\u00e1brica de negocios de los hombres de cuero casual bolsa de hombro Crossbody<\/strong> se presenta mediante <strong data-start=\"329\" data-end=\"339\">RONEER<\/strong> como un accesorio refinado dise\u00f1ado tanto para el trabajo como para la vida cotidiana. Fabricado en resistente piel aut\u00e9ntica, el bolso se ha creado con un atemporal estilo retro europeo y americano. Lleva integrada una estructura de gran capacidad para garantizar la comodidad, mientras que el acabado liso realza su aspecto de primera calidad. Con opciones de personalizaci\u00f3n disponibles para el color y el logotipo, se adapta a una variedad de requisitos de marca personal o empresarial.<\/p>","protected":false},"featured_media":2136,"comment_status":"open","ping_status":"closed","template":"","meta":{"site-sidebar-layout":"default","site-content-layout":"","ast-site-content-layout":"default","site-content-style":"default","site-sidebar-style":"default","ast-global-header-display":"","ast-banner-title-visibility":"","ast-main-header-display":"","ast-hfb-above-header-display":"","ast-hfb-below-header-display":"","ast-hfb-mobile-header-display":"","site-post-title":"","ast-breadcrumbs-content":"","ast-featured-img":"","footer-sml-layout":"","ast-disable-related-posts":"","theme-transparent-header-meta":"default","adv-header-id-meta":"","stick-header-meta":"","header-above-stick-meta":"","header-main-stick-meta":"","header-below-stick-meta":"","astra-migrate-meta-layouts":"set","ast-page-background-enabled":"default","ast-page-background-meta":{"desktop":{"background-color":"var(--ast-global-color-5)","background-image":"","background-repeat":"repeat","background-position":"center center","background-size":"auto","background-attachment":"scroll","background-type":"","background-media":"","overlay-type":"","overlay-color":"","overlay-opacity":"","overlay-gradient":""},"tablet":{"background-color":"","background-image":"","background-repeat":"repeat","background-position":"center center","background-size":"auto","background-attachment":"scroll","background-type":"","background-media":"","overlay-type":"","overlay-color":"","overlay-opacity":"","overlay-gradient":""},"mobile":{"background-color":"","background-image":"","background-repeat":"repeat","background-position":"center center","background-size":"auto","background-attachment":"scroll","background-type":"","background-media":"","overlay-type":"","overlay-color":"","overlay-opacity":"","overlay-gradient":""}},"ast-content-background-meta":{"desktop":{"background-color":"var(--ast-global-color-4)","background-image":"","background-repeat":"repeat","background-position":"center center","background-size":"auto","background-attachment":"scroll","background-type":"","background-media":"","overlay-type":"","overlay-color":"","overlay-opacity":"","overlay-gradient":""},"tablet":{"background-color":"var(--ast-global-color-4)","background-image":"","background-repeat":"repeat","background-position":"center center","background-size":"auto","background-attachment":"scroll","background-type":"","background-media":"","overlay-type":"","overlay-color":"","overlay-opacity":"","overlay-gradient":""},"mobile":{"background-color":"var(--ast-global-color-4)","background-image":"","background-repeat":"repeat","background-position":"center center","background-size":"auto","background-attachment":"scroll","background-type":"","background-media":"","overlay-type":"","overlay-color":"","overlay-opacity":"","overlay-gradient":""}}},"product_brand":[],"product_cat":[39,53],"product_tag":[],"class_list":{"0":"post-2133","1":"product","2":"type-product","3":"status-publish","4":"has-post-thumbnail","6":"product_cat-crossbody-bag","7":"product_cat-mens-bag","8":"desktop-align-left","9":"tablet-align-left","10":"mobile-align-left","12":"first","13":"instock","14":"shipping-taxable","15":"product-type-simple"},"_links":{"self":[{"href":"https:\/\/baijiabags.com\/es\/wp-json\/wp\/v2\/product\/2133","targetHints":{"allow":["GET"]}}],"collection":[{"href":"https:\/\/baijiabags.com\/es\/wp-json\/wp\/v2\/product"}],"about":[{"href":"https:\/\/baijiabags.com\/es\/wp-json\/wp\/v2\/types\/product"}],"replies":[{"embeddable":true,"href":"https:\/\/baijiabags.com\/es\/wp-json\/wp\/v2\/comments?post=2133"}],"wp:featuredmedia":[{"embeddable":true,"href":"https:\/\/baijiabags.com\/es\/wp-json\/wp\/v2\/media\/2136"}],"wp:attachment":[{"href":"https:\/\/baijiabags.com\/es\/wp-json\/wp\/v2\/media?parent=2133"}],"wp:term":[{"taxonomy":"product_brand","embeddable":true,"href":"https:\/\/baijiabags.com\/es\/wp-json\/wp\/v2\/product_brand?post=2133"},{"taxonomy":"product_cat","embeddable":true,"href":"https:\/\/baijiabags.com\/es\/wp-json\/wp\/v2\/product_cat?post=2133"},{"taxonomy":"product_tag","embeddable":true,"href":"https:\/\/baijiabags.com\/es\/wp-json\/wp\/v2\/product_tag?post=2133"}],"curies":[{"name":"wp","href":"https:\/\/api.w.org\/{rel}","templated":true}]}}