{"id":2119,"date":"2025-09-22T09:24:15","date_gmt":"2025-09-22T09:24:15","guid":{"rendered":"https:\/\/baijiabags.com\/?post_type=product&#038;p=2119"},"modified":"2025-09-22T09:24:15","modified_gmt":"2025-09-22T09:24:15","slug":"mens-outdoor-travel-backpack-waterproof-16-inch-laptop-bag-large-capacity-school-bag","status":"publish","type":"product","link":"https:\/\/baijiabags.com\/es\/producto\/mens-outdoor-travel-backpack-waterproof-16-inch-laptop-bag-large-capacity-school-bag\/","title":{"rendered":"Mens Outdoor Travel Backpack Impermeable 16 Inch Laptop Bag Large Capacity School Bag"},"content":{"rendered":"<h2 data-start=\"744\" data-end=\"759\">Caracter\u00edsticas principales<\/h2>\n<ol data-start=\"761\" data-end=\"1950\">\n<li data-start=\"761\" data-end=\"938\">\n<p data-start=\"764\" data-end=\"938\"><strong data-start=\"764\" data-end=\"789\">Protecci\u00f3n impermeable<\/strong> - El exterior se ha confeccionado en tejido Oxford resistente al agua para salvaguardar las pertenencias durante los viajes al aire libre o en condiciones meteorol\u00f3gicas inesperadas.<\/p>\n<\/li>\n<li data-start=\"939\" data-end=\"1099\">\n<p data-start=\"942\" data-end=\"1099\"><strong data-start=\"942\" data-end=\"960\">Gran capacidad<\/strong> - Con una capacidad que oscila entre los 20 y los 35 litros, la mochila est\u00e1 equipada para transportar ordenadores port\u00e1tiles, libros, ropa y art\u00edculos de viaje esenciales.<\/p>\n<\/li>\n<li data-start=\"1100\" data-end=\"1220\">\n<p data-start=\"1103\" data-end=\"1220\"><strong data-start=\"1103\" data-end=\"1133\">Compartimento para port\u00e1til de 16 pulgadas<\/strong> - Se ha integrado un compartimento acolchado para sujetar con seguridad port\u00e1tiles de hasta 16 pulgadas.<\/p>\n<\/li>\n<li data-start=\"1221\" data-end=\"1359\">\n<p data-start=\"1224\" data-end=\"1359\"><strong data-start=\"1224\" data-end=\"1244\">Material duradero<\/strong> - Se ha utilizado un forro de poli\u00e9ster de alta calidad para reforzar el interior, mejorando la durabilidad y la resistencia al desgaste.<\/p>\n<\/li>\n<li data-start=\"1360\" data-end=\"1494\">\n<p data-start=\"1363\" data-end=\"1494\"><strong data-start=\"1363\" data-end=\"1383\">Dise\u00f1o ergon\u00f3mico<\/strong> - Se han incluido correas de hombro con amortiguaci\u00f3n de aire para proporcionar comodidad y reducir la tensi\u00f3n durante un uso prolongado.<\/p>\n<\/li>\n<li data-start=\"1495\" data-end=\"1648\">\n<p data-start=\"1498\" data-end=\"1648\"><strong data-start=\"1498\" data-end=\"1519\">Logotipo personalizable<\/strong> - La mochila se ha dise\u00f1ado para permitir la personalizaci\u00f3n del logotipo, lo que la hace id\u00f3nea para marcas corporativas o regalos personalizados.<\/p>\n<\/li>\n<li data-start=\"1649\" data-end=\"1794\">\n<p data-start=\"1652\" data-end=\"1794\"><strong data-start=\"1652\" data-end=\"1681\">Estilo de negocios y viajes<\/strong> - Se ha aplicado un dise\u00f1o minimalista y l\u00edneas suaves para adaptarse tanto a los desplazamientos al trabajo como a los viajes de negocios.<\/p>\n<\/li>\n<li data-start=\"1795\" data-end=\"1950\">\n<p data-start=\"1798\" data-end=\"1950\"><strong data-start=\"1798\" data-end=\"1827\">Bolsillos vers\u00e1tiles<\/strong> - Se han organizado m\u00faltiples compartimentos para facilitar el almacenamiento de peque\u00f1os accesorios, documentos y objetos personales.<\/p>\n<\/li>\n<\/ol>\n<h2 data-start=\"1952\" data-end=\"1969\">Especificaciones<\/h2>\n<div class=\"_tableContainer_1rjym_1\">\n<div class=\"group _tableWrapper_1rjym_13 flex w-fit flex-col-reverse\" tabindex=\"-1\">\n<table class=\"w-fit min-w-(--thread-content-width)\" data-start=\"1971\" data-end=\"2433\">\n<thead data-start=\"1971\" data-end=\"1994\">\n<tr data-start=\"1971\" data-end=\"1994\">\n<th data-start=\"1971\" data-end=\"1983\" data-col-size=\"sm\">Par\u00e1metro<\/th>\n<th data-start=\"1983\" data-end=\"1994\" data-col-size=\"sm\">Detalles<\/th>\n<\/tr>\n<\/thead>\n<tbody data-start=\"2019\" data-end=\"2433\">\n<tr data-start=\"2019\" data-end=\"2046\">\n<td data-start=\"2019\" data-end=\"2034\" data-col-size=\"sm\">Nombre del producto<\/td>\n<td data-start=\"2034\" data-end=\"2046\" data-col-size=\"sm\">Mochila<\/td>\n<\/tr>\n<tr data-start=\"2047\" data-end=\"2065\">\n<td data-start=\"2047\" data-end=\"2055\" data-col-size=\"sm\">Marca<\/td>\n<td data-start=\"2055\" data-end=\"2065\" data-col-size=\"sm\">RONEER<\/td>\n<\/tr>\n<tr data-start=\"2066\" data-end=\"2095\">\n<td data-start=\"2066\" data-end=\"2075\" data-col-size=\"sm\">Origen<\/td>\n<td data-start=\"2075\" data-end=\"2095\" data-col-size=\"sm\">Guangdong, China<\/td>\n<\/tr>\n<tr data-start=\"2096\" data-end=\"2113\">\n<td data-start=\"2096\" data-end=\"2104\" data-col-size=\"sm\">Color<\/td>\n<td data-start=\"2104\" data-end=\"2113\" data-col-size=\"sm\">Negro<\/td>\n<\/tr>\n<tr data-start=\"2114\" data-end=\"2130\">\n<td data-start=\"2114\" data-end=\"2123\" data-col-size=\"sm\">G\u00e9nero<\/td>\n<td data-start=\"2123\" data-end=\"2130\" data-col-size=\"sm\">Hombres<\/td>\n<\/tr>\n<tr data-start=\"2131\" data-end=\"2159\">\n<td data-start=\"2131\" data-end=\"2142\" data-col-size=\"sm\">Material<\/td>\n<td data-start=\"2142\" data-end=\"2159\" data-col-size=\"sm\">Tejido Oxford<\/td>\n<\/tr>\n<tr data-start=\"2160\" data-end=\"2191\">\n<td data-start=\"2160\" data-end=\"2178\" data-col-size=\"sm\">Material del forro<\/td>\n<td data-start=\"2178\" data-end=\"2191\" data-col-size=\"sm\">Poli\u00e9ster<\/td>\n<\/tr>\n<tr data-start=\"2192\" data-end=\"2222\">\n<td data-start=\"2192\" data-end=\"2200\" data-col-size=\"sm\">Estilo<\/td>\n<td data-start=\"2200\" data-end=\"2222\" data-col-size=\"sm\">Desplazamientos profesionales<\/td>\n<\/tr>\n<tr data-start=\"2223\" data-end=\"2244\">\n<td data-start=\"2223\" data-end=\"2234\" data-col-size=\"sm\">Capacidad<\/td>\n<td data-start=\"2234\" data-end=\"2244\" data-col-size=\"sm\">20-35L<\/td>\n<\/tr>\n<tr data-start=\"2245\" data-end=\"2272\">\n<td data-start=\"2245\" data-end=\"2259\" data-col-size=\"sm\">Tama\u00f1o del port\u00e1til<\/td>\n<td data-start=\"2259\" data-end=\"2272\" data-col-size=\"sm\">16 Pulgadas<\/td>\n<\/tr>\n<tr data-start=\"2273\" data-end=\"2298\">\n<td data-start=\"2273\" data-end=\"2284\" data-col-size=\"sm\">Funci\u00f3n<\/td>\n<td data-start=\"2284\" data-end=\"2298\" data-col-size=\"sm\">Impermeable<\/td>\n<\/tr>\n<tr data-start=\"2299\" data-end=\"2350\">\n<td data-start=\"2299\" data-end=\"2317\" data-col-size=\"sm\">Sistema de transporte<\/td>\n<td data-start=\"2317\" data-end=\"2350\" data-col-size=\"sm\">Tirantes con amortiguaci\u00f3n neum\u00e1tica<\/td>\n<\/tr>\n<tr data-start=\"2351\" data-end=\"2376\">\n<td data-start=\"2351\" data-end=\"2361\" data-col-size=\"sm\">Patr\u00f3n<\/td>\n<td data-start=\"2361\" data-end=\"2376\" data-col-size=\"sm\">Color s\u00f3lido<\/td>\n<\/tr>\n<tr data-start=\"2377\" data-end=\"2400\">\n<td data-start=\"2377\" data-end=\"2384\" data-col-size=\"sm\">Logotipo<\/td>\n<td data-start=\"2384\" data-end=\"2400\" data-col-size=\"sm\">Personalizable<\/td>\n<\/tr>\n<tr data-start=\"2401\" data-end=\"2433\">\n<td data-start=\"2401\" data-end=\"2426\" data-col-size=\"sm\">Cantidad m\u00ednima de pedido<\/td>\n<td data-start=\"2426\" data-end=\"2433\" data-col-size=\"sm\">300<\/td>\n<\/tr>\n<\/tbody>\n<\/table>\n<\/div>\n<\/div>\n<h2 data-start=\"2435\" data-end=\"2450\">Aplicaciones<\/h2>\n<ul data-start=\"2452\" data-end=\"2638\">\n<li data-start=\"2452\" data-end=\"2481\">\n<p data-start=\"2454\" data-end=\"2481\">Viajes al aire libre y senderismo<\/p>\n<\/li>\n<li data-start=\"2482\" data-end=\"2520\">\n<p data-start=\"2484\" data-end=\"2520\">Viajes de negocios y desplazamientos diarios<\/p>\n<\/li>\n<li data-start=\"2521\" data-end=\"2550\">\n<p data-start=\"2523\" data-end=\"2550\">Uso escolar y universitario<\/p>\n<\/li>\n<li data-start=\"2551\" data-end=\"2583\">\n<p data-start=\"2553\" data-end=\"2583\">Actividades cotidianas<\/p>\n<\/li>\n<li data-start=\"2584\" data-end=\"2638\">\n<p data-start=\"2586\" data-end=\"2638\">Regalos de empresa promocionales con logotipo personalizable<\/p>\n<\/li>\n<\/ul>\n<p data-start=\"2640\" data-end=\"2807\">Si est\u00e1 interesado en esta mochila, p\u00f3ngase en contacto con nosotros para solicitar una muestra. <strong data-start=\"2712\" data-end=\"2747\">Servicios ODM y OEM<\/strong>que permiten un dise\u00f1o personalizado y soluciones de marca.<\/p>","protected":false},"excerpt":{"rendered":"<p>En <strong data-start=\"173\" data-end=\"212\">Mochila de viaje para hombre RONEER<\/strong> ha sido dise\u00f1ada para proporcionar una funcionalidad vers\u00e1til a los hombres modernos que requieren tanto estilo como practicidad. Fabricada con tejido Oxford de alta calidad, esta mochila se ha creado pensando en la durabilidad y la resistencia al agua. Su elegante color negro y su dise\u00f1o minimalista garantizan que pueda llevarse tanto en entornos profesionales como informales. La mochila se ha dise\u00f1ado para alojar un port\u00e1til de 16 pulgadas, ofreciendo un amplio espacio de almacenamiento para los art\u00edculos esenciales y manteniendo al mismo tiempo un ajuste c\u00f3modo y ergon\u00f3mico para los viajes largos.<\/p>","protected":false},"featured_media":2120,"comment_status":"open","ping_status":"closed","template":"","meta":{"site-sidebar-layout":"default","site-content-layout":"","ast-site-content-layout":"default","site-content-style":"default","site-sidebar-style":"default","ast-global-header-display":"","ast-banner-title-visibility":"","ast-main-header-display":"","ast-hfb-above-header-display":"","ast-hfb-below-header-display":"","ast-hfb-mobile-header-display":"","site-post-title":"","ast-breadcrumbs-content":"","ast-featured-img":"","footer-sml-layout":"","ast-disable-related-posts":"","theme-transparent-header-meta":"default","adv-header-id-meta":"","stick-header-meta":"","header-above-stick-meta":"","header-main-stick-meta":"","header-below-stick-meta":"","astra-migrate-meta-layouts":"set","ast-page-background-enabled":"default","ast-page-background-meta":{"desktop":{"background-color":"var(--ast-global-color-5)","background-image":"","background-repeat":"repeat","background-position":"center center","background-size":"auto","background-attachment":"scroll","background-type":"","background-media":"","overlay-type":"","overlay-color":"","overlay-opacity":"","overlay-gradient":""},"tablet":{"background-color":"","background-image":"","background-repeat":"repeat","background-position":"center center","background-size":"auto","background-attachment":"scroll","background-type":"","background-media":"","overlay-type":"","overlay-color":"","overlay-opacity":"","overlay-gradient":""},"mobile":{"background-color":"","background-image":"","background-repeat":"repeat","background-position":"center center","background-size":"auto","background-attachment":"scroll","background-type":"","background-media":"","overlay-type":"","overlay-color":"","overlay-opacity":"","overlay-gradient":""}},"ast-content-background-meta":{"desktop":{"background-color":"var(--ast-global-color-4)","background-image":"","background-repeat":"repeat","background-position":"center center","background-size":"auto","background-attachment":"scroll","background-type":"","background-media":"","overlay-type":"","overlay-color":"","overlay-opacity":"","overlay-gradient":""},"tablet":{"background-color":"var(--ast-global-color-4)","background-image":"","background-repeat":"repeat","background-position":"center center","background-size":"auto","background-attachment":"scroll","background-type":"","background-media":"","overlay-type":"","overlay-color":"","overlay-opacity":"","overlay-gradient":""},"mobile":{"background-color":"var(--ast-global-color-4)","background-image":"","background-repeat":"repeat","background-position":"center center","background-size":"auto","background-attachment":"scroll","background-type":"","background-media":"","overlay-type":"","overlay-color":"","overlay-opacity":"","overlay-gradient":""}}},"product_brand":[],"product_cat":[21],"product_tag":[],"class_list":{"0":"post-2119","1":"product","2":"type-product","3":"status-publish","4":"has-post-thumbnail","6":"product_cat-backpack","7":"desktop-align-left","8":"tablet-align-left","9":"mobile-align-left","11":"first","12":"instock","13":"shipping-taxable","14":"product-type-simple"},"_links":{"self":[{"href":"https:\/\/baijiabags.com\/es\/wp-json\/wp\/v2\/product\/2119","targetHints":{"allow":["GET"]}}],"collection":[{"href":"https:\/\/baijiabags.com\/es\/wp-json\/wp\/v2\/product"}],"about":[{"href":"https:\/\/baijiabags.com\/es\/wp-json\/wp\/v2\/types\/product"}],"replies":[{"embeddable":true,"href":"https:\/\/baijiabags.com\/es\/wp-json\/wp\/v2\/comments?post=2119"}],"wp:featuredmedia":[{"embeddable":true,"href":"https:\/\/baijiabags.com\/es\/wp-json\/wp\/v2\/media\/2120"}],"wp:attachment":[{"href":"https:\/\/baijiabags.com\/es\/wp-json\/wp\/v2\/media?parent=2119"}],"wp:term":[{"taxonomy":"product_brand","embeddable":true,"href":"https:\/\/baijiabags.com\/es\/wp-json\/wp\/v2\/product_brand?post=2119"},{"taxonomy":"product_cat","embeddable":true,"href":"https:\/\/baijiabags.com\/es\/wp-json\/wp\/v2\/product_cat?post=2119"},{"taxonomy":"product_tag","embeddable":true,"href":"https:\/\/baijiabags.com\/es\/wp-json\/wp\/v2\/product_tag?post=2119"}],"curies":[{"name":"wp","href":"https:\/\/api.w.org\/{rel}","templated":true}]}}