{"id":2016,"date":"2025-09-22T03:26:27","date_gmt":"2025-09-22T03:26:27","guid":{"rendered":"https:\/\/baijiabags.com\/?post_type=product&#038;p=2016"},"modified":"2025-09-22T03:26:43","modified_gmt":"2025-09-22T03:26:43","slug":"custom-logo-foldable-luggage-duffel-bag-large-capacity-weekend-travel-sports-bag-for-women","status":"publish","type":"product","link":"https:\/\/baijiabags.com\/es\/producto\/custom-logo-foldable-luggage-duffel-bag-large-capacity-weekend-travel-sports-bag-for-women\/","title":{"rendered":"Logotipo personalizado plegable equipaje Duffel Bag gran capacidad fin de semana de viaje bolsa de deporte para las mujeres"},"content":{"rendered":"<h2 data-start=\"839\" data-end=\"856\">Caracter\u00edsticas principales<\/h2>\n<ol data-start=\"858\" data-end=\"1810\">\n<li data-start=\"858\" data-end=\"960\">\n<p data-start=\"861\" data-end=\"960\"><strong data-start=\"861\" data-end=\"880\">Dise\u00f1o plegable<\/strong> - La bolsa se puede plegar en un tama\u00f1o compacto para guardarla f\u00e1cilmente cuando no se utilice.<\/p>\n<\/li>\n<li data-start=\"961\" data-end=\"1083\">\n<p data-start=\"964\" data-end=\"1083\"><strong data-start=\"964\" data-end=\"982\">Gran capacidad<\/strong> - Dispone de un espacioso compartimento, ideal para viajes de fin de semana, deportes o actividades diarias.<\/p>\n<\/li>\n<li data-start=\"1084\" data-end=\"1207\">\n<p data-start=\"1087\" data-end=\"1207\"><strong data-start=\"1087\" data-end=\"1114\">Material Oxford duradero<\/strong> - Se ha utilizado tejido Oxford de alta calidad, que ofrece durabilidad y resistencia al desgarro.<\/p>\n<\/li>\n<li data-start=\"1208\" data-end=\"1352\">\n<p data-start=\"1211\" data-end=\"1352\"><strong data-start=\"1211\" data-end=\"1236\">Marca personalizable<\/strong> - Los logotipos y colores pueden personalizarse seg\u00fan las necesidades, por lo que la bolsa es id\u00f3nea para fines promocionales.<\/p>\n<\/li>\n<li data-start=\"1353\" data-end=\"1470\">\n<p data-start=\"1356\" data-end=\"1470\"><strong data-start=\"1356\" data-end=\"1380\">Uso multifuncional<\/strong> - El dise\u00f1o permite utilizar la bolsa para viajes, gimnasios, deportes y actividades al aire libre.<\/p>\n<\/li>\n<li data-start=\"1471\" data-end=\"1575\">\n<p data-start=\"1474\" data-end=\"1575\"><strong data-start=\"1474\" data-end=\"1499\">Estructura ligera<\/strong> - La bolsa se ha fabricado con un peso ligero para facilitar su transporte y movilidad.<\/p>\n<\/li>\n<li data-start=\"1576\" data-end=\"1707\">\n<p data-start=\"1579\" data-end=\"1707\"><strong data-start=\"1579\" data-end=\"1600\">Estilo de color s\u00f3lido<\/strong> - Se ha mantenido un aspecto sencillo y cl\u00e1sico, adecuado para una amplia gama de preferencias de moda.<\/p>\n<\/li>\n<li data-start=\"1708\" data-end=\"1810\">\n<p data-start=\"1711\" data-end=\"1810\"><strong data-start=\"1711\" data-end=\"1740\">Disponibilidad r\u00e1pida de muestras<\/strong> - Se pueden suministrar muestras en un plazo de 7 d\u00edas para satisfacer los requisitos del comprador.<\/p>\n<\/li>\n<\/ol>\n<hr data-start=\"1812\" data-end=\"1815\" \/>\n<h2 data-start=\"1817\" data-end=\"1836\">Especificaciones<\/h2>\n<div class=\"_tableContainer_1rjym_1\">\n<div class=\"group _tableWrapper_1rjym_13 flex w-fit flex-col-reverse\" tabindex=\"-1\">\n<table class=\"w-fit min-w-(--thread-content-width)\" data-start=\"1838\" data-end=\"2914\">\n<thead data-start=\"1838\" data-end=\"1913\">\n<tr data-start=\"1838\" data-end=\"1913\">\n<th data-start=\"1838\" data-end=\"1861\" data-col-size=\"sm\"><strong data-start=\"1840\" data-end=\"1853\">Par\u00e1metro<\/strong><\/th>\n<th data-start=\"1861\" data-end=\"1913\" data-col-size=\"md\"><strong data-start=\"1863\" data-end=\"1878\">Descripci\u00f3n<\/strong><\/th>\n<\/tr>\n<\/thead>\n<tbody data-start=\"1991\" data-end=\"2914\">\n<tr data-start=\"1991\" data-end=\"2067\">\n<td data-start=\"1991\" data-end=\"2015\" data-col-size=\"sm\">Nombre del producto<\/td>\n<td data-start=\"2015\" data-end=\"2067\" data-col-size=\"md\">Bolsa de viaje<\/td>\n<\/tr>\n<tr data-start=\"2068\" data-end=\"2144\">\n<td data-start=\"2068\" data-end=\"2092\" data-col-size=\"sm\">Marca<\/td>\n<td data-start=\"2092\" data-end=\"2144\" data-col-size=\"md\">RONEER<\/td>\n<\/tr>\n<tr data-start=\"2145\" data-end=\"2221\">\n<td data-start=\"2145\" data-end=\"2169\" data-col-size=\"sm\">N\u00famero de modelo<\/td>\n<td data-start=\"2169\" data-end=\"2221\" data-col-size=\"md\">AL-2548<\/td>\n<\/tr>\n<tr data-start=\"2222\" data-end=\"2298\">\n<td data-start=\"2222\" data-end=\"2246\" data-col-size=\"sm\">Origen<\/td>\n<td data-start=\"2246\" data-end=\"2298\" data-col-size=\"md\">Guangdong, China<\/td>\n<\/tr>\n<tr data-start=\"2299\" data-end=\"2375\">\n<td data-start=\"2299\" data-end=\"2323\" data-col-size=\"sm\">Estilo<\/td>\n<td data-start=\"2323\" data-end=\"2375\" data-col-size=\"md\">Color s\u00f3lido<\/td>\n<\/tr>\n<tr data-start=\"2376\" data-end=\"2452\">\n<td data-start=\"2376\" data-end=\"2400\" data-col-size=\"sm\">G\u00e9nero<\/td>\n<td data-start=\"2400\" data-end=\"2452\" data-col-size=\"md\">Mujer<\/td>\n<\/tr>\n<tr data-start=\"2453\" data-end=\"2529\">\n<td data-start=\"2453\" data-end=\"2477\" data-col-size=\"sm\">Material<\/td>\n<td data-start=\"2477\" data-end=\"2529\" data-col-size=\"md\">Tejido Oxford<\/td>\n<\/tr>\n<tr data-start=\"2530\" data-end=\"2606\">\n<td data-start=\"2530\" data-end=\"2554\" data-col-size=\"sm\">Color<\/td>\n<td data-start=\"2554\" data-end=\"2606\" data-col-size=\"md\">Personalizable<\/td>\n<\/tr>\n<tr data-start=\"2607\" data-end=\"2683\">\n<td data-start=\"2607\" data-end=\"2631\" data-col-size=\"sm\">Funci\u00f3n<\/td>\n<td data-start=\"2631\" data-end=\"2683\" data-col-size=\"md\">Bolsa multifuncional para viajes y deportes al aire libre<\/td>\n<\/tr>\n<tr data-start=\"2684\" data-end=\"2760\">\n<td data-start=\"2684\" data-end=\"2708\" data-col-size=\"sm\">Utilizaci\u00f3n<\/td>\n<td data-start=\"2708\" data-end=\"2760\" data-col-size=\"md\">Actividades al aire libre, Viajes, Vida cotidiana<\/td>\n<\/tr>\n<tr data-start=\"2761\" data-end=\"2837\">\n<td data-start=\"2761\" data-end=\"2785\" data-col-size=\"sm\">MOQ<\/td>\n<td data-start=\"2785\" data-end=\"2837\" data-col-size=\"md\">300 unidades<\/td>\n<\/tr>\n<tr data-start=\"2838\" data-end=\"2914\">\n<td data-start=\"2838\" data-end=\"2862\" data-col-size=\"sm\">Tiempo de muestreo<\/td>\n<td data-start=\"2862\" data-end=\"2914\" data-col-size=\"md\">7 d\u00edas<\/td>\n<\/tr>\n<\/tbody>\n<\/table>\n<\/div>\n<\/div>\n<h2 data-start=\"2921\" data-end=\"2938\">Aplicaciones<\/h2>\n<ul data-start=\"2940\" data-end=\"3155\">\n<li data-start=\"2940\" data-end=\"2958\">\n<p data-start=\"2942\" data-end=\"2958\">Viajes de fin de semana<\/p>\n<\/li>\n<li data-start=\"2959\" data-end=\"2978\">\n<p data-start=\"2961\" data-end=\"2978\">Desplazamientos diarios<\/p>\n<\/li>\n<li data-start=\"2979\" data-end=\"3001\">\n<p data-start=\"2981\" data-end=\"3001\">Deportes y gimnasia<\/p>\n<\/li>\n<li data-start=\"3002\" data-end=\"3024\">\n<p data-start=\"3004\" data-end=\"3024\">Actividades al aire libre<\/p>\n<\/li>\n<\/ul>\n<p>Si est\u00e1 interesado en esta bolsa de viaje, no dude en ponerse en contacto con nosotros para solicitar muestras. <strong data-start=\"3248\" data-end=\"3284\">Se admiten servicios ODM y OEM<\/strong> para satisfacer sus necesidades personalizadas de marca y producci\u00f3n.<\/p>","protected":false},"excerpt":{"rendered":"<p>En <strong data-start=\"180\" data-end=\"223\">Bolsa de viaje plegable con logotipo personalizado<\/strong> por <strong data-start=\"227\" data-end=\"237\">RONEER<\/strong> se ha dise\u00f1ado como una soluci\u00f3n vers\u00e1til para las mujeres que necesitan una bolsa espaciosa, fiable y f\u00e1cil de transportar. Ofrece una gran capacidad de almacenamiento, lo que la hace adecuada para viajes de fin de semana, actividades al aire libre y uso diario. La bolsa se ha confeccionado con tejido Oxford de alta calidad, que garantiza su durabilidad y resistencia al desgaste, al tiempo que mantiene una estructura ligera.<\/p>","protected":false},"featured_media":2018,"comment_status":"open","ping_status":"closed","template":"","meta":{"site-sidebar-layout":"default","site-content-layout":"","ast-site-content-layout":"default","site-content-style":"default","site-sidebar-style":"default","ast-global-header-display":"","ast-banner-title-visibility":"","ast-main-header-display":"","ast-hfb-above-header-display":"","ast-hfb-below-header-display":"","ast-hfb-mobile-header-display":"","site-post-title":"","ast-breadcrumbs-content":"","ast-featured-img":"","footer-sml-layout":"","ast-disable-related-posts":"","theme-transparent-header-meta":"default","adv-header-id-meta":"","stick-header-meta":"","header-above-stick-meta":"","header-main-stick-meta":"","header-below-stick-meta":"","astra-migrate-meta-layouts":"set","ast-page-background-enabled":"default","ast-page-background-meta":{"desktop":{"background-color":"var(--ast-global-color-5)","background-image":"","background-repeat":"repeat","background-position":"center center","background-size":"auto","background-attachment":"scroll","background-type":"","background-media":"","overlay-type":"","overlay-color":"","overlay-opacity":"","overlay-gradient":""},"tablet":{"background-color":"","background-image":"","background-repeat":"repeat","background-position":"center center","background-size":"auto","background-attachment":"scroll","background-type":"","background-media":"","overlay-type":"","overlay-color":"","overlay-opacity":"","overlay-gradient":""},"mobile":{"background-color":"","background-image":"","background-repeat":"repeat","background-position":"center center","background-size":"auto","background-attachment":"scroll","background-type":"","background-media":"","overlay-type":"","overlay-color":"","overlay-opacity":"","overlay-gradient":""}},"ast-content-background-meta":{"desktop":{"background-color":"var(--ast-global-color-4)","background-image":"","background-repeat":"repeat","background-position":"center center","background-size":"auto","background-attachment":"scroll","background-type":"","background-media":"","overlay-type":"","overlay-color":"","overlay-opacity":"","overlay-gradient":""},"tablet":{"background-color":"var(--ast-global-color-4)","background-image":"","background-repeat":"repeat","background-position":"center center","background-size":"auto","background-attachment":"scroll","background-type":"","background-media":"","overlay-type":"","overlay-color":"","overlay-opacity":"","overlay-gradient":""},"mobile":{"background-color":"var(--ast-global-color-4)","background-image":"","background-repeat":"repeat","background-position":"center center","background-size":"auto","background-attachment":"scroll","background-type":"","background-media":"","overlay-type":"","overlay-color":"","overlay-opacity":"","overlay-gradient":""}}},"product_brand":[],"product_cat":[41],"product_tag":[],"class_list":{"0":"post-2016","1":"product","2":"type-product","3":"status-publish","4":"has-post-thumbnail","6":"product_cat-travel-bag","7":"desktop-align-left","8":"tablet-align-left","9":"mobile-align-left","11":"first","12":"instock","13":"shipping-taxable","14":"product-type-simple"},"_links":{"self":[{"href":"https:\/\/baijiabags.com\/es\/wp-json\/wp\/v2\/product\/2016","targetHints":{"allow":["GET"]}}],"collection":[{"href":"https:\/\/baijiabags.com\/es\/wp-json\/wp\/v2\/product"}],"about":[{"href":"https:\/\/baijiabags.com\/es\/wp-json\/wp\/v2\/types\/product"}],"replies":[{"embeddable":true,"href":"https:\/\/baijiabags.com\/es\/wp-json\/wp\/v2\/comments?post=2016"}],"wp:featuredmedia":[{"embeddable":true,"href":"https:\/\/baijiabags.com\/es\/wp-json\/wp\/v2\/media\/2018"}],"wp:attachment":[{"href":"https:\/\/baijiabags.com\/es\/wp-json\/wp\/v2\/media?parent=2016"}],"wp:term":[{"taxonomy":"product_brand","embeddable":true,"href":"https:\/\/baijiabags.com\/es\/wp-json\/wp\/v2\/product_brand?post=2016"},{"taxonomy":"product_cat","embeddable":true,"href":"https:\/\/baijiabags.com\/es\/wp-json\/wp\/v2\/product_cat?post=2016"},{"taxonomy":"product_tag","embeddable":true,"href":"https:\/\/baijiabags.com\/es\/wp-json\/wp\/v2\/product_tag?post=2016"}],"curies":[{"name":"wp","href":"https:\/\/api.w.org\/{rel}","templated":true}]}}