{"id":1959,"date":"2025-09-20T07:24:02","date_gmt":"2025-09-20T07:24:02","guid":{"rendered":"https:\/\/baijiabags.com\/?post_type=product&#038;p=1959"},"modified":"2025-09-20T07:24:27","modified_gmt":"2025-09-20T07:24:27","slug":"custom-factory-womens-travel-makeup-bag-waterproof-pu-leather-portable-cosmetic-pouch","status":"publish","type":"product","link":"https:\/\/baijiabags.com\/es\/producto\/custom-factory-womens-travel-makeup-bag-waterproof-pu-leather-portable-cosmetic-pouch\/","title":{"rendered":"Custom Factory Bolsa de maquillaje de viaje para mujer Bolsa de cosm\u00e9ticos port\u00e1til de cuero de PU impermeable"},"content":{"rendered":"<h2 data-start=\"708\" data-end=\"725\">Caracter\u00edsticas principales<\/h2>\n<ol data-start=\"726\" data-end=\"1450\">\n<li data-start=\"726\" data-end=\"814\">\n<p data-start=\"729\" data-end=\"814\"><strong data-start=\"729\" data-end=\"749\">Material duradero<\/strong> - Fabricado en cuero PU de primera calidad para resistir el desgaste.<\/p>\n<\/li>\n<li data-start=\"815\" data-end=\"906\">\n<p data-start=\"818\" data-end=\"906\"><strong data-start=\"818\" data-end=\"837\">Dise\u00f1o port\u00e1til<\/strong> - Tama\u00f1o compacto que cabe f\u00e1cilmente en bolsos, mochilas o equipaje de mano.<\/p>\n<\/li>\n<li data-start=\"907\" data-end=\"996\">\n<p data-start=\"910\" data-end=\"996\"><strong data-start=\"910\" data-end=\"932\">Superficie impermeable<\/strong> - Protege el maquillaje y los objetos personales de derrames o humedad.<\/p>\n<\/li>\n<li data-start=\"997\" data-end=\"1097\">\n<p data-start=\"1000\" data-end=\"1097\"><strong data-start=\"1000\" data-end=\"1023\">Uso multifuncional<\/strong> - Adecuado para guardar cosm\u00e9ticos, productos para el cuidado de la piel o peque\u00f1os art\u00edculos de viaje.<\/p>\n<\/li>\n<li data-start=\"1098\" data-end=\"1170\">\n<p data-start=\"1101\" data-end=\"1170\"><strong data-start=\"1101\" data-end=\"1119\">Cierre seguro<\/strong> - El cierre de cremallera mantiene los objetos seguros y organizados.<\/p>\n<\/li>\n<li data-start=\"1171\" data-end=\"1267\">\n<p data-start=\"1174\" data-end=\"1267\"><strong data-start=\"1174\" data-end=\"1201\">Aspecto personalizable<\/strong> - Las opciones de color y logotipo permiten la personalizaci\u00f3n personal o de marca.<\/p>\n<\/li>\n<li data-start=\"1268\" data-end=\"1358\">\n<p data-start=\"1271\" data-end=\"1358\"><strong data-start=\"1271\" data-end=\"1292\">Estilo a la moda<\/strong> - Su dise\u00f1o elegante y moderno complementa cualquier look de viaje o diario.<\/p>\n<\/li>\n<li data-start=\"1359\" data-end=\"1450\">\n<p data-start=\"1362\" data-end=\"1450\"><strong data-start=\"1362\" data-end=\"1382\">F\u00e1cil mantenimiento<\/strong> - La superficie lisa de PU permite una limpieza sin esfuerzo con un pa\u00f1o h\u00famedo.<\/p>\n<\/li>\n<\/ol>\n<h2 data-start=\"1452\" data-end=\"1471\">Especificaciones<\/h2>\n<div class=\"_tableContainer_1rjym_1\">\n<div class=\"group _tableWrapper_1rjym_13 flex w-fit flex-col-reverse\" tabindex=\"-1\">\n<table class=\"w-fit min-w-(--thread-content-width)\" data-start=\"1473\" data-end=\"1950\">\n<thead data-start=\"1473\" data-end=\"1496\">\n<tr data-start=\"1473\" data-end=\"1496\">\n<th data-start=\"1473\" data-end=\"1485\" data-col-size=\"sm\">Par\u00e1metro<\/th>\n<th data-start=\"1485\" data-end=\"1496\" data-col-size=\"sm\">Detalles<\/th>\n<\/tr>\n<\/thead>\n<tbody data-start=\"1521\" data-end=\"1950\">\n<tr data-start=\"1521\" data-end=\"1556\">\n<td data-start=\"1521\" data-end=\"1536\" data-col-size=\"sm\">Nombre del producto<\/td>\n<td data-start=\"1536\" data-end=\"1556\" data-col-size=\"sm\">Neceser de maquillaje para mujer<\/td>\n<\/tr>\n<tr data-start=\"1557\" data-end=\"1575\">\n<td data-start=\"1557\" data-end=\"1565\" data-col-size=\"sm\">Marca<\/td>\n<td data-start=\"1565\" data-end=\"1575\" data-col-size=\"sm\">RONEER<\/td>\n<\/tr>\n<tr data-start=\"1576\" data-end=\"1597\">\n<td data-start=\"1576\" data-end=\"1584\" data-col-size=\"sm\">Modelo<\/td>\n<td data-start=\"1584\" data-end=\"1597\" data-col-size=\"sm\">GB-4530-C<\/td>\n<\/tr>\n<tr data-start=\"1598\" data-end=\"1623\">\n<td data-start=\"1598\" data-end=\"1609\" data-col-size=\"sm\">Material<\/td>\n<td data-start=\"1609\" data-end=\"1623\" data-col-size=\"sm\">Cuero PU<\/td>\n<\/tr>\n<tr data-start=\"1624\" data-end=\"1652\">\n<td data-start=\"1624\" data-end=\"1632\" data-col-size=\"sm\">Color<\/td>\n<td data-start=\"1632\" data-end=\"1652\" data-col-size=\"sm\">Color personalizado<\/td>\n<\/tr>\n<tr data-start=\"1653\" data-end=\"1681\">\n<td data-start=\"1653\" data-end=\"1660\" data-col-size=\"sm\">Talla<\/td>\n<td data-start=\"1660\" data-end=\"1681\" data-col-size=\"sm\">18 \u00d7 6,6 \u00d7 6,8 cm<\/td>\n<\/tr>\n<tr data-start=\"1682\" data-end=\"1707\">\n<td data-start=\"1682\" data-end=\"1697\" data-col-size=\"sm\">Tipo de cierre<\/td>\n<td data-start=\"1697\" data-end=\"1707\" data-col-size=\"sm\">Cremallera<\/td>\n<\/tr>\n<tr data-start=\"1708\" data-end=\"1760\">\n<td data-start=\"1708\" data-end=\"1719\" data-col-size=\"sm\">Caracter\u00edsticas<\/td>\n<td data-start=\"1719\" data-end=\"1760\" data-col-size=\"sm\">Duradera, ligera y multifuncional<\/td>\n<\/tr>\n<tr data-start=\"1761\" data-end=\"1810\">\n<td data-start=\"1761\" data-end=\"1772\" data-col-size=\"sm\">Funci\u00f3n<\/td>\n<td data-start=\"1772\" data-end=\"1810\" data-col-size=\"sm\">Organizador de maquillaje, Almacenamiento de cosm\u00e9ticos<\/td>\n<\/tr>\n<tr data-start=\"1811\" data-end=\"1834\">\n<td data-start=\"1811\" data-end=\"1818\" data-col-size=\"sm\">Logotipo<\/td>\n<td data-start=\"1818\" data-end=\"1834\" data-col-size=\"sm\">Personalizable<\/td>\n<\/tr>\n<tr data-start=\"1835\" data-end=\"1852\">\n<td data-start=\"1835\" data-end=\"1841\" data-col-size=\"sm\">MOQ<\/td>\n<td data-start=\"1841\" data-end=\"1852\" data-col-size=\"sm\">300 unidades<\/td>\n<\/tr>\n<tr data-start=\"1853\" data-end=\"1882\">\n<td data-start=\"1853\" data-end=\"1862\" data-col-size=\"sm\">Origen<\/td>\n<td data-start=\"1862\" data-end=\"1882\" data-col-size=\"sm\">Guangdong, China<\/td>\n<\/tr>\n<tr data-start=\"1883\" data-end=\"1902\">\n<td data-start=\"1883\" data-end=\"1891\" data-col-size=\"sm\">Estilo<\/td>\n<td data-start=\"1891\" data-end=\"1902\" data-col-size=\"sm\">Moda<\/td>\n<\/tr>\n<tr data-start=\"1903\" data-end=\"1950\">\n<td data-start=\"1903\" data-end=\"1911\" data-col-size=\"sm\">Utilizaci\u00f3n<\/td>\n<td data-start=\"1911\" data-end=\"1950\" data-col-size=\"sm\">Cosm\u00e9ticos de viaje y de uso diario<\/td>\n<\/tr>\n<\/tbody>\n<\/table>\n<\/div>\n<\/div>\n<h2 data-start=\"1952\" data-end=\"1969\">Aplicaciones<\/h2>\n<ul data-start=\"1970\" data-end=\"2281\">\n<li data-start=\"1970\" data-end=\"2024\">\n<p data-start=\"1972\" data-end=\"2024\">De viaje: Perfecto para organizar los cosm\u00e9ticos en los viajes.<\/p>\n<\/li>\n<li data-start=\"2025\" data-end=\"2110\">\n<p data-start=\"2027\" data-end=\"2110\">Uso diario: Mantiene el maquillaje y los objetos peque\u00f1os ordenados en casa o en la oficina.<\/p>\n<\/li>\n<li data-start=\"2111\" data-end=\"2187\">\n<p data-start=\"2113\" data-end=\"2187\">Opci\u00f3n de regalo: Ideal como regalo elegante para amigos, familiares o compa\u00f1eros de trabajo.<\/p>\n<\/li>\n<li data-start=\"2188\" data-end=\"2281\">\n<p data-start=\"2190\" data-end=\"2281\">Productos promocionales: Se pueden personalizar para promociones de marca, eventos o regalos de empresa.<\/p>\n<\/li>\n<\/ul>\n<p data-start=\"2283\" data-end=\"2480\">Si le interesa este elegante y pr\u00e1ctico neceser de maquillaje, p\u00f3ngase en contacto con nosotros para solicitar muestras. <strong data-start=\"2378\" data-end=\"2400\">Servicios ODM y OEM<\/strong> est\u00e1n a su disposici\u00f3n para ofrecerle soluciones a medida para su marca o sus necesidades personales.<\/p>","protected":false},"excerpt":{"rendered":"<p>El neceser de viaje para maquillaje de mujer RONEER est\u00e1 dise\u00f1ado para personas preocupadas por la moda que valoran la comodidad y el estilo. Fabricado con cuero PU de alta calidad, este neceser proporciona durabilidad y un tacto suave. Sus dimensiones compactas de <strong data-start=\"408\" data-end=\"429\">18 \u00d7 6,6 \u00d7 6,8 cm<\/strong> hacen que sea port\u00e1til y perfecta para viajar o para el uso diario. Disponible en colores personalizables, la bolsa se adapta a una gran variedad de preferencias y estilos personales. El sitio <strong data-start=\"589\" data-end=\"607\">cierre de cremallera<\/strong> garantiza que el contenido permanezca seguro, mientras que el logotipo personalizable a\u00f1ade un toque personal o de marca.<\/p>","protected":false},"featured_media":1961,"comment_status":"open","ping_status":"closed","template":"","meta":{"site-sidebar-layout":"default","site-content-layout":"","ast-site-content-layout":"default","site-content-style":"default","site-sidebar-style":"default","ast-global-header-display":"","ast-banner-title-visibility":"","ast-main-header-display":"","ast-hfb-above-header-display":"","ast-hfb-below-header-display":"","ast-hfb-mobile-header-display":"","site-post-title":"","ast-breadcrumbs-content":"","ast-featured-img":"","footer-sml-layout":"","ast-disable-related-posts":"","theme-transparent-header-meta":"default","adv-header-id-meta":"","stick-header-meta":"","header-above-stick-meta":"","header-main-stick-meta":"","header-below-stick-meta":"","astra-migrate-meta-layouts":"set","ast-page-background-enabled":"default","ast-page-background-meta":{"desktop":{"background-color":"var(--ast-global-color-5)","background-image":"","background-repeat":"repeat","background-position":"center center","background-size":"auto","background-attachment":"scroll","background-type":"","background-media":"","overlay-type":"","overlay-color":"","overlay-opacity":"","overlay-gradient":""},"tablet":{"background-color":"","background-image":"","background-repeat":"repeat","background-position":"center center","background-size":"auto","background-attachment":"scroll","background-type":"","background-media":"","overlay-type":"","overlay-color":"","overlay-opacity":"","overlay-gradient":""},"mobile":{"background-color":"","background-image":"","background-repeat":"repeat","background-position":"center center","background-size":"auto","background-attachment":"scroll","background-type":"","background-media":"","overlay-type":"","overlay-color":"","overlay-opacity":"","overlay-gradient":""}},"ast-content-background-meta":{"desktop":{"background-color":"var(--ast-global-color-4)","background-image":"","background-repeat":"repeat","background-position":"center center","background-size":"auto","background-attachment":"scroll","background-type":"","background-media":"","overlay-type":"","overlay-color":"","overlay-opacity":"","overlay-gradient":""},"tablet":{"background-color":"var(--ast-global-color-4)","background-image":"","background-repeat":"repeat","background-position":"center center","background-size":"auto","background-attachment":"scroll","background-type":"","background-media":"","overlay-type":"","overlay-color":"","overlay-opacity":"","overlay-gradient":""},"mobile":{"background-color":"var(--ast-global-color-4)","background-image":"","background-repeat":"repeat","background-position":"center center","background-size":"auto","background-attachment":"scroll","background-type":"","background-media":"","overlay-type":"","overlay-color":"","overlay-opacity":"","overlay-gradient":""}}},"product_brand":[],"product_cat":[38],"product_tag":[],"class_list":{"0":"post-1959","1":"product","2":"type-product","3":"status-publish","4":"has-post-thumbnail","6":"product_cat-cosmetic-bags","7":"desktop-align-left","8":"tablet-align-left","9":"mobile-align-left","11":"first","12":"instock","13":"shipping-taxable","14":"product-type-simple"},"_links":{"self":[{"href":"https:\/\/baijiabags.com\/es\/wp-json\/wp\/v2\/product\/1959","targetHints":{"allow":["GET"]}}],"collection":[{"href":"https:\/\/baijiabags.com\/es\/wp-json\/wp\/v2\/product"}],"about":[{"href":"https:\/\/baijiabags.com\/es\/wp-json\/wp\/v2\/types\/product"}],"replies":[{"embeddable":true,"href":"https:\/\/baijiabags.com\/es\/wp-json\/wp\/v2\/comments?post=1959"}],"wp:featuredmedia":[{"embeddable":true,"href":"https:\/\/baijiabags.com\/es\/wp-json\/wp\/v2\/media\/1961"}],"wp:attachment":[{"href":"https:\/\/baijiabags.com\/es\/wp-json\/wp\/v2\/media?parent=1959"}],"wp:term":[{"taxonomy":"product_brand","embeddable":true,"href":"https:\/\/baijiabags.com\/es\/wp-json\/wp\/v2\/product_brand?post=1959"},{"taxonomy":"product_cat","embeddable":true,"href":"https:\/\/baijiabags.com\/es\/wp-json\/wp\/v2\/product_cat?post=1959"},{"taxonomy":"product_tag","embeddable":true,"href":"https:\/\/baijiabags.com\/es\/wp-json\/wp\/v2\/product_tag?post=1959"}],"curies":[{"name":"wp","href":"https:\/\/api.w.org\/{rel}","templated":true}]}}