{"id":1954,"date":"2025-09-20T07:12:41","date_gmt":"2025-09-20T07:12:41","guid":{"rendered":"https:\/\/baijiabags.com\/?post_type=product&#038;p=1954"},"modified":"2025-09-20T07:18:21","modified_gmt":"2025-09-20T07:18:21","slug":"womens-travel-makeup-bag-set-waterproof-zipper-organizer-cute-cosmetic-pouch-for-girls","status":"publish","type":"product","link":"https:\/\/baijiabags.com\/es\/producto\/womens-travel-makeup-bag-set-waterproof-zipper-organizer-cute-cosmetic-pouch-for-girls\/","title":{"rendered":"Bolsa de Maquillaje de Viaje para Ni\u00f1as Set Organizador con Cremallera Impermeable Bonita Bolsa de Cosm\u00e9ticos para Ni\u00f1as"},"content":{"rendered":"<h2 data-start=\"683\" data-end=\"700\">Caracter\u00edsticas principales<\/h2>\n<ol data-start=\"701\" data-end=\"1636\">\n<li data-start=\"701\" data-end=\"813\">\n<p data-start=\"704\" data-end=\"813\"><strong data-start=\"704\" data-end=\"729\">Material de alta calidad<\/strong> - El tejido de PVC se utiliza para garantizar durabilidad, suavidad y ligereza.<\/p>\n<\/li>\n<li data-start=\"814\" data-end=\"919\">\n<p data-start=\"817\" data-end=\"919\"><strong data-start=\"817\" data-end=\"843\">Dise\u00f1o resistente al agua<\/strong> - La superficie est\u00e1 tratada para resistir al agua, manteniendo los cosm\u00e9ticos secos y seguros.<\/p>\n<\/li>\n<li data-start=\"920\" data-end=\"1027\">\n<p data-start=\"923\" data-end=\"1027\"><strong data-start=\"923\" data-end=\"950\">Cierre de cremallera fiable<\/strong> - Se aplica una resistente cremallera para proporcionar una apertura suave y un sellado seguro.<\/p>\n<\/li>\n<li data-start=\"1028\" data-end=\"1133\">\n<p data-start=\"1031\" data-end=\"1133\"><strong data-start=\"1031\" data-end=\"1055\">Opciones personalizables<\/strong> - El color, el tama\u00f1o y el logotipo pueden adaptarse a las necesidades del cliente.<\/p>\n<\/li>\n<li data-start=\"1134\" data-end=\"1269\">\n<p data-start=\"1137\" data-end=\"1269\"><strong data-start=\"1137\" data-end=\"1167\">Port\u00e1til y f\u00e1cil de transportar<\/strong> - Sus dimensiones compactas permiten llevarla c\u00f3modamente en bolsos, maletas o mochilas.<\/p>\n<\/li>\n<li data-start=\"1270\" data-end=\"1400\">\n<p data-start=\"1273\" data-end=\"1400\"><strong data-start=\"1273\" data-end=\"1301\">Almacenamiento multifuncional<\/strong> - Cosm\u00e9ticos, productos para el cuidado de la piel, peque\u00f1os accesorios o art\u00edculos de viaje pueden guardarse con facilidad.<\/p>\n<\/li>\n<li data-start=\"1401\" data-end=\"1520\">\n<p data-start=\"1404\" data-end=\"1520\"><strong data-start=\"1404\" data-end=\"1430\">Aspecto moderno<\/strong> - Su elegante dise\u00f1o lo hace adecuado tanto para el uso diario informal como para ocasiones de viaje.<\/p>\n<\/li>\n<li data-start=\"1521\" data-end=\"1636\">\n<p data-start=\"1524\" data-end=\"1636\"><strong data-start=\"1524\" data-end=\"1555\">Servicio OEM y ODM<\/strong> - Se pueden solicitar marcas personalizadas y dise\u00f1os a medida para pedidos al por mayor.<\/p>\n<\/li>\n<\/ol>\n<p><img fetchpriority=\"high\" decoding=\"async\" class=\"aligncenter wp-image-1955 size-full\" src=\"https:\/\/baijiabags.com\/wp-content\/uploads\/2025\/09\/1-1-5.png\" alt=\"Women\u2019s Travel Makeup Bag Set Waterproof Zipper Organizer Cute Cosmetic Pouch for Girls\" width=\"800\" height=\"800\" srcset=\"https:\/\/baijiabags.com\/wp-content\/uploads\/2025\/09\/1-1-5.png 800w, https:\/\/baijiabags.com\/wp-content\/uploads\/2025\/09\/1-1-5-300x300.png 300w, https:\/\/baijiabags.com\/wp-content\/uploads\/2025\/09\/1-1-5-150x150.png 150w, https:\/\/baijiabags.com\/wp-content\/uploads\/2025\/09\/1-1-5-768x768.png 768w, https:\/\/baijiabags.com\/wp-content\/uploads\/2025\/09\/1-1-5-12x12.png 12w, https:\/\/baijiabags.com\/wp-content\/uploads\/2025\/09\/1-1-5-600x600.png 600w, https:\/\/baijiabags.com\/wp-content\/uploads\/2025\/09\/1-1-5-100x100.png 100w\" sizes=\"(max-width: 800px) 100vw, 800px\" \/><\/p>\n<h2 data-start=\"1643\" data-end=\"1662\">Especificaciones<\/h2>\n<div class=\"_tableContainer_1rjym_1\">\n<div class=\"group _tableWrapper_1rjym_13 flex w-fit flex-col-reverse\" tabindex=\"-1\">\n<table class=\"w-fit min-w-(--thread-content-width)\" data-start=\"1664\" data-end=\"2671\">\n<thead data-start=\"1664\" data-end=\"1726\">\n<tr data-start=\"1664\" data-end=\"1726\">\n<th data-start=\"1664\" data-end=\"1686\" data-col-size=\"sm\">Par\u00e1metro<\/th>\n<th data-start=\"1686\" data-end=\"1726\" data-col-size=\"sm\">Descripci\u00f3n<\/th>\n<\/tr>\n<\/thead>\n<tbody data-start=\"1790\" data-end=\"2671\">\n<tr data-start=\"1790\" data-end=\"1852\">\n<td data-start=\"1790\" data-end=\"1812\" data-col-size=\"sm\">Nombre del producto<\/td>\n<td data-start=\"1812\" data-end=\"1852\" data-col-size=\"sm\">Set de neceser de maquillaje para mujer<\/td>\n<\/tr>\n<tr data-start=\"1853\" data-end=\"1915\">\n<td data-start=\"1853\" data-end=\"1875\" data-col-size=\"sm\">Marca<\/td>\n<td data-start=\"1875\" data-end=\"1915\" data-col-size=\"sm\">RONEER<\/td>\n<\/tr>\n<tr data-start=\"1916\" data-end=\"1978\">\n<td data-start=\"1916\" data-end=\"1938\" data-col-size=\"sm\">N\u00ba de modelo<\/td>\n<td data-start=\"1938\" data-end=\"1978\" data-col-size=\"sm\">GB-4528<\/td>\n<\/tr>\n<tr data-start=\"1979\" data-end=\"2041\">\n<td data-start=\"1979\" data-end=\"2001\" data-col-size=\"sm\">Origen<\/td>\n<td data-start=\"2001\" data-end=\"2041\" data-col-size=\"sm\">Guangdong, China<\/td>\n<\/tr>\n<tr data-start=\"2042\" data-end=\"2104\">\n<td data-start=\"2042\" data-end=\"2064\" data-col-size=\"sm\">Estilo<\/td>\n<td data-start=\"2064\" data-end=\"2104\" data-col-size=\"sm\">Moda<\/td>\n<\/tr>\n<tr data-start=\"2105\" data-end=\"2167\">\n<td data-start=\"2105\" data-end=\"2127\" data-col-size=\"sm\">Color<\/td>\n<td data-start=\"2127\" data-end=\"2167\" data-col-size=\"sm\">Color personalizado disponible<\/td>\n<\/tr>\n<tr data-start=\"2168\" data-end=\"2230\">\n<td data-start=\"2168\" data-end=\"2190\" data-col-size=\"sm\">Talla<\/td>\n<td data-start=\"2190\" data-end=\"2230\" data-col-size=\"sm\">Se aceptan tallas especiales<\/td>\n<\/tr>\n<tr data-start=\"2231\" data-end=\"2293\">\n<td data-start=\"2231\" data-end=\"2253\" data-col-size=\"sm\">Material<\/td>\n<td data-start=\"2253\" data-end=\"2293\" data-col-size=\"sm\">PVC<\/td>\n<\/tr>\n<tr data-start=\"2294\" data-end=\"2356\">\n<td data-start=\"2294\" data-end=\"2316\" data-col-size=\"sm\">Tipo de cierre<\/td>\n<td data-start=\"2316\" data-end=\"2356\" data-col-size=\"sm\">Cremallera<\/td>\n<\/tr>\n<tr data-start=\"2357\" data-end=\"2419\">\n<td data-start=\"2357\" data-end=\"2379\" data-col-size=\"sm\">Logotipo<\/td>\n<td data-start=\"2379\" data-end=\"2419\" data-col-size=\"sm\">Personalizable<\/td>\n<\/tr>\n<tr data-start=\"2420\" data-end=\"2482\">\n<td data-start=\"2420\" data-end=\"2442\" data-col-size=\"sm\">Caracter\u00edstica<\/td>\n<td data-start=\"2442\" data-end=\"2482\" data-col-size=\"sm\">Duradero, resistente al agua<\/td>\n<\/tr>\n<tr data-start=\"2483\" data-end=\"2545\">\n<td data-start=\"2483\" data-end=\"2505\" data-col-size=\"sm\">Funci\u00f3n<\/td>\n<td data-start=\"2505\" data-end=\"2545\" data-col-size=\"sm\">Organizador de maquillaje multifunci\u00f3n<\/td>\n<\/tr>\n<tr data-start=\"2546\" data-end=\"2608\">\n<td data-start=\"2546\" data-end=\"2568\" data-col-size=\"sm\">Utilizaci\u00f3n<\/td>\n<td data-start=\"2568\" data-end=\"2608\" data-col-size=\"sm\">Cosm\u00e9ticos Convenience<\/td>\n<\/tr>\n<tr data-start=\"2609\" data-end=\"2671\">\n<td data-start=\"2609\" data-end=\"2631\" data-col-size=\"sm\">MOQ<\/td>\n<td data-start=\"2631\" data-end=\"2671\" data-col-size=\"sm\">300 piezas<\/td>\n<\/tr>\n<\/tbody>\n<\/table>\n<\/div>\n<\/div>\n<h2 data-start=\"2678\" data-end=\"2695\">Aplicaciones<\/h2>\n<ul data-start=\"2696\" data-end=\"3148\">\n<li data-start=\"2696\" data-end=\"2769\">\n<p data-start=\"2698\" data-end=\"2769\"><strong data-start=\"2698\" data-end=\"2708\">Viajar<\/strong> - Ideal para organizar el maquillaje y los art\u00edculos de aseo durante los viajes.<\/p>\n<\/li>\n<li data-start=\"2770\" data-end=\"2857\">\n<p data-start=\"2772\" data-end=\"2857\"><strong data-start=\"2772\" data-end=\"2785\">Uso diario<\/strong> - Adecuado para llevar cosm\u00e9ticos esenciales en bolsos o mochilas.<\/p>\n<\/li>\n<li data-start=\"2858\" data-end=\"2939\">\n<p data-start=\"2860\" data-end=\"2939\"><strong data-start=\"2860\" data-end=\"2875\">Opci\u00f3n de regalo<\/strong> - Puede ofrecerse como un elegante set de regalo para amigos o familiares.<\/p>\n<\/li>\n<li data-start=\"2940\" data-end=\"3046\">\n<p data-start=\"2942\" data-end=\"3046\"><strong data-start=\"2942\" data-end=\"2969\">Productos promocionales<\/strong> - Los logotipos personalizados lo hacen id\u00f3neo para regalos de empresa o actos promocionales.<\/p>\n<\/li>\n<li data-start=\"3047\" data-end=\"3148\">\n<p data-start=\"3049\" data-end=\"3148\"><strong data-start=\"3049\" data-end=\"3071\">Venta al por menor y al por mayor<\/strong> - Se acepta tanto para peque\u00f1os pedidos de boutiques como para grandes distribuciones al por menor.<\/p>\n<\/li>\n<\/ul>\n<p data-start=\"3155\" data-end=\"3371\">Si est\u00e1 interesado en el <strong data-start=\"3184\" data-end=\"3224\">Juego de neceser de viaje para maquillaje de mujer RONEER<\/strong>No dude en ponerse en contacto con nosotros para solicitar muestras. <strong data-start=\"3277\" data-end=\"3313\">Se admiten servicios ODM y OEM<\/strong>, garantizando una personalizaci\u00f3n flexible y la mejora de la marca.<\/p>","protected":false},"excerpt":{"rendered":"<p>En <strong data-start=\"210\" data-end=\"243\">Set de maquillaje de viaje para mujer<\/strong> por <strong data-start=\"247\" data-end=\"257\">RONEER<\/strong> ha sido dise\u00f1ado para mantener los art\u00edculos de belleza organizados y protegidos durante los viajes y el uso diario. Fabricado con un resistente tejido de PVC y acabado con un fiable cierre de cremallera, el conjunto se presenta como una opci\u00f3n elegante y funcional para chicas y mujeres. Con opciones de color personalizables, impresi\u00f3n de logotipos y tama\u00f1os adaptables, se ofrece como un organizador vers\u00e1til adecuado para cosm\u00e9ticos y otros art\u00edculos personales.<\/p>","protected":false},"featured_media":1957,"comment_status":"open","ping_status":"closed","template":"","meta":{"site-sidebar-layout":"default","site-content-layout":"","ast-site-content-layout":"default","site-content-style":"default","site-sidebar-style":"default","ast-global-header-display":"","ast-banner-title-visibility":"","ast-main-header-display":"","ast-hfb-above-header-display":"","ast-hfb-below-header-display":"","ast-hfb-mobile-header-display":"","site-post-title":"","ast-breadcrumbs-content":"","ast-featured-img":"","footer-sml-layout":"","ast-disable-related-posts":"","theme-transparent-header-meta":"default","adv-header-id-meta":"","stick-header-meta":"","header-above-stick-meta":"","header-main-stick-meta":"","header-below-stick-meta":"","astra-migrate-meta-layouts":"set","ast-page-background-enabled":"default","ast-page-background-meta":{"desktop":{"background-color":"var(--ast-global-color-5)","background-image":"","background-repeat":"repeat","background-position":"center center","background-size":"auto","background-attachment":"scroll","background-type":"","background-media":"","overlay-type":"","overlay-color":"","overlay-opacity":"","overlay-gradient":""},"tablet":{"background-color":"","background-image":"","background-repeat":"repeat","background-position":"center center","background-size":"auto","background-attachment":"scroll","background-type":"","background-media":"","overlay-type":"","overlay-color":"","overlay-opacity":"","overlay-gradient":""},"mobile":{"background-color":"","background-image":"","background-repeat":"repeat","background-position":"center center","background-size":"auto","background-attachment":"scroll","background-type":"","background-media":"","overlay-type":"","overlay-color":"","overlay-opacity":"","overlay-gradient":""}},"ast-content-background-meta":{"desktop":{"background-color":"var(--ast-global-color-4)","background-image":"","background-repeat":"repeat","background-position":"center center","background-size":"auto","background-attachment":"scroll","background-type":"","background-media":"","overlay-type":"","overlay-color":"","overlay-opacity":"","overlay-gradient":""},"tablet":{"background-color":"var(--ast-global-color-4)","background-image":"","background-repeat":"repeat","background-position":"center center","background-size":"auto","background-attachment":"scroll","background-type":"","background-media":"","overlay-type":"","overlay-color":"","overlay-opacity":"","overlay-gradient":""},"mobile":{"background-color":"var(--ast-global-color-4)","background-image":"","background-repeat":"repeat","background-position":"center center","background-size":"auto","background-attachment":"scroll","background-type":"","background-media":"","overlay-type":"","overlay-color":"","overlay-opacity":"","overlay-gradient":""}}},"product_brand":[],"product_cat":[38],"product_tag":[],"class_list":{"0":"post-1954","1":"product","2":"type-product","3":"status-publish","4":"has-post-thumbnail","6":"product_cat-cosmetic-bags","7":"desktop-align-left","8":"tablet-align-left","9":"mobile-align-left","11":"first","12":"instock","13":"shipping-taxable","14":"product-type-simple"},"_links":{"self":[{"href":"https:\/\/baijiabags.com\/es\/wp-json\/wp\/v2\/product\/1954","targetHints":{"allow":["GET"]}}],"collection":[{"href":"https:\/\/baijiabags.com\/es\/wp-json\/wp\/v2\/product"}],"about":[{"href":"https:\/\/baijiabags.com\/es\/wp-json\/wp\/v2\/types\/product"}],"replies":[{"embeddable":true,"href":"https:\/\/baijiabags.com\/es\/wp-json\/wp\/v2\/comments?post=1954"}],"wp:featuredmedia":[{"embeddable":true,"href":"https:\/\/baijiabags.com\/es\/wp-json\/wp\/v2\/media\/1957"}],"wp:attachment":[{"href":"https:\/\/baijiabags.com\/es\/wp-json\/wp\/v2\/media?parent=1954"}],"wp:term":[{"taxonomy":"product_brand","embeddable":true,"href":"https:\/\/baijiabags.com\/es\/wp-json\/wp\/v2\/product_brand?post=1954"},{"taxonomy":"product_cat","embeddable":true,"href":"https:\/\/baijiabags.com\/es\/wp-json\/wp\/v2\/product_cat?post=1954"},{"taxonomy":"product_tag","embeddable":true,"href":"https:\/\/baijiabags.com\/es\/wp-json\/wp\/v2\/product_tag?post=1954"}],"curies":[{"name":"wp","href":"https:\/\/api.w.org\/{rel}","templated":true}]}}