{"id":1934,"date":"2025-09-20T06:22:26","date_gmt":"2025-09-20T06:22:26","guid":{"rendered":"https:\/\/baijiabags.com\/?post_type=product&#038;p=1934"},"modified":"2025-09-20T06:23:52","modified_gmt":"2025-09-20T06:23:52","slug":"low-price-large-capacity-portable-handheld-makeup-bag-multifunctional-beauty-storage-pouch-factory-direct","status":"publish","type":"product","link":"https:\/\/baijiabags.com\/es\/producto\/low-price-large-capacity-portable-handheld-makeup-bag-multifunctional-beauty-storage-pouch-factory-direct\/","title":{"rendered":"Bajo precio de gran capacidad port\u00e1til de mano bolsa de maquillaje multifuncional de belleza bolsa de almacenamiento directo de f\u00e1brica"},"content":{"rendered":"<h2 data-start=\"862\" data-end=\"879\">Caracter\u00edsticas principales<\/h2>\n<ol data-start=\"880\" data-end=\"1640\">\n<li data-start=\"880\" data-end=\"991\">\n<p data-start=\"882\" data-end=\"991\"><strong data-start=\"882\" data-end=\"900\">Gran capacidad<\/strong> - Interior espacioso que permite guardar f\u00e1cilmente productos de maquillaje, art\u00edculos para el cuidado de la piel y accesorios.<\/p>\n<\/li>\n<li data-start=\"992\" data-end=\"1090\">\n<p data-start=\"994\" data-end=\"1090\"><strong data-start=\"994\" data-end=\"1013\">Dise\u00f1o port\u00e1til<\/strong> - Ligera y f\u00e1cil de transportar con una correa de mano, perfecta para viajar.<\/p>\n<\/li>\n<li data-start=\"1091\" data-end=\"1171\">\n<p data-start=\"1093\" data-end=\"1171\"><strong data-start=\"1093\" data-end=\"1113\">Material duradero<\/strong> - Fabricado con tejido de alta calidad para resistir el uso diario.<\/p>\n<\/li>\n<li data-start=\"1172\" data-end=\"1266\">\n<p data-start=\"1174\" data-end=\"1266\"><strong data-start=\"1174\" data-end=\"1193\">Resistente al agua<\/strong> - Protege los cosm\u00e9ticos y objetos personales de la humedad y los derrames.<\/p>\n<\/li>\n<li data-start=\"1267\" data-end=\"1364\">\n<p data-start=\"1269\" data-end=\"1364\"><strong data-start=\"1269\" data-end=\"1293\">Opciones personalizables<\/strong> - El tama\u00f1o, el color y el logotipo pueden personalizarse para marcar o regalar.<\/p>\n<\/li>\n<li data-start=\"1365\" data-end=\"1461\">\n<p data-start=\"1367\" data-end=\"1461\"><strong data-start=\"1367\" data-end=\"1383\">Ecol\u00f3gico<\/strong> - Dise\u00f1ado con consideraciones sostenibles, lo que lo convierte en una elecci\u00f3n responsable.<\/p>\n<\/li>\n<li data-start=\"1462\" data-end=\"1553\">\n<p data-start=\"1464\" data-end=\"1553\"><strong data-start=\"1464\" data-end=\"1485\">Estilo a la moda<\/strong> - Aspecto moderno y elegante adecuado para diferentes ocasiones.<\/p>\n<\/li>\n<li data-start=\"1554\" data-end=\"1640\">\n<p data-start=\"1556\" data-end=\"1640\"><strong data-start=\"1556\" data-end=\"1581\">Suministro directo de f\u00e1brica<\/strong> - Precios competitivos con servicios ODM y OEM disponibles.<\/p>\n<\/li>\n<\/ol>\n<p><img fetchpriority=\"high\" decoding=\"async\" class=\"aligncenter wp-image-1938\" src=\"https:\/\/baijiabags.com\/wp-content\/uploads\/2025\/09\/1-1-2.png\" alt=\"Low Price Large Capacity Portable Handheld Makeup Bag Multifunctional Beauty Storage Pouch Factory Direct\" width=\"600\" height=\"600\" srcset=\"https:\/\/baijiabags.com\/wp-content\/uploads\/2025\/09\/1-1-2.png 256w, https:\/\/baijiabags.com\/wp-content\/uploads\/2025\/09\/1-1-2-150x150.png 150w, https:\/\/baijiabags.com\/wp-content\/uploads\/2025\/09\/1-1-2-12x12.png 12w, https:\/\/baijiabags.com\/wp-content\/uploads\/2025\/09\/1-1-2-100x100.png 100w\" sizes=\"(max-width: 600px) 100vw, 600px\" \/><\/p>\n<h2 data-start=\"1647\" data-end=\"1666\">Especificaciones<\/h2>\n<div class=\"_tableContainer_1rjym_1\">\n<div class=\"group _tableWrapper_1rjym_13 flex w-fit flex-col-reverse\" tabindex=\"-1\">\n<table class=\"w-fit min-w-(--thread-content-width)\" data-start=\"1668\" data-end=\"2656\">\n<thead data-start=\"1668\" data-end=\"1732\">\n<tr data-start=\"1668\" data-end=\"1732\">\n<th data-start=\"1668\" data-end=\"1690\" data-col-size=\"sm\"><strong data-start=\"1670\" data-end=\"1678\">Art\u00edculo<\/strong><\/th>\n<th data-start=\"1690\" data-end=\"1732\" data-col-size=\"sm\"><strong data-start=\"1692\" data-end=\"1703\">Detalles<\/strong><\/th>\n<\/tr>\n<\/thead>\n<tbody data-start=\"1799\" data-end=\"2656\">\n<tr data-start=\"1799\" data-end=\"1864\">\n<td data-start=\"1799\" data-end=\"1822\" data-col-size=\"sm\">Nombre del producto<\/td>\n<td data-start=\"1822\" data-end=\"1864\" data-col-size=\"sm\">Neceser<\/td>\n<\/tr>\n<tr data-start=\"1865\" data-end=\"1930\">\n<td data-start=\"1865\" data-end=\"1888\" data-col-size=\"sm\">Marca<\/td>\n<td data-start=\"1888\" data-end=\"1930\" data-col-size=\"sm\">RONEER<\/td>\n<\/tr>\n<tr data-start=\"1931\" data-end=\"1996\">\n<td data-start=\"1931\" data-end=\"1954\" data-col-size=\"sm\">N\u00famero de modelo<\/td>\n<td data-start=\"1954\" data-end=\"1996\" data-col-size=\"sm\">GB-4949<\/td>\n<\/tr>\n<tr data-start=\"1997\" data-end=\"2062\">\n<td data-start=\"1997\" data-end=\"2020\" data-col-size=\"sm\">Origen<\/td>\n<td data-start=\"2020\" data-end=\"2062\" data-col-size=\"sm\">Guangdong, China<\/td>\n<\/tr>\n<tr data-start=\"2063\" data-end=\"2128\">\n<td data-start=\"2063\" data-end=\"2086\" data-col-size=\"sm\">Estilo<\/td>\n<td data-start=\"2086\" data-end=\"2128\" data-col-size=\"sm\">Moda<\/td>\n<\/tr>\n<tr data-start=\"2129\" data-end=\"2194\">\n<td data-start=\"2129\" data-end=\"2152\" data-col-size=\"sm\">Talla<\/td>\n<td data-start=\"2152\" data-end=\"2194\" data-col-size=\"sm\">Tama\u00f1o personalizado<\/td>\n<\/tr>\n<tr data-start=\"2195\" data-end=\"2260\">\n<td data-start=\"2195\" data-end=\"2218\" data-col-size=\"sm\">Color<\/td>\n<td data-start=\"2218\" data-end=\"2260\" data-col-size=\"sm\">Personalizable<\/td>\n<\/tr>\n<tr data-start=\"2261\" data-end=\"2326\">\n<td data-start=\"2261\" data-end=\"2284\" data-col-size=\"sm\">Logotipo<\/td>\n<td data-start=\"2284\" data-end=\"2326\" data-col-size=\"sm\">Personalizable<\/td>\n<\/tr>\n<tr data-start=\"2327\" data-end=\"2392\">\n<td data-start=\"2327\" data-end=\"2350\" data-col-size=\"sm\">Caracter\u00edsticas<\/td>\n<td data-start=\"2350\" data-end=\"2392\" data-col-size=\"sm\">Duradero, resistente al agua<\/td>\n<\/tr>\n<tr data-start=\"2393\" data-end=\"2458\">\n<td data-start=\"2393\" data-end=\"2416\" data-col-size=\"sm\">Utilizaci\u00f3n<\/td>\n<td data-start=\"2416\" data-end=\"2458\" data-col-size=\"sm\">Cosm\u00e9ticos<\/td>\n<\/tr>\n<tr data-start=\"2459\" data-end=\"2524\">\n<td data-start=\"2459\" data-end=\"2482\" data-col-size=\"sm\">MOQ<\/td>\n<td data-start=\"2482\" data-end=\"2524\" data-col-size=\"sm\">300 piezas<\/td>\n<\/tr>\n<tr data-start=\"2525\" data-end=\"2590\">\n<td data-start=\"2525\" data-end=\"2548\" data-col-size=\"sm\">Aplicaci\u00f3n<\/td>\n<td data-start=\"2548\" data-end=\"2590\" data-col-size=\"sm\">Viajes, profesional, uso personal<\/td>\n<\/tr>\n<tr data-start=\"2591\" data-end=\"2656\">\n<td data-start=\"2591\" data-end=\"2614\" data-col-size=\"sm\">Ecol\u00f3gico<\/td>\n<td data-start=\"2614\" data-end=\"2656\" data-col-size=\"sm\">S\u00ed<\/td>\n<\/tr>\n<\/tbody>\n<\/table>\n<\/div>\n<\/div>\n<h2 data-start=\"2663\" data-end=\"2680\">Aplicaciones<\/h2>\n<ul data-start=\"2681\" data-end=\"3044\">\n<li data-start=\"2681\" data-end=\"2774\">\n<p data-start=\"2683\" data-end=\"2774\"><strong data-start=\"2683\" data-end=\"2703\">Compa\u00f1ero de viaje<\/strong> - Ideal para llevar lo esencial para el cuidado de la piel y el maquillaje durante los desplazamientos.<\/p>\n<\/li>\n<li data-start=\"2775\" data-end=\"2855\">\n<p data-start=\"2777\" data-end=\"2855\"><strong data-start=\"2777\" data-end=\"2797\">Uso profesional<\/strong> - Adecuado para maquilladores y profesionales de la belleza.<\/p>\n<\/li>\n<li data-start=\"2856\" data-end=\"2950\">\n<p data-start=\"2858\" data-end=\"2950\"><strong data-start=\"2858\" data-end=\"2875\">Almacenamiento diario<\/strong> - Mantiene los cosm\u00e9ticos y objetos personales organizados en casa o en la oficina.<\/p>\n<\/li>\n<li data-start=\"2951\" data-end=\"3044\">\n<p data-start=\"2953\" data-end=\"3044\"><strong data-start=\"2953\" data-end=\"2968\">Opci\u00f3n de regalo<\/strong> - Su dise\u00f1o personalizable lo convierte en un obsequio promocional o personal.<\/p>\n<\/li>\n<\/ul>\n<p data-start=\"3051\" data-end=\"3207\">Si est\u00e1 interesado en este neceser de maquillaje, no dude en ponerse en contacto con nosotros para solicitar muestras. <strong data-start=\"3137\" data-end=\"3173\">Servicios ODM y OEM disponibles<\/strong> para satisfacer las necesidades de su empresa.<\/p>","protected":false},"excerpt":{"rendered":"<p>En <strong data-start=\"387\" data-end=\"432\">Neceser de maquillaje port\u00e1til de gran capacidad RONEER<\/strong> est\u00e1 dise\u00f1ado para combinar la practicidad con la moda moderna. Fabricado en Guangdong (China), este neceser multifuncional es ideal para uso diario, viajes y entornos profesionales. Su construcci\u00f3n duradera y su material resistente al agua garantizan que los cosm\u00e9ticos y los objetos personales permanezcan seguros y organizados. Con opciones personalizables de tama\u00f1o, color y logotipo, puede adaptarse a las necesidades individuales o de la marca.<\/p>","protected":false},"featured_media":1937,"comment_status":"open","ping_status":"closed","template":"","meta":{"site-sidebar-layout":"default","site-content-layout":"","ast-site-content-layout":"default","site-content-style":"default","site-sidebar-style":"default","ast-global-header-display":"","ast-banner-title-visibility":"","ast-main-header-display":"","ast-hfb-above-header-display":"","ast-hfb-below-header-display":"","ast-hfb-mobile-header-display":"","site-post-title":"","ast-breadcrumbs-content":"","ast-featured-img":"","footer-sml-layout":"","ast-disable-related-posts":"","theme-transparent-header-meta":"default","adv-header-id-meta":"","stick-header-meta":"","header-above-stick-meta":"","header-main-stick-meta":"","header-below-stick-meta":"","astra-migrate-meta-layouts":"set","ast-page-background-enabled":"default","ast-page-background-meta":{"desktop":{"background-color":"var(--ast-global-color-5)","background-image":"","background-repeat":"repeat","background-position":"center center","background-size":"auto","background-attachment":"scroll","background-type":"","background-media":"","overlay-type":"","overlay-color":"","overlay-opacity":"","overlay-gradient":""},"tablet":{"background-color":"","background-image":"","background-repeat":"repeat","background-position":"center center","background-size":"auto","background-attachment":"scroll","background-type":"","background-media":"","overlay-type":"","overlay-color":"","overlay-opacity":"","overlay-gradient":""},"mobile":{"background-color":"","background-image":"","background-repeat":"repeat","background-position":"center center","background-size":"auto","background-attachment":"scroll","background-type":"","background-media":"","overlay-type":"","overlay-color":"","overlay-opacity":"","overlay-gradient":""}},"ast-content-background-meta":{"desktop":{"background-color":"var(--ast-global-color-4)","background-image":"","background-repeat":"repeat","background-position":"center center","background-size":"auto","background-attachment":"scroll","background-type":"","background-media":"","overlay-type":"","overlay-color":"","overlay-opacity":"","overlay-gradient":""},"tablet":{"background-color":"var(--ast-global-color-4)","background-image":"","background-repeat":"repeat","background-position":"center center","background-size":"auto","background-attachment":"scroll","background-type":"","background-media":"","overlay-type":"","overlay-color":"","overlay-opacity":"","overlay-gradient":""},"mobile":{"background-color":"var(--ast-global-color-4)","background-image":"","background-repeat":"repeat","background-position":"center center","background-size":"auto","background-attachment":"scroll","background-type":"","background-media":"","overlay-type":"","overlay-color":"","overlay-opacity":"","overlay-gradient":""}}},"product_brand":[],"product_cat":[38],"product_tag":[],"class_list":{"0":"post-1934","1":"product","2":"type-product","3":"status-publish","4":"has-post-thumbnail","6":"product_cat-cosmetic-bags","7":"desktop-align-left","8":"tablet-align-left","9":"mobile-align-left","11":"first","12":"instock","13":"shipping-taxable","14":"product-type-simple"},"_links":{"self":[{"href":"https:\/\/baijiabags.com\/es\/wp-json\/wp\/v2\/product\/1934","targetHints":{"allow":["GET"]}}],"collection":[{"href":"https:\/\/baijiabags.com\/es\/wp-json\/wp\/v2\/product"}],"about":[{"href":"https:\/\/baijiabags.com\/es\/wp-json\/wp\/v2\/types\/product"}],"replies":[{"embeddable":true,"href":"https:\/\/baijiabags.com\/es\/wp-json\/wp\/v2\/comments?post=1934"}],"wp:featuredmedia":[{"embeddable":true,"href":"https:\/\/baijiabags.com\/es\/wp-json\/wp\/v2\/media\/1937"}],"wp:attachment":[{"href":"https:\/\/baijiabags.com\/es\/wp-json\/wp\/v2\/media?parent=1934"}],"wp:term":[{"taxonomy":"product_brand","embeddable":true,"href":"https:\/\/baijiabags.com\/es\/wp-json\/wp\/v2\/product_brand?post=1934"},{"taxonomy":"product_cat","embeddable":true,"href":"https:\/\/baijiabags.com\/es\/wp-json\/wp\/v2\/product_cat?post=1934"},{"taxonomy":"product_tag","embeddable":true,"href":"https:\/\/baijiabags.com\/es\/wp-json\/wp\/v2\/product_tag?post=1934"}],"curies":[{"name":"wp","href":"https:\/\/api.w.org\/{rel}","templated":true}]}}