{"id":1775,"date":"2025-09-19T02:26:31","date_gmt":"2025-09-19T02:26:31","guid":{"rendered":"https:\/\/baijiabags.com\/?post_type=product&#038;p=1775"},"modified":"2025-11-01T01:21:58","modified_gmt":"2025-11-01T01:21:58","slug":"bag-factory-wholesale-elegant-brown-leather-hand-bag-for-women-premium-quality","status":"publish","type":"product","link":"https:\/\/baijiabags.com\/es\/producto\/bag-factory-wholesale-elegant-brown-leather-hand-bag-for-women-premium-quality\/","title":{"rendered":"Bolsa de la f\u00e1brica al por mayor elegante bolso de mano de cuero marr\u00f3n para las mujeres - de primera calidad"},"content":{"rendered":"<h2 data-start=\"1008\" data-end=\"1025\">Caracter\u00edsticas principales<\/h2>\n<ol data-start=\"1027\" data-end=\"1987\">\n<li data-start=\"1027\" data-end=\"1150\">\n<p data-start=\"1030\" data-end=\"1150\"><strong data-start=\"1030\" data-end=\"1050\">Material de primera calidad<\/strong> - La piel de vaca aut\u00e9ntica de dos capas se ha seleccionado para garantizar un uso duradero y una textura lujosa.<\/p>\n<\/li>\n<li data-start=\"1151\" data-end=\"1258\">\n<p data-start=\"1154\" data-end=\"1258\"><strong data-start=\"1154\" data-end=\"1175\">Amplia capacidad<\/strong> - Se puede guardar sin problemas una revista A4, una tableta y los objetos de uso diario.<\/p>\n<\/li>\n<li data-start=\"1259\" data-end=\"1349\">\n<p data-start=\"1262\" data-end=\"1349\"><strong data-start=\"1262\" data-end=\"1284\">Dise\u00f1o ligero<\/strong> - Con s\u00f3lo 0,62 kg de peso, es posible transportarla sin esfuerzo.<\/p>\n<\/li>\n<li data-start=\"1350\" data-end=\"1488\">\n<p data-start=\"1353\" data-end=\"1488\"><strong data-start=\"1353\" data-end=\"1383\">Estructura multifuncional<\/strong> - Dispone de un bolsillo interior con cremallera, un compartimento principal y un bolsillo interior para un almacenamiento organizado.<\/p>\n<\/li>\n<li data-start=\"1489\" data-end=\"1625\">\n<p data-start=\"1492\" data-end=\"1625\"><strong data-start=\"1492\" data-end=\"1519\">Superficie resistente al agua<\/strong> - El material ha sido tratado para resistir al agua, lo que garantiza la protecci\u00f3n contra la lluvia ligera o las salpicaduras.<\/p>\n<\/li>\n<li data-start=\"1626\" data-end=\"1740\">\n<p data-start=\"1629\" data-end=\"1740\"><strong data-start=\"1629\" data-end=\"1648\">Uso vers\u00e1til<\/strong> - El bolso tote se ha dise\u00f1ado para que funcione como bolso cruzado y como bolso de mano.<\/p>\n<\/li>\n<li data-start=\"1741\" data-end=\"1856\">\n<p data-start=\"1744\" data-end=\"1856\"><strong data-start=\"1744\" data-end=\"1768\">Opciones personalizables<\/strong> - Se pueden personalizar varios colores seg\u00fan las preferencias o los requisitos de la marca.<\/p>\n<\/li>\n<li data-start=\"1857\" data-end=\"1987\">\n<p data-start=\"1860\" data-end=\"1987\"><strong data-start=\"1860\" data-end=\"1886\">Disponibilidad ODM y OEM<\/strong> - Se han ofrecido servicios de marca a medida y etiqueta privada para las necesidades de mayoristas y empresas.<\/p>\n<\/li>\n<\/ol>\n<figure id=\"attachment_1776\" aria-describedby=\"caption-attachment-1776\" style=\"width: 750px\" class=\"wp-caption aligncenter\"><img fetchpriority=\"high\" decoding=\"async\" class=\"wp-image-1776 size-full\" src=\"https:\/\/baijiabags.com\/wp-content\/uploads\/2025\/09\/GB-0428.png\" alt=\"GB 0428\" width=\"750\" height=\"626\" srcset=\"https:\/\/baijiabags.com\/wp-content\/uploads\/2025\/09\/GB-0428.png 750w, https:\/\/baijiabags.com\/wp-content\/uploads\/2025\/09\/GB-0428-300x250.png 300w, https:\/\/baijiabags.com\/wp-content\/uploads\/2025\/09\/GB-0428-14x12.png 14w, https:\/\/baijiabags.com\/wp-content\/uploads\/2025\/09\/GB-0428-600x501.png 600w\" sizes=\"(max-width: 750px) 100vw, 750px\" \/><figcaption id=\"caption-attachment-1776\" class=\"wp-caption-text\">GB 0428<\/figcaption><\/figure>\n<h2 data-start=\"1994\" data-end=\"2013\">Especificaciones<\/h2>\n<div class=\"_tableContainer_1rjym_1\">\n<div class=\"group _tableWrapper_1rjym_13 flex w-fit flex-col-reverse\" tabindex=\"-1\">\n<table class=\"w-fit min-w-(--thread-content-width)\" data-start=\"2015\" data-end=\"2780\">\n<thead data-start=\"2015\" data-end=\"2052\">\n<tr data-start=\"2015\" data-end=\"2052\">\n<th data-start=\"2015\" data-end=\"2035\" data-col-size=\"sm\"><strong data-start=\"2017\" data-end=\"2034\">Especificaci\u00f3n<\/strong><\/th>\n<th data-start=\"2035\" data-end=\"2052\" data-col-size=\"md\"><strong data-start=\"2037\" data-end=\"2048\">Detalles<\/strong><\/th>\n<\/tr>\n<\/thead>\n<tbody data-start=\"2092\" data-end=\"2780\">\n<tr data-start=\"2092\" data-end=\"2144\">\n<td data-start=\"2092\" data-end=\"2113\" data-col-size=\"sm\">Nombre del producto<\/td>\n<td data-start=\"2113\" data-end=\"2144\" data-col-size=\"md\">Bolso de se\u00f1ora<\/td>\n<\/tr>\n<tr data-start=\"2145\" data-end=\"2178\">\n<td data-start=\"2145\" data-end=\"2166\" data-col-size=\"sm\">Marca<\/td>\n<td data-start=\"2166\" data-end=\"2178\" data-col-size=\"md\">RONEER<\/td>\n<\/tr>\n<tr data-start=\"2179\" data-end=\"2213\">\n<td data-start=\"2179\" data-end=\"2200\" data-col-size=\"sm\">Modelo<\/td>\n<td data-start=\"2200\" data-end=\"2213\" data-col-size=\"md\">GB-0428<\/td>\n<\/tr>\n<tr data-start=\"2214\" data-end=\"2257\">\n<td data-start=\"2214\" data-end=\"2235\" data-col-size=\"sm\">Origen<\/td>\n<td data-start=\"2235\" data-end=\"2257\" data-col-size=\"md\">Guangdong, China<\/td>\n<\/tr>\n<tr data-start=\"2258\" data-end=\"2309\">\n<td data-start=\"2258\" data-end=\"2279\" data-col-size=\"sm\">Estilo<\/td>\n<td data-start=\"2279\" data-end=\"2309\" data-col-size=\"md\">A la moda y minimalista<\/td>\n<\/tr>\n<tr data-start=\"2310\" data-end=\"2362\">\n<td data-start=\"2310\" data-end=\"2331\" data-col-size=\"sm\">Material<\/td>\n<td data-start=\"2331\" data-end=\"2362\" data-col-size=\"md\">Piel de vaca de dos capas<\/td>\n<\/tr>\n<tr data-start=\"2363\" data-end=\"2397\">\n<td data-start=\"2363\" data-end=\"2384\" data-col-size=\"sm\">Peso<\/td>\n<td data-start=\"2384\" data-end=\"2397\" data-col-size=\"md\">0,62 kg<\/td>\n<\/tr>\n<tr data-start=\"2398\" data-end=\"2478\">\n<td data-start=\"2398\" data-end=\"2419\" data-col-size=\"sm\">Estructura<\/td>\n<td data-start=\"2419\" data-end=\"2478\" data-col-size=\"md\">Bolsillo interior con cremallera \/ Compartimento principal \/ Bolsillo interior<\/td>\n<\/tr>\n<tr data-start=\"2479\" data-end=\"2526\">\n<td data-start=\"2479\" data-end=\"2500\" data-col-size=\"sm\">Color<\/td>\n<td data-start=\"2500\" data-end=\"2526\" data-col-size=\"md\">Marr\u00f3n (personalizable)<\/td>\n<\/tr>\n<tr data-start=\"2527\" data-end=\"2576\">\n<td data-start=\"2527\" data-end=\"2548\" data-col-size=\"sm\">M\u00e9todo de transporte<\/td>\n<td data-start=\"2548\" data-end=\"2576\" data-col-size=\"md\">Crossbody \/ Para llevar en la mano<\/td>\n<\/tr>\n<tr data-start=\"2577\" data-end=\"2680\">\n<td data-start=\"2577\" data-end=\"2598\" data-col-size=\"sm\">Capacidad<\/td>\n<td data-start=\"2598\" data-end=\"2680\" data-col-size=\"md\">Caben una revista A4, un iPad, un tel\u00e9fono, un paraguas plegable, cosm\u00e9ticos y objetos de uso diario.<\/td>\n<\/tr>\n<tr data-start=\"2681\" data-end=\"2742\">\n<td data-start=\"2681\" data-end=\"2702\" data-col-size=\"sm\">Caracter\u00edsticas<\/td>\n<td data-start=\"2702\" data-end=\"2742\" data-col-size=\"md\">Resistente al agua, port\u00e1til, duradero<\/td>\n<\/tr>\n<tr data-start=\"2743\" data-end=\"2780\">\n<td data-start=\"2743\" data-end=\"2764\" data-col-size=\"sm\">MOQ<\/td>\n<td data-start=\"2764\" data-end=\"2780\" data-col-size=\"md\">300 piezas<\/td>\n<\/tr>\n<\/tbody>\n<\/table>\n<\/div>\n<\/div>\n<h2 data-start=\"2787\" data-end=\"2804\">Aplicaciones<\/h2>\n<ul data-start=\"2894\" data-end=\"3265\">\n<li data-start=\"2894\" data-end=\"2994\">\n<p data-start=\"2896\" data-end=\"2994\"><strong data-start=\"2896\" data-end=\"2906\">Viajar<\/strong> - Su gran capacidad y su dise\u00f1o ligero permiten satisfacer las necesidades de los viajes diarios.<\/p>\n<\/li>\n<li data-start=\"2995\" data-end=\"3077\">\n<p data-start=\"2997\" data-end=\"3077\"><strong data-start=\"2997\" data-end=\"3005\">Trabajo<\/strong> - Los documentos de oficina, las tabletas y los objetos personales pueden guardarse de forma ordenada.<\/p>\n<\/li>\n<li data-start=\"3078\" data-end=\"3183\">\n<p data-start=\"3080\" data-end=\"3183\"><strong data-start=\"3080\" data-end=\"3098\">Salidas informales<\/strong> - Las compras diarias, los restaurantes y las actividades de ocio pueden complementarse c\u00f3modamente.<\/p>\n<\/li>\n<li data-start=\"3184\" data-end=\"3265\">\n<p data-start=\"3186\" data-end=\"3265\"><strong data-start=\"3186\" data-end=\"3200\">Vida cotidiana<\/strong> - Los art\u00edculos de uso cotidiano se pueden transportar f\u00e1cilmente para un uso pr\u00e1ctico.<\/p>\n<\/li>\n<\/ul>\n<p data-start=\"3272\" data-end=\"3467\">Si est\u00e1 interesado en este bolso, p\u00f3ngase en contacto con nosotros para obtener m\u00e1s detalles o solicitar una muestra. <strong data-start=\"3371\" data-end=\"3406\">Servicios ODM y OEM<\/strong> para apoyar los requisitos personalizados de marca y venta al por mayor.<\/p>","protected":false},"excerpt":{"rendered":"<p>En <strong data-start=\"185\" data-end=\"251\">Bolsa de la f\u00e1brica al por mayor elegante bolso de mano de cuero marr\u00f3n para las mujeres<\/strong> por <strong data-start=\"255\" data-end=\"265\">RONEER<\/strong> ha sido dise\u00f1ado para combinar la elegancia con la practicidad cotidiana. Elaborado con piel de vacuno de dos capas de alta calidad, el bolso se ha fabricado cuidadosamente para garantizar su durabilidad, comodidad y estilo. Sus finas costuras y su moderno dise\u00f1o minimalista le confieren un acabado de primera calidad, adecuado tanto para salidas informales como para uso profesional.<\/p>","protected":false},"featured_media":1778,"comment_status":"open","ping_status":"closed","template":"","meta":{"site-sidebar-layout":"default","site-content-layout":"","ast-site-content-layout":"default","site-content-style":"default","site-sidebar-style":"default","ast-global-header-display":"","ast-banner-title-visibility":"","ast-main-header-display":"","ast-hfb-above-header-display":"","ast-hfb-below-header-display":"","ast-hfb-mobile-header-display":"","site-post-title":"","ast-breadcrumbs-content":"","ast-featured-img":"","footer-sml-layout":"","ast-disable-related-posts":"","theme-transparent-header-meta":"default","adv-header-id-meta":"","stick-header-meta":"","header-above-stick-meta":"","header-main-stick-meta":"","header-below-stick-meta":"","astra-migrate-meta-layouts":"set","ast-page-background-enabled":"default","ast-page-background-meta":{"desktop":{"background-color":"var(--ast-global-color-5)","background-image":"","background-repeat":"repeat","background-position":"center center","background-size":"auto","background-attachment":"scroll","background-type":"","background-media":"","overlay-type":"","overlay-color":"","overlay-opacity":"","overlay-gradient":""},"tablet":{"background-color":"","background-image":"","background-repeat":"repeat","background-position":"center center","background-size":"auto","background-attachment":"scroll","background-type":"","background-media":"","overlay-type":"","overlay-color":"","overlay-opacity":"","overlay-gradient":""},"mobile":{"background-color":"","background-image":"","background-repeat":"repeat","background-position":"center center","background-size":"auto","background-attachment":"scroll","background-type":"","background-media":"","overlay-type":"","overlay-color":"","overlay-opacity":"","overlay-gradient":""}},"ast-content-background-meta":{"desktop":{"background-color":"var(--ast-global-color-4)","background-image":"","background-repeat":"repeat","background-position":"center center","background-size":"auto","background-attachment":"scroll","background-type":"","background-media":"","overlay-type":"","overlay-color":"","overlay-opacity":"","overlay-gradient":""},"tablet":{"background-color":"var(--ast-global-color-4)","background-image":"","background-repeat":"repeat","background-position":"center center","background-size":"auto","background-attachment":"scroll","background-type":"","background-media":"","overlay-type":"","overlay-color":"","overlay-opacity":"","overlay-gradient":""},"mobile":{"background-color":"var(--ast-global-color-4)","background-image":"","background-repeat":"repeat","background-position":"center center","background-size":"auto","background-attachment":"scroll","background-type":"","background-media":"","overlay-type":"","overlay-color":"","overlay-opacity":"","overlay-gradient":""}}},"product_brand":[],"product_cat":[42,54],"product_tag":[],"class_list":{"0":"post-1775","1":"product","2":"type-product","3":"status-publish","4":"has-post-thumbnail","6":"product_cat-hand-bag","7":"product_cat-womens-bag","8":"desktop-align-left","9":"tablet-align-left","10":"mobile-align-left","12":"first","13":"instock","14":"shipping-taxable","15":"product-type-simple"},"_links":{"self":[{"href":"https:\/\/baijiabags.com\/es\/wp-json\/wp\/v2\/product\/1775","targetHints":{"allow":["GET"]}}],"collection":[{"href":"https:\/\/baijiabags.com\/es\/wp-json\/wp\/v2\/product"}],"about":[{"href":"https:\/\/baijiabags.com\/es\/wp-json\/wp\/v2\/types\/product"}],"replies":[{"embeddable":true,"href":"https:\/\/baijiabags.com\/es\/wp-json\/wp\/v2\/comments?post=1775"}],"wp:featuredmedia":[{"embeddable":true,"href":"https:\/\/baijiabags.com\/es\/wp-json\/wp\/v2\/media\/1778"}],"wp:attachment":[{"href":"https:\/\/baijiabags.com\/es\/wp-json\/wp\/v2\/media?parent=1775"}],"wp:term":[{"taxonomy":"product_brand","embeddable":true,"href":"https:\/\/baijiabags.com\/es\/wp-json\/wp\/v2\/product_brand?post=1775"},{"taxonomy":"product_cat","embeddable":true,"href":"https:\/\/baijiabags.com\/es\/wp-json\/wp\/v2\/product_cat?post=1775"},{"taxonomy":"product_tag","embeddable":true,"href":"https:\/\/baijiabags.com\/es\/wp-json\/wp\/v2\/product_tag?post=1775"}],"curies":[{"name":"wp","href":"https:\/\/api.w.org\/{rel}","templated":true}]}}