{"id":1541,"date":"2025-09-16T06:52:35","date_gmt":"2025-09-16T06:52:35","guid":{"rendered":"https:\/\/baijiabags.com\/?post_type=product&#038;p=1541"},"modified":"2025-11-01T01:21:59","modified_gmt":"2025-11-01T01:21:59","slug":"factory-wholesale-custom-women-pvc-leather-shoulder-bag-large-capacity-tote-for-daily-use","status":"publish","type":"product","link":"https:\/\/baijiabags.com\/es\/producto\/factory-wholesale-custom-women-pvc-leather-shoulder-bag-large-capacity-tote-for-daily-use\/","title":{"rendered":"F\u00e1brica de venta al por mayor de encargo de las mujeres de cuero de PVC Bolsa de hombro de gran capacidad Tote para el uso diario"},"content":{"rendered":"<h2 data-start=\"758\" data-end=\"775\">Caracter\u00edsticas principales<\/h2>\n<ol data-start=\"777\" data-end=\"1750\">\n<li data-start=\"777\" data-end=\"920\">\n<p data-start=\"780\" data-end=\"920\"><strong data-start=\"780\" data-end=\"798\">Gran capacidad<\/strong> - Dispone de un espacioso compartimento principal para guardar c\u00f3modamente los objetos de uso diario y los b\u00e1sicos de trabajo.<\/p>\n<\/li>\n<li data-start=\"921\" data-end=\"1021\">\n<p data-start=\"924\" data-end=\"1021\"><strong data-start=\"924\" data-end=\"946\">Dise\u00f1o ligero<\/strong> - Se ha mantenido un peso de s\u00f3lo 0,36 kg para un uso diario c\u00f3modo.<\/p>\n<\/li>\n<li data-start=\"1022\" data-end=\"1141\">\n<p data-start=\"1025\" data-end=\"1141\"><strong data-start=\"1025\" data-end=\"1045\">Material duradero<\/strong> - Se ha aplicado cuero PU de alta calidad para mayor solidez, resistencia al agua y facilidad de limpieza.<\/p>\n<\/li>\n<li data-start=\"1142\" data-end=\"1260\">\n<p data-start=\"1145\" data-end=\"1260\"><strong data-start=\"1145\" data-end=\"1169\">Estructura funcional<\/strong> - Se ha incluido un bolsillo interior con cremallera y dos bolsillos abiertos para un almacenamiento organizado.<\/p>\n<\/li>\n<li data-start=\"1261\" data-end=\"1389\">\n<p data-start=\"1264\" data-end=\"1389\"><strong data-start=\"1264\" data-end=\"1294\">Opciones de color personalizables<\/strong> - Se puede elegir entre una amplia gama de colores para adaptarse a diferentes mercados o preferencias personales.<\/p>\n<\/li>\n<li data-start=\"1390\" data-end=\"1504\">\n<p data-start=\"1393\" data-end=\"1504\"><strong data-start=\"1393\" data-end=\"1423\">M\u00e9todos de transporte vers\u00e1tiles<\/strong> - Los estilos Crossbody y para llevar en la mano han sido admitidos para diferentes ocasiones.<\/p>\n<\/li>\n<li data-start=\"1505\" data-end=\"1631\">\n<p data-start=\"1508\" data-end=\"1631\"><strong data-start=\"1508\" data-end=\"1535\">Impermeable y port\u00e1til<\/strong> - Se ha garantizado la protecci\u00f3n diaria contra los derrames y las inclemencias del tiempo, al tiempo que se mantiene la portabilidad.<\/p>\n<\/li>\n<li data-start=\"1632\" data-end=\"1750\">\n<p data-start=\"1635\" data-end=\"1750\"><strong data-start=\"1635\" data-end=\"1656\">Estilo a la moda<\/strong> - Se ha creado un aspecto minimalista pero moderno, tanto para entornos informales como profesionales.<\/p>\n<\/li>\n<\/ol>\n<figure id=\"attachment_1542\" aria-describedby=\"caption-attachment-1542\" style=\"width: 750px\" class=\"wp-caption aligncenter\"><img fetchpriority=\"high\" decoding=\"async\" class=\"wp-image-1542 size-full\" src=\"https:\/\/baijiabags.com\/wp-content\/uploads\/2025\/09\/GB-0422.png\" alt=\"GB 0422\" width=\"750\" height=\"637\" srcset=\"https:\/\/baijiabags.com\/wp-content\/uploads\/2025\/09\/GB-0422.png 750w, https:\/\/baijiabags.com\/wp-content\/uploads\/2025\/09\/GB-0422-300x255.png 300w, https:\/\/baijiabags.com\/wp-content\/uploads\/2025\/09\/GB-0422-600x510.png 600w\" sizes=\"(max-width: 750px) 100vw, 750px\" \/><figcaption id=\"caption-attachment-1542\" class=\"wp-caption-text\">GB 0422<\/figcaption><\/figure>\n<h2 data-start=\"1757\" data-end=\"1776\">Especificaciones<\/h2>\n<div class=\"_tableContainer_1rjym_1\">\n<div class=\"group _tableWrapper_1rjym_13 flex w-fit flex-col-reverse\" tabindex=\"-1\">\n<table class=\"w-fit min-w-(--thread-content-width)\" data-start=\"1778\" data-end=\"2856\">\n<thead data-start=\"1778\" data-end=\"1845\">\n<tr data-start=\"1778\" data-end=\"1845\">\n<th data-start=\"1778\" data-end=\"1803\" data-col-size=\"sm\"><strong data-start=\"1780\" data-end=\"1797\">Especificaci\u00f3n<\/strong><\/th>\n<th data-start=\"1803\" data-end=\"1845\" data-col-size=\"md\"><strong data-start=\"1805\" data-end=\"1816\">Detalles<\/strong><\/th>\n<\/tr>\n<\/thead>\n<tbody data-start=\"1915\" data-end=\"2856\">\n<tr data-start=\"1915\" data-end=\"1983\">\n<td data-start=\"1915\" data-end=\"1941\" data-col-size=\"sm\">Nombre del producto<\/td>\n<td data-start=\"1941\" data-end=\"1983\" data-col-size=\"md\">Bolso de se\u00f1ora<\/td>\n<\/tr>\n<tr data-start=\"1984\" data-end=\"2052\">\n<td data-start=\"1984\" data-end=\"2010\" data-col-size=\"sm\">Marca<\/td>\n<td data-start=\"2010\" data-end=\"2052\" data-col-size=\"md\">RONEER<\/td>\n<\/tr>\n<tr data-start=\"2053\" data-end=\"2121\">\n<td data-start=\"2053\" data-end=\"2079\" data-col-size=\"sm\">Modelo<\/td>\n<td data-start=\"2079\" data-end=\"2121\" data-col-size=\"md\">GB-0422<\/td>\n<\/tr>\n<tr data-start=\"2122\" data-end=\"2190\">\n<td data-start=\"2122\" data-end=\"2148\" data-col-size=\"sm\">Lugar de origen<\/td>\n<td data-start=\"2148\" data-end=\"2190\" data-col-size=\"md\">Guangdong, China<\/td>\n<\/tr>\n<tr data-start=\"2191\" data-end=\"2259\">\n<td data-start=\"2191\" data-end=\"2217\" data-col-size=\"sm\">Estilo<\/td>\n<td data-start=\"2217\" data-end=\"2259\" data-col-size=\"md\">Moda sencilla<\/td>\n<\/tr>\n<tr data-start=\"2260\" data-end=\"2328\">\n<td data-start=\"2260\" data-end=\"2286\" data-col-size=\"sm\">Material principal<\/td>\n<td data-start=\"2286\" data-end=\"2328\" data-col-size=\"md\">Cuero PU<\/td>\n<\/tr>\n<tr data-start=\"2329\" data-end=\"2397\">\n<td data-start=\"2329\" data-end=\"2355\" data-col-size=\"sm\">Peso<\/td>\n<td data-start=\"2355\" data-end=\"2397\" data-col-size=\"md\">0,36 kg<\/td>\n<\/tr>\n<tr data-start=\"2398\" data-end=\"2486\">\n<td data-start=\"2398\" data-end=\"2424\" data-col-size=\"sm\">Estructura<\/td>\n<td data-start=\"2424\" data-end=\"2486\" data-col-size=\"md\">1 bolsillo interior con cremallera, compartimento principal, 2 bolsillos interiores<\/td>\n<\/tr>\n<tr data-start=\"2487\" data-end=\"2555\">\n<td data-start=\"2487\" data-end=\"2513\" data-col-size=\"sm\">M\u00e9todos de transporte<\/td>\n<td data-start=\"2513\" data-end=\"2555\" data-col-size=\"md\">Crossbody \/ Port\u00e1til<\/td>\n<\/tr>\n<tr data-start=\"2556\" data-end=\"2624\">\n<td data-start=\"2556\" data-end=\"2582\" data-col-size=\"sm\">Color<\/td>\n<td data-start=\"2582\" data-end=\"2624\" data-col-size=\"md\">Personalizable<\/td>\n<\/tr>\n<tr data-start=\"2625\" data-end=\"2694\">\n<td data-start=\"2625\" data-end=\"2651\" data-col-size=\"sm\">Caracter\u00edsticas<\/td>\n<td data-start=\"2651\" data-end=\"2694\" data-col-size=\"md\">Resistente al agua, impermeable, port\u00e1til<\/td>\n<\/tr>\n<tr data-start=\"2695\" data-end=\"2787\">\n<td data-start=\"2695\" data-end=\"2721\" data-col-size=\"sm\">Capacidad<\/td>\n<td data-start=\"2721\" data-end=\"2787\" data-col-size=\"md\">iPad, tel\u00e9fono m\u00f3vil, paraguas plegable, cosm\u00e9ticos, art\u00edculos de primera necesidad<\/td>\n<\/tr>\n<tr data-start=\"2788\" data-end=\"2856\">\n<td data-start=\"2788\" data-end=\"2814\" data-col-size=\"sm\">MOQ<\/td>\n<td data-start=\"2814\" data-end=\"2856\" data-col-size=\"md\">300 unidades<\/td>\n<\/tr>\n<\/tbody>\n<\/table>\n<\/div>\n<\/div>\n<h2 data-start=\"2863\" data-end=\"2879\">Aplicaci\u00f3n<\/h2>\n<ul data-start=\"2881\" data-end=\"3184\">\n<li data-start=\"2881\" data-end=\"2947\">\n<p data-start=\"2883\" data-end=\"2947\"><strong data-start=\"2883\" data-end=\"2897\">Vida cotidiana<\/strong> - Los art\u00edculos de uso diario se pueden llevar con facilidad.<\/p>\n<\/li>\n<li data-start=\"2948\" data-end=\"3019\">\n<p data-start=\"2950\" data-end=\"3019\"><strong data-start=\"2950\" data-end=\"2960\">Viajar<\/strong> - Su dise\u00f1o compacto permite utilizarlo c\u00f3modamente durante los viajes.<\/p>\n<\/li>\n<li data-start=\"3020\" data-end=\"3106\">\n<p data-start=\"3022\" data-end=\"3106\"><strong data-start=\"3022\" data-end=\"3034\">Empresas<\/strong> - Se ha creado un aspecto profesional para adaptarse a las necesidades del lugar de trabajo.<\/p>\n<\/li>\n<li data-start=\"3107\" data-end=\"3184\">\n<p data-start=\"3109\" data-end=\"3184\"><strong data-start=\"3109\" data-end=\"3120\">Ocio<\/strong> - Las salidas y las actividades informales pueden soportarse c\u00f3modamente.<\/p>\n<\/li>\n<\/ul>\n<p data-start=\"3191\" data-end=\"3392\">Si ha despertado inter\u00e9s <strong data-start=\"3230\" data-end=\"3273\">RONEER Bolso de hombro de cuero de PVC para mujer<\/strong>Si lo desea, podemos facilitarle muestras. <strong data-start=\"3313\" data-end=\"3335\">Servicios ODM y OEM<\/strong> para pedidos al por mayor y personalizaci\u00f3n de marcas.<\/p>","protected":false},"excerpt":{"rendered":"<p>En <strong data-start=\"211\" data-end=\"270\">F\u00e1brica de venta al por mayor de encargo de las mujeres de cuero de PVC bolsa de hombro<\/strong> por <strong data-start=\"274\" data-end=\"284\">RONEER<\/strong> ha sido dise\u00f1ado como un bolso de gran capacidad apto para el uso diario. Se fabrica en Guangdong (China) y combina un estilo moderno con una funcionalidad pr\u00e1ctica. Su dise\u00f1o ligero y su estructura vers\u00e1til permiten llevarlo tanto cruzado como en la mano. Su capacidad permite guardar con facilidad objetos esenciales como un iPad, un tel\u00e9fono m\u00f3vil, un paraguas plegable, cosm\u00e9ticos y otras pertenencias de uso frecuente.<\/p>","protected":false},"featured_media":1543,"comment_status":"open","ping_status":"closed","template":"","meta":{"site-sidebar-layout":"default","site-content-layout":"","ast-site-content-layout":"default","site-content-style":"default","site-sidebar-style":"default","ast-global-header-display":"","ast-banner-title-visibility":"","ast-main-header-display":"","ast-hfb-above-header-display":"","ast-hfb-below-header-display":"","ast-hfb-mobile-header-display":"","site-post-title":"","ast-breadcrumbs-content":"","ast-featured-img":"","footer-sml-layout":"","ast-disable-related-posts":"","theme-transparent-header-meta":"default","adv-header-id-meta":"","stick-header-meta":"","header-above-stick-meta":"","header-main-stick-meta":"","header-below-stick-meta":"","astra-migrate-meta-layouts":"set","ast-page-background-enabled":"default","ast-page-background-meta":{"desktop":{"background-color":"var(--ast-global-color-5)","background-image":"","background-repeat":"repeat","background-position":"center center","background-size":"auto","background-attachment":"scroll","background-type":"","background-media":"","overlay-type":"","overlay-color":"","overlay-opacity":"","overlay-gradient":""},"tablet":{"background-color":"","background-image":"","background-repeat":"repeat","background-position":"center center","background-size":"auto","background-attachment":"scroll","background-type":"","background-media":"","overlay-type":"","overlay-color":"","overlay-opacity":"","overlay-gradient":""},"mobile":{"background-color":"","background-image":"","background-repeat":"repeat","background-position":"center center","background-size":"auto","background-attachment":"scroll","background-type":"","background-media":"","overlay-type":"","overlay-color":"","overlay-opacity":"","overlay-gradient":""}},"ast-content-background-meta":{"desktop":{"background-color":"var(--ast-global-color-4)","background-image":"","background-repeat":"repeat","background-position":"center center","background-size":"auto","background-attachment":"scroll","background-type":"","background-media":"","overlay-type":"","overlay-color":"","overlay-opacity":"","overlay-gradient":""},"tablet":{"background-color":"var(--ast-global-color-4)","background-image":"","background-repeat":"repeat","background-position":"center center","background-size":"auto","background-attachment":"scroll","background-type":"","background-media":"","overlay-type":"","overlay-color":"","overlay-opacity":"","overlay-gradient":""},"mobile":{"background-color":"var(--ast-global-color-4)","background-image":"","background-repeat":"repeat","background-position":"center center","background-size":"auto","background-attachment":"scroll","background-type":"","background-media":"","overlay-type":"","overlay-color":"","overlay-opacity":"","overlay-gradient":""}}},"product_brand":[],"product_cat":[42,54],"product_tag":[],"class_list":{"0":"post-1541","1":"product","2":"type-product","3":"status-publish","4":"has-post-thumbnail","6":"product_cat-hand-bag","7":"product_cat-womens-bag","8":"desktop-align-left","9":"tablet-align-left","10":"mobile-align-left","12":"first","13":"instock","14":"shipping-taxable","15":"product-type-simple"},"_links":{"self":[{"href":"https:\/\/baijiabags.com\/es\/wp-json\/wp\/v2\/product\/1541","targetHints":{"allow":["GET"]}}],"collection":[{"href":"https:\/\/baijiabags.com\/es\/wp-json\/wp\/v2\/product"}],"about":[{"href":"https:\/\/baijiabags.com\/es\/wp-json\/wp\/v2\/types\/product"}],"replies":[{"embeddable":true,"href":"https:\/\/baijiabags.com\/es\/wp-json\/wp\/v2\/comments?post=1541"}],"wp:featuredmedia":[{"embeddable":true,"href":"https:\/\/baijiabags.com\/es\/wp-json\/wp\/v2\/media\/1543"}],"wp:attachment":[{"href":"https:\/\/baijiabags.com\/es\/wp-json\/wp\/v2\/media?parent=1541"}],"wp:term":[{"taxonomy":"product_brand","embeddable":true,"href":"https:\/\/baijiabags.com\/es\/wp-json\/wp\/v2\/product_brand?post=1541"},{"taxonomy":"product_cat","embeddable":true,"href":"https:\/\/baijiabags.com\/es\/wp-json\/wp\/v2\/product_cat?post=1541"},{"taxonomy":"product_tag","embeddable":true,"href":"https:\/\/baijiabags.com\/es\/wp-json\/wp\/v2\/product_tag?post=1541"}],"curies":[{"name":"wp","href":"https:\/\/api.w.org\/{rel}","templated":true}]}}