{"id":1524,"date":"2025-09-16T05:50:57","date_gmt":"2025-09-16T05:50:57","guid":{"rendered":"https:\/\/baijiabags.com\/?post_type=product&#038;p=1524"},"modified":"2025-11-01T01:21:59","modified_gmt":"2025-11-01T01:21:59","slug":"wholesale-handbag-factory-women-shoulder-bag-tote-purse-fashion-crossbody-bag-low-price","status":"publish","type":"product","link":"https:\/\/baijiabags.com\/es\/producto\/wholesale-handbag-factory-women-shoulder-bag-tote-purse-fashion-crossbody-bag-low-price\/","title":{"rendered":"Venta al por mayor de la f\u00e1brica de bolsos de hombro de las mujeres Tote Monedero Moda Crossbody Bolsa de bajo precio"},"content":{"rendered":"<h2 data-start=\"582\" data-end=\"599\">Caracter\u00edsticas principales<\/h2>\n<ol data-start=\"601\" data-end=\"1662\">\n<li data-start=\"601\" data-end=\"723\">\n<p data-start=\"604\" data-end=\"723\"><strong data-start=\"604\" data-end=\"631\">Dise\u00f1o multifuncional<\/strong> - El bolso se puede utilizar como bolso cruzado o como bolso de mano, por lo que ofrece un uso flexible.<\/p>\n<\/li>\n<li data-start=\"724\" data-end=\"841\">\n<p data-start=\"727\" data-end=\"841\"><strong data-start=\"727\" data-end=\"750\">Material de PU duradero<\/strong> - Se ha elegido un material de PU de alta calidad para un uso duradero y un f\u00e1cil mantenimiento.<\/p>\n<\/li>\n<li data-start=\"842\" data-end=\"1007\">\n<p data-start=\"845\" data-end=\"1007\"><strong data-start=\"845\" data-end=\"866\">Interior espacioso<\/strong> - Dispone de un amplio compartimento con subbolsillos para guardar revistas A4, tabletas, paraguas, cosm\u00e9ticos y objetos de uso diario.<\/p>\n<\/li>\n<li data-start=\"1008\" data-end=\"1148\">\n<p data-start=\"1011\" data-end=\"1148\"><strong data-start=\"1011\" data-end=\"1032\">Almacenamiento organizado<\/strong> - Se han incluido un compartimento principal, un bolsillo interior con cremallera y dos bolsillos abiertos para una mejor organizaci\u00f3n.<\/p>\n<\/li>\n<li data-start=\"1149\" data-end=\"1287\">\n<p data-start=\"1152\" data-end=\"1287\"><strong data-start=\"1152\" data-end=\"1180\">Construcci\u00f3n ligera<\/strong> - Con un peso neto de s\u00f3lo <strong data-start=\"1209\" data-end=\"1220\">0,60 kg<\/strong>La bolsa se ha dise\u00f1ado para que resulte c\u00f3moda de llevar y no suponga una carga adicional.<\/p>\n<\/li>\n<li data-start=\"1288\" data-end=\"1431\">\n<p data-start=\"1291\" data-end=\"1431\"><strong data-start=\"1291\" data-end=\"1311\">Resistencia al agua<\/strong> - La superficie de la bolsa ha sido tratada con tecnolog\u00eda resistente al agua, lo que permite protegerla contra la lluvia ligera o las salpicaduras.<\/p>\n<\/li>\n<li data-start=\"1432\" data-end=\"1555\">\n<p data-start=\"1435\" data-end=\"1555\"><strong data-start=\"1435\" data-end=\"1458\">Colores personalizables<\/strong> - Aunque el color est\u00e1ndar es el blanco, se ofrecen opciones personalizadas previa solicitud.<\/p>\n<\/li>\n<li data-start=\"1556\" data-end=\"1662\">\n<p data-start=\"1559\" data-end=\"1662\"><strong data-start=\"1559\" data-end=\"1581\">Servicios OEM y ODM<\/strong> - El dise\u00f1o se ha preparado para permitir la personalizaci\u00f3n de la marca en pedidos al por mayor.<\/p>\n<\/li>\n<\/ol>\n<figure id=\"attachment_1525\" aria-describedby=\"caption-attachment-1525\" style=\"width: 750px\" class=\"wp-caption aligncenter\"><img fetchpriority=\"high\" decoding=\"async\" class=\"wp-image-1525 size-full\" src=\"https:\/\/baijiabags.com\/wp-content\/uploads\/2025\/09\/43A.png\" alt=\"43A\" width=\"750\" height=\"678\" srcset=\"https:\/\/baijiabags.com\/wp-content\/uploads\/2025\/09\/43A.png 750w, https:\/\/baijiabags.com\/wp-content\/uploads\/2025\/09\/43A-300x271.png 300w, https:\/\/baijiabags.com\/wp-content\/uploads\/2025\/09\/43A-600x542.png 600w\" sizes=\"(max-width: 750px) 100vw, 750px\" \/><figcaption id=\"caption-attachment-1525\" class=\"wp-caption-text\">43A<\/figcaption><\/figure>\n<h2 data-start=\"1664\" data-end=\"1683\">Especificaciones<\/h2>\n<div class=\"_tableContainer_1rjym_1\">\n<div class=\"group _tableWrapper_1rjym_13 flex w-fit flex-col-reverse\" tabindex=\"-1\">\n<table class=\"w-fit min-w-(--thread-content-width)\" data-start=\"1685\" data-end=\"3201\">\n<thead data-start=\"1685\" data-end=\"1785\">\n<tr data-start=\"1685\" data-end=\"1785\">\n<th data-start=\"1685\" data-end=\"1706\" data-col-size=\"sm\">Par\u00e1metro<\/th>\n<th data-start=\"1706\" data-end=\"1785\" data-col-size=\"md\">Descripci\u00f3n<\/th>\n<\/tr>\n<\/thead>\n<tbody data-start=\"1887\" data-end=\"3201\">\n<tr data-start=\"1887\" data-end=\"1987\">\n<td data-start=\"1887\" data-end=\"1908\" data-col-size=\"sm\">Nombre del producto<\/td>\n<td data-start=\"1908\" data-end=\"1987\" data-col-size=\"md\">Bolso de se\u00f1ora<\/td>\n<\/tr>\n<tr data-start=\"1988\" data-end=\"2088\">\n<td data-start=\"1988\" data-end=\"2009\" data-col-size=\"sm\">Marca<\/td>\n<td data-start=\"2009\" data-end=\"2088\" data-col-size=\"md\">RONEER<\/td>\n<\/tr>\n<tr data-start=\"2089\" data-end=\"2189\">\n<td data-start=\"2089\" data-end=\"2110\" data-col-size=\"sm\">N\u00ba de modelo<\/td>\n<td data-start=\"2110\" data-end=\"2189\" data-col-size=\"md\">EBG19743-A<\/td>\n<\/tr>\n<tr data-start=\"2190\" data-end=\"2290\">\n<td data-start=\"2190\" data-end=\"2211\" data-col-size=\"sm\">Origen<\/td>\n<td data-start=\"2211\" data-end=\"2290\" data-col-size=\"md\">Guangdong, China<\/td>\n<\/tr>\n<tr data-start=\"2291\" data-end=\"2391\">\n<td data-start=\"2291\" data-end=\"2312\" data-col-size=\"sm\">Estilo<\/td>\n<td data-start=\"2312\" data-end=\"2391\" data-col-size=\"md\">Moda y minimalismo<\/td>\n<\/tr>\n<tr data-start=\"2392\" data-end=\"2492\">\n<td data-start=\"2392\" data-end=\"2413\" data-col-size=\"sm\">Material<\/td>\n<td data-start=\"2413\" data-end=\"2492\" data-col-size=\"md\">Cuero PU<\/td>\n<\/tr>\n<tr data-start=\"2493\" data-end=\"2593\">\n<td data-start=\"2493\" data-end=\"2514\" data-col-size=\"sm\">Peso<\/td>\n<td data-start=\"2514\" data-end=\"2593\" data-col-size=\"md\">0,60 kg<\/td>\n<\/tr>\n<tr data-start=\"2594\" data-end=\"2695\">\n<td data-start=\"2594\" data-end=\"2615\" data-col-size=\"sm\">Interior<\/td>\n<td data-start=\"2615\" data-end=\"2695\" data-col-size=\"md\">1 bolsillo principal, 1 bolsillo interior con cremallera, 2 bolsillos abiertos<\/td>\n<\/tr>\n<tr data-start=\"2696\" data-end=\"2797\">\n<td data-start=\"2696\" data-end=\"2717\" data-col-size=\"sm\">Capacidad<\/td>\n<td data-start=\"2717\" data-end=\"2797\" data-col-size=\"md\">Caben una revista A4, un iPad, un tel\u00e9fono, un paraguas plegable, cosm\u00e9ticos y art\u00edculos de uso diario<\/td>\n<\/tr>\n<tr data-start=\"2798\" data-end=\"2898\">\n<td data-start=\"2798\" data-end=\"2819\" data-col-size=\"sm\">Opciones de color<\/td>\n<td data-start=\"2819\" data-end=\"2898\" data-col-size=\"md\">Blanco (personalizable)<\/td>\n<\/tr>\n<tr data-start=\"2899\" data-end=\"2999\">\n<td data-start=\"2899\" data-end=\"2920\" data-col-size=\"sm\">M\u00e9todo de transporte<\/td>\n<td data-start=\"2920\" data-end=\"2999\" data-col-size=\"md\">Crossbody \/ Port\u00e1til<\/td>\n<\/tr>\n<tr data-start=\"3000\" data-end=\"3100\">\n<td data-start=\"3000\" data-end=\"3021\" data-col-size=\"sm\">Caracter\u00edsticas<\/td>\n<td data-start=\"3021\" data-end=\"3100\" data-col-size=\"md\">Resistente al agua, impermeable, port\u00e1til<\/td>\n<\/tr>\n<tr data-start=\"3101\" data-end=\"3201\">\n<td data-start=\"3101\" data-end=\"3122\" data-col-size=\"sm\">MOQ<\/td>\n<td data-start=\"3122\" data-end=\"3201\" data-col-size=\"md\">300 unidades<\/td>\n<\/tr>\n<\/tbody>\n<\/table>\n<\/div>\n<\/div>\n<h2 data-start=\"3203\" data-end=\"3220\">Aplicaciones<\/h2>\n<ul data-start=\"3222\" data-end=\"3674\">\n<li data-start=\"3222\" data-end=\"3336\">\n<p data-start=\"3224\" data-end=\"3336\"><strong data-start=\"3224\" data-end=\"3237\">Uso diario<\/strong> - La bolsa se ha dise\u00f1ado para transportar objetos de trabajo, efectos personales y gadgets.<\/p>\n<\/li>\n<li data-start=\"3337\" data-end=\"3458\">\n<p data-start=\"3339\" data-end=\"3458\"><strong data-start=\"3339\" data-end=\"3349\">Viajar<\/strong> - Puede llevarse como ligero compa\u00f1ero de viaje para guardar documentos, dispositivos m\u00f3viles y accesorios.<\/p>\n<\/li>\n<li data-start=\"3459\" data-end=\"3575\">\n<p data-start=\"3461\" data-end=\"3575\"><strong data-start=\"3461\" data-end=\"3473\">Compras<\/strong> - El espacioso compartimento es ideal para llevar c\u00f3modamente las compras y los objetos peque\u00f1os.<\/p>\n<\/li>\n<li data-start=\"3576\" data-end=\"3674\">\n<p data-start=\"3578\" data-end=\"3674\"><strong data-start=\"3578\" data-end=\"3600\">Actividades de ocio<\/strong> - Adecuado para salidas informales, visitas a cafeter\u00edas o reuniones con amigos.<\/p>\n<\/li>\n<\/ul>\n<p data-start=\"3681\" data-end=\"3869\">Si est\u00e1 interesado en este bolso RONEER, p\u00f3ngase en contacto con nosotros para solicitar muestras. <strong data-start=\"3765\" data-end=\"3801\">Servicios ODM y OEM disponibles<\/strong> para admitir dise\u00f1os, colores y requisitos de marca personalizados.<\/p>","protected":false},"excerpt":{"rendered":"<p>En <strong data-start=\"173\" data-end=\"254\">Mayorista Bolso F\u00e1brica Mujeres Bolso Tote Monedero Moda Crossbody Bolsa<\/strong> ha sido dise\u00f1ado para combinar estilo, practicidad y durabilidad. Este modelo, de marca <strong data-start=\"347\" data-end=\"357\">RONEER<\/strong>ha sido fabricada en Guangdong, China, con un enfoque en la construcci\u00f3n ligera y el uso vers\u00e1til. Se ha enfatizado un estilo minimalista pero a la moda para garantizar que pueda llevarse en diversas ocasiones cotidianas.<\/p>","protected":false},"featured_media":1529,"comment_status":"open","ping_status":"closed","template":"","meta":{"site-sidebar-layout":"default","site-content-layout":"","ast-site-content-layout":"default","site-content-style":"default","site-sidebar-style":"default","ast-global-header-display":"","ast-banner-title-visibility":"","ast-main-header-display":"","ast-hfb-above-header-display":"","ast-hfb-below-header-display":"","ast-hfb-mobile-header-display":"","site-post-title":"","ast-breadcrumbs-content":"","ast-featured-img":"","footer-sml-layout":"","ast-disable-related-posts":"","theme-transparent-header-meta":"default","adv-header-id-meta":"","stick-header-meta":"","header-above-stick-meta":"","header-main-stick-meta":"","header-below-stick-meta":"","astra-migrate-meta-layouts":"set","ast-page-background-enabled":"default","ast-page-background-meta":{"desktop":{"background-color":"var(--ast-global-color-5)","background-image":"","background-repeat":"repeat","background-position":"center center","background-size":"auto","background-attachment":"scroll","background-type":"","background-media":"","overlay-type":"","overlay-color":"","overlay-opacity":"","overlay-gradient":""},"tablet":{"background-color":"","background-image":"","background-repeat":"repeat","background-position":"center center","background-size":"auto","background-attachment":"scroll","background-type":"","background-media":"","overlay-type":"","overlay-color":"","overlay-opacity":"","overlay-gradient":""},"mobile":{"background-color":"","background-image":"","background-repeat":"repeat","background-position":"center center","background-size":"auto","background-attachment":"scroll","background-type":"","background-media":"","overlay-type":"","overlay-color":"","overlay-opacity":"","overlay-gradient":""}},"ast-content-background-meta":{"desktop":{"background-color":"var(--ast-global-color-4)","background-image":"","background-repeat":"repeat","background-position":"center center","background-size":"auto","background-attachment":"scroll","background-type":"","background-media":"","overlay-type":"","overlay-color":"","overlay-opacity":"","overlay-gradient":""},"tablet":{"background-color":"var(--ast-global-color-4)","background-image":"","background-repeat":"repeat","background-position":"center center","background-size":"auto","background-attachment":"scroll","background-type":"","background-media":"","overlay-type":"","overlay-color":"","overlay-opacity":"","overlay-gradient":""},"mobile":{"background-color":"var(--ast-global-color-4)","background-image":"","background-repeat":"repeat","background-position":"center center","background-size":"auto","background-attachment":"scroll","background-type":"","background-media":"","overlay-type":"","overlay-color":"","overlay-opacity":"","overlay-gradient":""}}},"product_brand":[],"product_cat":[42,54],"product_tag":[],"class_list":{"0":"post-1524","1":"product","2":"type-product","3":"status-publish","4":"has-post-thumbnail","6":"product_cat-hand-bag","7":"product_cat-womens-bag","8":"desktop-align-left","9":"tablet-align-left","10":"mobile-align-left","12":"first","13":"instock","14":"shipping-taxable","15":"product-type-simple"},"_links":{"self":[{"href":"https:\/\/baijiabags.com\/es\/wp-json\/wp\/v2\/product\/1524","targetHints":{"allow":["GET"]}}],"collection":[{"href":"https:\/\/baijiabags.com\/es\/wp-json\/wp\/v2\/product"}],"about":[{"href":"https:\/\/baijiabags.com\/es\/wp-json\/wp\/v2\/types\/product"}],"replies":[{"embeddable":true,"href":"https:\/\/baijiabags.com\/es\/wp-json\/wp\/v2\/comments?post=1524"}],"wp:featuredmedia":[{"embeddable":true,"href":"https:\/\/baijiabags.com\/es\/wp-json\/wp\/v2\/media\/1529"}],"wp:attachment":[{"href":"https:\/\/baijiabags.com\/es\/wp-json\/wp\/v2\/media?parent=1524"}],"wp:term":[{"taxonomy":"product_brand","embeddable":true,"href":"https:\/\/baijiabags.com\/es\/wp-json\/wp\/v2\/product_brand?post=1524"},{"taxonomy":"product_cat","embeddable":true,"href":"https:\/\/baijiabags.com\/es\/wp-json\/wp\/v2\/product_cat?post=1524"},{"taxonomy":"product_tag","embeddable":true,"href":"https:\/\/baijiabags.com\/es\/wp-json\/wp\/v2\/product_tag?post=1524"}],"curies":[{"name":"wp","href":"https:\/\/api.w.org\/{rel}","templated":true}]}}