{"id":1385,"date":"2025-09-12T07:03:00","date_gmt":"2025-09-12T07:03:00","guid":{"rendered":"https:\/\/baijiabags.com\/?post_type=product&#038;p=1385"},"modified":"2025-11-01T01:21:59","modified_gmt":"2025-11-01T01:21:59","slug":"luxury-pu-leather-womens-shoulder-bag-with-floral-embroidery-and-zipper-closure-stylish-portable","status":"publish","type":"product","link":"https:\/\/baijiabags.com\/es\/producto\/luxury-pu-leather-womens-shoulder-bag-with-floral-embroidery-and-zipper-closure-stylish-portable\/","title":{"rendered":"Lujoso bolso bandolera para mujer de cuero PU con bordado floral y cierre de cremallera - Elegante y port\u00e1til"},"content":{"rendered":"<h2 data-start=\"639\" data-end=\"656\">Caracter\u00edsticas principales<\/h2>\n<ol data-start=\"658\" data-end=\"1717\">\n<li data-start=\"658\" data-end=\"804\">\n<p data-start=\"661\" data-end=\"804\"><strong data-start=\"661\" data-end=\"690\">Elegante dise\u00f1o bordado<\/strong> - Se ha aplicado un delicado bordado floral que confiere al bolso un aspecto elegante y sofisticado.<\/p>\n<\/li>\n<li data-start=\"805\" data-end=\"915\">\n<p data-start=\"808\" data-end=\"915\"><strong data-start=\"808\" data-end=\"830\">Cuero PU duradero<\/strong> - Se ha elegido cuero PU de alta calidad por su resistencia y f\u00e1cil mantenimiento.<\/p>\n<\/li>\n<li data-start=\"916\" data-end=\"1049\">\n<p data-start=\"919\" data-end=\"1049\"><strong data-start=\"919\" data-end=\"941\">Superficie impermeable<\/strong> - Se ha incorporado un revestimiento impermeable para proteger las pertenencias de la lluvia ligera y los derrames accidentales.<\/p>\n<\/li>\n<li data-start=\"1050\" data-end=\"1195\">\n<p data-start=\"1053\" data-end=\"1195\"><strong data-start=\"1053\" data-end=\"1082\">M\u00faltiples opciones de transporte<\/strong> - El bolso se ha dise\u00f1ado tanto para llevarlo cruzado como en la mano, ofreciendo versatilidad para diversas ocasiones.<\/p>\n<\/li>\n<li data-start=\"1196\" data-end=\"1338\">\n<p data-start=\"1199\" data-end=\"1338\"><strong data-start=\"1199\" data-end=\"1220\">Interior espacioso<\/strong> - Se pueden guardar f\u00e1cilmente una revista A4, un iPad, un tel\u00e9fono m\u00f3vil, un paraguas plegable, cosm\u00e9ticos y otros objetos de uso diario.<\/p>\n<\/li>\n<li data-start=\"1339\" data-end=\"1442\">\n<p data-start=\"1342\" data-end=\"1442\"><strong data-start=\"1342\" data-end=\"1367\">Cierre de cremallera seguro<\/strong> - Se ha incluido un cierre de cremallera para mantener los objetos seguros y organizados.<\/p>\n<\/li>\n<li data-start=\"1443\" data-end=\"1597\">\n<p data-start=\"1446\" data-end=\"1597\"><strong data-start=\"1446\" data-end=\"1472\">Compartimentos organizados<\/strong> - La estructura interior est\u00e1 equipada con un compartimento principal, un bolsillo interior con cremallera y dos bolsillos interiores m\u00e1s peque\u00f1os.<\/p>\n<\/li>\n<li data-start=\"1598\" data-end=\"1717\">\n<p data-start=\"1601\" data-end=\"1717\"><strong data-start=\"1601\" data-end=\"1631\">Opciones de color personalizables<\/strong> - Se puede ofrecer una gama de colores para satisfacer las distintas preferencias del mercado.<\/p>\n<\/li>\n<\/ol>\n<p><img fetchpriority=\"high\" decoding=\"async\" class=\"aligncenter wp-image-1386 size-full\" src=\"https:\/\/baijiabags.com\/wp-content\/uploads\/2025\/09\/xiangxi.png\" alt=\"Xiangxi\" width=\"750\" height=\"686\" srcset=\"https:\/\/baijiabags.com\/wp-content\/uploads\/2025\/09\/xiangxi.png 750w, https:\/\/baijiabags.com\/wp-content\/uploads\/2025\/09\/xiangxi-300x274.png 300w, https:\/\/baijiabags.com\/wp-content\/uploads\/2025\/09\/xiangxi-600x549.png 600w\" sizes=\"(max-width: 750px) 100vw, 750px\" \/><\/p>\n<h2 data-start=\"1719\" data-end=\"1738\">Especificaciones<\/h2>\n<div class=\"_tableContainer_1rjym_1\">\n<div class=\"group w-fit _tableWrapper_1rjym_13 flex flex-col-reverse\" tabindex=\"-1\">\n<table class=\"w-fit min-w-(--thread-content-width)\" data-start=\"1740\" data-end=\"2297\">\n<thead data-start=\"1740\" data-end=\"1777\">\n<tr data-start=\"1740\" data-end=\"1777\">\n<th data-start=\"1740\" data-end=\"1760\" data-col-size=\"sm\"><strong data-start=\"1742\" data-end=\"1759\">Especificaci\u00f3n<\/strong><\/th>\n<th data-start=\"1760\" data-end=\"1777\" data-col-size=\"md\"><strong data-start=\"1762\" data-end=\"1773\">Detalles<\/strong><\/th>\n<\/tr>\n<\/thead>\n<tbody data-start=\"1817\" data-end=\"2297\">\n<tr data-start=\"1817\" data-end=\"1852\">\n<td data-start=\"1817\" data-end=\"1832\" data-col-size=\"sm\">Nombre del producto<\/td>\n<td data-start=\"1832\" data-end=\"1852\" data-col-size=\"md\">Bolso de se\u00f1ora<\/td>\n<\/tr>\n<tr data-start=\"1853\" data-end=\"1873\">\n<td data-start=\"1853\" data-end=\"1861\" data-col-size=\"sm\">Marca<\/td>\n<td data-start=\"1861\" data-end=\"1873\" data-col-size=\"md\">RONEER<\/td>\n<\/tr>\n<tr data-start=\"1874\" data-end=\"1896\">\n<td data-start=\"1874\" data-end=\"1882\" data-col-size=\"sm\">Modelo<\/td>\n<td data-start=\"1882\" data-end=\"1896\" data-col-size=\"md\">EBG19731<\/td>\n<\/tr>\n<tr data-start=\"1897\" data-end=\"1928\">\n<td data-start=\"1897\" data-end=\"1906\" data-col-size=\"sm\">Origen<\/td>\n<td data-start=\"1906\" data-end=\"1928\" data-col-size=\"md\">Guangdong, China<\/td>\n<\/tr>\n<tr data-start=\"1929\" data-end=\"1963\">\n<td data-start=\"1929\" data-end=\"1937\" data-col-size=\"sm\">Estilo<\/td>\n<td data-start=\"1937\" data-end=\"1963\" data-col-size=\"md\">Moda y minimalismo<\/td>\n<\/tr>\n<tr data-start=\"1964\" data-end=\"1999\">\n<td data-start=\"1964\" data-end=\"1975\" data-col-size=\"sm\">Material<\/td>\n<td data-start=\"1975\" data-end=\"1999\" data-col-size=\"md\">Cuero PU de primera calidad<\/td>\n<\/tr>\n<tr data-start=\"2000\" data-end=\"2022\">\n<td data-start=\"2000\" data-end=\"2009\" data-col-size=\"sm\">Peso<\/td>\n<td data-start=\"2009\" data-end=\"2022\" data-col-size=\"md\">0,52 kg<\/td>\n<\/tr>\n<tr data-start=\"2023\" data-end=\"2049\">\n<td data-start=\"2023\" data-end=\"2031\" data-col-size=\"sm\">Color<\/td>\n<td data-start=\"2031\" data-end=\"2049\" data-col-size=\"md\">Personalizable<\/td>\n<\/tr>\n<tr data-start=\"2050\" data-end=\"2097\">\n<td data-start=\"2050\" data-end=\"2069\" data-col-size=\"sm\">M\u00e9todos de transporte<\/td>\n<td data-start=\"2069\" data-end=\"2097\" data-col-size=\"md\">Crossbody \/ Para llevar en la mano<\/td>\n<\/tr>\n<tr data-start=\"2098\" data-end=\"2172\">\n<td data-start=\"2098\" data-end=\"2110\" data-col-size=\"sm\">Estructura<\/td>\n<td data-start=\"2110\" data-end=\"2172\" data-col-size=\"md\">Bolsillo interior con cremallera \/ compartimento principal \/ 2 bolsillos interiores<\/td>\n<\/tr>\n<tr data-start=\"2173\" data-end=\"2209\">\n<td data-start=\"2173\" data-end=\"2184\" data-col-size=\"sm\">Caracter\u00edsticas<\/td>\n<td data-start=\"2184\" data-end=\"2209\" data-col-size=\"md\">Impermeable, duradero<\/td>\n<\/tr>\n<tr data-start=\"2210\" data-end=\"2277\">\n<td data-start=\"2210\" data-end=\"2221\" data-col-size=\"sm\">Capacidad<\/td>\n<td data-start=\"2221\" data-end=\"2277\" data-col-size=\"md\">Caben una revista A4, un iPad, un tel\u00e9fono, un paraguas y cosm\u00e9ticos<\/td>\n<\/tr>\n<tr data-start=\"2278\" data-end=\"2297\">\n<td data-start=\"2278\" data-end=\"2284\" data-col-size=\"sm\">MOQ<\/td>\n<td data-start=\"2284\" data-end=\"2297\" data-col-size=\"md\">300 unidades<\/td>\n<\/tr>\n<\/tbody>\n<\/table>\n<\/div>\n<\/div>\n<h2 data-start=\"2299\" data-end=\"2316\">Aplicaciones<\/h2>\n<ul data-start=\"2377\" data-end=\"2683\">\n<li data-start=\"2377\" data-end=\"2452\">\n<p data-start=\"2379\" data-end=\"2452\"><strong data-start=\"2379\" data-end=\"2391\">Compras<\/strong> - Un accesorio con estilo para llevar lo esencial mientras sales.<\/p>\n<\/li>\n<li data-start=\"2453\" data-end=\"2528\">\n<p data-start=\"2455\" data-end=\"2528\"><strong data-start=\"2455\" data-end=\"2464\">Playa<\/strong> - Almacenamiento pr\u00e1ctico para objetos personales durante los viajes de ocio.<\/p>\n<\/li>\n<li data-start=\"2529\" data-end=\"2595\">\n<p data-start=\"2531\" data-end=\"2595\"><strong data-start=\"2531\" data-end=\"2544\">Uso diario<\/strong> - Adecuado para el trabajo, la escuela y las salidas informales.<\/p>\n<\/li>\n<li data-start=\"2596\" data-end=\"2683\">\n<p data-start=\"2598\" data-end=\"2683\"><strong data-start=\"2598\" data-end=\"2608\">Viajar<\/strong> - Pr\u00e1ctico para viajes cortos gracias a su estructura port\u00e1til y ligera.<\/p>\n<\/li>\n<\/ul>\n<p>Si est\u00e1 interesado en este bolso, p\u00f3ngase en contacto con nosotros para solicitar una muestra. <strong data-start=\"2770\" data-end=\"2806\">Servicios ODM y OEM disponibles<\/strong> para satisfacer requisitos personalizados y demandas del mercado.<\/p>","protected":false},"excerpt":{"rendered":"<p>En <strong data-start=\"147\" data-end=\"231\">Lujoso bolso bandolera para mujer de cuero PU con bordado floral y cierre de cremallera<\/strong> ha sido dise\u00f1ado por <strong data-start=\"253\" data-end=\"263\">RONEER<\/strong> para ofrecer elegancia y practicidad. Con su elegante bordado floral y su estructura port\u00e1til, el bolso es ideal para las mujeres modernas que buscan la moda combinada con la comodidad diaria. Fabricado en Guangdong (China), el modelo <strong data-start=\"500\" data-end=\"512\">EBG19731<\/strong> se ha fabricado con material PU duradero para garantizar su longevidad, al tiempo que mantiene un perfil ligero de s\u00f3lo <strong data-start=\"623\" data-end=\"634\">0,52 kg<\/strong>.<\/p>","protected":false},"featured_media":1390,"comment_status":"open","ping_status":"closed","template":"","meta":{"site-sidebar-layout":"default","site-content-layout":"","ast-site-content-layout":"default","site-content-style":"default","site-sidebar-style":"default","ast-global-header-display":"","ast-banner-title-visibility":"","ast-main-header-display":"","ast-hfb-above-header-display":"","ast-hfb-below-header-display":"","ast-hfb-mobile-header-display":"","site-post-title":"","ast-breadcrumbs-content":"","ast-featured-img":"","footer-sml-layout":"","ast-disable-related-posts":"","theme-transparent-header-meta":"default","adv-header-id-meta":"","stick-header-meta":"","header-above-stick-meta":"","header-main-stick-meta":"","header-below-stick-meta":"","astra-migrate-meta-layouts":"set","ast-page-background-enabled":"default","ast-page-background-meta":{"desktop":{"background-color":"var(--ast-global-color-5)","background-image":"","background-repeat":"repeat","background-position":"center center","background-size":"auto","background-attachment":"scroll","background-type":"","background-media":"","overlay-type":"","overlay-color":"","overlay-opacity":"","overlay-gradient":""},"tablet":{"background-color":"","background-image":"","background-repeat":"repeat","background-position":"center center","background-size":"auto","background-attachment":"scroll","background-type":"","background-media":"","overlay-type":"","overlay-color":"","overlay-opacity":"","overlay-gradient":""},"mobile":{"background-color":"","background-image":"","background-repeat":"repeat","background-position":"center center","background-size":"auto","background-attachment":"scroll","background-type":"","background-media":"","overlay-type":"","overlay-color":"","overlay-opacity":"","overlay-gradient":""}},"ast-content-background-meta":{"desktop":{"background-color":"var(--ast-global-color-4)","background-image":"","background-repeat":"repeat","background-position":"center center","background-size":"auto","background-attachment":"scroll","background-type":"","background-media":"","overlay-type":"","overlay-color":"","overlay-opacity":"","overlay-gradient":""},"tablet":{"background-color":"var(--ast-global-color-4)","background-image":"","background-repeat":"repeat","background-position":"center center","background-size":"auto","background-attachment":"scroll","background-type":"","background-media":"","overlay-type":"","overlay-color":"","overlay-opacity":"","overlay-gradient":""},"mobile":{"background-color":"var(--ast-global-color-4)","background-image":"","background-repeat":"repeat","background-position":"center center","background-size":"auto","background-attachment":"scroll","background-type":"","background-media":"","overlay-type":"","overlay-color":"","overlay-opacity":"","overlay-gradient":""}}},"product_brand":[],"product_cat":[42,54],"product_tag":[],"class_list":{"0":"post-1385","1":"product","2":"type-product","3":"status-publish","4":"has-post-thumbnail","6":"product_cat-hand-bag","7":"product_cat-womens-bag","8":"desktop-align-left","9":"tablet-align-left","10":"mobile-align-left","12":"first","13":"instock","14":"shipping-taxable","15":"product-type-simple"},"_links":{"self":[{"href":"https:\/\/baijiabags.com\/es\/wp-json\/wp\/v2\/product\/1385","targetHints":{"allow":["GET"]}}],"collection":[{"href":"https:\/\/baijiabags.com\/es\/wp-json\/wp\/v2\/product"}],"about":[{"href":"https:\/\/baijiabags.com\/es\/wp-json\/wp\/v2\/types\/product"}],"replies":[{"embeddable":true,"href":"https:\/\/baijiabags.com\/es\/wp-json\/wp\/v2\/comments?post=1385"}],"wp:featuredmedia":[{"embeddable":true,"href":"https:\/\/baijiabags.com\/es\/wp-json\/wp\/v2\/media\/1390"}],"wp:attachment":[{"href":"https:\/\/baijiabags.com\/es\/wp-json\/wp\/v2\/media?parent=1385"}],"wp:term":[{"taxonomy":"product_brand","embeddable":true,"href":"https:\/\/baijiabags.com\/es\/wp-json\/wp\/v2\/product_brand?post=1385"},{"taxonomy":"product_cat","embeddable":true,"href":"https:\/\/baijiabags.com\/es\/wp-json\/wp\/v2\/product_cat?post=1385"},{"taxonomy":"product_tag","embeddable":true,"href":"https:\/\/baijiabags.com\/es\/wp-json\/wp\/v2\/product_tag?post=1385"}],"curies":[{"name":"wp","href":"https:\/\/api.w.org\/{rel}","templated":true}]}}