{"id":1129,"date":"2025-09-10T06:04:08","date_gmt":"2025-09-10T06:04:08","guid":{"rendered":"https:\/\/baijiabags.com\/?post_type=product&#038;p=1129"},"modified":"2025-11-01T01:22:00","modified_gmt":"2025-11-01T01:22:00","slug":"womens-pu-leather-tote-bag-waterproof-linen-summer","status":"publish","type":"product","link":"https:\/\/baijiabags.com\/es\/producto\/womens-pu-leather-tote-bag-waterproof-linen-summer\/","title":{"rendered":"Womens Lightweight PU Leather Tote Handbag Custom Multi Purpose Waterproof Linen Bag Summer Bag for Daily Commute and Travel"},"content":{"rendered":"<h2 data-start=\"1003\" data-end=\"1019\">Caracter\u00edsticas principales<\/h2>\n<ol data-start=\"1021\" data-end=\"1704\">\n<li data-start=\"1021\" data-end=\"1093\">\n<p data-start=\"1024\" data-end=\"1093\">Su dise\u00f1o ligero garantiza un transporte c\u00f3modo durante todo el d\u00eda.<\/p>\n<\/li>\n<li data-start=\"1094\" data-end=\"1168\">\n<p data-start=\"1097\" data-end=\"1168\">Fabricado con <strong data-start=\"1115\" data-end=\"1129\">Cuero PU<\/strong>, que ofrece una textura suave y lisa.<\/p>\n<\/li>\n<li data-start=\"1169\" data-end=\"1278\">\n<p data-start=\"1172\" data-end=\"1278\">Interior polivalente dise\u00f1ado para guardar <strong data-start=\"1216\" data-end=\"1275\">Revistas A4, tabletas, tel\u00e9fonos, paraguas y cosm\u00e9ticos<\/strong>.<\/p>\n<\/li>\n<li data-start=\"1279\" data-end=\"1356\">\n<p data-start=\"1282\" data-end=\"1356\"><strong data-start=\"1282\" data-end=\"1308\">Forro impermeable<\/strong> protege el contenido de derrames y lluvia ligera.<\/p>\n<\/li>\n<li data-start=\"1357\" data-end=\"1442\">\n<p data-start=\"1360\" data-end=\"1442\"><strong data-start=\"1360\" data-end=\"1390\">Opciones de color personalizables<\/strong> permiten la personalizaci\u00f3n para adaptarse a las preferencias de estilo.<\/p>\n<\/li>\n<li data-start=\"1443\" data-end=\"1526\">\n<p data-start=\"1446\" data-end=\"1526\">Asas dise\u00f1adas para <strong data-start=\"1467\" data-end=\"1497\">llevar en la mano o en el asa<\/strong>, proporcionando un uso flexible.<\/p>\n<\/li>\n<li data-start=\"1527\" data-end=\"1606\">\n<p data-start=\"1530\" data-end=\"1606\">Dise\u00f1o vintage y vanguardista adecuado para una amplia gama de ocasiones.<\/p>\n<\/li>\n<li data-start=\"1607\" data-end=\"1704\">\n<p data-start=\"1610\" data-end=\"1704\">Personalizaci\u00f3n del logotipo disponible, compatible <strong data-start=\"1651\" data-end=\"1675\">Servicios ODM y OEM<\/strong> para personalizar la marca.<\/p>\n<\/li>\n<\/ol>\n<p><img fetchpriority=\"high\" decoding=\"async\" class=\"aligncenter wp-image-1136\" src=\"https:\/\/baijiabags.com\/wp-content\/uploads\/2025\/09\/\u8be6\u60c5\u9875\u6a21\u7248-03-2-300x271.png\" alt=\"EBG19728\" width=\"750\" height=\"677\" srcset=\"https:\/\/baijiabags.com\/wp-content\/uploads\/2025\/09\/\u8be6\u60c5\u9875\u6a21\u7248-03-2-300x271.png 300w, https:\/\/baijiabags.com\/wp-content\/uploads\/2025\/09\/\u8be6\u60c5\u9875\u6a21\u7248-03-2-1024x925.png 1024w, https:\/\/baijiabags.com\/wp-content\/uploads\/2025\/09\/\u8be6\u60c5\u9875\u6a21\u7248-03-2-768x694.png 768w, https:\/\/baijiabags.com\/wp-content\/uploads\/2025\/09\/\u8be6\u60c5\u9875\u6a21\u7248-03-2-600x542.png 600w, https:\/\/baijiabags.com\/wp-content\/uploads\/2025\/09\/\u8be6\u60c5\u9875\u6a21\u7248-03-2.png 1031w\" sizes=\"(max-width: 750px) 100vw, 750px\" \/><\/p>\n<h2 data-start=\"1711\" data-end=\"1728\">Especificaciones<\/h2>\n<div class=\"_tableContainer_1rjym_1\">\n<div class=\"_tableWrapper_1rjym_13 group flex w-fit flex-col-reverse\" tabindex=\"-1\">\n<table class=\"w-fit min-w-(--thread-content-width)\" data-start=\"1730\" data-end=\"2177\">\n<thead data-start=\"1730\" data-end=\"1753\">\n<tr data-start=\"1730\" data-end=\"1753\">\n<th data-start=\"1730\" data-end=\"1742\" data-col-size=\"sm\">Par\u00e1metro<\/th>\n<th data-start=\"1742\" data-end=\"1753\" data-col-size=\"md\">Detalles<\/th>\n<\/tr>\n<\/thead>\n<tbody data-start=\"1778\" data-end=\"2177\">\n<tr data-start=\"1778\" data-end=\"1811\">\n<td data-start=\"1778\" data-end=\"1793\" data-col-size=\"sm\">Nombre del producto<\/td>\n<td data-start=\"1793\" data-end=\"1811\" data-col-size=\"md\">Bolso de se\u00f1ora<\/td>\n<\/tr>\n<tr data-start=\"1812\" data-end=\"1830\">\n<td data-start=\"1812\" data-end=\"1820\" data-col-size=\"sm\">Marca<\/td>\n<td data-start=\"1820\" data-end=\"1830\" data-col-size=\"md\">RONEER<\/td>\n<\/tr>\n<tr data-start=\"1831\" data-end=\"1851\">\n<td data-start=\"1831\" data-end=\"1839\" data-col-size=\"sm\">Modelo<\/td>\n<td data-start=\"1839\" data-end=\"1851\" data-col-size=\"md\">EBG19728<\/td>\n<\/tr>\n<tr data-start=\"1852\" data-end=\"1886\">\n<td data-start=\"1852\" data-end=\"1860\" data-col-size=\"sm\">Estilo<\/td>\n<td data-start=\"1860\" data-end=\"1886\" data-col-size=\"md\">Moda, Se\u00f1ora, Vintage<\/td>\n<\/tr>\n<tr data-start=\"1887\" data-end=\"1912\">\n<td data-start=\"1887\" data-end=\"1898\" data-col-size=\"sm\">Material<\/td>\n<td data-start=\"1898\" data-end=\"1912\" data-col-size=\"md\">PU<\/td>\n<\/tr>\n<tr data-start=\"1913\" data-end=\"1942\">\n<td data-start=\"1913\" data-end=\"1923\" data-col-size=\"sm\">Patr\u00f3n<\/td>\n<td data-start=\"1923\" data-end=\"1942\" data-col-size=\"md\">Logotipo personalizado<\/td>\n<\/tr>\n<tr data-start=\"1943\" data-end=\"1963\">\n<td data-start=\"1943\" data-end=\"1952\" data-col-size=\"sm\">Peso<\/td>\n<td data-start=\"1952\" data-end=\"1963\" data-col-size=\"md\">0,38 kg<\/td>\n<\/tr>\n<tr data-start=\"1964\" data-end=\"1988\">\n<td data-start=\"1964\" data-end=\"1972\" data-col-size=\"sm\">Color<\/td>\n<td data-start=\"1972\" data-end=\"1988\" data-col-size=\"md\">Personalizable<\/td>\n<\/tr>\n<tr data-start=\"1989\" data-end=\"2036\">\n<td data-start=\"1989\" data-end=\"2007\" data-col-size=\"sm\">M\u00e9todo de transporte<\/td>\n<td data-start=\"2007\" data-end=\"2036\" data-col-size=\"md\">Llevar en la mano<\/td>\n<\/tr>\n<tr data-start=\"2037\" data-end=\"2117\">\n<td data-start=\"2037\" data-end=\"2048\" data-col-size=\"sm\">Capacidad<\/td>\n<td data-start=\"2048\" data-end=\"2117\" data-col-size=\"md\">Revista A4 \/ iPad \/ Tel\u00e9fono m\u00f3vil \/ Paraguas plegable \/ Cosm\u00e9ticos<\/td>\n<\/tr>\n<tr data-start=\"2118\" data-end=\"2138\">\n<td data-start=\"2118\" data-end=\"2124\" data-col-size=\"sm\">MOQ<\/td>\n<td data-start=\"2124\" data-end=\"2138\" data-col-size=\"md\">300 piezas<\/td>\n<\/tr>\n<tr data-start=\"2139\" data-end=\"2177\">\n<td data-start=\"2139\" data-end=\"2157\" data-col-size=\"sm\">Lugar de origen<\/td>\n<td data-start=\"2157\" data-end=\"2177\" data-col-size=\"md\">Guangdong, China<\/td>\n<\/tr>\n<\/tbody>\n<\/table>\n<\/div>\n<\/div>\n<h2>Aplicaciones<\/h2>\n<ul data-start=\"2201\" data-end=\"2558\">\n<li data-start=\"2201\" data-end=\"2267\">\n<p data-start=\"2203\" data-end=\"2267\"><strong data-start=\"2203\" data-end=\"2216\">Uso diario<\/strong>: Perfecto para la oficina, la escuela y salidas informales.<\/p>\n<\/li>\n<li data-start=\"2268\" data-end=\"2353\">\n<p data-start=\"2270\" data-end=\"2353\"><strong data-start=\"2270\" data-end=\"2280\">Viajar<\/strong>: Ligero y espacioso, ideal para llevar lo esencial durante los viajes.<\/p>\n<\/li>\n<li data-start=\"2354\" data-end=\"2450\">\n<p data-start=\"2356\" data-end=\"2450\"><strong data-start=\"2356\" data-end=\"2368\">Compras<\/strong>: Su c\u00f3modo dise\u00f1o permite transportar f\u00e1cilmente objetos personales y peque\u00f1as compras.<\/p>\n<\/li>\n<li data-start=\"2451\" data-end=\"2558\">\n<p data-start=\"2453\" data-end=\"2558\"><strong data-start=\"2453\" data-end=\"2484\">Playa o actividades de ocio<\/strong>: Permite guardar c\u00f3modamente crema solar, gafas de sol y otros objetos personales.<\/p>\n<\/li>\n<\/ul>\n<p data-start=\"2565\" data-end=\"2748\">Si est\u00e1 interesado en esta bolsa, p\u00f3ngase en contacto con nosotros para solicitar una muestra. <strong data-start=\"2639\" data-end=\"2663\">Servicios ODM y OEM<\/strong> est\u00e1n disponibles para personalizar dise\u00f1os, colores y logotipos para satisfacer sus necesidades de marca.<\/p>","protected":false},"excerpt":{"rendered":"<p>En <strong data-start=\"328\" data-end=\"382\">RONEER Bolso tote ligero de cuero PU para mujer<\/strong> est\u00e1 dise\u00f1ado para el uso diario, los viajes y las salidas informales. Fabricado en piel de PU de alta calidad, este bolso es ligero y duradero, con un peso de tan solo 1,5 kg. <strong data-start=\"531\" data-end=\"542\">0,38 kg<\/strong>La bolsa est\u00e1 dise\u00f1ada pensando en la versatilidad. La bolsa est\u00e1 dise\u00f1ada pensando en la versatilidad, lo que le permite llevar art\u00edculos esenciales como <strong data-start=\"674\" data-end=\"742\">Revistas A4, iPad, tel\u00e9fonos m\u00f3viles, paraguas plegables, cosm\u00e9ticos<\/strong>y otros art\u00edculos de uso frecuente. Su dise\u00f1o a la moda y vintage garantiza que complemente diversos atuendos y ocasiones. El bolso se fabrica en <strong data-start=\"894\" data-end=\"914\">Guangdong, China<\/strong>seg\u00fan el modelo <strong data-start=\"932\" data-end=\"944\">EBG19728<\/strong>con colores y logotipos personalizables.<\/p>","protected":false},"featured_media":1131,"comment_status":"open","ping_status":"closed","template":"","meta":{"site-sidebar-layout":"default","site-content-layout":"","ast-site-content-layout":"default","site-content-style":"default","site-sidebar-style":"default","ast-global-header-display":"","ast-banner-title-visibility":"","ast-main-header-display":"","ast-hfb-above-header-display":"","ast-hfb-below-header-display":"","ast-hfb-mobile-header-display":"","site-post-title":"","ast-breadcrumbs-content":"","ast-featured-img":"","footer-sml-layout":"","ast-disable-related-posts":"","theme-transparent-header-meta":"default","adv-header-id-meta":"","stick-header-meta":"","header-above-stick-meta":"","header-main-stick-meta":"","header-below-stick-meta":"","astra-migrate-meta-layouts":"set","ast-page-background-enabled":"default","ast-page-background-meta":{"desktop":{"background-color":"var(--ast-global-color-5)","background-image":"","background-repeat":"repeat","background-position":"center center","background-size":"auto","background-attachment":"scroll","background-type":"","background-media":"","overlay-type":"","overlay-color":"","overlay-opacity":"","overlay-gradient":""},"tablet":{"background-color":"","background-image":"","background-repeat":"repeat","background-position":"center center","background-size":"auto","background-attachment":"scroll","background-type":"","background-media":"","overlay-type":"","overlay-color":"","overlay-opacity":"","overlay-gradient":""},"mobile":{"background-color":"","background-image":"","background-repeat":"repeat","background-position":"center center","background-size":"auto","background-attachment":"scroll","background-type":"","background-media":"","overlay-type":"","overlay-color":"","overlay-opacity":"","overlay-gradient":""}},"ast-content-background-meta":{"desktop":{"background-color":"var(--ast-global-color-4)","background-image":"","background-repeat":"repeat","background-position":"center center","background-size":"auto","background-attachment":"scroll","background-type":"","background-media":"","overlay-type":"","overlay-color":"","overlay-opacity":"","overlay-gradient":""},"tablet":{"background-color":"var(--ast-global-color-4)","background-image":"","background-repeat":"repeat","background-position":"center center","background-size":"auto","background-attachment":"scroll","background-type":"","background-media":"","overlay-type":"","overlay-color":"","overlay-opacity":"","overlay-gradient":""},"mobile":{"background-color":"var(--ast-global-color-4)","background-image":"","background-repeat":"repeat","background-position":"center center","background-size":"auto","background-attachment":"scroll","background-type":"","background-media":"","overlay-type":"","overlay-color":"","overlay-opacity":"","overlay-gradient":""}}},"product_brand":[],"product_cat":[42,54],"product_tag":[],"class_list":{"0":"post-1129","1":"product","2":"type-product","3":"status-publish","4":"has-post-thumbnail","6":"product_cat-hand-bag","7":"product_cat-womens-bag","8":"desktop-align-left","9":"tablet-align-left","10":"mobile-align-left","12":"first","13":"instock","14":"shipping-taxable","15":"product-type-simple"},"_links":{"self":[{"href":"https:\/\/baijiabags.com\/es\/wp-json\/wp\/v2\/product\/1129","targetHints":{"allow":["GET"]}}],"collection":[{"href":"https:\/\/baijiabags.com\/es\/wp-json\/wp\/v2\/product"}],"about":[{"href":"https:\/\/baijiabags.com\/es\/wp-json\/wp\/v2\/types\/product"}],"replies":[{"embeddable":true,"href":"https:\/\/baijiabags.com\/es\/wp-json\/wp\/v2\/comments?post=1129"}],"wp:featuredmedia":[{"embeddable":true,"href":"https:\/\/baijiabags.com\/es\/wp-json\/wp\/v2\/media\/1131"}],"wp:attachment":[{"href":"https:\/\/baijiabags.com\/es\/wp-json\/wp\/v2\/media?parent=1129"}],"wp:term":[{"taxonomy":"product_brand","embeddable":true,"href":"https:\/\/baijiabags.com\/es\/wp-json\/wp\/v2\/product_brand?post=1129"},{"taxonomy":"product_cat","embeddable":true,"href":"https:\/\/baijiabags.com\/es\/wp-json\/wp\/v2\/product_cat?post=1129"},{"taxonomy":"product_tag","embeddable":true,"href":"https:\/\/baijiabags.com\/es\/wp-json\/wp\/v2\/product_tag?post=1129"}],"curies":[{"name":"wp","href":"https:\/\/api.w.org\/{rel}","templated":true}]}}