{"id":1113,"date":"2025-09-10T03:38:39","date_gmt":"2025-09-10T03:38:39","guid":{"rendered":"https:\/\/baijiabags.com\/?post_type=product&#038;p=1113"},"modified":"2025-09-10T03:38:39","modified_gmt":"2025-09-10T03:38:39","slug":"stylish-customizable-lightweight-genuine-leather-backpack-with-large-capacity","status":"publish","type":"product","link":"https:\/\/baijiabags.com\/es\/producto\/stylish-customizable-lightweight-genuine-leather-backpack-with-large-capacity\/","title":{"rendered":"Elegante mochila de piel aut\u00e9ntica ligera y personalizable con gran capacidad"},"content":{"rendered":"<h2 data-start=\"834\" data-end=\"851\">Caracter\u00edsticas principales<\/h2>\n<ol data-start=\"853\" data-end=\"1765\">\n<li data-start=\"853\" data-end=\"962\">\n<p data-start=\"856\" data-end=\"962\"><strong data-start=\"856\" data-end=\"876\">Material de primera calidad<\/strong>: Fabricado en resistente cuero PU para una textura suave y un rendimiento duradero.<\/p>\n<\/li>\n<li data-start=\"963\" data-end=\"1080\">\n<p data-start=\"966\" data-end=\"1080\"><strong data-start=\"966\" data-end=\"988\">Dise\u00f1o ligero<\/strong>: S\u00f3lo pesaje <strong data-start=\"1004\" data-end=\"1015\">0,91 kg<\/strong>La puerta del maletero es f\u00e1cilmente transportable sin comprometer el espacio de almacenamiento.<\/p>\n<\/li>\n<li data-start=\"1081\" data-end=\"1177\">\n<p data-start=\"1084\" data-end=\"1177\"><strong data-start=\"1084\" data-end=\"1107\">Colores personalizables<\/strong>: Disponible en m\u00faltiples colores y opciones de dise\u00f1os personalizados.<\/p>\n<\/li>\n<li data-start=\"1178\" data-end=\"1297\">\n<p data-start=\"1181\" data-end=\"1297\"><strong data-start=\"1181\" data-end=\"1199\">Gran capacidad<\/strong>: El compartimento principal y los m\u00faltiples bolsillos interiores proporcionan un almacenamiento organizado para los art\u00edculos de uso diario.<\/p>\n<\/li>\n<li data-start=\"1298\" data-end=\"1443\">\n<p data-start=\"1301\" data-end=\"1443\"><strong data-start=\"1301\" data-end=\"1328\">Compartimentos funcionales<\/strong>: Equipado con <strong data-start=\"1344\" data-end=\"1416\">un bolsillo interior con cremallera, un compartimento principal y dos bolsillos interiores<\/strong> para mejorar la organizaci\u00f3n.<\/p>\n<\/li>\n<li data-start=\"1444\" data-end=\"1553\">\n<p data-start=\"1447\" data-end=\"1553\"><strong data-start=\"1447\" data-end=\"1477\">Opciones de transporte vers\u00e1tiles<\/strong>: Se puede llevar a trav\u00e9s del asa o de la mano, adecuado para diferentes ocasiones.<\/p>\n<\/li>\n<li data-start=\"1554\" data-end=\"1665\">\n<p data-start=\"1557\" data-end=\"1665\"><strong data-start=\"1557\" data-end=\"1583\">Aspecto moderno<\/strong>: Dise\u00f1ado con una est\u00e9tica de moda moderna y elegante para complementar cualquier atuendo.<\/p>\n<\/li>\n<li data-start=\"1666\" data-end=\"1765\">\n<p data-start=\"1669\" data-end=\"1765\"><strong data-start=\"1669\" data-end=\"1692\">Ideal para uso diario<\/strong>: Perfecto para la oficina, viajes, compras, escuela y actividades al aire libre.<\/p>\n<\/li>\n<\/ol>\n<p><img fetchpriority=\"high\" decoding=\"async\" class=\"aligncenter wp-image-1120 size-full\" src=\"https:\/\/baijiabags.com\/wp-content\/uploads\/2025\/09\/\u8be6\u60c5\u9875\u6a21\u7248-03-1.png\" alt=\"Stylish Customizable Lightweight Genuine Leather Backpack with Large Capacity\" width=\"750\" height=\"673\" srcset=\"https:\/\/baijiabags.com\/wp-content\/uploads\/2025\/09\/\u8be6\u60c5\u9875\u6a21\u7248-03-1.png 750w, https:\/\/baijiabags.com\/wp-content\/uploads\/2025\/09\/\u8be6\u60c5\u9875\u6a21\u7248-03-1-300x269.png 300w, https:\/\/baijiabags.com\/wp-content\/uploads\/2025\/09\/\u8be6\u60c5\u9875\u6a21\u7248-03-1-600x538.png 600w\" sizes=\"(max-width: 750px) 100vw, 750px\" \/><\/p>\n<h2 data-start=\"1772\" data-end=\"1791\">Especificaciones<\/h2>\n<div class=\"_tableContainer_1rjym_1\">\n<div class=\"_tableWrapper_1rjym_13 group flex w-fit flex-col-reverse\" tabindex=\"-1\">\n<table class=\"w-fit min-w-(--thread-content-width)\" data-start=\"1793\" data-end=\"3451\">\n<thead data-start=\"1793\" data-end=\"1901\">\n<tr data-start=\"1793\" data-end=\"1901\">\n<th data-start=\"1793\" data-end=\"1822\" data-col-size=\"sm\">Par\u00e1metro<\/th>\n<th data-start=\"1822\" data-end=\"1901\" data-col-size=\"md\">Descripci\u00f3n<\/th>\n<\/tr>\n<\/thead>\n<tbody data-start=\"2012\" data-end=\"3451\">\n<tr data-start=\"2012\" data-end=\"2122\">\n<td data-start=\"2012\" data-end=\"2042\" data-col-size=\"sm\">Nombre del producto<\/td>\n<td data-start=\"2042\" data-end=\"2122\" data-col-size=\"md\">Mochila de piel aut\u00e9ntica<\/td>\n<\/tr>\n<tr data-start=\"2123\" data-end=\"2232\">\n<td data-start=\"2123\" data-end=\"2153\" data-col-size=\"sm\">Marca<\/td>\n<td data-start=\"2153\" data-end=\"2232\" data-col-size=\"md\">RONEER<\/td>\n<\/tr>\n<tr data-start=\"2233\" data-end=\"2342\">\n<td data-start=\"2233\" data-end=\"2263\" data-col-size=\"sm\">Origen<\/td>\n<td data-start=\"2263\" data-end=\"2342\" data-col-size=\"md\">Guangdong, China<\/td>\n<\/tr>\n<tr data-start=\"2343\" data-end=\"2453\">\n<td data-start=\"2343\" data-end=\"2373\" data-col-size=\"sm\">Modelo<\/td>\n<td data-start=\"2373\" data-end=\"2453\" data-col-size=\"md\">GB-5104<\/td>\n<\/tr>\n<tr data-start=\"2454\" data-end=\"2563\">\n<td data-start=\"2454\" data-end=\"2484\" data-col-size=\"sm\">Estilo<\/td>\n<td data-start=\"2484\" data-end=\"2563\" data-col-size=\"md\">Moda<\/td>\n<\/tr>\n<tr data-start=\"2564\" data-end=\"2673\">\n<td data-start=\"2564\" data-end=\"2594\" data-col-size=\"sm\">Material principal<\/td>\n<td data-start=\"2594\" data-end=\"2673\" data-col-size=\"md\">Piel aut\u00e9ntica<\/td>\n<\/tr>\n<tr data-start=\"2674\" data-end=\"2783\">\n<td data-start=\"2674\" data-end=\"2704\" data-col-size=\"sm\">Peso<\/td>\n<td data-start=\"2704\" data-end=\"2783\" data-col-size=\"md\">0,91 kg<\/td>\n<\/tr>\n<tr data-start=\"2784\" data-end=\"2893\">\n<td data-start=\"2784\" data-end=\"2814\" data-col-size=\"sm\">Color<\/td>\n<td data-start=\"2814\" data-end=\"2893\" data-col-size=\"md\">Personalizable<\/td>\n<\/tr>\n<tr data-start=\"2894\" data-end=\"3002\">\n<td data-start=\"2894\" data-end=\"2924\" data-col-size=\"sm\">Compartimentos interiores<\/td>\n<td data-start=\"2924\" data-end=\"3002\" data-col-size=\"md\">Bolsillo interior con cremallera \/ compartimento principal \/ bolsillo interior \u00d72<\/td>\n<\/tr>\n<tr data-start=\"3003\" data-end=\"3112\">\n<td data-start=\"3003\" data-end=\"3033\" data-col-size=\"sm\">M\u00e9todo de transporte<\/td>\n<td data-start=\"3033\" data-end=\"3112\" data-col-size=\"md\">Llevar en la mano<\/td>\n<\/tr>\n<tr data-start=\"3113\" data-end=\"3231\">\n<td data-start=\"3113\" data-end=\"3143\" data-col-size=\"sm\">Capacidad<\/td>\n<td data-start=\"3143\" data-end=\"3231\" data-col-size=\"md\">Revista A4 \/ iPad \/ Tel\u00e9fono m\u00f3vil \/ Paraguas plegable \/ Cosm\u00e9ticos \/ Otros art\u00edculos esenciales<\/td>\n<\/tr>\n<tr data-start=\"3232\" data-end=\"3341\">\n<td data-start=\"3232\" data-end=\"3262\" data-col-size=\"sm\">Cantidad m\u00ednima de pedido (MOQ)<\/td>\n<td data-start=\"3262\" data-end=\"3341\" data-col-size=\"md\">300<\/td>\n<\/tr>\n<tr data-start=\"3342\" data-end=\"3451\">\n<td data-start=\"3342\" data-end=\"3372\" data-col-size=\"sm\">Aplicaci\u00f3n<\/td>\n<td data-start=\"3372\" data-end=\"3451\" data-col-size=\"md\">Oficina, viajes, colegio, compras, actividades al aire libre<\/td>\n<\/tr>\n<\/tbody>\n<\/table>\n<\/div>\n<\/div>\n<h2 data-start=\"3458\" data-end=\"3475\">Aplicaciones<\/h2>\n<ul data-start=\"3477\" data-end=\"3930\">\n<li data-start=\"3477\" data-end=\"3560\">\n<p data-start=\"3479\" data-end=\"3560\"><strong data-start=\"3479\" data-end=\"3489\">Oficina<\/strong>: Adecuado para transportar port\u00e1tiles, tabletas y art\u00edculos de trabajo esenciales.<\/p>\n<\/li>\n<li data-start=\"3561\" data-end=\"3661\">\n<p data-start=\"3563\" data-end=\"3661\"><strong data-start=\"3563\" data-end=\"3573\">Viajar<\/strong>: Su gran capacidad permite guardar documentos de viaje, accesorios y objetos personales.<\/p>\n<\/li>\n<li data-start=\"3662\" data-end=\"3747\">\n<p data-start=\"3664\" data-end=\"3747\"><strong data-start=\"3664\" data-end=\"3682\">Escuela\/Colegio<\/strong>: Puede contener libros de texto, art\u00edculos de papeler\u00eda y peque\u00f1os dispositivos electr\u00f3nicos.<\/p>\n<\/li>\n<li data-start=\"3748\" data-end=\"3844\">\n<p data-start=\"3750\" data-end=\"3844\"><strong data-start=\"3750\" data-end=\"3771\">Compras\/exterior<\/strong>: Ideal para llevar lo esencial a diario manteniendo un aspecto elegante.<\/p>\n<\/li>\n<li data-start=\"3845\" data-end=\"3930\">\n<p data-start=\"3847\" data-end=\"3930\"><strong data-start=\"3847\" data-end=\"3856\">Regalos<\/strong>: Las opciones de personalizaci\u00f3n lo convierten en un regalo bien pensado para amigos y familiares.<\/p>\n<\/li>\n<\/ul>\n<p data-start=\"3937\" data-end=\"4120\">Si est\u00e1 interesado en esta mochila, p\u00f3ngase en contacto con nosotros para solicitar una muestra. <strong data-start=\"4016\" data-end=\"4038\">Servicios ODM y OEM<\/strong> est\u00e1n disponibles para pedidos personalizados, incluidas opciones de color, logotipo y dise\u00f1o.<\/p>","protected":false},"excerpt":{"rendered":"<p data-start=\"183\" data-end=\"827\">En <strong data-start=\"187\" data-end=\"268\">Elegante mochila de piel aut\u00e9ntica ligera y personalizable con gran capacidad<\/strong> ha sido dise\u00f1ado por <strong data-start=\"284\" data-end=\"294\">RONEER<\/strong> y fabricada en Guangdong, China. Esta mochila vanguardista est\u00e1 confeccionada en cuero PU de alta calidad, que ofrece durabilidad a la vez que mantiene un perfil ligero de tan solo... <strong data-start=\"472\" data-end=\"483\">0,91 kg<\/strong>. Sus amplios compartimentos permiten llevar objetos de uso diario como <strong data-start=\"557\" data-end=\"626\">Revistas A4, iPads, tel\u00e9fonos m\u00f3viles, paraguas plegables, cosm\u00e9ticos<\/strong>y otros objetos de uso frecuente. La mochila cuenta con opciones de transporte vers\u00e1tiles, incluyendo <strong data-start=\"731\" data-end=\"762\">asa de transporte y asa de mano<\/strong>por lo que es adecuado tanto para entornos informales como profesionales.<\/p>","protected":false},"featured_media":1114,"comment_status":"open","ping_status":"closed","template":"","meta":{"site-sidebar-layout":"default","site-content-layout":"","ast-site-content-layout":"default","site-content-style":"default","site-sidebar-style":"default","ast-global-header-display":"","ast-banner-title-visibility":"","ast-main-header-display":"","ast-hfb-above-header-display":"","ast-hfb-below-header-display":"","ast-hfb-mobile-header-display":"","site-post-title":"","ast-breadcrumbs-content":"","ast-featured-img":"","footer-sml-layout":"","ast-disable-related-posts":"","theme-transparent-header-meta":"default","adv-header-id-meta":"","stick-header-meta":"","header-above-stick-meta":"","header-main-stick-meta":"","header-below-stick-meta":"","astra-migrate-meta-layouts":"set","ast-page-background-enabled":"default","ast-page-background-meta":{"desktop":{"background-color":"var(--ast-global-color-5)","background-image":"","background-repeat":"repeat","background-position":"center center","background-size":"auto","background-attachment":"scroll","background-type":"","background-media":"","overlay-type":"","overlay-color":"","overlay-opacity":"","overlay-gradient":""},"tablet":{"background-color":"","background-image":"","background-repeat":"repeat","background-position":"center center","background-size":"auto","background-attachment":"scroll","background-type":"","background-media":"","overlay-type":"","overlay-color":"","overlay-opacity":"","overlay-gradient":""},"mobile":{"background-color":"","background-image":"","background-repeat":"repeat","background-position":"center center","background-size":"auto","background-attachment":"scroll","background-type":"","background-media":"","overlay-type":"","overlay-color":"","overlay-opacity":"","overlay-gradient":""}},"ast-content-background-meta":{"desktop":{"background-color":"var(--ast-global-color-4)","background-image":"","background-repeat":"repeat","background-position":"center center","background-size":"auto","background-attachment":"scroll","background-type":"","background-media":"","overlay-type":"","overlay-color":"","overlay-opacity":"","overlay-gradient":""},"tablet":{"background-color":"var(--ast-global-color-4)","background-image":"","background-repeat":"repeat","background-position":"center center","background-size":"auto","background-attachment":"scroll","background-type":"","background-media":"","overlay-type":"","overlay-color":"","overlay-opacity":"","overlay-gradient":""},"mobile":{"background-color":"var(--ast-global-color-4)","background-image":"","background-repeat":"repeat","background-position":"center center","background-size":"auto","background-attachment":"scroll","background-type":"","background-media":"","overlay-type":"","overlay-color":"","overlay-opacity":"","overlay-gradient":""}}},"product_brand":[],"product_cat":[21],"product_tag":[],"class_list":{"0":"post-1113","1":"product","2":"type-product","3":"status-publish","4":"has-post-thumbnail","6":"product_cat-backpack","7":"desktop-align-left","8":"tablet-align-left","9":"mobile-align-left","11":"first","12":"instock","13":"shipping-taxable","14":"product-type-simple"},"_links":{"self":[{"href":"https:\/\/baijiabags.com\/es\/wp-json\/wp\/v2\/product\/1113","targetHints":{"allow":["GET"]}}],"collection":[{"href":"https:\/\/baijiabags.com\/es\/wp-json\/wp\/v2\/product"}],"about":[{"href":"https:\/\/baijiabags.com\/es\/wp-json\/wp\/v2\/types\/product"}],"replies":[{"embeddable":true,"href":"https:\/\/baijiabags.com\/es\/wp-json\/wp\/v2\/comments?post=1113"}],"wp:featuredmedia":[{"embeddable":true,"href":"https:\/\/baijiabags.com\/es\/wp-json\/wp\/v2\/media\/1114"}],"wp:attachment":[{"href":"https:\/\/baijiabags.com\/es\/wp-json\/wp\/v2\/media?parent=1113"}],"wp:term":[{"taxonomy":"product_brand","embeddable":true,"href":"https:\/\/baijiabags.com\/es\/wp-json\/wp\/v2\/product_brand?post=1113"},{"taxonomy":"product_cat","embeddable":true,"href":"https:\/\/baijiabags.com\/es\/wp-json\/wp\/v2\/product_cat?post=1113"},{"taxonomy":"product_tag","embeddable":true,"href":"https:\/\/baijiabags.com\/es\/wp-json\/wp\/v2\/product_tag?post=1113"}],"curies":[{"name":"wp","href":"https:\/\/api.w.org\/{rel}","templated":true}]}}