{"id":1024,"date":"2025-09-10T02:59:31","date_gmt":"2025-09-10T02:59:31","guid":{"rendered":"https:\/\/baijiabags.com\/?post_type=product&#038;p=1024"},"modified":"2025-11-01T01:22:37","modified_gmt":"2025-11-01T01:22:37","slug":"vintage-2025-womens-pu-leather-shoulder-bag-waterproof-fashion-handbag","status":"publish","type":"product","link":"https:\/\/baijiabags.com\/es\/producto\/vintage-2025-womens-pu-leather-shoulder-bag-waterproof-fashion-handbag\/","title":{"rendered":"Vintage 2025 Bolso de hombro de las mujeres de cuero de la PU - impermeable bolso de moda"},"content":{"rendered":"<h2 data-start=\"523\" data-end=\"540\">Caracter\u00edsticas principales<\/h2>\n<ol data-start=\"542\" data-end=\"1568\">\n<li data-start=\"542\" data-end=\"676\">\n<p data-start=\"545\" data-end=\"676\"><strong data-start=\"545\" data-end=\"576\">Material de cuero PU de primera calidad<\/strong> - Fabricado en piel de PU de alta calidad, el bolso es duradero, suave al tacto y f\u00e1cil de mantener.<\/p>\n<\/li>\n<li data-start=\"677\" data-end=\"815\">\n<p data-start=\"680\" data-end=\"815\"><strong data-start=\"680\" data-end=\"701\">Dise\u00f1o impermeable<\/strong> - La bolsa ha sido tratada para resistir al agua, manteniendo los objetos personales a salvo de salpicaduras inesperadas o lluvia ligera.<\/p>\n<\/li>\n<li data-start=\"816\" data-end=\"923\">\n<p data-start=\"819\" data-end=\"923\"><strong data-start=\"819\" data-end=\"847\">Construcci\u00f3n ligera<\/strong> - Con un peso de s\u00f3lo 0,44 kg, el bolso ofrece comodidad durante un uso prolongado.<\/p>\n<\/li>\n<li data-start=\"924\" data-end=\"1055\">\n<p data-start=\"927\" data-end=\"1055\"><strong data-start=\"927\" data-end=\"952\">M\u00faltiples compartimentos<\/strong> - Incluye un compartimento principal, un bolsillo interior con cremallera y bolsillos interiores para un almacenamiento organizado.<\/p>\n<\/li>\n<li data-start=\"1056\" data-end=\"1192\">\n<p data-start=\"1059\" data-end=\"1192\"><strong data-start=\"1059\" data-end=\"1080\">Amplia capacidad<\/strong> - Suficientemente grande para guardar una revista A4, un iPad, un tel\u00e9fono m\u00f3vil, un paraguas plegable, cosm\u00e9ticos y otros art\u00edculos esenciales.<\/p>\n<\/li>\n<li data-start=\"1193\" data-end=\"1312\">\n<p data-start=\"1196\" data-end=\"1312\"><strong data-start=\"1196\" data-end=\"1226\">Opciones de transporte vers\u00e1tiles<\/strong> - Puede utilizarse como bolso cruzado o bolso de mano para adaptarse a diversas ocasiones.<\/p>\n<\/li>\n<li data-start=\"1313\" data-end=\"1424\">\n<p data-start=\"1316\" data-end=\"1424\"><strong data-start=\"1316\" data-end=\"1346\">Opciones de color personalizables<\/strong> - Disponible en blanco y otros colores personalizables para adaptarse al estilo personal.<\/p>\n<\/li>\n<li data-start=\"1425\" data-end=\"1568\">\n<p data-start=\"1428\" data-end=\"1568\"><strong data-start=\"1428\" data-end=\"1460\">Estilo minimalista a la moda<\/strong> - Su dise\u00f1o moderno y sencillo complementa m\u00faltiples atuendos, por lo que es adecuado para viajar y para el uso diario.<\/p>\n<\/li>\n<\/ol>\n<p><img fetchpriority=\"high\" decoding=\"async\" class=\"aligncenter wp-image-1031 size-full\" src=\"https:\/\/baijiabags.com\/wp-content\/uploads\/2025\/09\/\u8be6\u60c5\u9875\u6a21\u7248-03.png\" alt=\"\" width=\"750\" height=\"596\" srcset=\"https:\/\/baijiabags.com\/wp-content\/uploads\/2025\/09\/\u8be6\u60c5\u9875\u6a21\u7248-03.png 750w, https:\/\/baijiabags.com\/wp-content\/uploads\/2025\/09\/\u8be6\u60c5\u9875\u6a21\u7248-03-300x238.png 300w, https:\/\/baijiabags.com\/wp-content\/uploads\/2025\/09\/\u8be6\u60c5\u9875\u6a21\u7248-03-600x477.png 600w\" sizes=\"(max-width: 750px) 100vw, 750px\" \/><\/p>\n<h2 data-start=\"1575\" data-end=\"1594\">Especificaciones<\/h2>\n<div class=\"_tableContainer_1rjym_1\">\n<div class=\"_tableWrapper_1rjym_13 group flex w-fit flex-col-reverse\" tabindex=\"-1\">\n<table class=\"w-fit min-w-(--thread-content-width)\" data-start=\"1596\" data-end=\"3227\">\n<thead data-start=\"1596\" data-end=\"1697\">\n<tr data-start=\"1596\" data-end=\"1697\">\n<th data-start=\"1596\" data-end=\"1622\" data-col-size=\"sm\">Par\u00e1metro<\/th>\n<th data-start=\"1622\" data-end=\"1697\" data-col-size=\"md\">Detalles<\/th>\n<\/tr>\n<\/thead>\n<tbody data-start=\"1800\" data-end=\"3227\">\n<tr data-start=\"1800\" data-end=\"1901\">\n<td data-start=\"1800\" data-end=\"1826\" data-col-size=\"sm\">Nombre del producto<\/td>\n<td data-start=\"1826\" data-end=\"1901\" data-col-size=\"md\">Bolso de se\u00f1ora<\/td>\n<\/tr>\n<tr data-start=\"1902\" data-end=\"2003\">\n<td data-start=\"1902\" data-end=\"1928\" data-col-size=\"sm\">Marca<\/td>\n<td data-start=\"1928\" data-end=\"2003\" data-col-size=\"md\">RONEER<\/td>\n<\/tr>\n<tr data-start=\"2004\" data-end=\"2105\">\n<td data-start=\"2004\" data-end=\"2030\" data-col-size=\"sm\">Origen<\/td>\n<td data-start=\"2030\" data-end=\"2105\" data-col-size=\"md\">Guangdong, China<\/td>\n<\/tr>\n<tr data-start=\"2106\" data-end=\"2207\">\n<td data-start=\"2106\" data-end=\"2132\" data-col-size=\"sm\">Modelo<\/td>\n<td data-start=\"2132\" data-end=\"2207\" data-col-size=\"md\">EBG19726<\/td>\n<\/tr>\n<tr data-start=\"2208\" data-end=\"2309\">\n<td data-start=\"2208\" data-end=\"2234\" data-col-size=\"sm\">Estilo<\/td>\n<td data-start=\"2234\" data-end=\"2309\" data-col-size=\"md\">Moda minimalista<\/td>\n<\/tr>\n<tr data-start=\"2310\" data-end=\"2411\">\n<td data-start=\"2310\" data-end=\"2336\" data-col-size=\"sm\">Material principal<\/td>\n<td data-start=\"2336\" data-end=\"2411\" data-col-size=\"md\">Cuero PU<\/td>\n<\/tr>\n<tr data-start=\"2412\" data-end=\"2513\">\n<td data-start=\"2412\" data-end=\"2438\" data-col-size=\"sm\">Peso<\/td>\n<td data-start=\"2438\" data-end=\"2513\" data-col-size=\"md\">0,44 kg<\/td>\n<\/tr>\n<tr data-start=\"2514\" data-end=\"2614\">\n<td data-start=\"2514\" data-end=\"2540\" data-col-size=\"sm\">Interior<\/td>\n<td data-start=\"2540\" data-end=\"2614\" data-col-size=\"md\">Compartimento principal, bolsillo interior con cremallera, bolsillos interiores abiertos<\/td>\n<\/tr>\n<tr data-start=\"2615\" data-end=\"2716\">\n<td data-start=\"2615\" data-end=\"2641\" data-col-size=\"sm\">Color<\/td>\n<td data-start=\"2641\" data-end=\"2716\" data-col-size=\"md\">Blanco (personalizable)<\/td>\n<\/tr>\n<tr data-start=\"2717\" data-end=\"2818\">\n<td data-start=\"2717\" data-end=\"2743\" data-col-size=\"sm\">Utilizaci\u00f3n<\/td>\n<td data-start=\"2743\" data-end=\"2818\" data-col-size=\"md\">Crossbody \/ Para llevar en la mano<\/td>\n<\/tr>\n<tr data-start=\"2819\" data-end=\"2920\">\n<td data-start=\"2819\" data-end=\"2845\" data-col-size=\"sm\">Caracter\u00edstica<\/td>\n<td data-start=\"2845\" data-end=\"2920\" data-col-size=\"md\">Impermeable<\/td>\n<\/tr>\n<tr data-start=\"2921\" data-end=\"3023\">\n<td data-start=\"2921\" data-end=\"2947\" data-col-size=\"sm\">Capacidad<\/td>\n<td data-start=\"2947\" data-end=\"3023\" data-col-size=\"md\">Puede contener una revista A4, un iPad, un tel\u00e9fono m\u00f3vil, un paraguas plegable, cosm\u00e9ticos, etc.<\/td>\n<\/tr>\n<tr data-start=\"3024\" data-end=\"3125\">\n<td data-start=\"3024\" data-end=\"3050\" data-col-size=\"sm\">MOQ<\/td>\n<td data-start=\"3050\" data-end=\"3125\" data-col-size=\"md\">300<\/td>\n<\/tr>\n<tr data-start=\"3126\" data-end=\"3227\">\n<td data-start=\"3126\" data-end=\"3152\" data-col-size=\"sm\">Aplicaci\u00f3n<\/td>\n<td data-start=\"3152\" data-end=\"3227\" data-col-size=\"md\">Viajes, Vida cotidiana<\/td>\n<\/tr>\n<\/tbody>\n<\/table>\n<\/div>\n<\/div>\n<h2 data-start=\"3234\" data-end=\"3251\">Aplicaciones<\/h2>\n<ul data-start=\"3253\" data-end=\"3736\">\n<li data-start=\"3253\" data-end=\"3361\">\n<p data-start=\"3255\" data-end=\"3361\"><strong data-start=\"3255\" data-end=\"3265\">Viajar<\/strong>: Ideal para llevar objetos esenciales de viaje, como una tableta, un tel\u00e9fono, una cartera y peque\u00f1os accesorios.<\/p>\n<\/li>\n<li data-start=\"3362\" data-end=\"3490\">\n<p data-start=\"3364\" data-end=\"3490\"><strong data-start=\"3364\" data-end=\"3378\">Vida cotidiana<\/strong>: Perfecto para las actividades cotidianas, desde ir de compras hasta desplazarse al trabajo, ya que proporciona un almacenamiento organizado para los objetos personales.<\/p>\n<\/li>\n<li data-start=\"3491\" data-end=\"3605\">\n<p data-start=\"3493\" data-end=\"3605\"><strong data-start=\"3493\" data-end=\"3507\">Uso de oficina<\/strong>: Suficientemente elegante para complementar el atuendo de trabajo mientras mantiene los documentos y gadgets bien organizados.<\/p>\n<\/li>\n<li data-start=\"3606\" data-end=\"3736\">\n<p data-start=\"3608\" data-end=\"3736\"><strong data-start=\"3608\" data-end=\"3626\">Salidas informales<\/strong>: Adecuado para reunirse con amigos, asistir a eventos o viajes de fin de semana, ofreciendo tanto moda como funcionalidad.<\/p>\n<\/li>\n<\/ul>\n<p data-start=\"3743\" data-end=\"3894\">Si est\u00e1 interesado en esta bolsa, p\u00f3ngase en contacto con nosotros para solicitar una muestra. ODM &amp; OEM servicios est\u00e1n disponibles para pedidos personalizados para satisfacer las necesidades de su marca.<\/p>","protected":false},"excerpt":{"rendered":"<p>El bolso de hombro de cuero de la PU de las mujeres de la vendimia 2025 por <strong data-start=\"166\" data-end=\"176\">RONEER<\/strong> est\u00e1 dise\u00f1ado para combinar moda y funcionalidad. Fabricado con piel de PU de primera calidad, este bolso es una opci\u00f3n elegante y duradera para el uso diario. Ligero y vers\u00e1til, es el preferido por las mujeres para viajar, trabajar y la vida diaria. Su caracter\u00edstica impermeable garantiza la protecci\u00f3n contra la lluvia ligera, manteniendo las pertenencias seguras y secas.<\/p>","protected":false},"featured_media":1025,"comment_status":"open","ping_status":"closed","template":"","meta":{"site-sidebar-layout":"default","site-content-layout":"","ast-site-content-layout":"default","site-content-style":"default","site-sidebar-style":"default","ast-global-header-display":"","ast-banner-title-visibility":"","ast-main-header-display":"","ast-hfb-above-header-display":"","ast-hfb-below-header-display":"","ast-hfb-mobile-header-display":"","site-post-title":"","ast-breadcrumbs-content":"","ast-featured-img":"","footer-sml-layout":"","ast-disable-related-posts":"","theme-transparent-header-meta":"default","adv-header-id-meta":"","stick-header-meta":"","header-above-stick-meta":"","header-main-stick-meta":"","header-below-stick-meta":"","astra-migrate-meta-layouts":"set","ast-page-background-enabled":"default","ast-page-background-meta":{"desktop":{"background-color":"var(--ast-global-color-5)","background-image":"","background-repeat":"repeat","background-position":"center center","background-size":"auto","background-attachment":"scroll","background-type":"","background-media":"","overlay-type":"","overlay-color":"","overlay-opacity":"","overlay-gradient":""},"tablet":{"background-color":"","background-image":"","background-repeat":"repeat","background-position":"center center","background-size":"auto","background-attachment":"scroll","background-type":"","background-media":"","overlay-type":"","overlay-color":"","overlay-opacity":"","overlay-gradient":""},"mobile":{"background-color":"","background-image":"","background-repeat":"repeat","background-position":"center center","background-size":"auto","background-attachment":"scroll","background-type":"","background-media":"","overlay-type":"","overlay-color":"","overlay-opacity":"","overlay-gradient":""}},"ast-content-background-meta":{"desktop":{"background-color":"var(--ast-global-color-4)","background-image":"","background-repeat":"repeat","background-position":"center center","background-size":"auto","background-attachment":"scroll","background-type":"","background-media":"","overlay-type":"","overlay-color":"","overlay-opacity":"","overlay-gradient":""},"tablet":{"background-color":"var(--ast-global-color-4)","background-image":"","background-repeat":"repeat","background-position":"center center","background-size":"auto","background-attachment":"scroll","background-type":"","background-media":"","overlay-type":"","overlay-color":"","overlay-opacity":"","overlay-gradient":""},"mobile":{"background-color":"var(--ast-global-color-4)","background-image":"","background-repeat":"repeat","background-position":"center center","background-size":"auto","background-attachment":"scroll","background-type":"","background-media":"","overlay-type":"","overlay-color":"","overlay-opacity":"","overlay-gradient":""}}},"product_brand":[],"product_cat":[42,54],"product_tag":[],"class_list":{"0":"post-1024","1":"product","2":"type-product","3":"status-publish","4":"has-post-thumbnail","6":"product_cat-hand-bag","7":"product_cat-womens-bag","8":"desktop-align-left","9":"tablet-align-left","10":"mobile-align-left","12":"first","13":"instock","14":"shipping-taxable","15":"product-type-simple"},"_links":{"self":[{"href":"https:\/\/baijiabags.com\/es\/wp-json\/wp\/v2\/product\/1024","targetHints":{"allow":["GET"]}}],"collection":[{"href":"https:\/\/baijiabags.com\/es\/wp-json\/wp\/v2\/product"}],"about":[{"href":"https:\/\/baijiabags.com\/es\/wp-json\/wp\/v2\/types\/product"}],"replies":[{"embeddable":true,"href":"https:\/\/baijiabags.com\/es\/wp-json\/wp\/v2\/comments?post=1024"}],"wp:featuredmedia":[{"embeddable":true,"href":"https:\/\/baijiabags.com\/es\/wp-json\/wp\/v2\/media\/1025"}],"wp:attachment":[{"href":"https:\/\/baijiabags.com\/es\/wp-json\/wp\/v2\/media?parent=1024"}],"wp:term":[{"taxonomy":"product_brand","embeddable":true,"href":"https:\/\/baijiabags.com\/es\/wp-json\/wp\/v2\/product_brand?post=1024"},{"taxonomy":"product_cat","embeddable":true,"href":"https:\/\/baijiabags.com\/es\/wp-json\/wp\/v2\/product_cat?post=1024"},{"taxonomy":"product_tag","embeddable":true,"href":"https:\/\/baijiabags.com\/es\/wp-json\/wp\/v2\/product_tag?post=1024"}],"curies":[{"name":"wp","href":"https:\/\/api.w.org\/{rel}","templated":true}]}}