{"id":1003,"date":"2025-09-09T07:21:38","date_gmt":"2025-09-09T07:21:38","guid":{"rendered":"https:\/\/baijiabags.com\/?post_type=product&#038;p=1003"},"modified":"2025-11-01T01:22:37","modified_gmt":"2025-11-01T01:22:37","slug":"roneer-ladies-handbag-fashion-simple-style-pu-tote-bag","status":"publish","type":"product","link":"https:\/\/baijiabags.com\/es\/producto\/roneer-ladies-handbag-fashion-simple-style-pu-tote-bag\/","title":{"rendered":"RONEER Ladies Handbag Fashion Simple Style PU Tote Bag"},"content":{"rendered":"<h2 data-start=\"807\" data-end=\"824\">Caracter\u00edsticas principales<\/h2>\n<ol data-start=\"825\" data-end=\"1803\">\n<li data-start=\"825\" data-end=\"943\">\n<p data-start=\"828\" data-end=\"943\"><strong data-start=\"828\" data-end=\"857\">Dise\u00f1o de moda minimalista<\/strong> - Se ha enfatizado un aspecto limpio y elegante para complementar diversos atuendos.<\/p>\n<\/li>\n<li data-start=\"944\" data-end=\"1071\">\n<p data-start=\"947\" data-end=\"1071\"><strong data-start=\"947\" data-end=\"970\">Material de PU duradero<\/strong> - Se ha elegido piel sint\u00e9tica de alta calidad para proporcionar resistencia al desgaste y mantener la forma.<\/p>\n<\/li>\n<li data-start=\"1072\" data-end=\"1188\">\n<p data-start=\"1075\" data-end=\"1188\"><strong data-start=\"1075\" data-end=\"1103\">Construcci\u00f3n ligera<\/strong> - A s\u00f3lo <strong data-start=\"1114\" data-end=\"1125\">0,72 kg<\/strong>El bolso es f\u00e1cil de llevar durante todo el d\u00eda.<\/p>\n<\/li>\n<li data-start=\"1189\" data-end=\"1323\">\n<p data-start=\"1192\" data-end=\"1323\"><strong data-start=\"1192\" data-end=\"1212\">Almacenamiento espacioso<\/strong> - Se ha incluido un gran compartimento para guardar los objetos de uso diario, incluidos dispositivos electr\u00f3nicos y revistas.<\/p>\n<\/li>\n<li data-start=\"1324\" data-end=\"1425\">\n<p data-start=\"1327\" data-end=\"1425\"><strong data-start=\"1327\" data-end=\"1354\">Opciones de transporte vers\u00e1tiles<\/strong> - El bolso est\u00e1 equipado tanto para llevarlo en la mano como en el brazo.<\/p>\n<\/li>\n<li data-start=\"1426\" data-end=\"1566\">\n<p data-start=\"1429\" data-end=\"1566\"><strong data-start=\"1429\" data-end=\"1453\">Dimensiones pr\u00e1cticas<\/strong> - Con un tama\u00f1o de <strong data-start=\"1471\" data-end=\"1490\">13,5 cm \u00d7 35 cm<\/strong>La bolsa se ha proporcionado para la comodidad diaria sin ser voluminosa.<\/p>\n<\/li>\n<li data-start=\"1567\" data-end=\"1683\">\n<p data-start=\"1570\" data-end=\"1683\"><strong data-start=\"1570\" data-end=\"1587\">Color neutro<\/strong> - Se ha seleccionado un color blanco liso cl\u00e1sico para combinarlo sin esfuerzo con otros estilos de ropa.<\/p>\n<\/li>\n<li data-start=\"1684\" data-end=\"1803\">\n<p data-start=\"1687\" data-end=\"1803\"><strong data-start=\"1687\" data-end=\"1707\">Embalaje seguro<\/strong> - Cada bolsa se ha embalado individualmente en una caja de cart\u00f3n protectora que mide <strong data-start=\"1781\" data-end=\"1800\">45 \u00d7 32 \u00d7 15 cm<\/strong>.<\/p>\n<\/li>\n<\/ol>\n<figure id=\"attachment_1098\" aria-describedby=\"caption-attachment-1098\" style=\"width: 750px\" class=\"wp-caption aligncenter\"><img fetchpriority=\"high\" decoding=\"async\" class=\"wp-image-1098 size-full\" src=\"https:\/\/baijiabags.com\/wp-content\/uploads\/2025\/09\/EBG19723-4.png\" alt=\"EBG19723 \" width=\"750\" height=\"668\" srcset=\"https:\/\/baijiabags.com\/wp-content\/uploads\/2025\/09\/EBG19723-4.png 750w, https:\/\/baijiabags.com\/wp-content\/uploads\/2025\/09\/EBG19723-4-300x267.png 300w, https:\/\/baijiabags.com\/wp-content\/uploads\/2025\/09\/EBG19723-4-600x534.png 600w\" sizes=\"(max-width: 750px) 100vw, 750px\" \/><figcaption id=\"caption-attachment-1098\" class=\"wp-caption-text\">EBG19723<\/figcaption><\/figure>\n<h2 data-start=\"1805\" data-end=\"1824\">Especificaciones<\/h2>\n<div class=\"_tableContainer_1rjym_1\">\n<div class=\"_tableWrapper_1rjym_13 group flex w-fit flex-col-reverse\" tabindex=\"-1\">\n<table class=\"w-fit min-w-(--thread-content-width)\" data-start=\"1826\" data-end=\"2819\">\n<thead data-start=\"1826\" data-end=\"1890\">\n<tr data-start=\"1826\" data-end=\"1890\">\n<th data-start=\"1826\" data-end=\"1851\" data-col-size=\"sm\"><strong data-start=\"1828\" data-end=\"1841\">Par\u00e1metro<\/strong><\/th>\n<th data-start=\"1851\" data-end=\"1890\" data-col-size=\"md\"><strong data-start=\"1853\" data-end=\"1868\">Descripci\u00f3n<\/strong><\/th>\n<\/tr>\n<\/thead>\n<tbody data-start=\"1957\" data-end=\"2819\">\n<tr data-start=\"1957\" data-end=\"2021\">\n<td data-start=\"1957\" data-end=\"1983\" data-col-size=\"sm\">Nombre del producto<\/td>\n<td data-start=\"1983\" data-end=\"2021\" data-col-size=\"md\">Bolso de se\u00f1ora<\/td>\n<\/tr>\n<tr data-start=\"2022\" data-end=\"2086\">\n<td data-start=\"2022\" data-end=\"2048\" data-col-size=\"sm\">Marca<\/td>\n<td data-start=\"2048\" data-end=\"2086\" data-col-size=\"md\">RONEER<\/td>\n<\/tr>\n<tr data-start=\"2087\" data-end=\"2151\">\n<td data-start=\"2087\" data-end=\"2113\" data-col-size=\"sm\">Modelo<\/td>\n<td data-start=\"2113\" data-end=\"2151\" data-col-size=\"md\">EBG19723<\/td>\n<\/tr>\n<tr data-start=\"2152\" data-end=\"2216\">\n<td data-start=\"2152\" data-end=\"2178\" data-col-size=\"sm\">Estilo<\/td>\n<td data-start=\"2178\" data-end=\"2216\" data-col-size=\"md\">Moda sencilla<\/td>\n<\/tr>\n<tr data-start=\"2217\" data-end=\"2281\">\n<td data-start=\"2217\" data-end=\"2243\" data-col-size=\"sm\">Dimensiones<\/td>\n<td data-start=\"2243\" data-end=\"2281\" data-col-size=\"md\">13,5 cm \u00d7 35 cm<\/td>\n<\/tr>\n<tr data-start=\"2282\" data-end=\"2346\">\n<td data-start=\"2282\" data-end=\"2308\" data-col-size=\"sm\">Peso<\/td>\n<td data-start=\"2308\" data-end=\"2346\" data-col-size=\"md\">0,72 kg<\/td>\n<\/tr>\n<tr data-start=\"2347\" data-end=\"2411\">\n<td data-start=\"2347\" data-end=\"2373\" data-col-size=\"sm\">Material<\/td>\n<td data-start=\"2373\" data-end=\"2411\" data-col-size=\"md\">PU (poliuretano)<\/td>\n<\/tr>\n<tr data-start=\"2412\" data-end=\"2476\">\n<td data-start=\"2412\" data-end=\"2438\" data-col-size=\"sm\">Origen<\/td>\n<td data-start=\"2438\" data-end=\"2476\" data-col-size=\"md\">Guangdong, China<\/td>\n<\/tr>\n<tr data-start=\"2477\" data-end=\"2541\">\n<td data-start=\"2477\" data-end=\"2503\" data-col-size=\"sm\">Color<\/td>\n<td data-start=\"2503\" data-end=\"2541\" data-col-size=\"md\">Blanco, S\u00f3lido<\/td>\n<\/tr>\n<tr data-start=\"2542\" data-end=\"2606\">\n<td data-start=\"2542\" data-end=\"2568\" data-col-size=\"sm\">M\u00e9todo de transporte<\/td>\n<td data-start=\"2568\" data-end=\"2606\" data-col-size=\"md\">Mano \/ Brazo<\/td>\n<\/tr>\n<tr data-start=\"2607\" data-end=\"2689\">\n<td data-start=\"2607\" data-end=\"2633\" data-col-size=\"sm\">Capacidad<\/td>\n<td data-start=\"2633\" data-end=\"2689\" data-col-size=\"md\">Caben una revista A4, un iPad, un paraguas, cosm\u00e9ticos y un tel\u00e9fono<\/td>\n<\/tr>\n<tr data-start=\"2690\" data-end=\"2754\">\n<td data-start=\"2690\" data-end=\"2716\" data-col-size=\"sm\">MOQ<\/td>\n<td data-start=\"2716\" data-end=\"2754\" data-col-size=\"md\">300<\/td>\n<\/tr>\n<\/tbody>\n<\/table>\n<\/div>\n<\/div>\n<h2 data-start=\"2821\" data-end=\"2838\">Aplicaciones<\/h2>\n<ul data-start=\"2905\" data-end=\"3265\">\n<li data-start=\"2905\" data-end=\"2990\">\n<p data-start=\"2907\" data-end=\"2990\"><strong data-start=\"2907\" data-end=\"2919\">Compras<\/strong> - Suficientemente espacioso para guardar objetos personales durante salidas informales.<\/p>\n<\/li>\n<li data-start=\"2991\" data-end=\"3080\">\n<p data-start=\"2993\" data-end=\"3080\"><strong data-start=\"2993\" data-end=\"3001\">Trabajo<\/strong> - Adecuado para transportar art\u00edculos de oficina como tabletas, cuadernos y documentos.<\/p>\n<\/li>\n<li data-start=\"3081\" data-end=\"3180\">\n<p data-start=\"3083\" data-end=\"3180\"><strong data-start=\"3083\" data-end=\"3093\">Viajar<\/strong> - Pr\u00e1ctico para viajes cortos, ofrece almacenamiento para documentos de viaje y accesorios.<\/p>\n<\/li>\n<li data-start=\"3181\" data-end=\"3265\">\n<p data-start=\"3183\" data-end=\"3265\"><strong data-start=\"3183\" data-end=\"3196\">Uso diario<\/strong> - Ideales para el estilo de vida urbano, combinan moda y practicidad.<\/p>\n<\/li>\n<\/ul>\n<p>Si est\u00e1 interesado en este bolso, por favor <strong data-start=\"3637\" data-end=\"3671\">p\u00f3ngase en contacto con nosotros para solicitar una muestra<\/strong>. <strong data-start=\"3673\" data-end=\"3708\">Servicios ODM y OEM<\/strong>que permite la personalizaci\u00f3n para satisfacer las necesidades espec\u00edficas de la marca y el mercado.<\/p>","protected":false},"excerpt":{"rendered":"<p>El bolso de la se\u00f1ora por <strong data-start=\"299\" data-end=\"309\">RONEER<\/strong> ha sido dise\u00f1ado con un estilo moderno y minimalista que realza tanto su practicidad como su atractivo a la moda. El modelo <strong data-start=\"425\" data-end=\"437\">EBG19723<\/strong> se ha creado con material PU de alta calidad para garantizar su durabilidad y ligereza. Con su amplia capacidad, la bolsa se ha estructurado para acomodar art\u00edculos esenciales del d\u00eda a d\u00eda, como una revista A4, un iPad, un smartphone, un paraguas plegable, cosm\u00e9ticos y mucho m\u00e1s. Se ha previsto un m\u00e9todo de transporte vers\u00e1til, que permite llevar la bolsa en la mano o en el brazo.<\/p>","protected":false},"featured_media":1004,"comment_status":"open","ping_status":"closed","template":"","meta":{"site-sidebar-layout":"default","site-content-layout":"","ast-site-content-layout":"default","site-content-style":"default","site-sidebar-style":"default","ast-global-header-display":"","ast-banner-title-visibility":"","ast-main-header-display":"","ast-hfb-above-header-display":"","ast-hfb-below-header-display":"","ast-hfb-mobile-header-display":"","site-post-title":"","ast-breadcrumbs-content":"","ast-featured-img":"","footer-sml-layout":"","ast-disable-related-posts":"","theme-transparent-header-meta":"default","adv-header-id-meta":"","stick-header-meta":"","header-above-stick-meta":"","header-main-stick-meta":"","header-below-stick-meta":"","astra-migrate-meta-layouts":"set","ast-page-background-enabled":"default","ast-page-background-meta":{"desktop":{"background-color":"var(--ast-global-color-5)","background-image":"","background-repeat":"repeat","background-position":"center center","background-size":"auto","background-attachment":"scroll","background-type":"","background-media":"","overlay-type":"","overlay-color":"","overlay-opacity":"","overlay-gradient":""},"tablet":{"background-color":"","background-image":"","background-repeat":"repeat","background-position":"center center","background-size":"auto","background-attachment":"scroll","background-type":"","background-media":"","overlay-type":"","overlay-color":"","overlay-opacity":"","overlay-gradient":""},"mobile":{"background-color":"","background-image":"","background-repeat":"repeat","background-position":"center center","background-size":"auto","background-attachment":"scroll","background-type":"","background-media":"","overlay-type":"","overlay-color":"","overlay-opacity":"","overlay-gradient":""}},"ast-content-background-meta":{"desktop":{"background-color":"var(--ast-global-color-4)","background-image":"","background-repeat":"repeat","background-position":"center center","background-size":"auto","background-attachment":"scroll","background-type":"","background-media":"","overlay-type":"","overlay-color":"","overlay-opacity":"","overlay-gradient":""},"tablet":{"background-color":"var(--ast-global-color-4)","background-image":"","background-repeat":"repeat","background-position":"center center","background-size":"auto","background-attachment":"scroll","background-type":"","background-media":"","overlay-type":"","overlay-color":"","overlay-opacity":"","overlay-gradient":""},"mobile":{"background-color":"var(--ast-global-color-4)","background-image":"","background-repeat":"repeat","background-position":"center center","background-size":"auto","background-attachment":"scroll","background-type":"","background-media":"","overlay-type":"","overlay-color":"","overlay-opacity":"","overlay-gradient":""}}},"product_brand":[],"product_cat":[42,54],"product_tag":[],"class_list":{"0":"post-1003","1":"product","2":"type-product","3":"status-publish","4":"has-post-thumbnail","6":"product_cat-hand-bag","7":"product_cat-womens-bag","8":"desktop-align-left","9":"tablet-align-left","10":"mobile-align-left","12":"first","13":"instock","14":"shipping-taxable","15":"product-type-simple"},"_links":{"self":[{"href":"https:\/\/baijiabags.com\/es\/wp-json\/wp\/v2\/product\/1003","targetHints":{"allow":["GET"]}}],"collection":[{"href":"https:\/\/baijiabags.com\/es\/wp-json\/wp\/v2\/product"}],"about":[{"href":"https:\/\/baijiabags.com\/es\/wp-json\/wp\/v2\/types\/product"}],"replies":[{"embeddable":true,"href":"https:\/\/baijiabags.com\/es\/wp-json\/wp\/v2\/comments?post=1003"}],"wp:featuredmedia":[{"embeddable":true,"href":"https:\/\/baijiabags.com\/es\/wp-json\/wp\/v2\/media\/1004"}],"wp:attachment":[{"href":"https:\/\/baijiabags.com\/es\/wp-json\/wp\/v2\/media?parent=1003"}],"wp:term":[{"taxonomy":"product_brand","embeddable":true,"href":"https:\/\/baijiabags.com\/es\/wp-json\/wp\/v2\/product_brand?post=1003"},{"taxonomy":"product_cat","embeddable":true,"href":"https:\/\/baijiabags.com\/es\/wp-json\/wp\/v2\/product_cat?post=1003"},{"taxonomy":"product_tag","embeddable":true,"href":"https:\/\/baijiabags.com\/es\/wp-json\/wp\/v2\/product_tag?post=1003"}],"curies":[{"name":"wp","href":"https:\/\/api.w.org\/{rel}","templated":true}]}}