{"id":5700,"date":"2026-03-17T05:50:12","date_gmt":"2026-03-17T05:50:12","guid":{"rendered":"https:\/\/baijiabags.com\/?post_type=product&#038;p=5700"},"modified":"2026-03-17T05:50:12","modified_gmt":"2026-03-17T05:50:12","slug":"custom-elegant-crossbody-bag-multi-compartment-fashion-stitching-for-daily-use-2","status":"publish","type":"product","link":"https:\/\/baijiabags.com\/de\/produkt\/custom-elegant-crossbody-bag-multi-compartment-fashion-stitching-for-daily-use-2\/","title":{"rendered":"Benutzerdefinierte elegante Crossbody Bag Multi Compartment Mode N\u00e4hen f\u00fcr den t\u00e4glichen Gebrauch"},"content":{"rendered":"<h2 data-section-id=\"1ma7m6t\" data-start=\"542\" data-end=\"557\">Wesentliche Merkmale<\/h2>\n<ul data-start=\"559\" data-end=\"1506\">\n<li data-section-id=\"1ey1fdf\" data-start=\"559\" data-end=\"676\">\n<p data-start=\"561\" data-end=\"676\"><strong data-start=\"561\" data-end=\"589\">Hochwertiges Ledermaterial<\/strong> - Hochwertiges Echtleder sorgt f\u00fcr lange Haltbarkeit und ein luxuri\u00f6ses Gef\u00fchl.<\/p>\n<\/li>\n<li data-section-id=\"nxj0e3\" data-start=\"677\" data-end=\"840\">\n<p data-start=\"679\" data-end=\"840\"><strong data-start=\"679\" data-end=\"707\">Mehrkammersystem<\/strong> - Mehrere Taschen und F\u00e4cher bieten organisierten Stauraum f\u00fcr wichtige Dinge wie Brieftaschen, Telefone, Schl\u00fcssel und kleine Accessoires.<\/p>\n<\/li>\n<li data-section-id=\"10tybgz\" data-start=\"841\" data-end=\"974\">\n<p data-start=\"843\" data-end=\"974\"><strong data-start=\"843\" data-end=\"874\">Gr\u00f6\u00dfe und Farbe anpassbar<\/strong> - Die Abmessungen der Beutel und die Farboptionen k\u00f6nnen auf die jeweiligen Vorlieben oder Markenanforderungen zugeschnitten werden.<\/p>\n<\/li>\n<li data-section-id=\"19ryfh7\" data-start=\"975\" data-end=\"1093\">\n<p data-start=\"977\" data-end=\"1093\"><strong data-start=\"977\" data-end=\"1002\">Modisch gen\u00e4ht<\/strong> - Detaillierte N\u00e4hte unterstreichen die \u00c4sthetik der Tasche und sorgen gleichzeitig f\u00fcr strukturelle Stabilit\u00e4t.<\/p>\n<\/li>\n<li data-section-id=\"pn0h3l\" data-start=\"1094\" data-end=\"1190\">\n<p data-start=\"1096\" data-end=\"1190\"><strong data-start=\"1096\" data-end=\"1118\">Logo-Anpassung<\/strong> - Die Platzierung eines personalisierten Logos ist m\u00f6glich, um die Markenidentit\u00e4t widerzuspiegeln.<\/p>\n<\/li>\n<li data-section-id=\"1xnubq3\" data-start=\"1191\" data-end=\"1287\">\n<p data-start=\"1193\" data-end=\"1287\"><strong data-start=\"1193\" data-end=\"1213\">Langlebige Hardware<\/strong> - Hochwertige Rei\u00dfverschl\u00fcsse und Schnallen erh\u00f6hen die Funktionalit\u00e4t und Lebensdauer.<\/p>\n<\/li>\n<li data-section-id=\"71wb8g\" data-start=\"1288\" data-end=\"1381\">\n<p data-start=\"1290\" data-end=\"1381\"><strong data-start=\"1290\" data-end=\"1318\">Bequemes Riemen-Design<\/strong> - Die verstellbaren Riemen sorgen f\u00fcr einen hohen Tragekomfort bei l\u00e4ngerem Gebrauch.<\/p>\n<\/li>\n<li data-section-id=\"16114gj\" data-start=\"1382\" data-end=\"1506\">\n<p data-start=\"1384\" data-end=\"1506\"><strong data-start=\"1384\" data-end=\"1410\">Leicht und doch robust<\/strong> - Die Tasche bietet ein ausgewogenes Verh\u00e4ltnis von Gewicht und Widerstandsf\u00e4higkeit und ist damit ideal f\u00fcr den Alltag.<\/p>\n<\/li>\n<\/ul>\n<h2 data-section-id=\"1a3ueyz\" data-start=\"1508\" data-end=\"1525\">Spezifikationen<\/h2>\n<div class=\"TyagGW_tableContainer\">\n<div class=\"group TyagGW_tableWrapper flex flex-col-reverse w-fit\" tabindex=\"-1\">\n<table class=\"w-fit min-w-(--thread-content-width)\" data-start=\"1527\" data-end=\"2562\">\n<thead data-start=\"1527\" data-end=\"1596\">\n<tr data-start=\"1527\" data-end=\"1596\">\n<th class=\"\" data-start=\"1527\" data-end=\"1545\" data-col-size=\"sm\">Parameter<\/th>\n<th class=\"\" data-start=\"1545\" data-end=\"1596\" data-col-size=\"sm\">Einzelheiten<\/th>\n<\/tr>\n<\/thead>\n<tbody data-start=\"1666\" data-end=\"2562\">\n<tr data-start=\"1666\" data-end=\"1734\">\n<td data-start=\"1666\" data-end=\"1684\" data-col-size=\"sm\">Produktname<\/td>\n<td data-start=\"1684\" data-end=\"1734\" data-col-size=\"sm\">Umh\u00e4ngetasche<\/td>\n<\/tr>\n<tr data-start=\"1735\" data-end=\"1803\">\n<td data-start=\"1735\" data-end=\"1753\" data-col-size=\"sm\">Marke<\/td>\n<td data-start=\"1753\" data-end=\"1803\" data-col-size=\"sm\">RONEER<\/td>\n<\/tr>\n<tr data-start=\"1804\" data-end=\"1872\">\n<td data-start=\"1804\" data-end=\"1822\" data-col-size=\"sm\">Herkunft<\/td>\n<td data-start=\"1822\" data-end=\"1872\" data-col-size=\"sm\">Guangdong, China<\/td>\n<\/tr>\n<tr data-start=\"1873\" data-end=\"1941\">\n<td data-start=\"1873\" data-end=\"1891\" data-col-size=\"sm\">Stil<\/td>\n<td data-start=\"1891\" data-end=\"1941\" data-col-size=\"sm\">Mode<\/td>\n<\/tr>\n<tr data-start=\"1942\" data-end=\"2010\">\n<td data-start=\"1942\" data-end=\"1960\" data-col-size=\"sm\">Logo<\/td>\n<td data-start=\"1960\" data-end=\"2010\" data-col-size=\"sm\">Anpassbar<\/td>\n<\/tr>\n<tr data-start=\"2011\" data-end=\"2079\">\n<td data-start=\"2011\" data-end=\"2029\" data-col-size=\"sm\">Abmessungen<\/td>\n<td data-start=\"2029\" data-end=\"2079\" data-col-size=\"sm\">Anpassbar<\/td>\n<\/tr>\n<tr data-start=\"2080\" data-end=\"2148\">\n<td data-start=\"2080\" data-end=\"2098\" data-col-size=\"sm\">Modell<\/td>\n<td data-start=\"2098\" data-end=\"2148\" data-col-size=\"sm\">GB-6054<\/td>\n<\/tr>\n<tr data-start=\"2149\" data-end=\"2217\">\n<td data-start=\"2149\" data-end=\"2167\" data-col-size=\"sm\">Farbe<\/td>\n<td data-start=\"2167\" data-end=\"2217\" data-col-size=\"sm\">Anpassbar<\/td>\n<\/tr>\n<tr data-start=\"2218\" data-end=\"2286\">\n<td data-start=\"2218\" data-end=\"2236\" data-col-size=\"sm\">Material<\/td>\n<td data-start=\"2236\" data-end=\"2286\" data-col-size=\"sm\">Echtes Leder<\/td>\n<\/tr>\n<tr data-start=\"2287\" data-end=\"2355\">\n<td data-start=\"2287\" data-end=\"2305\" data-col-size=\"sm\">Eigenschaften<\/td>\n<td data-start=\"2305\" data-end=\"2355\" data-col-size=\"sm\">Dauerhaft<\/td>\n<\/tr>\n<tr data-start=\"2356\" data-end=\"2424\">\n<td data-start=\"2356\" data-end=\"2374\" data-col-size=\"sm\">MOQ<\/td>\n<td data-start=\"2374\" data-end=\"2424\" data-col-size=\"sm\">Verhandlungsf\u00e4hig<\/td>\n<\/tr>\n<tr data-start=\"2425\" data-end=\"2493\">\n<td data-start=\"2425\" data-end=\"2443\" data-col-size=\"sm\">Verpackung<\/td>\n<td data-start=\"2443\" data-end=\"2493\" data-col-size=\"sm\">Verhandlungsf\u00e4hig<\/td>\n<\/tr>\n<tr data-start=\"2494\" data-end=\"2562\">\n<td data-start=\"2494\" data-end=\"2512\" data-col-size=\"sm\">Anmeldung<\/td>\n<td data-start=\"2512\" data-end=\"2562\" data-col-size=\"sm\">T\u00e4glicher Gebrauch, Arbeit, Reisen<\/td>\n<\/tr>\n<\/tbody>\n<\/table>\n<\/div>\n<\/div>\n<h2 data-section-id=\"mu966k\" data-start=\"2564\" data-end=\"2579\">Anwendungen<\/h2>\n<ul data-start=\"2581\" data-end=\"2834\">\n<li data-section-id=\"1cq4y1h\" data-start=\"2581\" data-end=\"2669\">\n<p data-start=\"2583\" data-end=\"2669\"><strong data-start=\"2583\" data-end=\"2596\">T\u00e4glicher Gebrauch<\/strong> - Perfekt, um allt\u00e4gliche Dinge mit Stil und Komfort zu transportieren.<\/p>\n<\/li>\n<li data-section-id=\"1bsbrfy\" data-start=\"2670\" data-end=\"2759\">\n<p data-start=\"2672\" data-end=\"2759\"><strong data-start=\"2672\" data-end=\"2680\">Arbeit<\/strong> - Geeignet f\u00fcr professionelle Umgebungen und zur Aufbewahrung von Gegenst\u00e4nden.<\/p>\n<\/li>\n<li data-section-id=\"1h52lho\" data-start=\"2760\" data-end=\"2834\">\n<p data-start=\"2762\" data-end=\"2834\"><strong data-start=\"2762\" data-end=\"2772\">Reisen<\/strong> - Leicht und praktisch f\u00fcr Kurztrips oder St\u00e4dtereisen.<\/p>\n<\/li>\n<\/ul>\n<p data-start=\"2836\" data-end=\"3049\">Wenn Sie an dieser Crossbody-Tasche interessiert sind, kontaktieren Sie uns bitte, um ein Muster anzufordern. <strong data-start=\"2920\" data-end=\"2956\">ODM- und OEM-Dienste sind verf\u00fcgbar<\/strong>und erm\u00f6glicht die vollst\u00e4ndige Anpassung von Logo, Gr\u00f6\u00dfe, Farbe und Verpackung an die Bed\u00fcrfnisse Ihrer Marke.<\/p>","protected":false},"excerpt":{"rendered":"<p>Die <strong data-start=\"141\" data-end=\"223\">Benutzerdefinierte elegante Crossbody Bag Multi Compartment Mode N\u00e4hen f\u00fcr den t\u00e4glichen Gebrauch<\/strong> von <strong data-start=\"227\" data-end=\"237\">RONEER<\/strong> wurde f\u00fcr Menschen entworfen, die sowohl Wert auf Stil als auch auf Zweckm\u00e4\u00dfigkeit legen. Gefertigt aus <strong data-start=\"316\" data-end=\"336\">Guangdong, China<\/strong>Diese Tasche kombiniert eine robuste Konstruktion mit einem eleganten, modischen Look. Ihr vielseitiges Design macht sie geeignet f\u00fcr <strong data-start=\"455\" data-end=\"486\">t\u00e4glicher Gebrauch, Arbeit und Reisen<\/strong>und gleichzeitig ein raffiniertes und modernes Erscheinungsbild beibehalten.<\/p>","protected":false},"featured_media":5705,"comment_status":"open","ping_status":"closed","template":"","meta":{"site-sidebar-layout":"default","site-content-layout":"","ast-site-content-layout":"default","site-content-style":"default","site-sidebar-style":"default","ast-global-header-display":"","ast-banner-title-visibility":"","ast-main-header-display":"","ast-hfb-above-header-display":"","ast-hfb-below-header-display":"","ast-hfb-mobile-header-display":"","site-post-title":"","ast-breadcrumbs-content":"","ast-featured-img":"","footer-sml-layout":"","ast-disable-related-posts":"","theme-transparent-header-meta":"default","adv-header-id-meta":"","stick-header-meta":"","header-above-stick-meta":"","header-main-stick-meta":"","header-below-stick-meta":"","astra-migrate-meta-layouts":"set","ast-page-background-enabled":"default","ast-page-background-meta":{"desktop":{"background-color":"var(--ast-global-color-5)","background-image":"","background-repeat":"repeat","background-position":"center center","background-size":"auto","background-attachment":"scroll","background-type":"","background-media":"","overlay-type":"","overlay-color":"","overlay-opacity":"","overlay-gradient":""},"tablet":{"background-color":"","background-image":"","background-repeat":"repeat","background-position":"center center","background-size":"auto","background-attachment":"scroll","background-type":"","background-media":"","overlay-type":"","overlay-color":"","overlay-opacity":"","overlay-gradient":""},"mobile":{"background-color":"","background-image":"","background-repeat":"repeat","background-position":"center center","background-size":"auto","background-attachment":"scroll","background-type":"","background-media":"","overlay-type":"","overlay-color":"","overlay-opacity":"","overlay-gradient":""}},"ast-content-background-meta":{"desktop":{"background-color":"var(--ast-global-color-4)","background-image":"","background-repeat":"repeat","background-position":"center center","background-size":"auto","background-attachment":"scroll","background-type":"","background-media":"","overlay-type":"","overlay-color":"","overlay-opacity":"","overlay-gradient":""},"tablet":{"background-color":"var(--ast-global-color-4)","background-image":"","background-repeat":"repeat","background-position":"center center","background-size":"auto","background-attachment":"scroll","background-type":"","background-media":"","overlay-type":"","overlay-color":"","overlay-opacity":"","overlay-gradient":""},"mobile":{"background-color":"var(--ast-global-color-4)","background-image":"","background-repeat":"repeat","background-position":"center center","background-size":"auto","background-attachment":"scroll","background-type":"","background-media":"","overlay-type":"","overlay-color":"","overlay-opacity":"","overlay-gradient":""}}},"product_brand":[],"product_cat":[21],"product_tag":[],"class_list":{"0":"post-5700","1":"product","2":"type-product","3":"status-publish","4":"has-post-thumbnail","6":"product_cat-backpack","7":"desktop-align-left","8":"tablet-align-left","9":"mobile-align-left","11":"first","12":"instock","13":"shipping-taxable","14":"product-type-simple"},"_links":{"self":[{"href":"https:\/\/baijiabags.com\/de\/wp-json\/wp\/v2\/product\/5700","targetHints":{"allow":["GET"]}}],"collection":[{"href":"https:\/\/baijiabags.com\/de\/wp-json\/wp\/v2\/product"}],"about":[{"href":"https:\/\/baijiabags.com\/de\/wp-json\/wp\/v2\/types\/product"}],"replies":[{"embeddable":true,"href":"https:\/\/baijiabags.com\/de\/wp-json\/wp\/v2\/comments?post=5700"}],"wp:featuredmedia":[{"embeddable":true,"href":"https:\/\/baijiabags.com\/de\/wp-json\/wp\/v2\/media\/5705"}],"wp:attachment":[{"href":"https:\/\/baijiabags.com\/de\/wp-json\/wp\/v2\/media?parent=5700"}],"wp:term":[{"taxonomy":"product_brand","embeddable":true,"href":"https:\/\/baijiabags.com\/de\/wp-json\/wp\/v2\/product_brand?post=5700"},{"taxonomy":"product_cat","embeddable":true,"href":"https:\/\/baijiabags.com\/de\/wp-json\/wp\/v2\/product_cat?post=5700"},{"taxonomy":"product_tag","embeddable":true,"href":"https:\/\/baijiabags.com\/de\/wp-json\/wp\/v2\/product_tag?post=5700"}],"curies":[{"name":"wp","href":"https:\/\/api.w.org\/{rel}","templated":true}]}}