{"id":5618,"date":"2026-03-03T01:27:44","date_gmt":"2026-03-03T01:27:44","guid":{"rendered":"https:\/\/baijiabags.com\/?post_type=product&#038;p=5618"},"modified":"2026-03-04T06:58:44","modified_gmt":"2026-03-04T06:58:44","slug":"custom-pu-leather-backpack-fashion-travel-school-bag-oem-factory-supplier","status":"publish","type":"product","link":"https:\/\/baijiabags.com\/de\/produkt\/custom-pu-leather-backpack-fashion-travel-school-bag-oem-factory-supplier\/","title":{"rendered":"Benutzerdefinierte Rucksack Mode Travel School Bag OEM Factory Supplier"},"content":{"rendered":"<h2 data-start=\"909\" data-end=\"925\">Wesentliche Merkmale<\/h2>\n<ol data-start=\"927\" data-end=\"1889\">\n<li data-start=\"927\" data-end=\"1057\">\n<p data-start=\"930\" data-end=\"1057\"><strong data-start=\"930\" data-end=\"961\">Premium PU-Leder Material:<\/strong>Hochwertiges PU-Leder ist kratzfest, wasserbest\u00e4ndig und pflegeleicht.<\/p>\n<\/li>\n<li data-start=\"1059\" data-end=\"1179\">\n<p data-start=\"1062\" data-end=\"1179\"><strong data-start=\"1062\" data-end=\"1089\">Modeorientiertes Design:<\/strong>Die schlichte Silhouette mit modernem Styling passt sowohl zu legeren als auch zu semi-formellen Outfits.<\/p>\n<\/li>\n<li data-start=\"1181\" data-end=\"1301\">\n<p data-start=\"1184\" data-end=\"1301\"><strong data-start=\"1184\" data-end=\"1207\">Kundenspezifischer Logo-Service:<\/strong>Seidendruck, Pr\u00e4gung, Logoschilder aus Metall oder gewebte Etiketten sind auf Anfrage erh\u00e4ltlich.<\/p>\n<\/li>\n<li data-start=\"1303\" data-end=\"1398\">\n<p data-start=\"1306\" data-end=\"1398\"><strong data-start=\"1306\" data-end=\"1336\">Verstellbare Schultergurte:<\/strong>Verst\u00e4rkte Gurte verbessern den Komfort und die Lastverteilung.<\/p>\n<\/li>\n<li data-start=\"1400\" data-end=\"1518\">\n<p data-start=\"1403\" data-end=\"1518\"><strong data-start=\"1403\" data-end=\"1437\">Langlebige N\u00e4hte Konstruktion:<\/strong>Pr\u00e4zisionsn\u00e4hte verbessern die strukturelle Stabilit\u00e4t und langfristige Haltbarkeit.<\/p>\n<\/li>\n<li data-start=\"1520\" data-end=\"1611\">\n<p data-start=\"1523\" data-end=\"1611\"><strong data-start=\"1523\" data-end=\"1548\">Leichte Struktur:<\/strong>Entwickelt, um den Druck auf die Schultern bei l\u00e4ngerem Gebrauch zu verringern.<\/p>\n<\/li>\n<li data-start=\"1613\" data-end=\"1760\">\n<p data-start=\"1616\" data-end=\"1760\"><strong data-start=\"1616\" data-end=\"1641\">Mehrere F\u00e4cher:<\/strong>In den Innentaschen lassen sich wichtige Dinge des t\u00e4glichen Lebens wie Tablets, Geldb\u00f6rsen, Notizb\u00fccher und Kosmetika \u00fcbersichtlich verstauen.<\/p>\n<\/li>\n<li data-start=\"1762\" data-end=\"1889\">\n<p data-start=\"1765\" data-end=\"1889\"><strong data-start=\"1765\" data-end=\"1793\">Flexibel MOQ &amp; Verpackung:<\/strong>Mindestbestellmenge und Verpackungsdetails k\u00f6nnen je nach Kooperationsmodell ausgehandelt werden.<\/p>\n<\/li>\n<\/ol>\n<h2 data-start=\"1896\" data-end=\"1913\">Spezifikationen<\/h2>\n<div class=\"TyagGW_tableContainer\">\n<div class=\"group TyagGW_tableWrapper flex flex-col-reverse w-fit\" tabindex=\"-1\">\n<table class=\"w-fit min-w-(--thread-content-width)\" data-start=\"1915\" data-end=\"2421\">\n<thead data-start=\"1915\" data-end=\"1933\">\n<tr data-start=\"1915\" data-end=\"1933\">\n<th class=\"\" data-start=\"1915\" data-end=\"1922\" data-col-size=\"sm\">Artikel<\/th>\n<th class=\"\" data-start=\"1922\" data-end=\"1933\" data-col-size=\"md\">Einzelheiten<\/th>\n<\/tr>\n<\/thead>\n<tbody data-start=\"1953\" data-end=\"2421\">\n<tr data-start=\"1953\" data-end=\"1991\">\n<td data-start=\"1953\" data-end=\"1968\" data-col-size=\"sm\">Produktname<\/td>\n<td data-col-size=\"md\" data-start=\"1968\" data-end=\"1991\">PU-Leder-Rucksack<\/td>\n<\/tr>\n<tr data-start=\"1992\" data-end=\"2010\">\n<td data-start=\"1992\" data-end=\"2000\" data-col-size=\"sm\">Marke<\/td>\n<td data-col-size=\"md\" data-start=\"2000\" data-end=\"2010\">RONEER<\/td>\n<\/tr>\n<tr data-start=\"2011\" data-end=\"2049\">\n<td data-start=\"2011\" data-end=\"2029\" data-col-size=\"sm\">Ort der Herkunft<\/td>\n<td data-col-size=\"md\" data-start=\"2029\" data-end=\"2049\">Guangdong, China<\/td>\n<\/tr>\n<tr data-start=\"2050\" data-end=\"2069\">\n<td data-start=\"2050\" data-end=\"2058\" data-col-size=\"sm\">Stil<\/td>\n<td data-start=\"2058\" data-end=\"2069\" data-col-size=\"md\">Mode<\/td>\n<\/tr>\n<tr data-start=\"2070\" data-end=\"2100\">\n<td data-start=\"2070\" data-end=\"2086\" data-col-size=\"sm\">Hauptmaterial<\/td>\n<td data-col-size=\"md\" data-start=\"2086\" data-end=\"2100\">PU-Leder<\/td>\n<\/tr>\n<tr data-start=\"2101\" data-end=\"2144\">\n<td data-start=\"2101\" data-end=\"2108\" data-col-size=\"sm\">Gr\u00f6\u00dfe<\/td>\n<td data-col-size=\"md\" data-start=\"2108\" data-end=\"2144\">22 \u00d7 11 \u00d7 30,5 cm (anpassbar)<\/td>\n<\/tr>\n<tr data-start=\"2145\" data-end=\"2179\">\n<td data-start=\"2145\" data-end=\"2156\" data-col-size=\"sm\">Kapazit\u00e4t<\/td>\n<td data-col-size=\"md\" data-start=\"2156\" data-end=\"2179\">Ca. 7-10 Liter<\/td>\n<\/tr>\n<tr data-start=\"2180\" data-end=\"2204\">\n<td data-start=\"2180\" data-end=\"2188\" data-col-size=\"sm\">Farbe<\/td>\n<td data-start=\"2188\" data-end=\"2204\" data-col-size=\"md\">Anpassbar<\/td>\n<\/tr>\n<tr data-start=\"2205\" data-end=\"2228\">\n<td data-start=\"2205\" data-end=\"2212\" data-col-size=\"sm\">Logo<\/td>\n<td data-col-size=\"md\" data-start=\"2212\" data-end=\"2228\">Anpassbar<\/td>\n<\/tr>\n<tr data-start=\"2229\" data-end=\"2278\">\n<td data-start=\"2229\" data-end=\"2247\" data-col-size=\"sm\">Material der Auskleidung<\/td>\n<td data-col-size=\"md\" data-start=\"2247\" data-end=\"2278\">Polyester (wahlweise kundenspezifisch)<\/td>\n<\/tr>\n<tr data-start=\"2279\" data-end=\"2304\">\n<td data-start=\"2279\" data-end=\"2294\" data-col-size=\"sm\">Verschlussart<\/td>\n<td data-col-size=\"md\" data-start=\"2294\" data-end=\"2304\">Rei\u00dfverschluss<\/td>\n<\/tr>\n<tr data-start=\"2305\" data-end=\"2339\">\n<td data-start=\"2305\" data-end=\"2315\" data-col-size=\"sm\">Merkmal<\/td>\n<td data-col-size=\"md\" data-start=\"2315\" data-end=\"2339\">Langlebig, leicht<\/td>\n<\/tr>\n<tr data-start=\"2340\" data-end=\"2360\">\n<td data-start=\"2340\" data-end=\"2346\" data-col-size=\"sm\">MOQ<\/td>\n<td data-col-size=\"md\" data-start=\"2346\" data-end=\"2360\">Verhandlungsf\u00e4hig<\/td>\n<\/tr>\n<tr data-start=\"2361\" data-end=\"2421\">\n<td data-start=\"2361\" data-end=\"2373\" data-col-size=\"sm\">Verpackung<\/td>\n<td data-col-size=\"md\" data-start=\"2373\" data-end=\"2421\">Verhandlungsf\u00e4hig (OPP-Beutel\/Staubbeutel\/Sonderverpackung)<\/td>\n<\/tr>\n<\/tbody>\n<\/table>\n<\/div>\n<\/div>\n<h2 data-start=\"2428\" data-end=\"2442\">Anmeldung<\/h2>\n<ul data-start=\"2476\" data-end=\"2641\">\n<li data-start=\"2476\" data-end=\"2495\">\n<p data-start=\"2478\" data-end=\"2495\">T\u00e4gliches Pendeln<\/p>\n<\/li>\n<li data-start=\"2496\" data-end=\"2532\">\n<p data-start=\"2498\" data-end=\"2532\">B\u00fcro- und Gesch\u00e4ftsumgebungen<\/p>\n<\/li>\n<li data-start=\"2533\" data-end=\"2558\">\n<p data-start=\"2535\" data-end=\"2558\">Nutzung in der Schule und auf dem Campus<\/p>\n<\/li>\n<li data-start=\"2559\" data-end=\"2584\">\n<p data-start=\"2561\" data-end=\"2584\">Kurzstreckenreisen<\/p>\n<\/li>\n<\/ul>\n<p data-start=\"3097\" data-end=\"3241\" data-is-last-node=\"\" data-is-only-node=\"\">Wenn Sie an diesem Rucksack interessiert sind, kontaktieren Sie uns bitte, um Muster zu erhalten. ODM &amp; OEM Dienstleistungen sind verf\u00fcgbar, um Ihre Markenentwicklung zu unterst\u00fctzen.<\/p>","protected":false},"excerpt":{"rendered":"<p>Die <strong data-start=\"108\" data-end=\"145\">RONEER Custom PU-Leder-Rucksack<\/strong> kombiniert moderne Mode\u00e4sthetik mit praktischer Struktur f\u00fcr den t\u00e4glichen Gebrauch, die Arbeit und die Reise. Dieser Rucksack wird in Guangdong, China, hergestellt und ist f\u00fcr OEM- und ODM-Anpassungen konzipiert. Die Konstruktion aus hochwertigem PU-Leder sorgt f\u00fcr Strapazierf\u00e4higkeit, Wasserbest\u00e4ndigkeit und langfristige Leistung bei gleichzeitiger Beibehaltung eines eleganten Aussehens.<\/p>","protected":false},"featured_media":5620,"comment_status":"open","ping_status":"closed","template":"","meta":{"site-sidebar-layout":"default","site-content-layout":"","ast-site-content-layout":"default","site-content-style":"default","site-sidebar-style":"default","ast-global-header-display":"","ast-banner-title-visibility":"","ast-main-header-display":"","ast-hfb-above-header-display":"","ast-hfb-below-header-display":"","ast-hfb-mobile-header-display":"","site-post-title":"","ast-breadcrumbs-content":"","ast-featured-img":"","footer-sml-layout":"","ast-disable-related-posts":"","theme-transparent-header-meta":"default","adv-header-id-meta":"","stick-header-meta":"","header-above-stick-meta":"","header-main-stick-meta":"","header-below-stick-meta":"","astra-migrate-meta-layouts":"set","ast-page-background-enabled":"default","ast-page-background-meta":{"desktop":{"background-color":"var(--ast-global-color-5)","background-image":"","background-repeat":"repeat","background-position":"center center","background-size":"auto","background-attachment":"scroll","background-type":"","background-media":"","overlay-type":"","overlay-color":"","overlay-opacity":"","overlay-gradient":""},"tablet":{"background-color":"","background-image":"","background-repeat":"repeat","background-position":"center center","background-size":"auto","background-attachment":"scroll","background-type":"","background-media":"","overlay-type":"","overlay-color":"","overlay-opacity":"","overlay-gradient":""},"mobile":{"background-color":"","background-image":"","background-repeat":"repeat","background-position":"center center","background-size":"auto","background-attachment":"scroll","background-type":"","background-media":"","overlay-type":"","overlay-color":"","overlay-opacity":"","overlay-gradient":""}},"ast-content-background-meta":{"desktop":{"background-color":"var(--ast-global-color-4)","background-image":"","background-repeat":"repeat","background-position":"center center","background-size":"auto","background-attachment":"scroll","background-type":"","background-media":"","overlay-type":"","overlay-color":"","overlay-opacity":"","overlay-gradient":""},"tablet":{"background-color":"var(--ast-global-color-4)","background-image":"","background-repeat":"repeat","background-position":"center center","background-size":"auto","background-attachment":"scroll","background-type":"","background-media":"","overlay-type":"","overlay-color":"","overlay-opacity":"","overlay-gradient":""},"mobile":{"background-color":"var(--ast-global-color-4)","background-image":"","background-repeat":"repeat","background-position":"center center","background-size":"auto","background-attachment":"scroll","background-type":"","background-media":"","overlay-type":"","overlay-color":"","overlay-opacity":"","overlay-gradient":""}}},"product_brand":[],"product_cat":[21],"product_tag":[],"class_list":{"0":"post-5618","1":"product","2":"type-product","3":"status-publish","4":"has-post-thumbnail","6":"product_cat-backpack","7":"desktop-align-left","8":"tablet-align-left","9":"mobile-align-left","11":"first","12":"instock","13":"shipping-taxable","14":"product-type-simple"},"_links":{"self":[{"href":"https:\/\/baijiabags.com\/de\/wp-json\/wp\/v2\/product\/5618","targetHints":{"allow":["GET"]}}],"collection":[{"href":"https:\/\/baijiabags.com\/de\/wp-json\/wp\/v2\/product"}],"about":[{"href":"https:\/\/baijiabags.com\/de\/wp-json\/wp\/v2\/types\/product"}],"replies":[{"embeddable":true,"href":"https:\/\/baijiabags.com\/de\/wp-json\/wp\/v2\/comments?post=5618"}],"wp:featuredmedia":[{"embeddable":true,"href":"https:\/\/baijiabags.com\/de\/wp-json\/wp\/v2\/media\/5620"}],"wp:attachment":[{"href":"https:\/\/baijiabags.com\/de\/wp-json\/wp\/v2\/media?parent=5618"}],"wp:term":[{"taxonomy":"product_brand","embeddable":true,"href":"https:\/\/baijiabags.com\/de\/wp-json\/wp\/v2\/product_brand?post=5618"},{"taxonomy":"product_cat","embeddable":true,"href":"https:\/\/baijiabags.com\/de\/wp-json\/wp\/v2\/product_cat?post=5618"},{"taxonomy":"product_tag","embeddable":true,"href":"https:\/\/baijiabags.com\/de\/wp-json\/wp\/v2\/product_tag?post=5618"}],"curies":[{"name":"wp","href":"https:\/\/api.w.org\/{rel}","templated":true}]}}