{"id":5340,"date":"2026-01-08T06:15:35","date_gmt":"2026-01-08T06:15:35","guid":{"rendered":"https:\/\/baijiabags.com\/?post_type=product&#038;p=5340"},"modified":"2026-01-08T06:15:35","modified_gmt":"2026-01-08T06:15:35","slug":"factory-wholesale-handbag-designed-for-oem-odm-private-label","status":"publish","type":"product","link":"https:\/\/baijiabags.com\/de\/produkt\/factory-wholesale-handbag-designed-for-oem-odm-private-label\/","title":{"rendered":"Fabrik Gro\u00dfhandel Handtasche entworfen f\u00fcr OEM\/ODM Private Label"},"content":{"rendered":"<h2 data-start=\"950\" data-end=\"966\">Wesentliche Merkmale<\/h2>\n<ol>\n<li data-start=\"969\" data-end=\"1060\">Unterst\u00fctzt OEM- und ODM-Eigenmarkenprogramme f\u00fcr Markeninhaber, Gro\u00dfh\u00e4ndler und Distributoren<\/li>\n<li data-start=\"1063\" data-end=\"1149\">Modeorientiertes Design, geeignet f\u00fcr das t\u00e4gliche Leben, Einkaufen und Kurzstreckenreisen<\/li>\n<li data-start=\"1152\" data-end=\"1203\">Langlebige Struktur f\u00fcr wiederholten t\u00e4glichen Gebrauch<\/li>\n<li data-start=\"1206\" data-end=\"1288\">Anpassbare Logo-Optionen wie Pr\u00e4gung, Druck oder Metall-Logoanbringung<\/li>\n<li data-start=\"1291\" data-end=\"1358\">Flexible Gr\u00f6\u00dfenanpassung zur Erf\u00fcllung unterschiedlicher Marktanforderungen<\/li>\n<li data-start=\"1361\" data-end=\"1432\">Mehrere Farboptionen verf\u00fcgbar, basierend auf Pantone- oder Kundenreferenzen<\/li>\n<li data-start=\"1435\" data-end=\"1509\">Glatte Innenaufteilung, die eine organisierte Aufbewahrung von pers\u00f6nlichen Gegenst\u00e4nden unterst\u00fctzt<\/li>\n<li data-start=\"1512\" data-end=\"1598\">Verhandelbares MOQ, um sowohl kleine Probebestellungen als auch gro\u00dfe Gro\u00dfhandelsprojekte zu unterst\u00fctzen<\/li>\n<\/ol>\n<h2 data-start=\"1605\" data-end=\"1623\">Spezifikationen<\/h2>\n<div class=\"TyagGW_tableContainer\">\n<div class=\"group TyagGW_tableWrapper flex w-fit flex-col-reverse\" tabindex=\"-1\">\n<table class=\"w-fit min-w-(--thread-content-width)\" data-start=\"1732\" data-end=\"2187\">\n<thead data-start=\"1732\" data-end=\"1754\">\n<tr data-start=\"1732\" data-end=\"1754\">\n<th data-start=\"1732\" data-end=\"1739\" data-col-size=\"sm\">Artikel<\/th>\n<th data-start=\"1739\" data-end=\"1754\" data-col-size=\"sm\">Beschreibung<\/th>\n<\/tr>\n<\/thead>\n<tbody data-start=\"1778\" data-end=\"2187\">\n<tr data-start=\"1778\" data-end=\"1804\">\n<td data-start=\"1778\" data-end=\"1793\" data-col-size=\"sm\">Produktname<\/td>\n<td data-col-size=\"sm\" data-start=\"1793\" data-end=\"1804\">Handtasche<\/td>\n<\/tr>\n<tr data-start=\"1805\" data-end=\"1823\">\n<td data-start=\"1805\" data-end=\"1813\" data-col-size=\"sm\">Marke<\/td>\n<td data-col-size=\"sm\" data-start=\"1813\" data-end=\"1823\">RONEER<\/td>\n<\/tr>\n<tr data-start=\"1824\" data-end=\"1848\">\n<td data-start=\"1824\" data-end=\"1839\" data-col-size=\"sm\">Modellnummer<\/td>\n<td data-col-size=\"sm\" data-start=\"1839\" data-end=\"1848\">6602S<\/td>\n<\/tr>\n<tr data-start=\"1849\" data-end=\"1868\">\n<td data-start=\"1849\" data-end=\"1857\" data-col-size=\"sm\">Stil<\/td>\n<td data-col-size=\"sm\" data-start=\"1857\" data-end=\"1868\">Mode<\/td>\n<\/tr>\n<tr data-start=\"1869\" data-end=\"1898\">\n<td data-start=\"1869\" data-end=\"1878\" data-col-size=\"sm\">Herkunft<\/td>\n<td data-col-size=\"sm\" data-start=\"1878\" data-end=\"1898\">Guangdong, China<\/td>\n<\/tr>\n<tr data-start=\"1899\" data-end=\"1953\">\n<td data-start=\"1899\" data-end=\"1910\" data-col-size=\"sm\">Material<\/td>\n<td data-start=\"1910\" data-end=\"1953\" data-col-size=\"sm\">PU-Leder \/ Echtes Leder (optional)<\/td>\n<\/tr>\n<tr data-start=\"1954\" data-end=\"1983\">\n<td data-start=\"1954\" data-end=\"1963\" data-col-size=\"sm\">Auskleidung<\/td>\n<td data-col-size=\"sm\" data-start=\"1963\" data-end=\"1983\">Polyester-Gewebe<\/td>\n<\/tr>\n<tr data-start=\"1984\" data-end=\"2007\">\n<td data-start=\"1984\" data-end=\"1991\" data-col-size=\"sm\">Gr\u00f6\u00dfe<\/td>\n<td data-col-size=\"sm\" data-start=\"1991\" data-end=\"2007\">Anpassbar<\/td>\n<\/tr>\n<tr data-start=\"2008\" data-end=\"2032\">\n<td data-start=\"2008\" data-end=\"2016\" data-col-size=\"sm\">Farbe<\/td>\n<td data-col-size=\"sm\" data-start=\"2016\" data-end=\"2032\">Anpassbar<\/td>\n<\/tr>\n<tr data-start=\"2033\" data-end=\"2065\">\n<td data-start=\"2033\" data-end=\"2040\" data-col-size=\"sm\">Logo<\/td>\n<td data-col-size=\"sm\" data-start=\"2040\" data-end=\"2065\">Benutzerdefiniertes Logo unterst\u00fctzt<\/td>\n<\/tr>\n<tr data-start=\"2066\" data-end=\"2119\">\n<td data-start=\"2066\" data-end=\"2077\" data-col-size=\"sm\">Eigenschaften<\/td>\n<td data-col-size=\"sm\" data-start=\"2077\" data-end=\"2119\">\u00c4sthetisches Design, langlebige Konstruktion<\/td>\n<\/tr>\n<tr data-start=\"2120\" data-end=\"2140\">\n<td data-start=\"2120\" data-end=\"2126\" data-col-size=\"sm\">MOQ<\/td>\n<td data-start=\"2126\" data-end=\"2140\" data-col-size=\"sm\">Verhandlungsf\u00e4hig<\/td>\n<\/tr>\n<tr data-start=\"2141\" data-end=\"2187\">\n<td data-start=\"2141\" data-end=\"2155\" data-col-size=\"sm\">Anmeldung<\/td>\n<td data-col-size=\"sm\" data-start=\"2155\" data-end=\"2187\">T\u00e4gliches Leben, Reisen, Einkaufen<\/td>\n<\/tr>\n<\/tbody>\n<\/table>\n<\/div>\n<\/div>\n<h2 data-start=\"2194\" data-end=\"2210\">Anwendungen<\/h2>\n<ul data-start=\"2211\" data-end=\"2401\">\n<li data-start=\"2211\" data-end=\"2244\">\n<p data-start=\"2213\" data-end=\"2244\">T\u00e4glicher Pendlerverkehr und st\u00e4dtische Nutzung<\/p>\n<\/li>\n<li data-start=\"2245\" data-end=\"2276\">\n<p data-start=\"2247\" data-end=\"2276\">Einkaufen und Freizeitausfl\u00fcge<\/p>\n<\/li>\n<li data-start=\"2277\" data-end=\"2309\">\n<p data-start=\"2279\" data-end=\"2309\">Kurzreisen und leichte Reisen<\/p>\n<\/li>\n<li data-start=\"2310\" data-end=\"2351\">\n<p data-start=\"2312\" data-end=\"2351\">Einzelhandelskollektionen f\u00fcr Modemarken<\/p>\n<\/li>\n<li data-start=\"2352\" data-end=\"2401\">\n<p data-start=\"2354\" data-end=\"2401\">Handtaschenprogramme f\u00fcr Werbezwecke oder Eigenmarken<\/p>\n<\/li>\n<\/ul>\n<p data-start=\"2826\" data-end=\"3052\" data-is-last-node=\"\" data-is-only-node=\"\">Wenn Sie an dieser Fabrik Gro\u00dfhandel Handtasche interessiert sind oder m\u00f6chten Proben anfordern, kontaktieren Sie uns bitte f\u00fcr weitere Details. OEM- und ODM-Dienstleistungen sind verf\u00fcgbar, um Ihre Private-Label-Projekte und langfristige Zusammenarbeit zu unterst\u00fctzen.<\/p>","protected":false},"excerpt":{"rendered":"<p>Diese Fabrik-Gro\u00dfhandels-Handtasche wurde entwickelt, um OEM- und ODM-Eigenmarkenprojekte f\u00fcr globale K\u00e4ufer zu unterst\u00fctzen. Die Handtasche kombiniert einen modernen Modestil mit praktischer Alltagstauglichkeit und eignet sich daher f\u00fcr Marken, die sich an allt\u00e4gliche Verbraucher sowie an Reise- und Einkaufsszenarien richten. Bei der Entwicklung dieses Modells legt RONEER gro\u00dfen Wert auf individuelle Anpassung, stabile Produktionskapazit\u00e4ten und konsequente Qualit\u00e4tskontrolle. Das Design bietet ein ausgewogenes Verh\u00e4ltnis zwischen visueller Attraktivit\u00e4t und Langlebigkeit, so dass sich das Produkt an unterschiedliche M\u00e4rkte, Preissegmente und Markenstrategien anpassen l\u00e4sst.<\/p>","protected":false},"featured_media":5341,"comment_status":"open","ping_status":"closed","template":"","meta":{"site-sidebar-layout":"default","site-content-layout":"","ast-site-content-layout":"default","site-content-style":"default","site-sidebar-style":"default","ast-global-header-display":"","ast-banner-title-visibility":"","ast-main-header-display":"","ast-hfb-above-header-display":"","ast-hfb-below-header-display":"","ast-hfb-mobile-header-display":"","site-post-title":"","ast-breadcrumbs-content":"","ast-featured-img":"","footer-sml-layout":"","ast-disable-related-posts":"","theme-transparent-header-meta":"default","adv-header-id-meta":"","stick-header-meta":"","header-above-stick-meta":"","header-main-stick-meta":"","header-below-stick-meta":"","astra-migrate-meta-layouts":"set","ast-page-background-enabled":"default","ast-page-background-meta":{"desktop":{"background-color":"var(--ast-global-color-5)","background-image":"","background-repeat":"repeat","background-position":"center center","background-size":"auto","background-attachment":"scroll","background-type":"","background-media":"","overlay-type":"","overlay-color":"","overlay-opacity":"","overlay-gradient":""},"tablet":{"background-color":"","background-image":"","background-repeat":"repeat","background-position":"center center","background-size":"auto","background-attachment":"scroll","background-type":"","background-media":"","overlay-type":"","overlay-color":"","overlay-opacity":"","overlay-gradient":""},"mobile":{"background-color":"","background-image":"","background-repeat":"repeat","background-position":"center center","background-size":"auto","background-attachment":"scroll","background-type":"","background-media":"","overlay-type":"","overlay-color":"","overlay-opacity":"","overlay-gradient":""}},"ast-content-background-meta":{"desktop":{"background-color":"var(--ast-global-color-4)","background-image":"","background-repeat":"repeat","background-position":"center center","background-size":"auto","background-attachment":"scroll","background-type":"","background-media":"","overlay-type":"","overlay-color":"","overlay-opacity":"","overlay-gradient":""},"tablet":{"background-color":"var(--ast-global-color-4)","background-image":"","background-repeat":"repeat","background-position":"center center","background-size":"auto","background-attachment":"scroll","background-type":"","background-media":"","overlay-type":"","overlay-color":"","overlay-opacity":"","overlay-gradient":""},"mobile":{"background-color":"var(--ast-global-color-4)","background-image":"","background-repeat":"repeat","background-position":"center center","background-size":"auto","background-attachment":"scroll","background-type":"","background-media":"","overlay-type":"","overlay-color":"","overlay-opacity":"","overlay-gradient":""}}},"product_brand":[],"product_cat":[42],"product_tag":[],"class_list":{"0":"post-5340","1":"product","2":"type-product","3":"status-publish","4":"has-post-thumbnail","6":"product_cat-hand-bag","7":"desktop-align-left","8":"tablet-align-left","9":"mobile-align-left","11":"first","12":"instock","13":"shipping-taxable","14":"product-type-simple"},"_links":{"self":[{"href":"https:\/\/baijiabags.com\/de\/wp-json\/wp\/v2\/product\/5340","targetHints":{"allow":["GET"]}}],"collection":[{"href":"https:\/\/baijiabags.com\/de\/wp-json\/wp\/v2\/product"}],"about":[{"href":"https:\/\/baijiabags.com\/de\/wp-json\/wp\/v2\/types\/product"}],"replies":[{"embeddable":true,"href":"https:\/\/baijiabags.com\/de\/wp-json\/wp\/v2\/comments?post=5340"}],"wp:featuredmedia":[{"embeddable":true,"href":"https:\/\/baijiabags.com\/de\/wp-json\/wp\/v2\/media\/5341"}],"wp:attachment":[{"href":"https:\/\/baijiabags.com\/de\/wp-json\/wp\/v2\/media?parent=5340"}],"wp:term":[{"taxonomy":"product_brand","embeddable":true,"href":"https:\/\/baijiabags.com\/de\/wp-json\/wp\/v2\/product_brand?post=5340"},{"taxonomy":"product_cat","embeddable":true,"href":"https:\/\/baijiabags.com\/de\/wp-json\/wp\/v2\/product_cat?post=5340"},{"taxonomy":"product_tag","embeddable":true,"href":"https:\/\/baijiabags.com\/de\/wp-json\/wp\/v2\/product_tag?post=5340"}],"curies":[{"name":"wp","href":"https:\/\/api.w.org\/{rel}","templated":true}]}}