{"id":5322,"date":"2026-01-06T02:25:19","date_gmt":"2026-01-06T02:25:19","guid":{"rendered":"https:\/\/baijiabags.com\/?post_type=product&#038;p=5322"},"modified":"2026-01-06T02:25:19","modified_gmt":"2026-01-06T02:25:19","slug":"luxury-durable-womens-handbag-with-zipper-closure-and-oem-odm-customization","status":"publish","type":"product","link":"https:\/\/baijiabags.com\/de\/produkt\/luxury-durable-womens-handbag-with-zipper-closure-and-oem-odm-customization\/","title":{"rendered":"Luxuri\u00f6se strapazierf\u00e4hige Damenhandtasche mit Rei\u00dfverschluss und OEM\/ODM-Anpassung"},"content":{"rendered":"<h2 data-start=\"740\" data-end=\"755\">Wesentliche Merkmale<\/h2>\n<ol data-start=\"756\" data-end=\"1351\">\n<li data-start=\"756\" data-end=\"830\">\n<p data-start=\"758\" data-end=\"830\">Eleganter Modestil, der zu Freizeit-, Business- und Stadtoutfits passt<\/p>\n<\/li>\n<li data-start=\"831\" data-end=\"908\">\n<p data-start=\"833\" data-end=\"908\">Strapazierf\u00e4higes Au\u00dfenmaterial, das t\u00e4glichem Verschlei\u00df, Abrieb und Verformung standh\u00e4lt<\/p>\n<\/li>\n<li data-start=\"909\" data-end=\"978\">\n<p data-start=\"911\" data-end=\"978\">Leichtg\u00e4ngiger Rei\u00dfverschluss f\u00fcr sichere Aufbewahrung und einfachen Zugriff<\/p>\n<\/li>\n<li data-start=\"979\" data-end=\"1057\">\n<p data-start=\"981\" data-end=\"1057\">Anpassbare Logo-Optionen, einschlie\u00dflich Metall-Logo, Pr\u00e4gung oder gedrucktes Logo<\/p>\n<\/li>\n<li data-start=\"1058\" data-end=\"1132\">\n<p data-start=\"1060\" data-end=\"1132\">Flexible Gr\u00f6\u00dfenanpassung zur Erf\u00fcllung unterschiedlicher Anforderungen an die Marktpositionierung<\/p>\n<\/li>\n<li data-start=\"1133\" data-end=\"1209\">\n<p data-start=\"1135\" data-end=\"1209\">Mehrere Innenf\u00e4cher f\u00fcr die organisierte Aufbewahrung von Alltagsgegenst\u00e4nden<\/p>\n<\/li>\n<li data-start=\"1210\" data-end=\"1276\">\n<p data-start=\"1212\" data-end=\"1276\">Bequeme obere Griffe, die den Druck auf H\u00e4nde und Schultern verringern<\/p>\n<\/li>\n<li data-start=\"1277\" data-end=\"1351\">\n<p data-start=\"1279\" data-end=\"1351\">OEM- und ODM-Unterst\u00fctzung f\u00fcr Materialien, Farben, Struktur und Verpackung<\/p>\n<\/li>\n<\/ol>\n<h2 data-start=\"1353\" data-end=\"1370\">Spezifikationen<\/h2>\n<div class=\"TyagGW_tableContainer\">\n<div class=\"group TyagGW_tableWrapper flex w-fit flex-col-reverse\" tabindex=\"-1\">\n<table class=\"w-fit min-w-(--thread-content-width)\" data-start=\"1371\" data-end=\"1787\">\n<thead data-start=\"1371\" data-end=\"1389\">\n<tr data-start=\"1371\" data-end=\"1389\">\n<th data-start=\"1371\" data-end=\"1378\" data-col-size=\"sm\">Artikel<\/th>\n<th data-start=\"1378\" data-end=\"1389\" data-col-size=\"md\">Einzelheiten<\/th>\n<\/tr>\n<\/thead>\n<tbody data-start=\"1407\" data-end=\"1787\">\n<tr data-start=\"1407\" data-end=\"1441\">\n<td data-start=\"1407\" data-end=\"1422\" data-col-size=\"sm\">Produktname<\/td>\n<td data-start=\"1422\" data-end=\"1441\" data-col-size=\"md\">Damenhandtasche<\/td>\n<\/tr>\n<tr data-start=\"1442\" data-end=\"1460\">\n<td data-start=\"1442\" data-end=\"1450\" data-col-size=\"sm\">Marke<\/td>\n<td data-start=\"1450\" data-end=\"1460\" data-col-size=\"md\">RONEER<\/td>\n<\/tr>\n<tr data-start=\"1461\" data-end=\"1487\">\n<td data-start=\"1461\" data-end=\"1476\" data-col-size=\"sm\">Modellnummer<\/td>\n<td data-start=\"1476\" data-end=\"1487\" data-col-size=\"md\">GB-6102<\/td>\n<\/tr>\n<tr data-start=\"1488\" data-end=\"1507\">\n<td data-start=\"1488\" data-end=\"1496\" data-col-size=\"sm\">Stil<\/td>\n<td data-start=\"1496\" data-end=\"1507\" data-col-size=\"md\">Mode<\/td>\n<\/tr>\n<tr data-start=\"1508\" data-end=\"1537\">\n<td data-start=\"1508\" data-end=\"1517\" data-col-size=\"sm\">Herkunft<\/td>\n<td data-start=\"1517\" data-end=\"1537\" data-col-size=\"md\">Guangdong, China<\/td>\n<\/tr>\n<tr data-start=\"1538\" data-end=\"1561\">\n<td data-start=\"1538\" data-end=\"1545\" data-col-size=\"sm\">Gr\u00f6\u00dfe<\/td>\n<td data-start=\"1545\" data-end=\"1561\" data-col-size=\"md\">Anpassbar<\/td>\n<\/tr>\n<tr data-start=\"1562\" data-end=\"1586\">\n<td data-start=\"1562\" data-end=\"1570\" data-col-size=\"sm\">Farbe<\/td>\n<td data-start=\"1570\" data-end=\"1586\" data-col-size=\"md\">Anpassbar<\/td>\n<\/tr>\n<tr data-start=\"1587\" data-end=\"1618\">\n<td data-start=\"1587\" data-end=\"1594\" data-col-size=\"sm\">Logo<\/td>\n<td data-start=\"1594\" data-end=\"1618\" data-col-size=\"md\">Kundenspezifisches Logo wird akzeptiert<\/td>\n<\/tr>\n<tr data-start=\"1619\" data-end=\"1644\">\n<td data-start=\"1619\" data-end=\"1634\" data-col-size=\"sm\">Verschlussart<\/td>\n<td data-start=\"1634\" data-end=\"1644\" data-col-size=\"md\">Rei\u00dfverschluss<\/td>\n<\/tr>\n<tr data-start=\"1645\" data-end=\"1716\">\n<td data-start=\"1645\" data-end=\"1656\" data-col-size=\"sm\">Material<\/td>\n<td data-start=\"1656\" data-end=\"1716\" data-col-size=\"md\">PU-Leder \/ Polyester-Futter (kundenspezifische Optionen verf\u00fcgbar)<\/td>\n<\/tr>\n<tr data-start=\"1717\" data-end=\"1766\">\n<td data-start=\"1717\" data-end=\"1727\" data-col-size=\"sm\">Merkmal<\/td>\n<td data-start=\"1727\" data-end=\"1766\" data-col-size=\"md\">\u00c4sthetisches Design, langlebige Struktur<\/td>\n<\/tr>\n<tr data-start=\"1767\" data-end=\"1787\">\n<td data-start=\"1767\" data-end=\"1773\" data-col-size=\"sm\">MOQ<\/td>\n<td data-start=\"1773\" data-end=\"1787\" data-col-size=\"md\">Verhandlungsf\u00e4hig<\/td>\n<\/tr>\n<\/tbody>\n<\/table>\n<p><span style=\"font-size: 1.7em; font-weight: bold;\">Anmeldung<\/span><\/p>\n<\/div>\n<\/div>\n<ul data-start=\"2549\" data-end=\"2727\">\n<li data-start=\"2549\" data-end=\"2607\">\n<p data-start=\"2551\" data-end=\"2607\">Allt\u00e4gliche Nutzung wie Pendeln und B\u00fcrot\u00e4tigkeiten<\/p>\n<\/li>\n<li data-start=\"2608\" data-end=\"2637\">\n<p data-start=\"2610\" data-end=\"2637\">Einkaufen und Stadtbesichtigungen<\/p>\n<\/li>\n<li data-start=\"2638\" data-end=\"2681\">\n<p data-start=\"2640\" data-end=\"2681\">Kurzstreckenreisen und Wochenendausfl\u00fcge<\/p>\n<\/li>\n<li data-start=\"2682\" data-end=\"2727\">\n<p data-start=\"2684\" data-end=\"2727\">Einzelhandelskollektionen zu Werbezwecken oder mit Markenzeichen<\/p>\n<\/li>\n<\/ul>\n<p data-start=\"2729\" data-end=\"3003\" data-is-last-node=\"\" data-is-only-node=\"\">Wenn Sie sich f\u00fcr dieses Thema interessieren <strong data-start=\"2759\" data-end=\"2813\">Luxuri\u00f6se strapazierf\u00e4hige Damenhandtasche mit Rei\u00dfverschluss<\/strong>nehmen Sie bitte Kontakt mit uns auf, um Muster oder detaillierte Angebote anzufordern. RONEER bietet professionelle <strong data-start=\"2905\" data-end=\"2927\">OEM- und ODM-Dienstleistungen<\/strong>, flexible Anpassungen und stabile Produktionsunterst\u00fctzung f\u00fcr globale Partner.<\/p>","protected":false},"excerpt":{"rendered":"<p>Die <strong data-start=\"105\" data-end=\"146\">RONEER Luxuri\u00f6se, strapazierf\u00e4hige Damenhandtasche<\/strong> kombiniert moderne Mode mit zuverl\u00e4ssiger Funktionalit\u00e4t im Alltag. Diese Handtasche richtet sich an Marken, Gro\u00dfh\u00e4ndler und Einzelh\u00e4ndler, die eine hochwertige Damentasche suchen, die OEM- und ODM-Anpassungen unterst\u00fctzt. Das Design konzentriert sich auf klare Linien, ausgewogene Proportionen und praktischen Stauraum, wodurch sie sich sowohl f\u00fcr den t\u00e4glichen Gebrauch als auch f\u00fcr leichte Reisen eignet.<\/p>","protected":false},"featured_media":5327,"comment_status":"open","ping_status":"closed","template":"","meta":{"site-sidebar-layout":"default","site-content-layout":"","ast-site-content-layout":"default","site-content-style":"default","site-sidebar-style":"default","ast-global-header-display":"","ast-banner-title-visibility":"","ast-main-header-display":"","ast-hfb-above-header-display":"","ast-hfb-below-header-display":"","ast-hfb-mobile-header-display":"","site-post-title":"","ast-breadcrumbs-content":"","ast-featured-img":"","footer-sml-layout":"","ast-disable-related-posts":"","theme-transparent-header-meta":"default","adv-header-id-meta":"","stick-header-meta":"","header-above-stick-meta":"","header-main-stick-meta":"","header-below-stick-meta":"","astra-migrate-meta-layouts":"set","ast-page-background-enabled":"default","ast-page-background-meta":{"desktop":{"background-color":"var(--ast-global-color-5)","background-image":"","background-repeat":"repeat","background-position":"center center","background-size":"auto","background-attachment":"scroll","background-type":"","background-media":"","overlay-type":"","overlay-color":"","overlay-opacity":"","overlay-gradient":""},"tablet":{"background-color":"","background-image":"","background-repeat":"repeat","background-position":"center center","background-size":"auto","background-attachment":"scroll","background-type":"","background-media":"","overlay-type":"","overlay-color":"","overlay-opacity":"","overlay-gradient":""},"mobile":{"background-color":"","background-image":"","background-repeat":"repeat","background-position":"center center","background-size":"auto","background-attachment":"scroll","background-type":"","background-media":"","overlay-type":"","overlay-color":"","overlay-opacity":"","overlay-gradient":""}},"ast-content-background-meta":{"desktop":{"background-color":"var(--ast-global-color-4)","background-image":"","background-repeat":"repeat","background-position":"center center","background-size":"auto","background-attachment":"scroll","background-type":"","background-media":"","overlay-type":"","overlay-color":"","overlay-opacity":"","overlay-gradient":""},"tablet":{"background-color":"var(--ast-global-color-4)","background-image":"","background-repeat":"repeat","background-position":"center center","background-size":"auto","background-attachment":"scroll","background-type":"","background-media":"","overlay-type":"","overlay-color":"","overlay-opacity":"","overlay-gradient":""},"mobile":{"background-color":"var(--ast-global-color-4)","background-image":"","background-repeat":"repeat","background-position":"center center","background-size":"auto","background-attachment":"scroll","background-type":"","background-media":"","overlay-type":"","overlay-color":"","overlay-opacity":"","overlay-gradient":""}}},"product_brand":[],"product_cat":[42],"product_tag":[],"class_list":{"0":"post-5322","1":"product","2":"type-product","3":"status-publish","4":"has-post-thumbnail","6":"product_cat-hand-bag","7":"desktop-align-left","8":"tablet-align-left","9":"mobile-align-left","11":"first","12":"instock","13":"shipping-taxable","14":"product-type-simple"},"_links":{"self":[{"href":"https:\/\/baijiabags.com\/de\/wp-json\/wp\/v2\/product\/5322","targetHints":{"allow":["GET"]}}],"collection":[{"href":"https:\/\/baijiabags.com\/de\/wp-json\/wp\/v2\/product"}],"about":[{"href":"https:\/\/baijiabags.com\/de\/wp-json\/wp\/v2\/types\/product"}],"replies":[{"embeddable":true,"href":"https:\/\/baijiabags.com\/de\/wp-json\/wp\/v2\/comments?post=5322"}],"wp:featuredmedia":[{"embeddable":true,"href":"https:\/\/baijiabags.com\/de\/wp-json\/wp\/v2\/media\/5327"}],"wp:attachment":[{"href":"https:\/\/baijiabags.com\/de\/wp-json\/wp\/v2\/media?parent=5322"}],"wp:term":[{"taxonomy":"product_brand","embeddable":true,"href":"https:\/\/baijiabags.com\/de\/wp-json\/wp\/v2\/product_brand?post=5322"},{"taxonomy":"product_cat","embeddable":true,"href":"https:\/\/baijiabags.com\/de\/wp-json\/wp\/v2\/product_cat?post=5322"},{"taxonomy":"product_tag","embeddable":true,"href":"https:\/\/baijiabags.com\/de\/wp-json\/wp\/v2\/product_tag?post=5322"}],"curies":[{"name":"wp","href":"https:\/\/api.w.org\/{rel}","templated":true}]}}